{"id":1789,"date":"2020-11-17T12:21:17","date_gmt":"2020-11-17T12:21:17","guid":{"rendered":"https:\/\/hernandezsmithlaw.com\/?page_id=1789"},"modified":"2024-03-12T18:40:11","modified_gmt":"2024-03-12T18:40:11","slug":"home","status":"publish","type":"page","link":"https:\/\/hernandezsmithlaw.com\/es\/","title":{"rendered":"Home"},"content":{"rendered":"<div class=\"wpb-content-wrapper\"><p>[vc_row full_width=&#8221;stretch_row_content_no_spaces&#8221; css=&#8221;.vc_custom_1605614620320{padding-top: 0px !important;background-color: #ffffff !important;}&#8221;][vc_column css=&#8221;.vc_custom_1605614678448{padding-top: 0px !important;}&#8221;]\n\t\t\t\t<p class=\"rs-p-wp-fix\"><\/p>\n\t\t\t\t<sr7-module data-alias=\"homepage-slider-1\" data-id=\"2\" id=\"SR7_2_1\" class=\"rs-ov-hidden\" data-version=\"6.7.51\">\n\t\t\t\t\t<sr7-adjuster><\/sr7-adjuster>\n\t\t\t\t\t<sr7-content>\n\t\t\t\t\t\t<sr7-slide id=\"SR7_2_1-2\" data-key=\"2\">\n\t\t\t\t\t\t\t<sr7-bg id=\"SR7_2_1-2-11\" class=\"sr7-layer\"><noscript><img decoding=\"async\" src=\"https:\/\/hernandezsmithlaw.com\/wp-content\/uploads\/2021\/01\/Homepage-Banner.png\" alt=\"\" title=\"Homepage-Banner\"><\/noscript><\/sr7-bg>\n\t\t\t\t\t\t\t<sr7-txt id=\"SR7_2_1-2-1\" class=\"sr7-layer\">Pasi\u00f3n y Poder<br \/>\nParado a tu Lado.<\/sr7-txt>\n\t\t\t\t\t\t\t<sr7-txt id=\"SR7_2_1-2-5\" class=\"sr7-layer\">SOLICITE UNA CONSULTA<\/sr7-txt>\n\t\t\t\t\t\t\t<sr7-txt id=\"SR7_2_1-2-9\" class=\"sr7-layer\">Estamos comprometidos a estar con nuestros clientes a lo largo de su viaje ofreciendo servicios legales de inmigraci\u00f3n y familiares profesionales, atentos e integrales.\n<\/sr7-txt>\n\t\t\t\t\t\t<\/sr7-slide>\n\t\t\t\t\t\t<sr7-slide id=\"SR7_2_1-4\" data-key=\"4\">\n\t\t\t\t\t\t<\/sr7-slide>\n\t\t\t\t\t<\/sr7-content>\n\t\t\t\t\t<image_lists style=\"display:none\">\n\t\t\t\t\t\t<img data-src=\"\/\/hernandezsmithlaw.com\/wp-content\/uploads\/2021\/01\/Homepage-Banner.png\" data-libid=\"2036\" data-lib=\"medialibrary\" title=\"Homepage-Banner\" width=\"0\" height=\"0\" data-dbsrc=\"Ly9oZXJuYW5kZXpzbWl0aGxhdy5jb20vd3AtY29udGVudC91cGxvYWRzLzIwMjEvMDEvSG9tZXBhZ2UtQmFubmVyLnBuZw==\"\/>\n\t\t\t\t\t<\/image_lists>\n\t\t\t\t<\/sr7-module>\n\t\t\t\t<script>\n\t\t\t\t\twindow.SR7 ??={};SR7.PMH ??={}; SR7.PMH[\"SR7_2_1\"] = {cn:100,state:false,fn: function() { if (window._tpt!==undefined && window._tpt.prepareModuleHeight !== undefined) {  _tpt.prepareModuleHeight({id:\"SR7_2_1\",el:[500,500,500,500,500],type:'standard',shdw:'0',gh:[500,500,500,500,500],gw:[1240,1240,1024,778,480],vpt:['-200px&#039;,&#039;-200px&#039;,&#039;-200px&#039;,&#039;-200px&#039;,&#039;-200px'],size:{fullWidth:true, fullHeight:false},mh:'0',onh:0,onw:0,bg:{color:'{\"orig\":\"transparent\",\"type\":\"solid\",\"string\":\"transparent\"}'},plType:'2',plColor:'#f1ede7'});   SR7.PMH[\"SR7_2_1\"].state=true;} else if(SR7.PMH[\"SR7_2_1\"].cn-->0)\tsetTimeout( SR7.PMH[\"SR7_2_1\"].fn,19);}};SR7.PMH[\"SR7_2_1\" ].fn();\n\t\t\t\t<\/script>\n[\/vc_column][\/vc_row][vc_row full_width=&#8221;stretch_row&#8221; content_placement=&#8221;middle&#8221; css=&#8221;.vc_custom_1604413466647{background-color: #f5f5f5 !important;}&#8221; el_class=&#8221;welcome-box&#8221;][vc_column width=&#8221;6\/12&#8243;][vc_custom_heading text=&#8221;Te guiamos con pasi\u00f3n y protegemos tus derechos.&#8221; use_theme_fonts=&#8221;yes&#8221;][vc_column_text css=&#8221;.vc_custom_1605645221841{margin-top: 20px !important;}&#8221;]El bufete de abogados Hernandez &amp; Smith, P.A. es un bufete de abogados dedicado y compasivo que presta servicios en el \u00e1rea de la bah\u00eda de Tampa, Riverview, Plant City, Brandon, Lakeland, Sarasota y los condados circundantes. Hemos brindado servicios profesionales a nuestros clientes durante una d\u00e9cada. Estamos comprometidos a estar con nuestros clientes a lo largo de su viaje ofreciendo servicios legales de inmigraci\u00f3n y familiares profesionales, atentos e integrales. Le brindamos tranquilidad: su caso se manejar\u00e1 de manera competente, eficiente y asequible.[\/vc_column_text][vc_btn title=&#8221;M\u00e1s sobre nuestra experiencia&#8221; el_class=&#8221;button-primary&#8221; link=&#8221;url:%2Fes%2Fsobre-nosotras%2F|title:About%20Us&#8221;][\/vc_column][vc_column width=&#8221;1\/12&#8243; offset=&#8221;vc_hidden-xs&#8221;][\/vc_column][vc_column width=&#8221;5\/12&#8243; css=&#8221;.vc_custom_1540299966021{padding-top: 0px !important;}&#8221;][vc_single_image image=&#8221;2038&#8243; img_size=&#8221;large&#8221;][\/vc_column][\/vc_row][vc_row full_width=&#8221;stretch_row&#8221; equal_height=&#8221;yes&#8221; css=&#8221;.vc_custom_1540297674701{border-bottom-width: 1px !important;background-position: center !important;background-repeat: no-repeat !important;background-size: cover !important;border-bottom-color: #eeeeee !important;border-bottom-style: solid !important;}&#8221; el_class=&#8221;services-home&#8221;][vc_column width=&#8221;1\/4&#8243; offset=&#8221;vc_col-lg-3 vc_col-xs-6&#8243;][vc_single_image image=&#8221;1996&#8243; img_size=&#8221;medium&#8221; alignment=&#8221;center&#8221; el_class=&#8221;services-image&#8221;][vc_custom_heading text=&#8221;Inmigraci\u00f3n&#8221; font_container=&#8221;tag:h3|text_align:center|line_height:1.2&#8243; use_theme_fonts=&#8221;yes&#8221; link=&#8221;url:https%3A%2F%2Fhernandezsmithlaw.com%2Fes%2Finmigracion-y-ciudadania%2F|title:Inmigraci%C3%B3n%20y%20Ciudadan%C3%ADa&#8221;][vc_column_text 0=&#8221;&#8221;]<\/p>\n<p style=\"text-align: center;\">Somos una oficina biling\u00fce, que habla espa\u00f1ol e ingl\u00e9s, con m\u00e1s de una d\u00e9cada de experiencia en el manejo de una amplia gama de problemas de inmigraci\u00f3n. Podemos ayudarlo con todas sus necesidades de inmigraci\u00f3n y ciudadan\u00eda.<\/p>\n<p>[\/vc_column_text][vc_btn title=&#8221;Aprende M\u00e1s&#8221; align=&#8221;center&#8221; el_class=&#8221;button-primary&#8221; link=&#8221;url:%2Fes%2Finmigracion-y-ciudadania%2F|title:Individual%20and%20Family%20Immigration&#8221;][\/vc_column][vc_column width=&#8221;1\/4&#8243; offset=&#8221;vc_col-lg-3 vc_col-xs-6&#8243;][vc_single_image image=&#8221;1994&#8243; img_size=&#8221;medium&#8221; alignment=&#8221;center&#8221; el_class=&#8221;services-image&#8221;][vc_custom_heading text=&#8221;Tarjetas Verdes y Visas&#8221; font_container=&#8221;tag:h3|text_align:center|line_height:1.2&#8243; use_theme_fonts=&#8221;yes&#8221; link=&#8221;url:https%3A%2F%2Fhernandezsmithlaw.com%2Fes%2Finmigracion-y-ciudadania%2F|title:Inmigraci%C3%B3n%20y%20Ciudadan%C3%ADa&#8221;][vc_column_text 0=&#8221;&#8221;]<\/p>\n<p style=\"text-align: center;\">Un no ciudadano posee una tarjeta verde que le permite vivir permanentemente en los Estados Unidos y trabajar. Podemos ayudarlo en el proceso para obtener una tarjeta verde y \/ o visa y mantener su estatus.<\/p>\n<p>[\/vc_column_text][vc_btn title=&#8221;Aprende M\u00e1s&#8221; align=&#8221;center&#8221; el_class=&#8221;button-primary&#8221; link=&#8221;url:%2Fes%2Finmigracion-y-ciudadania%2F|title:Green%20Card%2FPermanent%20Residency&#8221;][\/vc_column][vc_column width=&#8221;1\/4&#8243; offset=&#8221;vc_col-lg-3 vc_col-xs-6&#8243;][vc_single_image image=&#8221;1992&#8243; img_size=&#8221;medium&#8221; alignment=&#8221;center&#8221; el_class=&#8221;services-image&#8221;][vc_custom_heading text=&#8221;Inmigrantes Especiales Menores de Edad&#8221; font_container=&#8221;tag:h3|text_align:center|line_height:1.2&#8243; use_theme_fonts=&#8221;yes&#8221; link=&#8221;url:https%3A%2F%2Fhernandezsmithlaw.com%2Fes%2Frepresentacion-de-inmigrantes-especiales-menores-de-edad%2F|title:Representaci%C3%B3n%20de%20inmigrantes%20especiales%20menores%20de%20edad&#8221;][vc_column_text 0=&#8221;&#8221;]<\/p>\n<div class=\"fusion-text\">\n<p style=\"text-align: center;\">Los ni\u00f1os inmigrantes que han sido v\u00edctimas de delitos, califican para asilo, o han sido descuidados o abusados \u200b\u200bpor uno o ambos padres pueden calificar para una tarjeta verde al obtener el estatus juvenil de inmigraci\u00f3n especial (SIJS).<\/p>\n<\/div>\n<p>[\/vc_column_text][vc_btn title=&#8221;Aprende M\u00e1s&#8221; align=&#8221;center&#8221; el_class=&#8221;button-primary&#8221; link=&#8221;url:https%3A%2F%2Fhernandezsmithlaw.com%2Fes%2Frepresentacion-de-inmigrantes-especiales-menores-de-edad%2F|title:Representation%20of%20Special%20Immigrant%20Juveniles&#8221;][\/vc_column][vc_column width=&#8221;1\/4&#8243; offset=&#8221;vc_col-lg-3 vc_col-xs-6&#8243;][vc_single_image image=&#8221;1990&#8243; img_size=&#8221;medium&#8221; alignment=&#8221;center&#8221; el_class=&#8221;services-image&#8221;][vc_custom_heading text=&#8221;Divorcio y Custodia&#8221; font_container=&#8221;tag:h3|text_align:center|line_height:1.2&#8243; use_theme_fonts=&#8221;yes&#8221; link=&#8221;url:https%3A%2F%2Fhernandezsmithlaw.com%2Fes%2Fderecho-de-familia%2F|title:Derecho%20de%20familia&#8221;][vc_column_text 0=&#8221;&#8221;]<\/p>\n<p style=\"text-align: center;\">Contrariamente a la creencia popular, no existe tal cosa como un simple divorcio o un simple caso de divorcio. Todos los divorcios son diferentes y muchos de ellos involucran circunstancias que afectan las narrativas, la planificaci\u00f3n, los procesos e incluso los resultados.<\/p>\n<p>[\/vc_column_text][vc_btn title=&#8221;Aprende M\u00e1s&#8221; align=&#8221;center&#8221; el_class=&#8221;button-primary&#8221; link=&#8221;url:%2Fes%2Fderecho-de-familia%2F|title:Amicable%20(Uncontested)%20Divorce&#8221;][\/vc_column][\/vc_row][vc_row full_width=&#8221;stretch_row&#8221; css=&#8221;.vc_custom_1540471635537{border-top-width: 1px !important;padding-bottom: 10px !important;}&#8221;][vc_column][vc_column_text]<\/p>\n<h2>Conozca a Nuestro Equipo<\/h2>\n<p>Nuestros abogados y personal son altamente capacitados y accesibles.[\/vc_column_text][vc_row_inner equal_height=&#8221;yes&#8221;][vc_column_inner width=&#8221;1\/4&#8243; offset=&#8221;vc_col-lg-3 vc_col-xs-6&#8243;][vc_single_image image=&#8221;1699&#8243; img_size=&#8221;550&#215;550&#8243; alignment=&#8221;center&#8221; style=&#8221;vc_box_rounded&#8221; onclick=&#8221;custom_link&#8221; css_animation=&#8221;none&#8221; link=&#8221;\/es\/yahima-hernandez-esq\/&#8221;][vc_custom_heading text=&#8221;Yahima Hernandez&#8221; font_container=&#8221;tag:h4|font_size:22|text_align:left&#8221; use_theme_fonts=&#8221;yes&#8221;][\/vc_column_inner][vc_column_inner width=&#8221;1\/4&#8243; offset=&#8221;vc_col-lg-3 vc_col-xs-6&#8243;][vc_single_image image=&#8221;1705&#8243; img_size=&#8221;550&#215;550&#8243; alignment=&#8221;center&#8221; style=&#8221;vc_box_rounded&#8221; onclick=&#8221;custom_link&#8221; css_animation=&#8221;none&#8221; link=&#8221;\/es\/christine-smith-esq\/&#8221;][vc_custom_heading text=&#8221;Christine Smith&#8221; font_container=&#8221;tag:h4|font_size:22|text_align:left&#8221; use_theme_fonts=&#8221;yes&#8221;][\/vc_column_inner][\/vc_row_inner][\/vc_column][\/vc_row][vc_row full_width=&#8221;stretch_row&#8221; parallax=&#8221;content-moving&#8221; parallax_image=&#8221;1710&#8243; css=&#8221;.vc_custom_1605139203465{padding-top: 25px !important;padding-bottom: 25px !important;background-position: center;background-repeat: no-repeat !important;background-size: cover !important;}&#8221;][vc_column offset=&#8221;vc_col-lg-6 vc_col-xs-12&#8243;][vc_custom_heading text=&#8221;Solicite una cita de consulta.&#8221; font_container=&#8221;tag:h2|text_align:left|color:%23ffffff|line_height:1.2&#8243; use_theme_fonts=&#8221;yes&#8221;][vc_column_text]<span style=\"color: #ffffff;\">Get in touch with our team today to review your case. No case is too big or too small. You will speak directly with an attorney.<\/span>[\/vc_column_text][vc_btn title=&#8221;Solicite Una Consulta&#8221; el_class=&#8221;button-primary&#8221; link=&#8221;url:https%3A%2F%2Fhernandezsmithlaw.com%2Fes%2Fcontacto%2F|title:Contact&#8221;][\/vc_column][\/vc_row][vc_row full_width=&#8221;stretch_row&#8221; content_placement=&#8221;middle&#8221; parallax=&#8221;content-moving&#8221; css=&#8221;.vc_custom_1604413998065{background-color: #f5f5f5 !important;}&#8221;][vc_column][vc_column_text]<\/p>\n<h2 style=\"text-align: center;\">Lo que Nuestras Clientes Est\u00e1n Diciendo<\/h2>\n<p>[\/vc_column_text][vc_tta_pageable no_fill_content_area=&#8221;1&#8243; autoplay=&#8221;5&#8243; active_section=&#8221;1&#8243; pagination_style=&#8221;flat-rounded&#8221; css_animation=&#8221;none&#8221;][vc_tta_section title=&#8221;Testimonial 1&#8243; tab_id=&#8221;testimonial-one&#8221;][vc_row_inner container_type=&#8221;fluid&#8221;][vc_column_inner][vc_column_text]<\/p>\n<p style=\"text-align: center;\">\u201cAttorney Hernandez is a fantastic attorney! She helped my father in his situation to the best of her abilities. We trust her entirely with many legal matters. Her communication with us was impeccable and she made us feel like a priority. I highly recommend her and her team of hardworking colleagues, she is personable and understanding. Thank you Ms Hernandez for the greatest gift!!\u201d<\/p>\n<p>&nbsp;<\/p>\n<p style=\"text-align: center;\"><strong>Emily Collado<\/strong><\/p>\n<p>[\/vc_column_text][\/vc_column_inner][\/vc_row_inner][\/vc_tta_section][vc_tta_section title=&#8221;Testimonial 2&#8243; tab_id=&#8221;testimonial-two&#8221;][vc_row_inner][vc_column_inner][vc_column_text]<\/p>\n<p style=\"text-align: center;\">\u201cThe service are the best I encountered in my life. The exert for a good resolve case is the legal team and this team is the nest in between the best.\u201d<\/p>\n<p>&nbsp;<\/p>\n<p style=\"text-align: center;\"><strong>Luis Orbegoso<\/strong><\/p>\n<p>[\/vc_column_text][\/vc_column_inner][\/vc_row_inner][\/vc_tta_section][vc_tta_section title=&#8221;Testimonial 3&#8243; tab_id=&#8221;testimonial-three&#8221;][vc_row_inner][vc_column_inner][vc_column_text]<\/p>\n<p style=\"text-align: center;\">\u201cSo Thankful for this Law Firm. They hold the highest standards for quality service. You will never find a more dedicated passionate team.\u201d<\/p>\n<p>&nbsp;<\/p>\n<p style=\"text-align: center;\"><strong>Judy Bonce<\/strong><\/p>\n<p>[\/vc_column_text][\/vc_column_inner][\/vc_row_inner][\/vc_tta_section][vc_tta_section title=&#8221;Testimonial 4&#8243; tab_id=&#8221;1604325396676-3fa2ef33-76d0&#8243;][vc_row_inner][vc_column_inner][vc_column_text]<\/p>\n<p style=\"text-align: center;\">\u201cGreat service over the years, great customer service with all the needs we had. Would definitely recommend Yahima and her team for any legal needs.\u201d<\/p>\n<p>&nbsp;<\/p>\n<p style=\"text-align: center;\"><strong>Gerson Gomez<\/strong><\/p>\n<p>[\/vc_column_text][\/vc_column_inner][\/vc_row_inner][\/vc_tta_section][vc_tta_section title=&#8221;Testimonial 5&#8243; tab_id=&#8221;1604325862505-3304f07b-4b0b&#8221;][vc_row_inner][vc_column_inner][vc_column_text]<\/p>\n<p style=\"text-align: center;\">\u201cDear Hernandez and Smith I was fortunate to find you both to handle my case. My family and I will be grateful for your supreme professionalism and strategy in my case . All of your work is so appreciated I cannot express my feelings in words.<\/p>\n<p style=\"text-align: center;\">Your staff Wanda is also very friendly and approachable.<\/p>\n<p style=\"text-align: center;\">Thank you once again for your amazing legal work\u201d<\/p>\n<p>&nbsp;<\/p>\n<p style=\"text-align: center;\"><strong>Betsy Bastian<\/strong><\/p>\n<p>[\/vc_column_text][\/vc_column_inner][\/vc_row_inner][\/vc_tta_section][vc_tta_section title=&#8221;Testimonial 6&#8243; tab_id=&#8221;1604326185006-11c9b9c6-08d3&#8243;][vc_row_inner][vc_column_inner][vc_column_text]<\/p>\n<p style=\"text-align: center;\">\u201cVery grateful and satisfied for excellent service and dedication by the whole team in my case.\u201d<\/p>\n<p>&nbsp;<\/p>\n<p style=\"text-align: center;\"><strong>Freddy Silva-Ayala<\/strong><\/p>\n<p>[\/vc_column_text][\/vc_column_inner][\/vc_row_inner][\/vc_tta_section][\/vc_tta_pageable][vc_row_inner][vc_column_inner width=&#8221;1\/2&#8243;][vc_btn title=&#8221;Ver \/ escribir Rese\u00f1as en Google&#8221; align=&#8221;right&#8221; link=&#8221;url:https%3A%2F%2Fgoo.gl%2F8ZzsVV&#8221; el_class=&#8221;button-primary&#8221;][\/vc_column_inner][vc_column_inner width=&#8221;1\/2&#8243;][vc_btn title=&#8221;Ver \/ escribir Rese\u00f1as en Facebook&#8221; link=&#8221;url:https%3A%2F%2Fwww.facebook.com%2FHernandezSmithLaw%2Freviews%2F&#8221; el_class=&#8221;button-primary&#8221;][\/vc_column_inner][\/vc_row_inner][\/vc_column][\/vc_row][vc_row full_width=&#8221;stretch_row&#8221; css=&#8221;.vc_custom_1539869367967{padding-top: 35px !important;}&#8221;][vc_column][vc_column_text]<\/p>\n<h2>Recursos y Preguntas Frecuentes<\/h2>\n<p>La informaci\u00f3n y los recursos m\u00e1s recientes para guiarlo.[\/vc_column_text][vc_row_inner][vc_column_inner width=&#8221;1\/3&#8243;][vc_single_image image=&#8221;2045&#8243; img_size=&#8221;medium&#8221; onclick=&#8221;custom_link&#8221; link=&#8221;\/es\/preguntas-frecuentes\/&#8221;][vc_column_text]<\/p>\n<h4><a href=\"https:\/\/hernandezsmithlaw.com\/es\/preguntas-frecuentes\/\">Preguntas frecuentes sobre in\/es\/preguntas-frecuentes\/migraci\u00f3n y familia<\/a><\/h4>\n<p>[\/vc_column_text][\/vc_column_inner][vc_column_inner width=&#8221;1\/3&#8243;][vc_single_image image=&#8221;2047&#8243; img_size=&#8221;medium&#8221; onclick=&#8221;custom_link&#8221; link=&#8221;\/es\/recursos-de-inmigracion\/&#8221;][vc_column_text]<\/p>\n<h4><a href=\"https:\/\/hernandezsmithlaw.com\/es\/recursos-de-inmigracion\/\">Recursos de Inmigraci\u00f3n<\/a><\/h4>\n<p>[\/vc_column_text][\/vc_column_inner][vc_column_inner width=&#8221;1\/3&#8243;][vc_single_image image=&#8221;2043&#8243; img_size=&#8221;medium&#8221; onclick=&#8221;custom_link&#8221; link=&#8221;\/es\/plan-de-crianza-de-un-divorcio-de-alto-conflicto\/&#8221;][vc_column_text]<\/p>\n<h4><a href=\"https:\/\/hernandezsmithlaw.com\/es\/plan-de-crianza-de-un-divorcio-de-alto-conflicto\/\"> Plan de crianza de los hijos divorciados<\/a><\/h4>\n<p>[\/vc_column_text][\/vc_column_inner][\/vc_row_inner][\/vc_column][\/vc_row]<\/p>\n<\/div>","protected":false},"excerpt":{"rendered":"<p>[vc_row full_width=&#8221;stretch_row_content_no_spaces&#8221; css=&#8221;.vc_custom_1605614620320{padding-top: 0px !important;background-color: #ffffff !important;}&#8221;][vc_column css=&#8221;.vc_custom_1605614678448{padding-top: 0px !important;}&#8221;][\/vc_column][\/vc_row][vc_row full_width=&#8221;stretch_row&#8221; content_placement=&#8221;middle&#8221; css=&#8221;.vc_custom_1604413466647{background-color: #f5f5f5 !important;}&#8221; el_class=&#8221;welcome-box&#8221;][vc_column width=&#8221;6\/12&#8243;][vc_custom_heading text=&#8221;Te guiamos con pasi\u00f3n y protegemos tus derechos.&#8221; use_theme_fonts=&#8221;yes&#8221;][vc_column_text css=&#8221;.vc_custom_1605645221841{margin-top: 20px !important;}&#8221;]El bufete de abogados Hernandez &amp; Smith, P.A. es un bufete de abogados dedicado y compasivo que presta servicios en el \u00e1rea de la bah\u00eda de Tampa,&hellip;<\/p>\n","protected":false},"author":4,"featured_media":0,"parent":0,"menu_order":0,"comment_status":"closed","ping_status":"closed","template":"","meta":{"_acf_changed":false,"footnotes":""},"class_list":["post-1789","page","type-page","status-publish","hentry"],"acf":[],"yoast_head":"<!-- This site is optimized with the Yoast SEO plugin v27.2 - https:\/\/yoast.com\/product\/yoast-seo-wordpress\/ -->\n<title>Law Offices of Hernandez and Smith<\/title>\n<meta name=\"description\" content=\"Estamos comprometidos a estar con nuestros clientes a lo largo de su viaje ofreciendo servicios legales de inmigraci\u00f3n y familiares profesionales, atentos e integrales. Le brindamos tranquilidad: su caso se manejar\u00e1 de manera competente, eficiente y asequible.\" \/>\n<meta name=\"robots\" content=\"index, follow, max-snippet:-1, max-image-preview:large, max-video-preview:-1\" \/>\n<link rel=\"canonical\" href=\"https:\/\/hernandezsmithlaw.com\/es\/\" \/>\n<meta property=\"og:locale\" content=\"es_ES\" \/>\n<meta property=\"og:type\" content=\"article\" \/>\n<meta property=\"og:title\" content=\"Law Offices of Hernandez and Smith\" \/>\n<meta property=\"og:description\" content=\"Estamos comprometidos a estar con nuestros clientes a lo largo de su viaje ofreciendo servicios legales de inmigraci\u00f3n y familiares profesionales, atentos e integrales. Le brindamos tranquilidad: su caso se manejar\u00e1 de manera competente, eficiente y asequible.\" \/>\n<meta property=\"og:url\" content=\"https:\/\/hernandezsmithlaw.com\/es\/\" \/>\n<meta property=\"og:site_name\" content=\"Law Offices of Hernandez and Smith\" \/>\n<meta property=\"article:modified_time\" content=\"2024-03-12T18:40:11+00:00\" \/>\n<meta name=\"twitter:card\" content=\"summary_large_image\" \/>\n<meta name=\"twitter:label1\" content=\"Est. reading time\" \/>\n\t<meta name=\"twitter:data1\" content=\"6 minutes\" \/>\n<script type=\"application\/ld+json\" class=\"yoast-schema-graph\">{\"@context\":\"https:\/\/schema.org\",\"@graph\":[{\"@type\":\"WebPage\",\"@id\":\"https:\/\/hernandezsmithlaw.com\/es\/\",\"url\":\"https:\/\/hernandezsmithlaw.com\/es\/\",\"name\":\"Law Offices of Hernandez and Smith\",\"isPartOf\":{\"@id\":\"https:\/\/hernandezsmithlaw.com\/#website\"},\"datePublished\":\"2020-11-17T12:21:17+00:00\",\"dateModified\":\"2024-03-12T18:40:11+00:00\",\"description\":\"Estamos comprometidos a estar con nuestros clientes a lo largo de su viaje ofreciendo servicios legales de inmigraci\u00f3n y familiares profesionales, atentos e integrales. Le brindamos tranquilidad: su caso se manejar\u00e1 de manera competente, eficiente y asequible.\",\"breadcrumb\":{\"@id\":\"https:\/\/hernandezsmithlaw.com\/es\/#breadcrumb\"},\"inLanguage\":\"es-ES\",\"potentialAction\":[{\"@type\":\"ReadAction\",\"target\":[\"https:\/\/hernandezsmithlaw.com\/es\/\"]}]},{\"@type\":\"BreadcrumbList\",\"@id\":\"https:\/\/hernandezsmithlaw.com\/es\/#breadcrumb\",\"itemListElement\":[{\"@type\":\"ListItem\",\"position\":1,\"name\":\"Home\",\"item\":\"https:\/\/hernandezsmithlaw.com\/es\/\"},{\"@type\":\"ListItem\",\"position\":2,\"name\":\"Home\"}]},{\"@type\":\"WebSite\",\"@id\":\"https:\/\/hernandezsmithlaw.com\/#website\",\"url\":\"https:\/\/hernandezsmithlaw.com\/\",\"name\":\"Law Offices of Hernandez and Smith\",\"description\":\"Personal Injury | Family Law | Business Litigation | Immigration &amp; Citizenship\",\"potentialAction\":[{\"@type\":\"SearchAction\",\"target\":{\"@type\":\"EntryPoint\",\"urlTemplate\":\"https:\/\/hernandezsmithlaw.com\/?s={search_term_string}\"},\"query-input\":{\"@type\":\"PropertyValueSpecification\",\"valueRequired\":true,\"valueName\":\"search_term_string\"}}],\"inLanguage\":\"es-ES\"}]}<\/script>\n<!-- \/ Yoast SEO plugin. -->","yoast_head_json":{"title":"Law Offices of Hernandez and Smith","description":"Estamos comprometidos a estar con nuestros clientes a lo largo de su viaje ofreciendo servicios legales de inmigraci\u00f3n y familiares profesionales, atentos e integrales. Le brindamos tranquilidad: su caso se manejar\u00e1 de manera competente, eficiente y asequible.","robots":{"index":"index","follow":"follow","max-snippet":"max-snippet:-1","max-image-preview":"max-image-preview:large","max-video-preview":"max-video-preview:-1"},"canonical":"https:\/\/hernandezsmithlaw.com\/es\/","og_locale":"es_ES","og_type":"article","og_title":"Law Offices of Hernandez and Smith","og_description":"Estamos comprometidos a estar con nuestros clientes a lo largo de su viaje ofreciendo servicios legales de inmigraci\u00f3n y familiares profesionales, atentos e integrales. Le brindamos tranquilidad: su caso se manejar\u00e1 de manera competente, eficiente y asequible.","og_url":"https:\/\/hernandezsmithlaw.com\/es\/","og_site_name":"Law Offices of Hernandez and Smith","article_modified_time":"2024-03-12T18:40:11+00:00","twitter_card":"summary_large_image","twitter_misc":{"Est. reading time":"6 minutes"},"schema":{"@context":"https:\/\/schema.org","@graph":[{"@type":"WebPage","@id":"https:\/\/hernandezsmithlaw.com\/es\/","url":"https:\/\/hernandezsmithlaw.com\/es\/","name":"Law Offices of Hernandez and Smith","isPartOf":{"@id":"https:\/\/hernandezsmithlaw.com\/#website"},"datePublished":"2020-11-17T12:21:17+00:00","dateModified":"2024-03-12T18:40:11+00:00","description":"Estamos comprometidos a estar con nuestros clientes a lo largo de su viaje ofreciendo servicios legales de inmigraci\u00f3n y familiares profesionales, atentos e integrales. Le brindamos tranquilidad: su caso se manejar\u00e1 de manera competente, eficiente y asequible.","breadcrumb":{"@id":"https:\/\/hernandezsmithlaw.com\/es\/#breadcrumb"},"inLanguage":"es-ES","potentialAction":[{"@type":"ReadAction","target":["https:\/\/hernandezsmithlaw.com\/es\/"]}]},{"@type":"BreadcrumbList","@id":"https:\/\/hernandezsmithlaw.com\/es\/#breadcrumb","itemListElement":[{"@type":"ListItem","position":1,"name":"Home","item":"https:\/\/hernandezsmithlaw.com\/es\/"},{"@type":"ListItem","position":2,"name":"Home"}]},{"@type":"WebSite","@id":"https:\/\/hernandezsmithlaw.com\/#website","url":"https:\/\/hernandezsmithlaw.com\/","name":"Law Offices of Hernandez and Smith","description":"Personal Injury | Family Law | Business Litigation | Immigration &amp; Citizenship","potentialAction":[{"@type":"SearchAction","target":{"@type":"EntryPoint","urlTemplate":"https:\/\/hernandezsmithlaw.com\/?s={search_term_string}"},"query-input":{"@type":"PropertyValueSpecification","valueRequired":true,"valueName":"search_term_string"}}],"inLanguage":"es-ES"}]}},"_links":{"self":[{"href":"https:\/\/hernandezsmithlaw.com\/es\/wp-json\/wp\/v2\/pages\/1789\/"}],"collection":[{"href":"https:\/\/hernandezsmithlaw.com\/es\/wp-json\/wp\/v2\/pages\/"}],"about":[{"href":"https:\/\/hernandezsmithlaw.com\/es\/wp-json\/wp\/v2\/types\/page\/"}],"author":[{"embeddable":true,"href":"https:\/\/hernandezsmithlaw.com\/es\/wp-json\/wp\/v2\/users\/4\/"}],"replies":[{"embeddable":true,"href":"https:\/\/hernandezsmithlaw.com\/es\/wp-json\/wp\/v2\/comments\/?post=1789"}],"version-history":[{"count":14,"href":"https:\/\/hernandezsmithlaw.com\/es\/wp-json\/wp\/v2\/pages\/1789\/revisions\/"}],"predecessor-version":[{"id":2311,"href":"https:\/\/hernandezsmithlaw.com\/es\/wp-json\/wp\/v2\/pages\/1789\/revisions\/2311\/"}],"wp:attachment":[{"href":"https:\/\/hernandezsmithlaw.com\/es\/wp-json\/wp\/v2\/media\/?parent=1789"}],"curies":[{"name":"wp","href":"https:\/\/api.w.org\/{rel}","templated":true}]}}