{"id":1801,"date":"2020-11-17T12:32:23","date_gmt":"2020-11-17T12:32:23","guid":{"rendered":"https:\/\/hernandezsmithlaw.com\/?page_id=1801"},"modified":"2021-01-15T01:17:43","modified_gmt":"2021-01-15T01:17:43","slug":"inmigracion-y-ciudadania","status":"publish","type":"page","link":"https:\/\/hernandezsmithlaw.com\/es\/inmigracion-y-ciudadania\/","title":{"rendered":"Inmigraci\u00f3n y Ciudadan\u00eda"},"content":{"rendered":"<div class=\"wpb-content-wrapper\"><p>[vc_row full_width=&#8221;stretch_row_content&#8221; css=&#8221;.vc_custom_1605616097862{padding-top: 25px !important;padding-bottom: 50px !important;background-color: #29326d !important;}&#8221;][vc_column][vc_custom_heading text=&#8221;Inmigraci\u00f3n y Ciudadan\u00eda&#8221; font_container=&#8221;tag:h1|font_size:51px|text_align:center|color:%23ffffff&#8221; google_fonts=&#8221;font_family:Lato%3A100%2C100italic%2C300%2C300italic%2Cregular%2Citalic%2C700%2C700italic%2C900%2C900italic|font_style:700%20bold%20regular%3A700%3Anormal&#8221;][\/vc_column][\/vc_row][vc_row full_width=&#8221;stretch_row&#8221; css=&#8221;.vc_custom_1604570171239{margin-top: 40px !important;margin-bottom: 40px !important;}&#8221;][vc_column width=&#8221;1\/4&#8243;][vc_column_text css=&#8221;.vc_custom_1605616550732{margin-bottom: 10px !important;}&#8221;]<\/p>\n<h4>Inmigraci\u00f3n y Ciudadan\u00eda<\/h4>\n<p>[\/vc_column_text][vc_wp_custommenu nav_menu=&#8221;37&#8243;][\/vc_column][vc_column width=&#8221;3\/4&#8243;][vc_column_text]Los individuos y las familias emigran a los Estados Unidos todos los a\u00f1os, cada uno con sus propias razones. Para muchos, Estados Unidos es un lugar de libertad. Para otros, una estad\u00eda temporal en los Estados Unidos es una oportunidad para expandir su educaci\u00f3n o habilidades vocacionales. Independientemente de lo que lo atraiga a los Estados Unidos, obtener una visa para quedarse de manera permanente o temporal es imprescindible para disfrutar de todos los beneficios que los Estados Unidos tienen para ofrecer y, a veces, evitar la deportaci\u00f3n.<\/p>\n<p>Somos una oficina biling\u00fce, que habla espa\u00f1ol e ingl\u00e9s, con m\u00e1s de una d\u00e9cada de experiencia en el manejo de una amplia gama de problemas de inmigraci\u00f3n. Podemos ayudarlo con las siguientes necesidades de inmigraci\u00f3n:<\/p>\n<ul>\n<li>Visas de trabajo<\/li>\n<li>Visas de estudiante<\/li>\n<li>Peticiones familiares<\/li>\n<li>Peticiones personales<\/li>\n<li>Exenciones<\/li>\n<li>Tarjeta verde<\/li>\n<li>Visas de matrimonio y de prometido(a)<\/li>\n<li>Asilo<\/li>\n<li>Casos de inmigrantes especiales menores de edad<\/li>\n<li>Visas para las v\u00edctimas de delito y sus parientes que califiquen<\/li>\n<li>Eliminaci\u00f3n de condiciones del estatus de residencia permanente legal<\/li>\n<li>Defensa en casos de deportaci\u00f3n o cancelaci\u00f3n de la deportaci\u00f3n<\/li>\n<li>Tenencia del ICE<\/li>\n<li>Adquirir la ciudadan\u00eda<\/li>\n<\/ul>\n<p>Para empresas, nos orgullecemos en brindarle una gu\u00eda estrat\u00e9gica, personalizada para cumplir con sus metas en:<\/p>\n<ul>\n<li>Establecer una filial o sucursal americana<\/li>\n<li>Visa de inversionista<\/li>\n<li>Transferir empleados a los Estados Unidos o<\/li>\n<li>Patrocinar a un empleado para la residencia.<\/li>\n<\/ul>\n<p>Como abogados de inmigraci\u00f3n, estamos muy versados en los procesos de inmigraci\u00f3n. Conocemos muy bien los obst\u00e1culos y retos que surgen en el camino \u2013 y c\u00f3mo contrarrestarlos. Trabajamos incansablemente para asegurar que nuestros clientes logren sus objetivos de inmigraci\u00f3n.[\/vc_column_text][vc_separator][vc_cta h2=&#8221;Programe una consulta&#8221; add_button=&#8221;right&#8221; btn_title=&#8221;P\u00f3ngase en contacto&#8221; btn_link=&#8221;url:https%3A%2F%2Fhernandezsmithlaw.com%2Fes%2Fcontacto%2F|title:Contacto&#8221; btn_el_class=&#8221;button-primary&#8221;]P\u00f3ngase en contacto para programar una hora para hablar con nuestro equipo.[\/vc_cta][\/vc_column][\/vc_row]<\/p>\n<\/div>","protected":false},"excerpt":{"rendered":"<p>[vc_row full_width=&#8221;stretch_row_content&#8221; css=&#8221;.vc_custom_1605616097862{padding-top: 25px !important;padding-bottom: 50px !important;background-color: #29326d !important;}&#8221;][vc_column][vc_custom_heading text=&#8221;Inmigraci\u00f3n y Ciudadan\u00eda&#8221; font_container=&#8221;tag:h1|font_size:51px|text_align:center|color:%23ffffff&#8221; google_fonts=&#8221;font_family:Lato%3A100%2C100italic%2C300%2C300italic%2Cregular%2Citalic%2C700%2C700italic%2C900%2C900italic|font_style:700%20bold%20regular%3A700%3Anormal&#8221;][\/vc_column][\/vc_row][vc_row full_width=&#8221;stretch_row&#8221; css=&#8221;.vc_custom_1604570171239{margin-top: 40px !important;margin-bottom: 40px !important;}&#8221;][vc_column width=&#8221;1\/4&#8243;][vc_column_text css=&#8221;.vc_custom_1605616550732{margin-bottom: 10px !important;}&#8221;] Inmigraci\u00f3n y Ciudadan\u00eda [\/vc_column_text][vc_wp_custommenu nav_menu=&#8221;37&#8243;][\/vc_column][vc_column width=&#8221;3\/4&#8243;][vc_column_text]Los individuos y las familias emigran a los Estados Unidos todos los a\u00f1os, cada uno con sus propias razones. Para muchos, Estados Unidos es un lugar&hellip;<\/p>\n","protected":false},"author":4,"featured_media":0,"parent":0,"menu_order":0,"comment_status":"closed","ping_status":"closed","template":"","meta":{"_acf_changed":false,"footnotes":""},"class_list":["post-1801","page","type-page","status-publish","hentry"],"acf":[],"yoast_head":"<!-- This site is optimized with the Yoast SEO plugin v27.5 - https:\/\/yoast.com\/product\/yoast-seo-wordpress\/ -->\n<title>Inmigraci\u00f3n y Ciudadan\u00eda - Law Offices of Hernandez and Smith<\/title>\n<meta name=\"description\" content=\"Proporcionamos servicios para aquellos que buscan vivir en los Estados Unidos, obtener la ciudadan\u00eda o luchar contra una orden de deportaci\u00f3n.(813)448-6573.\" \/>\n<meta name=\"robots\" content=\"index, follow, max-snippet:-1, max-image-preview:large, max-video-preview:-1\" \/>\n<link rel=\"canonical\" href=\"https:\/\/hernandezsmithlaw.com\/es\/inmigracion-y-ciudadania\/\" \/>\n<meta property=\"og:locale\" content=\"es_ES\" \/>\n<meta property=\"og:type\" content=\"article\" \/>\n<meta property=\"og:title\" content=\"Inmigraci\u00f3n y Ciudadan\u00eda - Law Offices of Hernandez and Smith\" \/>\n<meta property=\"og:description\" content=\"Proporcionamos servicios para aquellos que buscan vivir en los Estados Unidos, obtener la ciudadan\u00eda o luchar contra una orden de deportaci\u00f3n.(813)448-6573.\" \/>\n<meta property=\"og:url\" content=\"https:\/\/hernandezsmithlaw.com\/es\/inmigracion-y-ciudadania\/\" \/>\n<meta property=\"og:site_name\" content=\"Law Offices of Hernandez and Smith\" \/>\n<meta property=\"article:modified_time\" content=\"2021-01-15T01:17:43+00:00\" \/>\n<meta name=\"twitter:card\" content=\"summary_large_image\" \/>\n<meta name=\"twitter:label1\" content=\"Est. reading time\" \/>\n\t<meta name=\"twitter:data1\" content=\"2 minutes\" \/>\n<script type=\"application\/ld+json\" class=\"yoast-schema-graph\">{\"@context\":\"https:\\\/\\\/schema.org\",\"@graph\":[{\"@type\":\"WebPage\",\"@id\":\"https:\\\/\\\/hernandezsmithlaw.com\\\/es\\\/inmigracion-y-ciudadania\\\/\",\"url\":\"https:\\\/\\\/hernandezsmithlaw.com\\\/es\\\/inmigracion-y-ciudadania\\\/\",\"name\":\"Inmigraci\u00f3n y Ciudadan\u00eda - Law Offices of Hernandez and Smith\",\"isPartOf\":{\"@id\":\"https:\\\/\\\/hernandezsmithlaw.com\\\/#website\"},\"datePublished\":\"2020-11-17T12:32:23+00:00\",\"dateModified\":\"2021-01-15T01:17:43+00:00\",\"description\":\"Proporcionamos servicios para aquellos que buscan vivir en los Estados Unidos, obtener la ciudadan\u00eda o luchar contra una orden de deportaci\u00f3n.(813)448-6573.\",\"breadcrumb\":{\"@id\":\"https:\\\/\\\/hernandezsmithlaw.com\\\/es\\\/inmigracion-y-ciudadania\\\/#breadcrumb\"},\"inLanguage\":\"es-ES\",\"potentialAction\":[{\"@type\":\"ReadAction\",\"target\":[\"https:\\\/\\\/hernandezsmithlaw.com\\\/es\\\/inmigracion-y-ciudadania\\\/\"]}]},{\"@type\":\"BreadcrumbList\",\"@id\":\"https:\\\/\\\/hernandezsmithlaw.com\\\/es\\\/inmigracion-y-ciudadania\\\/#breadcrumb\",\"itemListElement\":[{\"@type\":\"ListItem\",\"position\":1,\"name\":\"Home\",\"item\":\"https:\\\/\\\/hernandezsmithlaw.com\\\/es\\\/\"},{\"@type\":\"ListItem\",\"position\":2,\"name\":\"Inmigraci\u00f3n y Ciudadan\u00eda\"}]},{\"@type\":\"WebSite\",\"@id\":\"https:\\\/\\\/hernandezsmithlaw.com\\\/#website\",\"url\":\"https:\\\/\\\/hernandezsmithlaw.com\\\/\",\"name\":\"Law Offices of Hernandez and Smith\",\"description\":\"Personal Injury | Family Law | Business Litigation | Immigration &amp; Citizenship\",\"potentialAction\":[{\"@type\":\"SearchAction\",\"target\":{\"@type\":\"EntryPoint\",\"urlTemplate\":\"https:\\\/\\\/hernandezsmithlaw.com\\\/?s={search_term_string}\"},\"query-input\":{\"@type\":\"PropertyValueSpecification\",\"valueRequired\":true,\"valueName\":\"search_term_string\"}}],\"inLanguage\":\"es-ES\"}]}<\/script>\n<!-- \/ Yoast SEO plugin. -->","yoast_head_json":{"title":"Inmigraci\u00f3n y Ciudadan\u00eda - Law Offices of Hernandez and Smith","description":"Proporcionamos servicios para aquellos que buscan vivir en los Estados Unidos, obtener la ciudadan\u00eda o luchar contra una orden de deportaci\u00f3n.(813)448-6573.","robots":{"index":"index","follow":"follow","max-snippet":"max-snippet:-1","max-image-preview":"max-image-preview:large","max-video-preview":"max-video-preview:-1"},"canonical":"https:\/\/hernandezsmithlaw.com\/es\/inmigracion-y-ciudadania\/","og_locale":"es_ES","og_type":"article","og_title":"Inmigraci\u00f3n y Ciudadan\u00eda - Law Offices of Hernandez and Smith","og_description":"Proporcionamos servicios para aquellos que buscan vivir en los Estados Unidos, obtener la ciudadan\u00eda o luchar contra una orden de deportaci\u00f3n.(813)448-6573.","og_url":"https:\/\/hernandezsmithlaw.com\/es\/inmigracion-y-ciudadania\/","og_site_name":"Law Offices of Hernandez and Smith","article_modified_time":"2021-01-15T01:17:43+00:00","twitter_card":"summary_large_image","twitter_misc":{"Est. reading time":"2 minutes"},"schema":{"@context":"https:\/\/schema.org","@graph":[{"@type":"WebPage","@id":"https:\/\/hernandezsmithlaw.com\/es\/inmigracion-y-ciudadania\/","url":"https:\/\/hernandezsmithlaw.com\/es\/inmigracion-y-ciudadania\/","name":"Inmigraci\u00f3n y Ciudadan\u00eda - Law Offices of Hernandez and Smith","isPartOf":{"@id":"https:\/\/hernandezsmithlaw.com\/#website"},"datePublished":"2020-11-17T12:32:23+00:00","dateModified":"2021-01-15T01:17:43+00:00","description":"Proporcionamos servicios para aquellos que buscan vivir en los Estados Unidos, obtener la ciudadan\u00eda o luchar contra una orden de deportaci\u00f3n.(813)448-6573.","breadcrumb":{"@id":"https:\/\/hernandezsmithlaw.com\/es\/inmigracion-y-ciudadania\/#breadcrumb"},"inLanguage":"es-ES","potentialAction":[{"@type":"ReadAction","target":["https:\/\/hernandezsmithlaw.com\/es\/inmigracion-y-ciudadania\/"]}]},{"@type":"BreadcrumbList","@id":"https:\/\/hernandezsmithlaw.com\/es\/inmigracion-y-ciudadania\/#breadcrumb","itemListElement":[{"@type":"ListItem","position":1,"name":"Home","item":"https:\/\/hernandezsmithlaw.com\/es\/"},{"@type":"ListItem","position":2,"name":"Inmigraci\u00f3n y Ciudadan\u00eda"}]},{"@type":"WebSite","@id":"https:\/\/hernandezsmithlaw.com\/#website","url":"https:\/\/hernandezsmithlaw.com\/","name":"Law Offices of Hernandez and Smith","description":"Personal Injury | Family Law | Business Litigation | Immigration &amp; Citizenship","potentialAction":[{"@type":"SearchAction","target":{"@type":"EntryPoint","urlTemplate":"https:\/\/hernandezsmithlaw.com\/?s={search_term_string}"},"query-input":{"@type":"PropertyValueSpecification","valueRequired":true,"valueName":"search_term_string"}}],"inLanguage":"es-ES"}]}},"_links":{"self":[{"href":"https:\/\/hernandezsmithlaw.com\/es\/wp-json\/wp\/v2\/pages\/1801\/"}],"collection":[{"href":"https:\/\/hernandezsmithlaw.com\/es\/wp-json\/wp\/v2\/pages\/"}],"about":[{"href":"https:\/\/hernandezsmithlaw.com\/es\/wp-json\/wp\/v2\/types\/page\/"}],"author":[{"embeddable":true,"href":"https:\/\/hernandezsmithlaw.com\/es\/wp-json\/wp\/v2\/users\/4\/"}],"replies":[{"embeddable":true,"href":"https:\/\/hernandezsmithlaw.com\/es\/wp-json\/wp\/v2\/comments\/?post=1801"}],"version-history":[{"count":7,"href":"https:\/\/hernandezsmithlaw.com\/es\/wp-json\/wp\/v2\/pages\/1801\/revisions\/"}],"predecessor-version":[{"id":2090,"href":"https:\/\/hernandezsmithlaw.com\/es\/wp-json\/wp\/v2\/pages\/1801\/revisions\/2090\/"}],"wp:attachment":[{"href":"https:\/\/hernandezsmithlaw.com\/es\/wp-json\/wp\/v2\/media\/?parent=1801"}],"curies":[{"name":"wp","href":"https:\/\/api.w.org\/{rel}","templated":true}]}}