{"id":1807,"date":"2020-11-17T12:38:36","date_gmt":"2020-11-17T12:38:36","guid":{"rendered":"https:\/\/hernandezsmithlaw.com\/?page_id=1807"},"modified":"2021-01-18T20:40:15","modified_gmt":"2021-01-18T20:40:15","slug":"representacion-de-inmigrantes-especiales-menores-de-edad","status":"publish","type":"page","link":"https:\/\/hernandezsmithlaw.com\/es\/representacion-de-inmigrantes-especiales-menores-de-edad\/","title":{"rendered":"Representaci\u00f3n de inmigrantes especiales menores de edad"},"content":{"rendered":"<div class=\"wpb-content-wrapper\"><p>[vc_row full_width=&#8221;stretch_row&#8221; parallax=&#8221;content-moving-fade&#8221; parallax_speed_bg=&#8221;2.5&#8243; css=&#8221;.vc_custom_1604562056821{padding-top: 25px !important;padding-bottom: 50px !important;background-color: #29326d !important;background-position: center;background-repeat: no-repeat !important;background-size: cover !important;}&#8221;][vc_column][vc_custom_heading text=&#8221;Representaci\u00f3n de inmigrantes especiales menores de edad&#8221; font_container=&#8221;tag:h1|text_align:center|color:%23ffffff|line_height:1.2&#8243; use_theme_fonts=&#8221;yes&#8221; el_class=&#8221;page-title&#8221;][\/vc_column][\/vc_row][vc_section css=&#8221;.vc_custom_1604565905587{margin-top: 40px !important;margin-bottom: 40px !important;}&#8221;][vc_row][vc_column width=&#8221;1\/4&#8243;][vc_column_text css=&#8221;.vc_custom_1605617161736{margin-bottom: 10px !important;}&#8221;]<\/p>\n<h4>Inmigraci\u00f3n y ciudadan\u00eda<\/h4>\n<p>[\/vc_column_text][vc_wp_custommenu nav_menu=&#8221;37&#8243;][\/vc_column][vc_column width=&#8221;3\/4&#8243;][vc_column_text]Las visas para inmigrantes especiales menores de edad est\u00e1n disponibles para menores calificados que residan en los Estados Unidos antes de presentar la solicitud ante inmigraci\u00f3n, el tribunal de derecho de menores o de familia debe haber emitido una orden que determine la elegibilidad, esto se conoce como una orden de predicado. Nuestra firma ha ayudado a muchos j\u00f3venes a obtener estas \u00f3rdenes y el posterior proceso de inmigraci\u00f3n.<\/p>\n<p><strong>Esta\u00a0<\/strong><strong>orden de establecimiento de hechos hecha por el<\/strong><strong>\u00a0tribunal de menores o familiar debe encontrar hallazgos certeros en los cuales:<\/strong><\/p>\n<ul>\n<li>El ni\u00f1o ha sido abusado, abandonado, o desatendido por uno o ambos padres<\/li>\n<li>El ni\u00f1o es dependiente del Estado para su protecci\u00f3n o el tribunal se ha comprometido legalmente con ni\u00f1o con la custodia de:<\/li>\n<\/ul>\n<p>1) Una agencia o departamento de un estado<\/p>\n<p>2) Un individuo o entidad apuntada por el Estado<\/p>\n<p>3) Un tribunal de menores localizado en los Estados Unidos<\/p>\n<ul>\n<li>La reunificaci\u00f3n con uno o ambos padres no es posible<\/li>\n<li>No est\u00e1 en los intereses superiores del menor regresar a su pa\u00eds natal.<\/li>\n<\/ul>\n<p><strong>Preguntas y respuestas frecuentes:<\/strong><\/p>\n<p><strong>Le\u00ed que tengo hasta los 21 a\u00f1os de edad para realizar una solicitud como inmigrante especial menor de edad, \u00bfEs cierto?<\/strong><\/p>\n<p>La ley de inmigraci\u00f3n permite que una solicitud de inmigrante especial menor de edad sea realizada antes del cumplea\u00f1os 21 del solicitante. En muchas jurisdicciones, incluyendo Florida, la orden de establecimiento de hechos\u00a0<strong>debe ser obtenida en el tribunal estatal antes de que el joven cumpla 18<\/strong>. El menor tambi\u00e9n debe estar soltero para calificar.<\/p>\n<p><strong>Ya tengo un abogado de inmigraci\u00f3n, \u00bfPor qu\u00e9 necesitar\u00eda un abogado de derecho de familia?<\/strong><\/p>\n<p>Es importante saber que la ley de inmigraci\u00f3n est\u00e1 basada en leyes federales y el derecho de familia est\u00e1 basado en las leyes del estado donde reside. La mayor\u00eda de los abogados de inmigraci\u00f3n se concentran enteramente en la inmigraci\u00f3n, es por ello que su abogado de inmigraci\u00f3n puede referirlo a un abogado con experiencia en derecho de familia para obtener la orden de establecimiento de hechos\u00a0del sistema del tribunal de menores o familiar.<\/p>\n<p><strong>\u00bfAceptan referencias de abogados de inmigraci\u00f3n?<\/strong><\/p>\n<p>\u00a1S\u00ed! Tenemos un abogado con experiencia en nuestro bufete, sin embargo, si ya tienen un abogado de inmigraci\u00f3n, estaremos felices de aceptar el caso para obtener la orden de establecimiento de hechos\u00a0a menores en el tribunal del estado. Tenemos varios abogados de inmigraci\u00f3n que nos refieren casos de inmigrantes especiales menores de edad, y en estos casos, no ofreceremos servicios de inmigraci\u00f3n ni asesor\u00eda. A cambio, trabajaremos con su abogado de inmigraci\u00f3n en cada paso del proceso, suministrando actualizaciones\u00a0del estatus y documentos obtenidos para mostrarle al juez de inmigraci\u00f3n que usted est\u00e1 trabajando diligentemente en su caso. Una vez que se obtenga la orden de establecimiento de hechos, proveeremos copias certificadas directamente a su abogado de inmigraci\u00f3n para que una solicitud de inmigrante especial menor de edad pueda ser realizada.[\/vc_column_text][vc_separator][vc_cta h2=&#8221;Programe una consulta&#8221; add_button=&#8221;right&#8221; btn_title=&#8221;P\u00f3ngase en contacto&#8221; btn_link=&#8221;url:https%3A%2F%2Fhernandezsmithlaw.com%2Fes%2Fcontacto%2F|title:Contacto&#8221; btn_el_class=&#8221;button-primary&#8221;]P\u00f3ngase en contacto para programar una hora para hablar con nuestro equipo.[\/vc_cta][\/vc_column][\/vc_row][\/vc_section]<\/p>\n<\/div>","protected":false},"excerpt":{"rendered":"<p>[vc_row full_width=&#8221;stretch_row&#8221; parallax=&#8221;content-moving-fade&#8221; parallax_speed_bg=&#8221;2.5&#8243; css=&#8221;.vc_custom_1604562056821{padding-top: 25px !important;padding-bottom: 50px !important;background-color: #29326d !important;background-position: center;background-repeat: no-repeat !important;background-size: cover !important;}&#8221;][vc_column][vc_custom_heading text=&#8221;Representaci\u00f3n de inmigrantes especiales menores de edad&#8221; font_container=&#8221;tag:h1|text_align:center|color:%23ffffff|line_height:1.2&#8243; use_theme_fonts=&#8221;yes&#8221; el_class=&#8221;page-title&#8221;][\/vc_column][\/vc_row][vc_section css=&#8221;.vc_custom_1604565905587{margin-top: 40px !important;margin-bottom: 40px !important;}&#8221;][vc_row][vc_column width=&#8221;1\/4&#8243;][vc_column_text css=&#8221;.vc_custom_1605617161736{margin-bottom: 10px !important;}&#8221;] Inmigraci\u00f3n y ciudadan\u00eda [\/vc_column_text][vc_wp_custommenu nav_menu=&#8221;37&#8243;][\/vc_column][vc_column width=&#8221;3\/4&#8243;][vc_column_text]Las visas para inmigrantes especiales menores de edad est\u00e1n disponibles para menores calificados que residan&hellip;<\/p>\n","protected":false},"author":4,"featured_media":0,"parent":0,"menu_order":0,"comment_status":"closed","ping_status":"closed","template":"","meta":{"_acf_changed":false,"footnotes":""},"class_list":["post-1807","page","type-page","status-publish","hentry"],"acf":[],"yoast_head":"<!-- This site is optimized with the Yoast SEO plugin v27.5 - https:\/\/yoast.com\/product\/yoast-seo-wordpress\/ -->\n<title>Representaci\u00f3n de inmigrantes especiales menores de edad - Law Offices of Hernandez and Smith<\/title>\n<meta name=\"description\" content=\"Trabajamos con su abogado de inmigraci\u00f3n para obtener la orden de prelaci\u00f3n necesaria, o podemos proporcionar servicios de inmigraci\u00f3n y derecho de familia.\" \/>\n<meta name=\"robots\" content=\"index, follow, max-snippet:-1, max-image-preview:large, max-video-preview:-1\" \/>\n<link rel=\"canonical\" href=\"https:\/\/hernandezsmithlaw.com\/es\/representacion-de-inmigrantes-especiales-menores-de-edad\/\" \/>\n<meta property=\"og:locale\" content=\"es_ES\" \/>\n<meta property=\"og:type\" content=\"article\" \/>\n<meta property=\"og:title\" content=\"Representaci\u00f3n de inmigrantes especiales menores de edad - Law Offices of Hernandez and Smith\" \/>\n<meta property=\"og:description\" content=\"Trabajamos con su abogado de inmigraci\u00f3n para obtener la orden de prelaci\u00f3n necesaria, o podemos proporcionar servicios de inmigraci\u00f3n y derecho de familia.\" \/>\n<meta property=\"og:url\" content=\"https:\/\/hernandezsmithlaw.com\/es\/representacion-de-inmigrantes-especiales-menores-de-edad\/\" \/>\n<meta property=\"og:site_name\" content=\"Law Offices of Hernandez and Smith\" \/>\n<meta property=\"article:modified_time\" content=\"2021-01-18T20:40:15+00:00\" \/>\n<meta name=\"twitter:card\" content=\"summary_large_image\" \/>\n<meta name=\"twitter:label1\" content=\"Est. reading time\" \/>\n\t<meta name=\"twitter:data1\" content=\"3 minutes\" \/>\n<script type=\"application\/ld+json\" class=\"yoast-schema-graph\">{\"@context\":\"https:\\\/\\\/schema.org\",\"@graph\":[{\"@type\":\"WebPage\",\"@id\":\"https:\\\/\\\/hernandezsmithlaw.com\\\/es\\\/representacion-de-inmigrantes-especiales-menores-de-edad\\\/\",\"url\":\"https:\\\/\\\/hernandezsmithlaw.com\\\/es\\\/representacion-de-inmigrantes-especiales-menores-de-edad\\\/\",\"name\":\"Representaci\u00f3n de inmigrantes especiales menores de edad - Law Offices of Hernandez and Smith\",\"isPartOf\":{\"@id\":\"https:\\\/\\\/hernandezsmithlaw.com\\\/#website\"},\"datePublished\":\"2020-11-17T12:38:36+00:00\",\"dateModified\":\"2021-01-18T20:40:15+00:00\",\"description\":\"Trabajamos con su abogado de inmigraci\u00f3n para obtener la orden de prelaci\u00f3n necesaria, o podemos proporcionar servicios de inmigraci\u00f3n y derecho de familia.\",\"breadcrumb\":{\"@id\":\"https:\\\/\\\/hernandezsmithlaw.com\\\/es\\\/representacion-de-inmigrantes-especiales-menores-de-edad\\\/#breadcrumb\"},\"inLanguage\":\"es-ES\",\"potentialAction\":[{\"@type\":\"ReadAction\",\"target\":[\"https:\\\/\\\/hernandezsmithlaw.com\\\/es\\\/representacion-de-inmigrantes-especiales-menores-de-edad\\\/\"]}]},{\"@type\":\"BreadcrumbList\",\"@id\":\"https:\\\/\\\/hernandezsmithlaw.com\\\/es\\\/representacion-de-inmigrantes-especiales-menores-de-edad\\\/#breadcrumb\",\"itemListElement\":[{\"@type\":\"ListItem\",\"position\":1,\"name\":\"Home\",\"item\":\"https:\\\/\\\/hernandezsmithlaw.com\\\/es\\\/\"},{\"@type\":\"ListItem\",\"position\":2,\"name\":\"Representaci\u00f3n de inmigrantes especiales menores de edad\"}]},{\"@type\":\"WebSite\",\"@id\":\"https:\\\/\\\/hernandezsmithlaw.com\\\/#website\",\"url\":\"https:\\\/\\\/hernandezsmithlaw.com\\\/\",\"name\":\"Law Offices of Hernandez and Smith\",\"description\":\"Personal Injury | Family Law | Business Litigation | Immigration &amp; Citizenship\",\"potentialAction\":[{\"@type\":\"SearchAction\",\"target\":{\"@type\":\"EntryPoint\",\"urlTemplate\":\"https:\\\/\\\/hernandezsmithlaw.com\\\/?s={search_term_string}\"},\"query-input\":{\"@type\":\"PropertyValueSpecification\",\"valueRequired\":true,\"valueName\":\"search_term_string\"}}],\"inLanguage\":\"es-ES\"}]}<\/script>\n<!-- \/ Yoast SEO plugin. -->","yoast_head_json":{"title":"Representaci\u00f3n de inmigrantes especiales menores de edad - Law Offices of Hernandez and Smith","description":"Trabajamos con su abogado de inmigraci\u00f3n para obtener la orden de prelaci\u00f3n necesaria, o podemos proporcionar servicios de inmigraci\u00f3n y derecho de familia.","robots":{"index":"index","follow":"follow","max-snippet":"max-snippet:-1","max-image-preview":"max-image-preview:large","max-video-preview":"max-video-preview:-1"},"canonical":"https:\/\/hernandezsmithlaw.com\/es\/representacion-de-inmigrantes-especiales-menores-de-edad\/","og_locale":"es_ES","og_type":"article","og_title":"Representaci\u00f3n de inmigrantes especiales menores de edad - Law Offices of Hernandez and Smith","og_description":"Trabajamos con su abogado de inmigraci\u00f3n para obtener la orden de prelaci\u00f3n necesaria, o podemos proporcionar servicios de inmigraci\u00f3n y derecho de familia.","og_url":"https:\/\/hernandezsmithlaw.com\/es\/representacion-de-inmigrantes-especiales-menores-de-edad\/","og_site_name":"Law Offices of Hernandez and Smith","article_modified_time":"2021-01-18T20:40:15+00:00","twitter_card":"summary_large_image","twitter_misc":{"Est. reading time":"3 minutes"},"schema":{"@context":"https:\/\/schema.org","@graph":[{"@type":"WebPage","@id":"https:\/\/hernandezsmithlaw.com\/es\/representacion-de-inmigrantes-especiales-menores-de-edad\/","url":"https:\/\/hernandezsmithlaw.com\/es\/representacion-de-inmigrantes-especiales-menores-de-edad\/","name":"Representaci\u00f3n de inmigrantes especiales menores de edad - Law Offices of Hernandez and Smith","isPartOf":{"@id":"https:\/\/hernandezsmithlaw.com\/#website"},"datePublished":"2020-11-17T12:38:36+00:00","dateModified":"2021-01-18T20:40:15+00:00","description":"Trabajamos con su abogado de inmigraci\u00f3n para obtener la orden de prelaci\u00f3n necesaria, o podemos proporcionar servicios de inmigraci\u00f3n y derecho de familia.","breadcrumb":{"@id":"https:\/\/hernandezsmithlaw.com\/es\/representacion-de-inmigrantes-especiales-menores-de-edad\/#breadcrumb"},"inLanguage":"es-ES","potentialAction":[{"@type":"ReadAction","target":["https:\/\/hernandezsmithlaw.com\/es\/representacion-de-inmigrantes-especiales-menores-de-edad\/"]}]},{"@type":"BreadcrumbList","@id":"https:\/\/hernandezsmithlaw.com\/es\/representacion-de-inmigrantes-especiales-menores-de-edad\/#breadcrumb","itemListElement":[{"@type":"ListItem","position":1,"name":"Home","item":"https:\/\/hernandezsmithlaw.com\/es\/"},{"@type":"ListItem","position":2,"name":"Representaci\u00f3n de inmigrantes especiales menores de edad"}]},{"@type":"WebSite","@id":"https:\/\/hernandezsmithlaw.com\/#website","url":"https:\/\/hernandezsmithlaw.com\/","name":"Law Offices of Hernandez and Smith","description":"Personal Injury | Family Law | Business Litigation | Immigration &amp; Citizenship","potentialAction":[{"@type":"SearchAction","target":{"@type":"EntryPoint","urlTemplate":"https:\/\/hernandezsmithlaw.com\/?s={search_term_string}"},"query-input":{"@type":"PropertyValueSpecification","valueRequired":true,"valueName":"search_term_string"}}],"inLanguage":"es-ES"}]}},"_links":{"self":[{"href":"https:\/\/hernandezsmithlaw.com\/es\/wp-json\/wp\/v2\/pages\/1807\/"}],"collection":[{"href":"https:\/\/hernandezsmithlaw.com\/es\/wp-json\/wp\/v2\/pages\/"}],"about":[{"href":"https:\/\/hernandezsmithlaw.com\/es\/wp-json\/wp\/v2\/types\/page\/"}],"author":[{"embeddable":true,"href":"https:\/\/hernandezsmithlaw.com\/es\/wp-json\/wp\/v2\/users\/4\/"}],"replies":[{"embeddable":true,"href":"https:\/\/hernandezsmithlaw.com\/es\/wp-json\/wp\/v2\/comments\/?post=1807"}],"version-history":[{"count":6,"href":"https:\/\/hernandezsmithlaw.com\/es\/wp-json\/wp\/v2\/pages\/1807\/revisions\/"}],"predecessor-version":[{"id":2171,"href":"https:\/\/hernandezsmithlaw.com\/es\/wp-json\/wp\/v2\/pages\/1807\/revisions\/2171\/"}],"wp:attachment":[{"href":"https:\/\/hernandezsmithlaw.com\/es\/wp-json\/wp\/v2\/media\/?parent=1807"}],"curies":[{"name":"wp","href":"https:\/\/api.w.org\/{rel}","templated":true}]}}