{"id":1811,"date":"2020-11-17T12:47:40","date_gmt":"2020-11-17T12:47:40","guid":{"rendered":"https:\/\/hernandezsmithlaw.com\/?page_id=1811"},"modified":"2021-01-18T20:43:17","modified_gmt":"2021-01-18T20:43:17","slug":"divorcio-de-inmigrantes-no-ciudadanos","status":"publish","type":"page","link":"https:\/\/hernandezsmithlaw.com\/es\/divorcio-de-inmigrantes-no-ciudadanos\/","title":{"rendered":"Divorcio de inmigrantes no-ciudadanos"},"content":{"rendered":"<div class=\"wpb-content-wrapper\"><p>[vc_row full_width=&#8221;stretch_row&#8221; parallax=&#8221;content-moving-fade&#8221; parallax_speed_bg=&#8221;2.5&#8243; css=&#8221;.vc_custom_1604562056821{padding-top: 25px !important;padding-bottom: 50px !important;background-color: #29326d !important;background-position: center;background-repeat: no-repeat !important;background-size: cover !important;}&#8221;][vc_column][vc_custom_heading text=&#8221;Divorcio de inmigrantes no-ciudadanos&#8221; font_container=&#8221;tag:h1|text_align:center|color:%23ffffff|line_height:1.2&#8243; use_theme_fonts=&#8221;yes&#8221; el_class=&#8221;page-title&#8221;][\/vc_column][\/vc_row][vc_section css=&#8221;.vc_custom_1604565905587{margin-top: 40px !important;margin-bottom: 40px !important;}&#8221;][vc_row][vc_column width=&#8221;1\/4&#8243;][vc_column_text css=&#8221;.vc_custom_1605617284634{margin-bottom: 10px !important;}&#8221;]<\/p>\n<h4>Inmigraci\u00f3n y ciudadan\u00eda<\/h4>\n<p>[\/vc_column_text][vc_wp_custommenu nav_menu=&#8221;37&#8243;][\/vc_column][vc_column width=&#8221;3\/4&#8243;][vc_column_text]Cada a\u00f1o, hay m\u00e1s de 400,000 ciudadanos de los Estados Unidos que se casan con un extranjero y solicitan que obtenga la residencia permanente en los Estados Unidos. Seg\u00fan las leyes federales de inmigraci\u00f3n, los c\u00f3nyuges nacidos en el extranjero de ciudadanos estadounidenses son miembros de la familia inmediata y est\u00e1n exentos de las limitaciones legales. Esencialmente, casarse con un ciudadano estadounidense pondr\u00e1 a una persona nacida en el extranjero en la v\u00eda r\u00e1pida para obtener su tarjeta verde.<\/p>\n<p>Si el matrimonio fracasara y se iniciaran los tr\u00e1mites de divorcio, existen numerosas preguntas sobre c\u00f3mo afectar\u00e1 el divorcio al estado migratorio del no ciudadano. Las Oficinas Legales de Hernandez y Smith, P.A. trabajar con casos de divorcio e inmigraci\u00f3n. Podemos brindarle experiencia especializada en su \u00e1rea de necesidad si es un inmigrante que est\u00e1 pasando por un divorcio o est\u00e1 considerando divorciarse.<\/p>\n<h3>\u00bfC\u00f3mo un divorcio afectar\u00e1 mi solicitud de una tarjeta verde condicional?<\/h3>\n<p>A los inmigrantes que reciben el estado de residencia permanente a trav\u00e9s de su matrimonio con un ciudadano de los Estados Unidos o como hijos de un inmigrante casado con un ciudadano de los Estados Unidos se les otorga el estatus de residencia basado en la condici\u00f3n si el matrimonio tiene menos de dos a\u00f1os. La residencia permanente basada en la condici\u00f3n significa que la residencia permanente del inmigrante (o hijo del inmigrante) puede terminarse si se descubre que la pareja contrajo matrimonio \u00fanicamente con el prop\u00f3sito de obtener un beneficio de inmigraci\u00f3n.<\/p>\n<p>Los inmigrantes con residencia permanente condicional tienen los mismos derechos que cualquier otro residente permanente. La \u00fanica diferencia entre su estatus es que la residencia permanente condicional est\u00e1 sujeta a terminaci\u00f3n. El proceso para obtener la residencia permanente sin que se aplique ninguna condici\u00f3n requiere que el c\u00f3nyuge ciudadano de los Estados Unidos y el inmigrante presenten una solicitud conjunta para que se elimine la condici\u00f3n dentro de los 90 d\u00edas posteriores al segundo aniversario de la concesi\u00f3n de la residencia permanente.<\/p>\n<p>Un divorcio termina autom\u00e1ticamente la residencia permanente condicional; sin embargo, existe un indulto para los inmigrantes que se encuentran en esta situaci\u00f3n. El residente permanente condicional deber\u00e1 obtener una renuncia a la terminaci\u00f3n si puede demostrar que el matrimonio se celebr\u00f3 de buena fe. Esto se puede hacer demostrando que la pareja pose\u00eda una propiedad conjunta o que ten\u00eda un hijo en com\u00fan.<\/p>\n<h3>\u00bfQu\u00e9 es la residencia permanente condicional?<\/h3>\n<p>Cuando una persona emigra a los Estados Unidos y solicita la residencia permanente sobre la base de que se cas\u00f3 con un ciudadano estadounidense o un residente permanente legal, y el matrimonio a\u00fan no ha llegado a su segundo aniversario, se le otorgar\u00e1 al inmigrante una residencia permanente condicional. estado. Este estado significa que mientras el inmigrante contin\u00fae casado, tendr\u00e1 la residencia permanente en los Estados Unidos por hasta dos a\u00f1os.<\/p>\n<p>Para obtener la residencia permanente completa, el inmigrante deber\u00e1 presentar una solicitud a los Servicios de Ciudadan\u00eda e Inmigraci\u00f3n de los Estados Unidos dentro de los dos a\u00f1os posteriores a su ingreso a los Estados Unidos como inmigrante. Si en el momento de esta petici\u00f3n, todav\u00eda est\u00e1n casados, se les otorgar\u00e1 la residencia permanente completa.<\/p>\n<p>Sin embargo, si al momento de la petici\u00f3n (o al vencimiento del estatus de Residencia Condicional Permanente) el inmigrante est\u00e1 en proceso de divorciarse (o se ha divorciado) de su c\u00f3nyuge ciudadano estadounidense, o residente permanente legal, entonces el inmigrante pierde su residencia. estatus y se vuelve elegible para la deportaci\u00f3n.<\/p>\n<h3>\u00bfPatrocin\u00e9 la solicitud ante inmigraci\u00f3n de mi c\u00f3nyugue, pero nos divorciaremos \u2013 \u00bfQu\u00e9 sigue ahora?<\/h3>\n<p>Cuando patrocina la solicitud de residencia de un inmigrante, firma un acuerdo legalmente vinculante para apoyar econ\u00f3micamente al inmigrante y a sus dependientes hasta que se haya obtenido la ciudadan\u00eda estadounidense o se cumplan otras condiciones. El divorcio no necesariamente eliminar\u00e1 su responsabilidad financiera con su c\u00f3nyuge inmigrante durante el tiempo previo a la obtenci\u00f3n de la ciudadan\u00eda, la salida de los Estados Unidos, u otras condiciones.<\/p>\n<h3>\u00bfC\u00f3mo se maneja una solicitud de inmigraci\u00f3n despu\u00e9s de un divorcio?<\/h3>\n<p>Cuando una solicitud de inmigraci\u00f3n basada en matrimonio (menos de dos a\u00f1os) est\u00e1 pendiente ante los Servicios de Ciudadan\u00eda e Inmigraci\u00f3n de los Estados Unidos y el inmigrante se divorcia de su ciudadano estadounidense o del c\u00f3nyuge residente legal permanente, el c\u00f3nyuge inmigrante puede perder su estado de residencia condicional. tras la disoluci\u00f3n del matrimonio a menos que obtenga una renuncia y elimine las condiciones por su cuenta.<\/p>\n<p>Hay excepciones al requisito de que ambos c\u00f3nyuges presenten conjuntamente para eliminar las condiciones antes del vencimiento de la residencia de dos a\u00f1os. Por ejemplo, si el divorcio finaliza cuando el c\u00f3nyuge inmigrante debe eliminar las condiciones, el c\u00f3nyuge inmigrante puede solicitar una exenci\u00f3n del requisito de presentaci\u00f3n conjunta por ese motivo y si contrajo matrimonio de buena fe.<\/p>\n<h3>\u00bfQu\u00e9 es el estatus de residencia condicional y c\u00f3mo puede convertirse en un estatus de residencia permanente?<\/h3>\n<p>Un estatus de residencia permanente de un inmigrante es reconocido como condicional si est\u00e1 basado en un matrimonio con una duraci\u00f3n menor a dos a\u00f1os. Seg\u00fan los Servicios de Inmigraci\u00f3n y Ciudadan\u00eda de los Estados Unidos (USCIS), usted puede eliminar su estatus condicional de su residencia permanente si usted cumple uno de los siguientes requisitos:<\/p>\n<ul>\n<li>\n<ul>\n<li>Si luego de dos a\u00f1os, a\u00fan est\u00e1 casado con el mismo ciudadano estadounidense o residente permanente que haya patrocinado su petici\u00f3n.<\/li>\n<li>Si usted es un ni\u00f1o que recibi\u00f3 el estatus de residencia condicional al mismo tiempo (o dentro de los 90 d\u00edas permitidos) que su representante.\n<ul>\n<li>Pueden hacerse excepciones para un ni\u00f1o que no haya sido incluido en la solicitud de sus padres si se cumplen ciertas condiciones.<\/li>\n<\/ul>\n<\/li>\n<li>Si es un viudo o viuda que contrajo matrimonio en buena fe y su c\u00f3nyugue falleci\u00f3 antes de los dos a\u00f1os de aniversario.<\/li>\n<li>Si contrajo matrimonio en buena fe, pero\n<ul>\n<li>El matrimonio termin\u00f3 en divorcio o anulaci\u00f3n;<\/li>\n<li>Si usted o su hijo fueron maltratados por su c\u00f3nyugue estadounidense o c\u00f3nyugue con residencia permanente o<\/li>\n<li>Si usted o su hijo fueron sometidos a dificultades extremas por su c\u00f3nyugue estadounidense o c\u00f3nyugue con residencia permanente.<\/li>\n<\/ul>\n<\/li>\n<\/ul>\n<\/li>\n<\/ul>\n<h3>\u00bfQu\u00e9 puedo hacer para mantener mi estatus ante inmigraci\u00f3n si me estoy divorciando?<\/h3>\n<p>Si el c\u00f3nyuge inmigrante ha tenido el estado de residencia condicional durante al menos dos a\u00f1os, entonces no necesitar\u00e1 la ayuda de su c\u00f3nyuge para presentar la petici\u00f3n I-751 para eliminar el estado de residencia condicional. Si su matrimonio tiene m\u00e1s de dos a\u00f1os, entonces su estatus migratorio no cambiar\u00e1 despu\u00e9s del divorcio. Sin embargo, si su matrimonio termina antes de que llegue a su segundo aniversario, puede optar por solicitar una exenci\u00f3n del requisito de presentaci\u00f3n conjunta. La renuncia puede basarse en uno de los siguientes motivos para la terminaci\u00f3n del matrimonio: disoluci\u00f3n de un matrimonio de buena fe, dificultades extremas si es deportado o abuso conyugal \/ infantil.<\/p>\n<h3>\u00bfC\u00f3mo afectar\u00e1 un divorcio un estatus de residencia incondicional?<\/h3>\n<p>Un divorcio no puede afectar negativamente el estatus migratorio de un extranjero si se le ha otorgado un estatus de residencia incondicional. El \u00fanico efecto que puede tener un divorcio en este momento es retrasar la fecha de elegibilidad del inmigrante para solicitar la ciudadan\u00eda estadounidense.<\/p>\n<p>Cuando un inmigrante tiene un estatus de residencia permanente y est\u00e1 casado con un ciudadano estadounidense, el tiempo de espera para solicitar la ciudadan\u00eda estadounidense es de tres a\u00f1os. Un inmigrante que no est\u00e1 casado con un ciudadano estadounidense tiene un per\u00edodo de espera de cinco a\u00f1os antes de ser elegible para naturalizarse.<\/p>\n<h3>Creo que fui v\u00edctima de un fraude matrimonial \u2013 \u00bfQu\u00e9 puedo hacer?<\/h3>\n<p>El fraude matrimonial es cuando un inmigrante y un ciudadano de los Estados Unidos se casan con el \u00fanico prop\u00f3sito de obtener un estatus de residencia para el inmigrante. Algunos casos involucran el conocimiento del fraude por ambas partes, mientras que otros casos involucran aprovecharse de un ciudadano estadounidense o viceversa. Si cree que su matrimonio fue para fines fraudulentos, puede solicitar una anulaci\u00f3n basada en fraude. El c\u00f3nyuge inmigrante tendr\u00e1 que impugnar las acusaciones y demostrar que el matrimonio no se celebr\u00f3 por motivos fraudulentos. Las acusaciones de fraude matrimonial pueden dar lugar a cargos penales para un c\u00f3nyuge residente legal permanente o de los Estados Unidos y a cargos penales y \/ o prohibici\u00f3n permanente de fraude a los beneficios de inmigraci\u00f3n para el c\u00f3nyuge inmigrante.[\/vc_column_text][vc_separator][vc_cta h2=&#8221;Programe una consulta&#8221; add_button=&#8221;right&#8221; btn_title=&#8221;P\u00f3ngase en contacto&#8221; btn_link=&#8221;url:https%3A%2F%2Fhernandezsmithlaw.com%2Fes%2Fcontacto%2F|title:Contacto&#8221; btn_el_class=&#8221;button-primary&#8221;]P\u00f3ngase en contacto para programar una hora para hablar con nuestro equipo.[\/vc_cta][\/vc_column][\/vc_row][\/vc_section]<\/p>\n<\/div>","protected":false},"excerpt":{"rendered":"<p>[vc_row full_width=&#8221;stretch_row&#8221; parallax=&#8221;content-moving-fade&#8221; parallax_speed_bg=&#8221;2.5&#8243; css=&#8221;.vc_custom_1604562056821{padding-top: 25px !important;padding-bottom: 50px !important;background-color: #29326d !important;background-position: center;background-repeat: no-repeat !important;background-size: cover !important;}&#8221;][vc_column][vc_custom_heading text=&#8221;Divorcio de inmigrantes no-ciudadanos&#8221; font_container=&#8221;tag:h1|text_align:center|color:%23ffffff|line_height:1.2&#8243; use_theme_fonts=&#8221;yes&#8221; el_class=&#8221;page-title&#8221;][\/vc_column][\/vc_row][vc_section css=&#8221;.vc_custom_1604565905587{margin-top: 40px !important;margin-bottom: 40px !important;}&#8221;][vc_row][vc_column width=&#8221;1\/4&#8243;][vc_column_text css=&#8221;.vc_custom_1605617284634{margin-bottom: 10px !important;}&#8221;] Inmigraci\u00f3n y ciudadan\u00eda [\/vc_column_text][vc_wp_custommenu nav_menu=&#8221;37&#8243;][\/vc_column][vc_column width=&#8221;3\/4&#8243;][vc_column_text]Cada a\u00f1o, hay m\u00e1s de 400,000 ciudadanos de los Estados Unidos que se casan con un extranjero y&hellip;<\/p>\n","protected":false},"author":4,"featured_media":0,"parent":0,"menu_order":0,"comment_status":"closed","ping_status":"closed","template":"","meta":{"_acf_changed":false,"footnotes":""},"class_list":["post-1811","page","type-page","status-publish","hentry"],"acf":[],"yoast_head":"<!-- This site is optimized with the Yoast SEO plugin v27.5 - https:\/\/yoast.com\/product\/yoast-seo-wordpress\/ -->\n<title>Divorcio de inmigrantes no-ciudadanos - Law Offices of Hernandez and Smith<\/title>\n<meta name=\"description\" content=\"Trabajar tanto en casos de divorcio como de inmigraci\u00f3n nos brinda la capacidad \u00fanica de manejar los asuntos de divorcio para un no ciudadano. (813)448-6573\" \/>\n<meta name=\"robots\" content=\"index, follow, max-snippet:-1, max-image-preview:large, max-video-preview:-1\" \/>\n<link rel=\"canonical\" href=\"https:\/\/hernandezsmithlaw.com\/es\/divorcio-de-inmigrantes-no-ciudadanos\/\" \/>\n<meta property=\"og:locale\" content=\"es_ES\" \/>\n<meta property=\"og:type\" content=\"article\" \/>\n<meta property=\"og:title\" content=\"Divorcio de inmigrantes no-ciudadanos - Law Offices of Hernandez and Smith\" \/>\n<meta property=\"og:description\" content=\"Trabajar tanto en casos de divorcio como de inmigraci\u00f3n nos brinda la capacidad \u00fanica de manejar los asuntos de divorcio para un no ciudadano. (813)448-6573\" \/>\n<meta property=\"og:url\" content=\"https:\/\/hernandezsmithlaw.com\/es\/divorcio-de-inmigrantes-no-ciudadanos\/\" \/>\n<meta property=\"og:site_name\" content=\"Law Offices of Hernandez and Smith\" \/>\n<meta property=\"article:modified_time\" content=\"2021-01-18T20:43:17+00:00\" \/>\n<meta name=\"twitter:card\" content=\"summary_large_image\" \/>\n<meta name=\"twitter:label1\" content=\"Est. reading time\" \/>\n\t<meta name=\"twitter:data1\" content=\"8 minutes\" \/>\n<script type=\"application\/ld+json\" class=\"yoast-schema-graph\">{\"@context\":\"https:\\\/\\\/schema.org\",\"@graph\":[{\"@type\":\"WebPage\",\"@id\":\"https:\\\/\\\/hernandezsmithlaw.com\\\/es\\\/divorcio-de-inmigrantes-no-ciudadanos\\\/\",\"url\":\"https:\\\/\\\/hernandezsmithlaw.com\\\/es\\\/divorcio-de-inmigrantes-no-ciudadanos\\\/\",\"name\":\"Divorcio de inmigrantes no-ciudadanos - Law Offices of Hernandez and Smith\",\"isPartOf\":{\"@id\":\"https:\\\/\\\/hernandezsmithlaw.com\\\/#website\"},\"datePublished\":\"2020-11-17T12:47:40+00:00\",\"dateModified\":\"2021-01-18T20:43:17+00:00\",\"description\":\"Trabajar tanto en casos de divorcio como de inmigraci\u00f3n nos brinda la capacidad \u00fanica de manejar los asuntos de divorcio para un no ciudadano. (813)448-6573\",\"breadcrumb\":{\"@id\":\"https:\\\/\\\/hernandezsmithlaw.com\\\/es\\\/divorcio-de-inmigrantes-no-ciudadanos\\\/#breadcrumb\"},\"inLanguage\":\"es-ES\",\"potentialAction\":[{\"@type\":\"ReadAction\",\"target\":[\"https:\\\/\\\/hernandezsmithlaw.com\\\/es\\\/divorcio-de-inmigrantes-no-ciudadanos\\\/\"]}]},{\"@type\":\"BreadcrumbList\",\"@id\":\"https:\\\/\\\/hernandezsmithlaw.com\\\/es\\\/divorcio-de-inmigrantes-no-ciudadanos\\\/#breadcrumb\",\"itemListElement\":[{\"@type\":\"ListItem\",\"position\":1,\"name\":\"Home\",\"item\":\"https:\\\/\\\/hernandezsmithlaw.com\\\/es\\\/\"},{\"@type\":\"ListItem\",\"position\":2,\"name\":\"Divorcio de inmigrantes no-ciudadanos\"}]},{\"@type\":\"WebSite\",\"@id\":\"https:\\\/\\\/hernandezsmithlaw.com\\\/#website\",\"url\":\"https:\\\/\\\/hernandezsmithlaw.com\\\/\",\"name\":\"Law Offices of Hernandez and Smith\",\"description\":\"Personal Injury | Family Law | Business Litigation | Immigration &amp; Citizenship\",\"potentialAction\":[{\"@type\":\"SearchAction\",\"target\":{\"@type\":\"EntryPoint\",\"urlTemplate\":\"https:\\\/\\\/hernandezsmithlaw.com\\\/?s={search_term_string}\"},\"query-input\":{\"@type\":\"PropertyValueSpecification\",\"valueRequired\":true,\"valueName\":\"search_term_string\"}}],\"inLanguage\":\"es-ES\"}]}<\/script>\n<!-- \/ Yoast SEO plugin. -->","yoast_head_json":{"title":"Divorcio de inmigrantes no-ciudadanos - Law Offices of Hernandez and Smith","description":"Trabajar tanto en casos de divorcio como de inmigraci\u00f3n nos brinda la capacidad \u00fanica de manejar los asuntos de divorcio para un no ciudadano. (813)448-6573","robots":{"index":"index","follow":"follow","max-snippet":"max-snippet:-1","max-image-preview":"max-image-preview:large","max-video-preview":"max-video-preview:-1"},"canonical":"https:\/\/hernandezsmithlaw.com\/es\/divorcio-de-inmigrantes-no-ciudadanos\/","og_locale":"es_ES","og_type":"article","og_title":"Divorcio de inmigrantes no-ciudadanos - Law Offices of Hernandez and Smith","og_description":"Trabajar tanto en casos de divorcio como de inmigraci\u00f3n nos brinda la capacidad \u00fanica de manejar los asuntos de divorcio para un no ciudadano. (813)448-6573","og_url":"https:\/\/hernandezsmithlaw.com\/es\/divorcio-de-inmigrantes-no-ciudadanos\/","og_site_name":"Law Offices of Hernandez and Smith","article_modified_time":"2021-01-18T20:43:17+00:00","twitter_card":"summary_large_image","twitter_misc":{"Est. reading time":"8 minutes"},"schema":{"@context":"https:\/\/schema.org","@graph":[{"@type":"WebPage","@id":"https:\/\/hernandezsmithlaw.com\/es\/divorcio-de-inmigrantes-no-ciudadanos\/","url":"https:\/\/hernandezsmithlaw.com\/es\/divorcio-de-inmigrantes-no-ciudadanos\/","name":"Divorcio de inmigrantes no-ciudadanos - Law Offices of Hernandez and Smith","isPartOf":{"@id":"https:\/\/hernandezsmithlaw.com\/#website"},"datePublished":"2020-11-17T12:47:40+00:00","dateModified":"2021-01-18T20:43:17+00:00","description":"Trabajar tanto en casos de divorcio como de inmigraci\u00f3n nos brinda la capacidad \u00fanica de manejar los asuntos de divorcio para un no ciudadano. (813)448-6573","breadcrumb":{"@id":"https:\/\/hernandezsmithlaw.com\/es\/divorcio-de-inmigrantes-no-ciudadanos\/#breadcrumb"},"inLanguage":"es-ES","potentialAction":[{"@type":"ReadAction","target":["https:\/\/hernandezsmithlaw.com\/es\/divorcio-de-inmigrantes-no-ciudadanos\/"]}]},{"@type":"BreadcrumbList","@id":"https:\/\/hernandezsmithlaw.com\/es\/divorcio-de-inmigrantes-no-ciudadanos\/#breadcrumb","itemListElement":[{"@type":"ListItem","position":1,"name":"Home","item":"https:\/\/hernandezsmithlaw.com\/es\/"},{"@type":"ListItem","position":2,"name":"Divorcio de inmigrantes no-ciudadanos"}]},{"@type":"WebSite","@id":"https:\/\/hernandezsmithlaw.com\/#website","url":"https:\/\/hernandezsmithlaw.com\/","name":"Law Offices of Hernandez and Smith","description":"Personal Injury | Family Law | Business Litigation | Immigration &amp; Citizenship","potentialAction":[{"@type":"SearchAction","target":{"@type":"EntryPoint","urlTemplate":"https:\/\/hernandezsmithlaw.com\/?s={search_term_string}"},"query-input":{"@type":"PropertyValueSpecification","valueRequired":true,"valueName":"search_term_string"}}],"inLanguage":"es-ES"}]}},"_links":{"self":[{"href":"https:\/\/hernandezsmithlaw.com\/es\/wp-json\/wp\/v2\/pages\/1811\/"}],"collection":[{"href":"https:\/\/hernandezsmithlaw.com\/es\/wp-json\/wp\/v2\/pages\/"}],"about":[{"href":"https:\/\/hernandezsmithlaw.com\/es\/wp-json\/wp\/v2\/types\/page\/"}],"author":[{"embeddable":true,"href":"https:\/\/hernandezsmithlaw.com\/es\/wp-json\/wp\/v2\/users\/4\/"}],"replies":[{"embeddable":true,"href":"https:\/\/hernandezsmithlaw.com\/es\/wp-json\/wp\/v2\/comments\/?post=1811"}],"version-history":[{"count":5,"href":"https:\/\/hernandezsmithlaw.com\/es\/wp-json\/wp\/v2\/pages\/1811\/revisions\/"}],"predecessor-version":[{"id":2172,"href":"https:\/\/hernandezsmithlaw.com\/es\/wp-json\/wp\/v2\/pages\/1811\/revisions\/2172\/"}],"wp:attachment":[{"href":"https:\/\/hernandezsmithlaw.com\/es\/wp-json\/wp\/v2\/media\/?parent=1811"}],"curies":[{"name":"wp","href":"https:\/\/api.w.org\/{rel}","templated":true}]}}