{"id":1818,"date":"2020-11-17T13:19:04","date_gmt":"2020-11-17T13:19:04","guid":{"rendered":"https:\/\/hernandezsmithlaw.com\/?page_id=1818"},"modified":"2021-01-14T18:51:43","modified_gmt":"2021-01-14T18:51:43","slug":"derecho-de-familia","status":"publish","type":"page","link":"https:\/\/hernandezsmithlaw.com\/es\/derecho-de-familia\/","title":{"rendered":"Derecho de familia"},"content":{"rendered":"<div class=\"wpb-content-wrapper\"><p>[vc_row full_width=&#8221;stretch_row&#8221; parallax=&#8221;content-moving-fade&#8221; parallax_speed_bg=&#8221;2.5&#8243; css=&#8221;.vc_custom_1604562056821{padding-top: 25px !important;padding-bottom: 50px !important;background-color: #29326d !important;background-position: center;background-repeat: no-repeat !important;background-size: cover !important;}&#8221;][vc_column][vc_custom_heading text=&#8221;Derecho de familia&#8221; font_container=&#8221;tag:h1|text_align:center|color:%23ffffff|line_height:1.2&#8243; use_theme_fonts=&#8221;yes&#8221; el_class=&#8221;page-title&#8221;][\/vc_column][\/vc_row][vc_section css=&#8221;.vc_custom_1604565905587{margin-top: 40px !important;margin-bottom: 40px !important;}&#8221;][vc_row][vc_column width=&#8221;1\/4&#8243;][vc_column_text]<\/p>\n<h4>Derecho de Familia<\/h4>\n<p>[\/vc_column_text][vc_wp_custommenu nav_menu=&#8221;38&#8243;][\/vc_column][vc_column width=&#8221;3\/4&#8243;][vc_column_text]El derecho de familia es algo m\u00e1s que el divorcio y la separaci\u00f3n y divisi\u00f3n de familias. El derecho de familia abarca una amplia gama de circunstancias que pueden involucrar a una familia, desde preocupaciones de paternidad hasta cumplimiento de \u00f3rdenes y adopci\u00f3n de padrastros y tutores.<\/p>\n<p>Nuestros abogados se preocupan por ayudar a su familia como si fuera la suya propia. Con m\u00e1s de 20 a\u00f1os de experiencia combinada, hemos visto c\u00f3mo las leyes cambian y progresan para el mejoramiento de la unidad familiar. Nuestra oficina se esfuerza por continuar esa progresi\u00f3n ayudando a las familias que necesitan los siguientes servicios:<\/p>\n<ul>\n<li>Divorcio<\/li>\n<li>Pensi\u00f3n alimenticia<\/li>\n<li>Manutenci\u00f3n de los hijos<\/li>\n<li>Modificaciones y ejecuci\u00f3n de la responsabilidad de los padres (custodia de los hijos)<\/li>\n<li>Modificaciones y ejecuci\u00f3n del tiempo compartido (visitas)<\/li>\n<li>Trajes de paternidad<\/li>\n<li>Acuerdos prenupciales<\/li>\n<li>Dependencia de menores<\/li>\n<li>Custodia por familiares<\/li>\n<li>Tutela<\/li>\n<li>\u00d3rdenes que determinan abuso, abandono o negligencia para un menor inmigrante especial<\/li>\n<li>Terminaci\u00f3n de la patria potestad<\/li>\n<li>Adopci\u00f3n de padrastros y adopci\u00f3n de familiares<\/li>\n<li>Cambios de nombre<\/li>\n<\/ul>\n<p>[\/vc_column_text][vc_separator][vc_cta h2=&#8221; Programe una consulta&#8221; add_button=&#8221;right&#8221; btn_title=&#8221; P\u00f3ngase en contacto&#8221; btn_link=&#8221;url:https%3A%2F%2Fhernandezsmithlaw.com%2Fes%2Fcontacto%2F|title:Contacto&#8221; btn_el_class=&#8221;button-primary&#8221;]P\u00f3ngase en contacto para programar una hora para hablar con nuestro equipo.[\/vc_cta][\/vc_column][\/vc_row][\/vc_section]<\/p>\n<\/div>","protected":false},"excerpt":{"rendered":"<p>[vc_row full_width=&#8221;stretch_row&#8221; parallax=&#8221;content-moving-fade&#8221; parallax_speed_bg=&#8221;2.5&#8243; css=&#8221;.vc_custom_1604562056821{padding-top: 25px !important;padding-bottom: 50px !important;background-color: #29326d !important;background-position: center;background-repeat: no-repeat !important;background-size: cover !important;}&#8221;][vc_column][vc_custom_heading text=&#8221;Derecho de familia&#8221; font_container=&#8221;tag:h1|text_align:center|color:%23ffffff|line_height:1.2&#8243; use_theme_fonts=&#8221;yes&#8221; el_class=&#8221;page-title&#8221;][\/vc_column][\/vc_row][vc_section css=&#8221;.vc_custom_1604565905587{margin-top: 40px !important;margin-bottom: 40px !important;}&#8221;][vc_row][vc_column width=&#8221;1\/4&#8243;][vc_column_text] Derecho de Familia [\/vc_column_text][vc_wp_custommenu nav_menu=&#8221;38&#8243;][\/vc_column][vc_column width=&#8221;3\/4&#8243;][vc_column_text]El derecho de familia es algo m\u00e1s que el divorcio y la separaci\u00f3n y divisi\u00f3n de familias. El derecho de familia abarca&hellip;<\/p>\n","protected":false},"author":4,"featured_media":0,"parent":0,"menu_order":0,"comment_status":"closed","ping_status":"closed","template":"","meta":{"_acf_changed":false,"footnotes":""},"class_list":["post-1818","page","type-page","status-publish","hentry"],"acf":[],"yoast_head":"<!-- This site is optimized with the Yoast SEO plugin v27.2 - https:\/\/yoast.com\/product\/yoast-seo-wordpress\/ -->\n<title>Derecho de familia - Law Offices of Hernandez and Smith<\/title>\n<meta name=\"robots\" content=\"index, follow, max-snippet:-1, max-image-preview:large, max-video-preview:-1\" \/>\n<link rel=\"canonical\" href=\"https:\/\/hernandezsmithlaw.com\/es\/derecho-de-familia\/\" \/>\n<meta property=\"og:locale\" content=\"es_ES\" \/>\n<meta property=\"og:type\" content=\"article\" \/>\n<meta property=\"og:title\" content=\"Derecho de familia - Law Offices of Hernandez and Smith\" \/>\n<meta property=\"og:description\" content=\"[vc_row full_width=&#8221;stretch_row&#8221; parallax=&#8221;content-moving-fade&#8221; parallax_speed_bg=&#8221;2.5&#8243; css=&#8221;.vc_custom_1604562056821{padding-top: 25px !important;padding-bottom: 50px !important;background-color: #29326d !important;background-position: center;background-repeat: no-repeat !important;background-size: cover !important;}&#8221;][vc_column][vc_custom_heading text=&#8221;Derecho de familia&#8221; font_container=&#8221;tag:h1|text_align:center|color:%23ffffff|line_height:1.2&#8243; use_theme_fonts=&#8221;yes&#8221; el_class=&#8221;page-title&#8221;][\/vc_column][\/vc_row][vc_section css=&#8221;.vc_custom_1604565905587{margin-top: 40px !important;margin-bottom: 40px !important;}&#8221;][vc_row][vc_column width=&#8221;1\/4&#8243;][vc_column_text] Derecho de Familia [\/vc_column_text][vc_wp_custommenu nav_menu=&#8221;38&#8243;][\/vc_column][vc_column width=&#8221;3\/4&#8243;][vc_column_text]El derecho de familia es algo m\u00e1s que el divorcio y la separaci\u00f3n y divisi\u00f3n de familias. El derecho de familia abarca&hellip;\" \/>\n<meta property=\"og:url\" content=\"https:\/\/hernandezsmithlaw.com\/es\/derecho-de-familia\/\" \/>\n<meta property=\"og:site_name\" content=\"Law Offices of Hernandez and Smith\" \/>\n<meta property=\"article:modified_time\" content=\"2021-01-14T18:51:43+00:00\" \/>\n<meta name=\"twitter:card\" content=\"summary_large_image\" \/>\n<meta name=\"twitter:label1\" content=\"Est. reading time\" \/>\n\t<meta name=\"twitter:data1\" content=\"2 minutes\" \/>\n<script type=\"application\/ld+json\" class=\"yoast-schema-graph\">{\"@context\":\"https:\/\/schema.org\",\"@graph\":[{\"@type\":\"WebPage\",\"@id\":\"https:\/\/hernandezsmithlaw.com\/es\/derecho-de-familia\/\",\"url\":\"https:\/\/hernandezsmithlaw.com\/es\/derecho-de-familia\/\",\"name\":\"Derecho de familia - Law Offices of Hernandez and Smith\",\"isPartOf\":{\"@id\":\"https:\/\/hernandezsmithlaw.com\/#website\"},\"datePublished\":\"2020-11-17T13:19:04+00:00\",\"dateModified\":\"2021-01-14T18:51:43+00:00\",\"breadcrumb\":{\"@id\":\"https:\/\/hernandezsmithlaw.com\/es\/derecho-de-familia\/#breadcrumb\"},\"inLanguage\":\"es-ES\",\"potentialAction\":[{\"@type\":\"ReadAction\",\"target\":[\"https:\/\/hernandezsmithlaw.com\/es\/derecho-de-familia\/\"]}]},{\"@type\":\"BreadcrumbList\",\"@id\":\"https:\/\/hernandezsmithlaw.com\/es\/derecho-de-familia\/#breadcrumb\",\"itemListElement\":[{\"@type\":\"ListItem\",\"position\":1,\"name\":\"Home\",\"item\":\"https:\/\/hernandezsmithlaw.com\/es\/\"},{\"@type\":\"ListItem\",\"position\":2,\"name\":\"Derecho de familia\"}]},{\"@type\":\"WebSite\",\"@id\":\"https:\/\/hernandezsmithlaw.com\/#website\",\"url\":\"https:\/\/hernandezsmithlaw.com\/\",\"name\":\"Law Offices of Hernandez and Smith\",\"description\":\"Personal Injury | Family Law | Business Litigation | Immigration &amp; Citizenship\",\"potentialAction\":[{\"@type\":\"SearchAction\",\"target\":{\"@type\":\"EntryPoint\",\"urlTemplate\":\"https:\/\/hernandezsmithlaw.com\/?s={search_term_string}\"},\"query-input\":{\"@type\":\"PropertyValueSpecification\",\"valueRequired\":true,\"valueName\":\"search_term_string\"}}],\"inLanguage\":\"es-ES\"}]}<\/script>\n<!-- \/ Yoast SEO plugin. -->","yoast_head_json":{"title":"Derecho de familia - Law Offices of Hernandez and Smith","robots":{"index":"index","follow":"follow","max-snippet":"max-snippet:-1","max-image-preview":"max-image-preview:large","max-video-preview":"max-video-preview:-1"},"canonical":"https:\/\/hernandezsmithlaw.com\/es\/derecho-de-familia\/","og_locale":"es_ES","og_type":"article","og_title":"Derecho de familia - Law Offices of Hernandez and Smith","og_description":"[vc_row full_width=&#8221;stretch_row&#8221; parallax=&#8221;content-moving-fade&#8221; parallax_speed_bg=&#8221;2.5&#8243; css=&#8221;.vc_custom_1604562056821{padding-top: 25px !important;padding-bottom: 50px !important;background-color: #29326d !important;background-position: center;background-repeat: no-repeat !important;background-size: cover !important;}&#8221;][vc_column][vc_custom_heading text=&#8221;Derecho de familia&#8221; font_container=&#8221;tag:h1|text_align:center|color:%23ffffff|line_height:1.2&#8243; use_theme_fonts=&#8221;yes&#8221; el_class=&#8221;page-title&#8221;][\/vc_column][\/vc_row][vc_section css=&#8221;.vc_custom_1604565905587{margin-top: 40px !important;margin-bottom: 40px !important;}&#8221;][vc_row][vc_column width=&#8221;1\/4&#8243;][vc_column_text] Derecho de Familia [\/vc_column_text][vc_wp_custommenu nav_menu=&#8221;38&#8243;][\/vc_column][vc_column width=&#8221;3\/4&#8243;][vc_column_text]El derecho de familia es algo m\u00e1s que el divorcio y la separaci\u00f3n y divisi\u00f3n de familias. El derecho de familia abarca&hellip;","og_url":"https:\/\/hernandezsmithlaw.com\/es\/derecho-de-familia\/","og_site_name":"Law Offices of Hernandez and Smith","article_modified_time":"2021-01-14T18:51:43+00:00","twitter_card":"summary_large_image","twitter_misc":{"Est. reading time":"2 minutes"},"schema":{"@context":"https:\/\/schema.org","@graph":[{"@type":"WebPage","@id":"https:\/\/hernandezsmithlaw.com\/es\/derecho-de-familia\/","url":"https:\/\/hernandezsmithlaw.com\/es\/derecho-de-familia\/","name":"Derecho de familia - Law Offices of Hernandez and Smith","isPartOf":{"@id":"https:\/\/hernandezsmithlaw.com\/#website"},"datePublished":"2020-11-17T13:19:04+00:00","dateModified":"2021-01-14T18:51:43+00:00","breadcrumb":{"@id":"https:\/\/hernandezsmithlaw.com\/es\/derecho-de-familia\/#breadcrumb"},"inLanguage":"es-ES","potentialAction":[{"@type":"ReadAction","target":["https:\/\/hernandezsmithlaw.com\/es\/derecho-de-familia\/"]}]},{"@type":"BreadcrumbList","@id":"https:\/\/hernandezsmithlaw.com\/es\/derecho-de-familia\/#breadcrumb","itemListElement":[{"@type":"ListItem","position":1,"name":"Home","item":"https:\/\/hernandezsmithlaw.com\/es\/"},{"@type":"ListItem","position":2,"name":"Derecho de familia"}]},{"@type":"WebSite","@id":"https:\/\/hernandezsmithlaw.com\/#website","url":"https:\/\/hernandezsmithlaw.com\/","name":"Law Offices of Hernandez and Smith","description":"Personal Injury | Family Law | Business Litigation | Immigration &amp; Citizenship","potentialAction":[{"@type":"SearchAction","target":{"@type":"EntryPoint","urlTemplate":"https:\/\/hernandezsmithlaw.com\/?s={search_term_string}"},"query-input":{"@type":"PropertyValueSpecification","valueRequired":true,"valueName":"search_term_string"}}],"inLanguage":"es-ES"}]}},"_links":{"self":[{"href":"https:\/\/hernandezsmithlaw.com\/es\/wp-json\/wp\/v2\/pages\/1818\/"}],"collection":[{"href":"https:\/\/hernandezsmithlaw.com\/es\/wp-json\/wp\/v2\/pages\/"}],"about":[{"href":"https:\/\/hernandezsmithlaw.com\/es\/wp-json\/wp\/v2\/types\/page\/"}],"author":[{"embeddable":true,"href":"https:\/\/hernandezsmithlaw.com\/es\/wp-json\/wp\/v2\/users\/4\/"}],"replies":[{"embeddable":true,"href":"https:\/\/hernandezsmithlaw.com\/es\/wp-json\/wp\/v2\/comments\/?post=1818"}],"version-history":[{"count":7,"href":"https:\/\/hernandezsmithlaw.com\/es\/wp-json\/wp\/v2\/pages\/1818\/revisions\/"}],"predecessor-version":[{"id":2057,"href":"https:\/\/hernandezsmithlaw.com\/es\/wp-json\/wp\/v2\/pages\/1818\/revisions\/2057\/"}],"wp:attachment":[{"href":"https:\/\/hernandezsmithlaw.com\/es\/wp-json\/wp\/v2\/media\/?parent=1818"}],"curies":[{"name":"wp","href":"https:\/\/api.w.org\/{rel}","templated":true}]}}