{"id":1821,"date":"2020-11-17T13:27:40","date_gmt":"2020-11-17T13:27:40","guid":{"rendered":"https:\/\/hernandezsmithlaw.com\/?page_id=1821"},"modified":"2021-01-14T18:49:31","modified_gmt":"2021-01-14T18:49:31","slug":"divorcio-amistoso","status":"publish","type":"page","link":"https:\/\/hernandezsmithlaw.com\/es\/divorcio-amistoso\/","title":{"rendered":"Divorcio Amistoso (de mutuo acuerdo)"},"content":{"rendered":"<div class=\"wpb-content-wrapper\"><p>[vc_row full_width=&#8221;stretch_row&#8221; parallax=&#8221;content-moving-fade&#8221; parallax_speed_bg=&#8221;2.5&#8243; css=&#8221;.vc_custom_1604562056821{padding-top: 25px !important;padding-bottom: 50px !important;background-color: #29326d !important;background-position: center;background-repeat: no-repeat !important;background-size: cover !important;}&#8221;][vc_column][vc_custom_heading text=&#8221;Divorcio Amistoso (de mutuo acuerdo)&#8221; font_container=&#8221;tag:h1|text_align:center|color:%23ffffff|line_height:1.2&#8243; use_theme_fonts=&#8221;yes&#8221; el_class=&#8221;page-title&#8221;][\/vc_column][\/vc_row][vc_section css=&#8221;.vc_custom_1604565905587{margin-top: 40px !important;margin-bottom: 40px !important;}&#8221;][vc_row][vc_column width=&#8221;1\/4&#8243;][vc_column_text css=&#8221;.vc_custom_1605619730117{margin-bottom: 10px !important;}&#8221;]<\/p>\n<h4>Derecho de Familia<\/h4>\n<p>[\/vc_column_text][vc_wp_custommenu nav_menu=&#8221;38&#8243;][\/vc_column][vc_column width=&#8221;3\/4&#8243;][vc_column_text]Un divorcio amistoso tambi\u00e9n es conocido com\u00fanmente como un\u00a0<strong>divorcio de mutuo acuerdo<\/strong>. B\u00e1sicamente, en un divorcio amistoso, ambas partes acuerdan aspectos del divorcio como la distribuci\u00f3n de la propiedad, la custodia de los hijos y los pagos de manutenci\u00f3n. A menudo, la pareja reconoce que est\u00e1n mejor separados que juntos y est\u00e1n dispuestos a llegar a acuerdos agradables entre ellos. Los divorcios amistosos ocurren con parejas que han estado casadas por poco tiempo o aquellas que han estado casadas por m\u00e1s de 20 a\u00f1os.<\/p>\n<p>Presentar un divorcio amistoso no es solo para aquellos con propiedades limitadas o una falta de propiedad conjunta de los activos. Los divorcios amistosos incluyen resolver asuntos relacionados con:<\/p>\n<ul>\n<li>La custodia de los hijos<\/li>\n<li>La manutenci\u00f3n de los hijos<\/li>\n<li>Las visitas<\/li>\n<li>La manutenci\u00f3n del c\u00f3nyugue<\/li>\n<li>La divisi\u00f3n de propiedades<\/li>\n<li>La divisi\u00f3n de bienes<\/li>\n<\/ul>\n<p>Nuestra oficina ofrece un precio fijo para asuntos no controvertidos. Nuestros abogados redactar\u00e1n los documentos iniciales y un acuerdo para que la otra parte lo considere. Si se firma el acuerdo, se presentar\u00e1 ante el tribunal y prepararemos la documentaci\u00f3n necesaria y el fallo final para su audiencia final. Tambi\u00e9n lo acompa\u00f1aremos a la corte y lo guiaremos a trav\u00e9s del proceso.<\/p>\n<p>Incluso si no puede ponerse de acuerdo en todo (sin oposici\u00f3n), hay varias otras v\u00edas para manejar un asunto de derecho de familia de manera amistosa:<\/p>\n<ul>\n<li><strong>El Divorcio Colaborativo<\/strong> se resuelve de forma privada fuera de la sala del tribunal y sin un juez. Cada parte tiene su propio abogado y pueden llegar a t\u00e9rminos aceptables a trav\u00e9s de la comunicaci\u00f3n facilitada por los abogados. Ambas partes acuerdan el uso de expertos mutuos para reducir los gastos de litigio.<\/li>\n<li>Se requiere <strong>mediaci\u00f3n<\/strong> en todos los casos de derecho de familia. Un mediador est\u00e1 especialmente capacitado para ayudar a ambas partes a comprender el punto de vista del lado opuesto y llegar a un compromiso en cada tema. Es posible que pueda resolver todos o la mayor\u00eda de sus problemas. Las cuestiones sobre las que no est\u00e9 de acuerdo ser\u00e1n decididas por el juez en un juicio.<\/li>\n<li><strong>El asesoramiento<\/strong> de un terapeuta autorizado puede proporcionar una salida para que cualquiera de las partes contrarreste el estr\u00e9s o las emociones sobrecargadas que puedan estar sintiendo durante o incluso despu\u00e9s de que se hayan completado los procedimientos de divorcio. El abogado de familia puede brindar soluciones pr\u00e1cticas que eviten costosas batallas legales. El asesoramiento puede ayudar a ambas partes a mantener la cabeza clara y equilibrada para que puedan finalizar el divorcio de manera eficiente y amigable.<\/li>\n<\/ul>\n<p>P\u00f3ngase en contacto para obtener asesoramiento o ayuda con su situaci\u00f3n espec\u00edfica de divorcio.[\/vc_column_text][vc_separator][vc_cta h2=&#8221;Programar una Consulta&#8221; add_button=&#8221;right&#8221; btn_title=&#8221;P\u00f3ngase en contacto&#8221; btn_link=&#8221;url:https%3A%2F%2Fhernandezsmithlaw.com%2Fes%2Fcontacto%2F|title:Contacto&#8221; btn_el_class=&#8221;button-primary&#8221;]P\u00f3ngase en contacto para programar una hora para hablar con nuestro equipo.[\/vc_cta][\/vc_column][\/vc_row][\/vc_section]<\/p>\n<\/div>","protected":false},"excerpt":{"rendered":"<p>[vc_row full_width=&#8221;stretch_row&#8221; parallax=&#8221;content-moving-fade&#8221; parallax_speed_bg=&#8221;2.5&#8243; css=&#8221;.vc_custom_1604562056821{padding-top: 25px !important;padding-bottom: 50px !important;background-color: #29326d !important;background-position: center;background-repeat: no-repeat !important;background-size: cover !important;}&#8221;][vc_column][vc_custom_heading text=&#8221;Divorcio Amistoso (de mutuo acuerdo)&#8221; font_container=&#8221;tag:h1|text_align:center|color:%23ffffff|line_height:1.2&#8243; use_theme_fonts=&#8221;yes&#8221; el_class=&#8221;page-title&#8221;][\/vc_column][\/vc_row][vc_section css=&#8221;.vc_custom_1604565905587{margin-top: 40px !important;margin-bottom: 40px !important;}&#8221;][vc_row][vc_column width=&#8221;1\/4&#8243;][vc_column_text css=&#8221;.vc_custom_1605619730117{margin-bottom: 10px !important;}&#8221;] Derecho de Familia [\/vc_column_text][vc_wp_custommenu nav_menu=&#8221;38&#8243;][\/vc_column][vc_column width=&#8221;3\/4&#8243;][vc_column_text]Un divorcio amistoso tambi\u00e9n es conocido com\u00fanmente como un\u00a0divorcio de mutuo acuerdo. B\u00e1sicamente, en un divorcio amistoso,&hellip;<\/p>\n","protected":false},"author":4,"featured_media":0,"parent":0,"menu_order":0,"comment_status":"closed","ping_status":"closed","template":"","meta":{"_acf_changed":false,"footnotes":""},"class_list":["post-1821","page","type-page","status-publish","hentry"],"acf":[],"yoast_head":"<!-- This site is optimized with the Yoast SEO plugin v27.2 - https:\/\/yoast.com\/product\/yoast-seo-wordpress\/ -->\n<title>Divorcio Amistoso (de mutuo acuerdo) - Law Offices of Hernandez and Smith<\/title>\n<meta name=\"description\" content=\"Pasando por un divorcio no disputado? Podemos ayudarlo a asegurarse de que todo est\u00e9 en orden y presentar su documentaci\u00f3n de divorcio. (813)448-6573\" \/>\n<meta name=\"robots\" content=\"index, follow, max-snippet:-1, max-image-preview:large, max-video-preview:-1\" \/>\n<link rel=\"canonical\" href=\"https:\/\/hernandezsmithlaw.com\/es\/divorcio-amistoso\/\" \/>\n<meta property=\"og:locale\" content=\"es_ES\" \/>\n<meta property=\"og:type\" content=\"article\" \/>\n<meta property=\"og:title\" content=\"Divorcio Amistoso (de mutuo acuerdo) - Law Offices of Hernandez and Smith\" \/>\n<meta property=\"og:description\" content=\"Pasando por un divorcio no disputado? Podemos ayudarlo a asegurarse de que todo est\u00e9 en orden y presentar su documentaci\u00f3n de divorcio. (813)448-6573\" \/>\n<meta property=\"og:url\" content=\"https:\/\/hernandezsmithlaw.com\/es\/divorcio-amistoso\/\" \/>\n<meta property=\"og:site_name\" content=\"Law Offices of Hernandez and Smith\" \/>\n<meta property=\"article:modified_time\" content=\"2021-01-14T18:49:31+00:00\" \/>\n<meta name=\"twitter:card\" content=\"summary_large_image\" \/>\n<meta name=\"twitter:label1\" content=\"Est. reading time\" \/>\n\t<meta name=\"twitter:data1\" content=\"3 minutes\" \/>\n<script type=\"application\/ld+json\" class=\"yoast-schema-graph\">{\"@context\":\"https:\/\/schema.org\",\"@graph\":[{\"@type\":\"WebPage\",\"@id\":\"https:\/\/hernandezsmithlaw.com\/es\/divorcio-amistoso\/\",\"url\":\"https:\/\/hernandezsmithlaw.com\/es\/divorcio-amistoso\/\",\"name\":\"Divorcio Amistoso (de mutuo acuerdo) - Law Offices of Hernandez and Smith\",\"isPartOf\":{\"@id\":\"https:\/\/hernandezsmithlaw.com\/#website\"},\"datePublished\":\"2020-11-17T13:27:40+00:00\",\"dateModified\":\"2021-01-14T18:49:31+00:00\",\"description\":\"Pasando por un divorcio no disputado? Podemos ayudarlo a asegurarse de que todo est\u00e9 en orden y presentar su documentaci\u00f3n de divorcio. (813)448-6573\",\"breadcrumb\":{\"@id\":\"https:\/\/hernandezsmithlaw.com\/es\/divorcio-amistoso\/#breadcrumb\"},\"inLanguage\":\"es-ES\",\"potentialAction\":[{\"@type\":\"ReadAction\",\"target\":[\"https:\/\/hernandezsmithlaw.com\/es\/divorcio-amistoso\/\"]}]},{\"@type\":\"BreadcrumbList\",\"@id\":\"https:\/\/hernandezsmithlaw.com\/es\/divorcio-amistoso\/#breadcrumb\",\"itemListElement\":[{\"@type\":\"ListItem\",\"position\":1,\"name\":\"Home\",\"item\":\"https:\/\/hernandezsmithlaw.com\/es\/\"},{\"@type\":\"ListItem\",\"position\":2,\"name\":\"Divorcio Amistoso (de mutuo acuerdo)\"}]},{\"@type\":\"WebSite\",\"@id\":\"https:\/\/hernandezsmithlaw.com\/#website\",\"url\":\"https:\/\/hernandezsmithlaw.com\/\",\"name\":\"Law Offices of Hernandez and Smith\",\"description\":\"Personal Injury | Family Law | Business Litigation | Immigration &amp; Citizenship\",\"potentialAction\":[{\"@type\":\"SearchAction\",\"target\":{\"@type\":\"EntryPoint\",\"urlTemplate\":\"https:\/\/hernandezsmithlaw.com\/?s={search_term_string}\"},\"query-input\":{\"@type\":\"PropertyValueSpecification\",\"valueRequired\":true,\"valueName\":\"search_term_string\"}}],\"inLanguage\":\"es-ES\"}]}<\/script>\n<!-- \/ Yoast SEO plugin. -->","yoast_head_json":{"title":"Divorcio Amistoso (de mutuo acuerdo) - Law Offices of Hernandez and Smith","description":"Pasando por un divorcio no disputado? Podemos ayudarlo a asegurarse de que todo est\u00e9 en orden y presentar su documentaci\u00f3n de divorcio. (813)448-6573","robots":{"index":"index","follow":"follow","max-snippet":"max-snippet:-1","max-image-preview":"max-image-preview:large","max-video-preview":"max-video-preview:-1"},"canonical":"https:\/\/hernandezsmithlaw.com\/es\/divorcio-amistoso\/","og_locale":"es_ES","og_type":"article","og_title":"Divorcio Amistoso (de mutuo acuerdo) - Law Offices of Hernandez and Smith","og_description":"Pasando por un divorcio no disputado? Podemos ayudarlo a asegurarse de que todo est\u00e9 en orden y presentar su documentaci\u00f3n de divorcio. (813)448-6573","og_url":"https:\/\/hernandezsmithlaw.com\/es\/divorcio-amistoso\/","og_site_name":"Law Offices of Hernandez and Smith","article_modified_time":"2021-01-14T18:49:31+00:00","twitter_card":"summary_large_image","twitter_misc":{"Est. reading time":"3 minutes"},"schema":{"@context":"https:\/\/schema.org","@graph":[{"@type":"WebPage","@id":"https:\/\/hernandezsmithlaw.com\/es\/divorcio-amistoso\/","url":"https:\/\/hernandezsmithlaw.com\/es\/divorcio-amistoso\/","name":"Divorcio Amistoso (de mutuo acuerdo) - Law Offices of Hernandez and Smith","isPartOf":{"@id":"https:\/\/hernandezsmithlaw.com\/#website"},"datePublished":"2020-11-17T13:27:40+00:00","dateModified":"2021-01-14T18:49:31+00:00","description":"Pasando por un divorcio no disputado? Podemos ayudarlo a asegurarse de que todo est\u00e9 en orden y presentar su documentaci\u00f3n de divorcio. (813)448-6573","breadcrumb":{"@id":"https:\/\/hernandezsmithlaw.com\/es\/divorcio-amistoso\/#breadcrumb"},"inLanguage":"es-ES","potentialAction":[{"@type":"ReadAction","target":["https:\/\/hernandezsmithlaw.com\/es\/divorcio-amistoso\/"]}]},{"@type":"BreadcrumbList","@id":"https:\/\/hernandezsmithlaw.com\/es\/divorcio-amistoso\/#breadcrumb","itemListElement":[{"@type":"ListItem","position":1,"name":"Home","item":"https:\/\/hernandezsmithlaw.com\/es\/"},{"@type":"ListItem","position":2,"name":"Divorcio Amistoso (de mutuo acuerdo)"}]},{"@type":"WebSite","@id":"https:\/\/hernandezsmithlaw.com\/#website","url":"https:\/\/hernandezsmithlaw.com\/","name":"Law Offices of Hernandez and Smith","description":"Personal Injury | Family Law | Business Litigation | Immigration &amp; Citizenship","potentialAction":[{"@type":"SearchAction","target":{"@type":"EntryPoint","urlTemplate":"https:\/\/hernandezsmithlaw.com\/?s={search_term_string}"},"query-input":{"@type":"PropertyValueSpecification","valueRequired":true,"valueName":"search_term_string"}}],"inLanguage":"es-ES"}]}},"_links":{"self":[{"href":"https:\/\/hernandezsmithlaw.com\/es\/wp-json\/wp\/v2\/pages\/1821\/"}],"collection":[{"href":"https:\/\/hernandezsmithlaw.com\/es\/wp-json\/wp\/v2\/pages\/"}],"about":[{"href":"https:\/\/hernandezsmithlaw.com\/es\/wp-json\/wp\/v2\/types\/page\/"}],"author":[{"embeddable":true,"href":"https:\/\/hernandezsmithlaw.com\/es\/wp-json\/wp\/v2\/users\/4\/"}],"replies":[{"embeddable":true,"href":"https:\/\/hernandezsmithlaw.com\/es\/wp-json\/wp\/v2\/comments\/?post=1821"}],"version-history":[{"count":4,"href":"https:\/\/hernandezsmithlaw.com\/es\/wp-json\/wp\/v2\/pages\/1821\/revisions\/"}],"predecessor-version":[{"id":2055,"href":"https:\/\/hernandezsmithlaw.com\/es\/wp-json\/wp\/v2\/pages\/1821\/revisions\/2055\/"}],"wp:attachment":[{"href":"https:\/\/hernandezsmithlaw.com\/es\/wp-json\/wp\/v2\/media\/?parent=1821"}],"curies":[{"name":"wp","href":"https:\/\/api.w.org\/{rel}","templated":true}]}}