{"id":1834,"date":"2020-11-17T13:40:02","date_gmt":"2020-11-17T13:40:02","guid":{"rendered":"https:\/\/hernandezsmithlaw.com\/?page_id=1834"},"modified":"2021-01-14T19:55:05","modified_gmt":"2021-01-14T19:55:05","slug":"divorcio-de-alto-perfil","status":"publish","type":"page","link":"https:\/\/hernandezsmithlaw.com\/es\/divorcio-de-alto-perfil\/","title":{"rendered":"Divorcio de alto perfil"},"content":{"rendered":"<div class=\"wpb-content-wrapper\"><p>[vc_row full_width=&#8221;stretch_row&#8221; parallax=&#8221;content-moving-fade&#8221; parallax_speed_bg=&#8221;2.5&#8243; css=&#8221;.vc_custom_1604562056821{padding-top: 25px !important;padding-bottom: 50px !important;background-color: #29326d !important;background-position: center;background-repeat: no-repeat !important;background-size: cover !important;}&#8221;][vc_column][vc_custom_heading text=&#8221;Divorcio de alto perfil&#8221; font_container=&#8221;tag:h1|text_align:center|color:%23ffffff|line_height:1.2&#8243; use_theme_fonts=&#8221;yes&#8221; el_class=&#8221;page-title&#8221;][\/vc_column][\/vc_row][vc_section css=&#8221;.vc_custom_1604565905587{margin-top: 40px !important;margin-bottom: 40px !important;}&#8221;][vc_row][vc_column width=&#8221;1\/4&#8243;][vc_column_text css=&#8221;.vc_custom_1605620433475{margin-bottom: 10px !important;}&#8221;]<\/p>\n<h4><b>Derecho de Familia<\/b><\/h4>\n<p>[\/vc_column_text][vc_wp_custommenu nav_menu=&#8221;35&#8243;][\/vc_column][vc_column width=&#8221;3\/4&#8243;][vc_column_text]Entendemos que nuestros clientes de alto perfil tienen preocupaciones adicionales que son exclusivas de la disoluci\u00f3n del matrimonio, adem\u00e1s de las dificultades comunes del divorcio y los problemas de derecho de familia. Las personas de alto perfil deben considerar el riesgo de que los detalles privados del divorcio se impriman o se informen en los medios y c\u00f3mo el divorcio afectar\u00e1 su reputaci\u00f3n p\u00fablicamente percibida, su base de fans e incluso posibles ofertas de trabajo debido a la atenci\u00f3n excesiva de los medios o los detalles del divorcio reportados en los medios. Atendemos las preocupaciones \u00fanicas de nuestra clientela de alto perfil a trav\u00e9s de la total confidencialidad y respeto por la privacidad. Haremos todo lo que est\u00e9 a nuestro alcance para mitigar estas preocupaciones de nuestros clientes. Los casos comunes de alto perfil involucran:<\/p>\n<ul>\n<li>Influencias de Internet<\/li>\n<li>Politicos Figuras p\u00fablicas<\/li>\n<li>Atletas<\/li>\n<li>Famosos<\/li>\n<li>Miembros de alto rango en las comunidades<\/li>\n<\/ul>\n<p>Si le preocupa el impacto que un divorcio u otro asunto de derecho de familia pueda tener en su reputaci\u00f3n, cont\u00e1ctenos para una consulta confidencial. Puede considerar seriamente un procedimiento colaborativo en el que las partes acuerden de antemano mantener la confidencialidad de todos los aspectos del caso. En un asunto litigado, los detalles vergonzosos pueden convertirse en un registro p\u00fablico.[\/vc_column_text][vc_separator][vc_cta h2=&#8221;Programe una consulta&#8221; add_button=&#8221;right&#8221; btn_title=&#8221;P\u00f3ngase en contacto&#8221; btn_link=&#8221;url:https%3A%2F%2Fhernandezsmithlaw.com%2Fes%2Fcontacto%2F|title:Contacto&#8221; btn_el_class=&#8221;button-primary&#8221;]P\u00f3ngase en contacto para programar una hora para hablar con nuestro equipo.[\/vc_cta][\/vc_column][\/vc_row][\/vc_section]<\/p>\n<\/div>","protected":false},"excerpt":{"rendered":"<p>[vc_row full_width=&#8221;stretch_row&#8221; parallax=&#8221;content-moving-fade&#8221; parallax_speed_bg=&#8221;2.5&#8243; css=&#8221;.vc_custom_1604562056821{padding-top: 25px !important;padding-bottom: 50px !important;background-color: #29326d !important;background-position: center;background-repeat: no-repeat !important;background-size: cover !important;}&#8221;][vc_column][vc_custom_heading text=&#8221;Divorcio de alto perfil&#8221; font_container=&#8221;tag:h1|text_align:center|color:%23ffffff|line_height:1.2&#8243; use_theme_fonts=&#8221;yes&#8221; el_class=&#8221;page-title&#8221;][\/vc_column][\/vc_row][vc_section css=&#8221;.vc_custom_1604565905587{margin-top: 40px !important;margin-bottom: 40px !important;}&#8221;][vc_row][vc_column width=&#8221;1\/4&#8243;][vc_column_text css=&#8221;.vc_custom_1605620433475{margin-bottom: 10px !important;}&#8221;] Derecho de Familia [\/vc_column_text][vc_wp_custommenu nav_menu=&#8221;35&#8243;][\/vc_column][vc_column width=&#8221;3\/4&#8243;][vc_column_text]Entendemos que nuestros clientes de alto perfil tienen preocupaciones adicionales que son exclusivas de la disoluci\u00f3n del matrimonio,&hellip;<\/p>\n","protected":false},"author":4,"featured_media":0,"parent":0,"menu_order":0,"comment_status":"closed","ping_status":"closed","template":"","meta":{"_acf_changed":false,"footnotes":""},"class_list":["post-1834","page","type-page","status-publish","hentry"],"acf":[],"yoast_head":"<!-- This site is optimized with the Yoast SEO plugin v27.5 - https:\/\/yoast.com\/product\/yoast-seo-wordpress\/ -->\n<title>Divorcio de alto perfil - Law Offices of Hernandez and Smith<\/title>\n<meta name=\"description\" content=\"Contratar a un abogado con experiencia en el manejo de las preocupaciones \u00fanicas de figuras p\u00fablicas que se divorcian y otras personas de alto perfil.\" \/>\n<meta name=\"robots\" content=\"index, follow, max-snippet:-1, max-image-preview:large, max-video-preview:-1\" \/>\n<link rel=\"canonical\" href=\"https:\/\/hernandezsmithlaw.com\/es\/divorcio-de-alto-perfil\/\" \/>\n<meta property=\"og:locale\" content=\"es_ES\" \/>\n<meta property=\"og:type\" content=\"article\" \/>\n<meta property=\"og:title\" content=\"Divorcio de alto perfil - Law Offices of Hernandez and Smith\" \/>\n<meta property=\"og:description\" content=\"Contratar a un abogado con experiencia en el manejo de las preocupaciones \u00fanicas de figuras p\u00fablicas que se divorcian y otras personas de alto perfil.\" \/>\n<meta property=\"og:url\" content=\"https:\/\/hernandezsmithlaw.com\/es\/divorcio-de-alto-perfil\/\" \/>\n<meta property=\"og:site_name\" content=\"Law Offices of Hernandez and Smith\" \/>\n<meta property=\"article:modified_time\" content=\"2021-01-14T19:55:05+00:00\" \/>\n<meta name=\"twitter:card\" content=\"summary_large_image\" \/>\n<meta name=\"twitter:label1\" content=\"Est. reading time\" \/>\n\t<meta name=\"twitter:data1\" content=\"2 minutes\" \/>\n<script type=\"application\/ld+json\" class=\"yoast-schema-graph\">{\"@context\":\"https:\\\/\\\/schema.org\",\"@graph\":[{\"@type\":\"WebPage\",\"@id\":\"https:\\\/\\\/hernandezsmithlaw.com\\\/es\\\/divorcio-de-alto-perfil\\\/\",\"url\":\"https:\\\/\\\/hernandezsmithlaw.com\\\/es\\\/divorcio-de-alto-perfil\\\/\",\"name\":\"Divorcio de alto perfil - Law Offices of Hernandez and Smith\",\"isPartOf\":{\"@id\":\"https:\\\/\\\/hernandezsmithlaw.com\\\/#website\"},\"datePublished\":\"2020-11-17T13:40:02+00:00\",\"dateModified\":\"2021-01-14T19:55:05+00:00\",\"description\":\"Contratar a un abogado con experiencia en el manejo de las preocupaciones \u00fanicas de figuras p\u00fablicas que se divorcian y otras personas de alto perfil.\",\"breadcrumb\":{\"@id\":\"https:\\\/\\\/hernandezsmithlaw.com\\\/es\\\/divorcio-de-alto-perfil\\\/#breadcrumb\"},\"inLanguage\":\"es-ES\",\"potentialAction\":[{\"@type\":\"ReadAction\",\"target\":[\"https:\\\/\\\/hernandezsmithlaw.com\\\/es\\\/divorcio-de-alto-perfil\\\/\"]}]},{\"@type\":\"BreadcrumbList\",\"@id\":\"https:\\\/\\\/hernandezsmithlaw.com\\\/es\\\/divorcio-de-alto-perfil\\\/#breadcrumb\",\"itemListElement\":[{\"@type\":\"ListItem\",\"position\":1,\"name\":\"Home\",\"item\":\"https:\\\/\\\/hernandezsmithlaw.com\\\/es\\\/\"},{\"@type\":\"ListItem\",\"position\":2,\"name\":\"Divorcio de alto perfil\"}]},{\"@type\":\"WebSite\",\"@id\":\"https:\\\/\\\/hernandezsmithlaw.com\\\/#website\",\"url\":\"https:\\\/\\\/hernandezsmithlaw.com\\\/\",\"name\":\"Law Offices of Hernandez and Smith\",\"description\":\"Personal Injury | Family Law | Business Litigation | Immigration &amp; Citizenship\",\"potentialAction\":[{\"@type\":\"SearchAction\",\"target\":{\"@type\":\"EntryPoint\",\"urlTemplate\":\"https:\\\/\\\/hernandezsmithlaw.com\\\/?s={search_term_string}\"},\"query-input\":{\"@type\":\"PropertyValueSpecification\",\"valueRequired\":true,\"valueName\":\"search_term_string\"}}],\"inLanguage\":\"es-ES\"}]}<\/script>\n<!-- \/ Yoast SEO plugin. -->","yoast_head_json":{"title":"Divorcio de alto perfil - Law Offices of Hernandez and Smith","description":"Contratar a un abogado con experiencia en el manejo de las preocupaciones \u00fanicas de figuras p\u00fablicas que se divorcian y otras personas de alto perfil.","robots":{"index":"index","follow":"follow","max-snippet":"max-snippet:-1","max-image-preview":"max-image-preview:large","max-video-preview":"max-video-preview:-1"},"canonical":"https:\/\/hernandezsmithlaw.com\/es\/divorcio-de-alto-perfil\/","og_locale":"es_ES","og_type":"article","og_title":"Divorcio de alto perfil - Law Offices of Hernandez and Smith","og_description":"Contratar a un abogado con experiencia en el manejo de las preocupaciones \u00fanicas de figuras p\u00fablicas que se divorcian y otras personas de alto perfil.","og_url":"https:\/\/hernandezsmithlaw.com\/es\/divorcio-de-alto-perfil\/","og_site_name":"Law Offices of Hernandez and Smith","article_modified_time":"2021-01-14T19:55:05+00:00","twitter_card":"summary_large_image","twitter_misc":{"Est. reading time":"2 minutes"},"schema":{"@context":"https:\/\/schema.org","@graph":[{"@type":"WebPage","@id":"https:\/\/hernandezsmithlaw.com\/es\/divorcio-de-alto-perfil\/","url":"https:\/\/hernandezsmithlaw.com\/es\/divorcio-de-alto-perfil\/","name":"Divorcio de alto perfil - Law Offices of Hernandez and Smith","isPartOf":{"@id":"https:\/\/hernandezsmithlaw.com\/#website"},"datePublished":"2020-11-17T13:40:02+00:00","dateModified":"2021-01-14T19:55:05+00:00","description":"Contratar a un abogado con experiencia en el manejo de las preocupaciones \u00fanicas de figuras p\u00fablicas que se divorcian y otras personas de alto perfil.","breadcrumb":{"@id":"https:\/\/hernandezsmithlaw.com\/es\/divorcio-de-alto-perfil\/#breadcrumb"},"inLanguage":"es-ES","potentialAction":[{"@type":"ReadAction","target":["https:\/\/hernandezsmithlaw.com\/es\/divorcio-de-alto-perfil\/"]}]},{"@type":"BreadcrumbList","@id":"https:\/\/hernandezsmithlaw.com\/es\/divorcio-de-alto-perfil\/#breadcrumb","itemListElement":[{"@type":"ListItem","position":1,"name":"Home","item":"https:\/\/hernandezsmithlaw.com\/es\/"},{"@type":"ListItem","position":2,"name":"Divorcio de alto perfil"}]},{"@type":"WebSite","@id":"https:\/\/hernandezsmithlaw.com\/#website","url":"https:\/\/hernandezsmithlaw.com\/","name":"Law Offices of Hernandez and Smith","description":"Personal Injury | Family Law | Business Litigation | Immigration &amp; Citizenship","potentialAction":[{"@type":"SearchAction","target":{"@type":"EntryPoint","urlTemplate":"https:\/\/hernandezsmithlaw.com\/?s={search_term_string}"},"query-input":{"@type":"PropertyValueSpecification","valueRequired":true,"valueName":"search_term_string"}}],"inLanguage":"es-ES"}]}},"_links":{"self":[{"href":"https:\/\/hernandezsmithlaw.com\/es\/wp-json\/wp\/v2\/pages\/1834\/"}],"collection":[{"href":"https:\/\/hernandezsmithlaw.com\/es\/wp-json\/wp\/v2\/pages\/"}],"about":[{"href":"https:\/\/hernandezsmithlaw.com\/es\/wp-json\/wp\/v2\/types\/page\/"}],"author":[{"embeddable":true,"href":"https:\/\/hernandezsmithlaw.com\/es\/wp-json\/wp\/v2\/users\/4\/"}],"replies":[{"embeddable":true,"href":"https:\/\/hernandezsmithlaw.com\/es\/wp-json\/wp\/v2\/comments\/?post=1834"}],"version-history":[{"count":4,"href":"https:\/\/hernandezsmithlaw.com\/es\/wp-json\/wp\/v2\/pages\/1834\/revisions\/"}],"predecessor-version":[{"id":2068,"href":"https:\/\/hernandezsmithlaw.com\/es\/wp-json\/wp\/v2\/pages\/1834\/revisions\/2068\/"}],"wp:attachment":[{"href":"https:\/\/hernandezsmithlaw.com\/es\/wp-json\/wp\/v2\/media\/?parent=1834"}],"curies":[{"name":"wp","href":"https:\/\/api.w.org\/{rel}","templated":true}]}}