{"id":1838,"date":"2020-11-17T13:43:47","date_gmt":"2020-11-17T13:43:47","guid":{"rendered":"https:\/\/hernandezsmithlaw.com\/?page_id=1838"},"modified":"2021-01-14T19:47:27","modified_gmt":"2021-01-14T19:47:27","slug":"divorcio-de-alto-patrimonio-neto","status":"publish","type":"page","link":"https:\/\/hernandezsmithlaw.com\/es\/divorcio-de-alto-patrimonio-neto\/","title":{"rendered":"Divorcio de alto patrimonio neto"},"content":{"rendered":"<div class=\"wpb-content-wrapper\"><p>[vc_row full_width=&#8221;stretch_row&#8221; parallax=&#8221;content-moving-fade&#8221; parallax_speed_bg=&#8221;2.5&#8243; css=&#8221;.vc_custom_1604562056821{padding-top: 25px !important;padding-bottom: 50px !important;background-color: #29326d !important;background-position: center;background-repeat: no-repeat !important;background-size: cover !important;}&#8221;][vc_column][vc_custom_heading text=&#8221;Divorcio de alto patrimonio neto&#8221; font_container=&#8221;tag:h1|text_align:center|color:%23ffffff|line_height:1.2&#8243; use_theme_fonts=&#8221;yes&#8221; el_class=&#8221;page-title&#8221;][\/vc_column][\/vc_row][vc_section css=&#8221;.vc_custom_1604565905587{margin-top: 40px !important;margin-bottom: 40px !important;}&#8221;][vc_row][vc_column width=&#8221;1\/4&#8243;][vc_column_text css=&#8221;.vc_custom_1605620702957{margin-bottom: 10px !important;}&#8221;]<\/p>\n<h4><b>Derecho de Familia<\/b><\/h4>\n<p>[\/vc_column_text][vc_wp_custommenu nav_menu=&#8221;35&#8243;][\/vc_column][vc_column width=&#8221;3\/4&#8243;][vc_column_text]La complejidad de los casos de divorcio de alto riesgo que involucran a personas con propiedades financieras sofisticadas y un alto valor neto requiere un tratamiento personalizado por parte de un abogado experimentado. Los divorcios de alto valor neto requieren el conocimiento de cuestiones financieras, fiscales y de valoraci\u00f3n. Los casos comunes de alto patrimonio neto involucran:<\/p>\n<ul>\n<li>Ejecutivos corporativos<\/li>\n<li>Due\u00f1os de negocios<\/li>\n<li>Profesionales<\/li>\n<li>Atletas<\/li>\n<li>Famosos<\/li>\n<li>Familias ricas<\/li>\n<\/ul>\n<p>Entendemos y atendemos las preocupaciones de nuestra clientela de alto valor neto, incluida la necesidad de total confidencialidad y respeto por la privacidad. Nuestros abogados reconocen que las personas de alto patrimonio necesitar\u00e1n un cuidado adicional para proteger los activos que han trabajado arduamente para adquirir y est\u00e1n preparados para trabajar con asesores financieros, expertos en impuestos, expertos en valoraci\u00f3n de empresas e incluso contadores forenses, cuando sea necesario, para garantizar que Brindamos a nuestros clientes una s\u00f3lida base de casos.<\/p>\n<p>Los casos de alto valor neto incluyen las preocupaciones tradicionales de las personas que se divorcian, como la custodia de los hijos y la distribuci\u00f3n de activos, pero tambi\u00e9n incluyen otras preocupaciones espec\u00edficas como:<\/p>\n<ul>\n<li>Negocios cerrados<\/li>\n<li>Valoraci\u00f3n de bienes matrimoniales multiparte<\/li>\n<li>Muebles valiosos, arte o colecciones de monedas.<\/li>\n<li>Participaciones inmobiliarias como casas de vacaciones u otras propiedades<\/li>\n<li>Varios veh\u00edculos, barcos u otros veh\u00edculos recreativos<\/li>\n<li>Protecci\u00f3n de pr\u00e1cticas profesionales o ganancias futuras (por ejemplo, regal\u00edas)<\/li>\n<li>Distribuci\u00f3n de propiedad compleja<\/li>\n<li>Cuentas bancarias m\u00faltiples o offshore<\/li>\n<li>401 (k) s, planes de jubilaci\u00f3n o ahorros<\/li>\n<li>Opciones sobre acciones u otros proyectos comerciales<\/li>\n<li>Acuerdos pre y posnupciales<\/li>\n<li>Pensi\u00f3n alimenticia de alto activo<\/li>\n<\/ul>\n<p>[\/vc_column_text][vc_separator][vc_cta h2=&#8221;Programe una consulta&#8221; add_button=&#8221;right&#8221; btn_title=&#8221;P\u00f3ngase en contacto&#8221; btn_link=&#8221;url:https%3A%2F%2Fhernandezsmithlaw.com%2Fes%2Fcontacto%2F|title:Contacto&#8221; btn_el_class=&#8221;button-primary&#8221;]P\u00f3ngase en contacto para programar una hora para hablar con nuestro equipo.[\/vc_cta][\/vc_column][\/vc_row][\/vc_section]<\/p>\n<\/div>","protected":false},"excerpt":{"rendered":"<p>[vc_row full_width=&#8221;stretch_row&#8221; parallax=&#8221;content-moving-fade&#8221; parallax_speed_bg=&#8221;2.5&#8243; css=&#8221;.vc_custom_1604562056821{padding-top: 25px !important;padding-bottom: 50px !important;background-color: #29326d !important;background-position: center;background-repeat: no-repeat !important;background-size: cover !important;}&#8221;][vc_column][vc_custom_heading text=&#8221;Divorcio de alto patrimonio neto&#8221; font_container=&#8221;tag:h1|text_align:center|color:%23ffffff|line_height:1.2&#8243; use_theme_fonts=&#8221;yes&#8221; el_class=&#8221;page-title&#8221;][\/vc_column][\/vc_row][vc_section css=&#8221;.vc_custom_1604565905587{margin-top: 40px !important;margin-bottom: 40px !important;}&#8221;][vc_row][vc_column width=&#8221;1\/4&#8243;][vc_column_text css=&#8221;.vc_custom_1605620702957{margin-bottom: 10px !important;}&#8221;] Derecho de Familia [\/vc_column_text][vc_wp_custommenu nav_menu=&#8221;35&#8243;][\/vc_column][vc_column width=&#8221;3\/4&#8243;][vc_column_text]La complejidad de los casos de divorcio de alto riesgo que involucran a personas con propiedades financieras&hellip;<\/p>\n","protected":false},"author":4,"featured_media":0,"parent":0,"menu_order":0,"comment_status":"closed","ping_status":"closed","template":"","meta":{"_acf_changed":false,"footnotes":""},"class_list":["post-1838","page","type-page","status-publish","hentry"],"acf":[],"yoast_head":"<!-- This site is optimized with the Yoast SEO plugin v27.2 - https:\/\/yoast.com\/product\/yoast-seo-wordpress\/ -->\n<title>Divorcio de alto patrimonio neto - Law Offices of Hernandez and Smith<\/title>\n<meta name=\"description\" content=\"Entendemos y atendemos las inquietudes de nuestra clientela de alto valor neto, incluida la protecci\u00f3n de los activos que trabajaron duro para adquirir.\" \/>\n<meta name=\"robots\" content=\"index, follow, max-snippet:-1, max-image-preview:large, max-video-preview:-1\" \/>\n<link rel=\"canonical\" href=\"https:\/\/hernandezsmithlaw.com\/es\/divorcio-de-alto-patrimonio-neto\/\" \/>\n<meta property=\"og:locale\" content=\"es_ES\" \/>\n<meta property=\"og:type\" content=\"article\" \/>\n<meta property=\"og:title\" content=\"Divorcio de alto patrimonio neto - Law Offices of Hernandez and Smith\" \/>\n<meta property=\"og:description\" content=\"Entendemos y atendemos las inquietudes de nuestra clientela de alto valor neto, incluida la protecci\u00f3n de los activos que trabajaron duro para adquirir.\" \/>\n<meta property=\"og:url\" content=\"https:\/\/hernandezsmithlaw.com\/es\/divorcio-de-alto-patrimonio-neto\/\" \/>\n<meta property=\"og:site_name\" content=\"Law Offices of Hernandez and Smith\" \/>\n<meta property=\"article:modified_time\" content=\"2021-01-14T19:47:27+00:00\" \/>\n<meta name=\"twitter:card\" content=\"summary_large_image\" \/>\n<meta name=\"twitter:label1\" content=\"Est. reading time\" \/>\n\t<meta name=\"twitter:data1\" content=\"2 minutes\" \/>\n<script type=\"application\/ld+json\" class=\"yoast-schema-graph\">{\"@context\":\"https:\/\/schema.org\",\"@graph\":[{\"@type\":\"WebPage\",\"@id\":\"https:\/\/hernandezsmithlaw.com\/es\/divorcio-de-alto-patrimonio-neto\/\",\"url\":\"https:\/\/hernandezsmithlaw.com\/es\/divorcio-de-alto-patrimonio-neto\/\",\"name\":\"Divorcio de alto patrimonio neto - Law Offices of Hernandez and Smith\",\"isPartOf\":{\"@id\":\"https:\/\/hernandezsmithlaw.com\/#website\"},\"datePublished\":\"2020-11-17T13:43:47+00:00\",\"dateModified\":\"2021-01-14T19:47:27+00:00\",\"description\":\"Entendemos y atendemos las inquietudes de nuestra clientela de alto valor neto, incluida la protecci\u00f3n de los activos que trabajaron duro para adquirir.\",\"breadcrumb\":{\"@id\":\"https:\/\/hernandezsmithlaw.com\/es\/divorcio-de-alto-patrimonio-neto\/#breadcrumb\"},\"inLanguage\":\"es-ES\",\"potentialAction\":[{\"@type\":\"ReadAction\",\"target\":[\"https:\/\/hernandezsmithlaw.com\/es\/divorcio-de-alto-patrimonio-neto\/\"]}]},{\"@type\":\"BreadcrumbList\",\"@id\":\"https:\/\/hernandezsmithlaw.com\/es\/divorcio-de-alto-patrimonio-neto\/#breadcrumb\",\"itemListElement\":[{\"@type\":\"ListItem\",\"position\":1,\"name\":\"Home\",\"item\":\"https:\/\/hernandezsmithlaw.com\/es\/\"},{\"@type\":\"ListItem\",\"position\":2,\"name\":\"Divorcio de alto patrimonio neto\"}]},{\"@type\":\"WebSite\",\"@id\":\"https:\/\/hernandezsmithlaw.com\/#website\",\"url\":\"https:\/\/hernandezsmithlaw.com\/\",\"name\":\"Law Offices of Hernandez and Smith\",\"description\":\"Personal Injury | Family Law | Business Litigation | Immigration &amp; Citizenship\",\"potentialAction\":[{\"@type\":\"SearchAction\",\"target\":{\"@type\":\"EntryPoint\",\"urlTemplate\":\"https:\/\/hernandezsmithlaw.com\/?s={search_term_string}\"},\"query-input\":{\"@type\":\"PropertyValueSpecification\",\"valueRequired\":true,\"valueName\":\"search_term_string\"}}],\"inLanguage\":\"es-ES\"}]}<\/script>\n<!-- \/ Yoast SEO plugin. -->","yoast_head_json":{"title":"Divorcio de alto patrimonio neto - Law Offices of Hernandez and Smith","description":"Entendemos y atendemos las inquietudes de nuestra clientela de alto valor neto, incluida la protecci\u00f3n de los activos que trabajaron duro para adquirir.","robots":{"index":"index","follow":"follow","max-snippet":"max-snippet:-1","max-image-preview":"max-image-preview:large","max-video-preview":"max-video-preview:-1"},"canonical":"https:\/\/hernandezsmithlaw.com\/es\/divorcio-de-alto-patrimonio-neto\/","og_locale":"es_ES","og_type":"article","og_title":"Divorcio de alto patrimonio neto - Law Offices of Hernandez and Smith","og_description":"Entendemos y atendemos las inquietudes de nuestra clientela de alto valor neto, incluida la protecci\u00f3n de los activos que trabajaron duro para adquirir.","og_url":"https:\/\/hernandezsmithlaw.com\/es\/divorcio-de-alto-patrimonio-neto\/","og_site_name":"Law Offices of Hernandez and Smith","article_modified_time":"2021-01-14T19:47:27+00:00","twitter_card":"summary_large_image","twitter_misc":{"Est. reading time":"2 minutes"},"schema":{"@context":"https:\/\/schema.org","@graph":[{"@type":"WebPage","@id":"https:\/\/hernandezsmithlaw.com\/es\/divorcio-de-alto-patrimonio-neto\/","url":"https:\/\/hernandezsmithlaw.com\/es\/divorcio-de-alto-patrimonio-neto\/","name":"Divorcio de alto patrimonio neto - Law Offices of Hernandez and Smith","isPartOf":{"@id":"https:\/\/hernandezsmithlaw.com\/#website"},"datePublished":"2020-11-17T13:43:47+00:00","dateModified":"2021-01-14T19:47:27+00:00","description":"Entendemos y atendemos las inquietudes de nuestra clientela de alto valor neto, incluida la protecci\u00f3n de los activos que trabajaron duro para adquirir.","breadcrumb":{"@id":"https:\/\/hernandezsmithlaw.com\/es\/divorcio-de-alto-patrimonio-neto\/#breadcrumb"},"inLanguage":"es-ES","potentialAction":[{"@type":"ReadAction","target":["https:\/\/hernandezsmithlaw.com\/es\/divorcio-de-alto-patrimonio-neto\/"]}]},{"@type":"BreadcrumbList","@id":"https:\/\/hernandezsmithlaw.com\/es\/divorcio-de-alto-patrimonio-neto\/#breadcrumb","itemListElement":[{"@type":"ListItem","position":1,"name":"Home","item":"https:\/\/hernandezsmithlaw.com\/es\/"},{"@type":"ListItem","position":2,"name":"Divorcio de alto patrimonio neto"}]},{"@type":"WebSite","@id":"https:\/\/hernandezsmithlaw.com\/#website","url":"https:\/\/hernandezsmithlaw.com\/","name":"Law Offices of Hernandez and Smith","description":"Personal Injury | Family Law | Business Litigation | Immigration &amp; Citizenship","potentialAction":[{"@type":"SearchAction","target":{"@type":"EntryPoint","urlTemplate":"https:\/\/hernandezsmithlaw.com\/?s={search_term_string}"},"query-input":{"@type":"PropertyValueSpecification","valueRequired":true,"valueName":"search_term_string"}}],"inLanguage":"es-ES"}]}},"_links":{"self":[{"href":"https:\/\/hernandezsmithlaw.com\/es\/wp-json\/wp\/v2\/pages\/1838\/"}],"collection":[{"href":"https:\/\/hernandezsmithlaw.com\/es\/wp-json\/wp\/v2\/pages\/"}],"about":[{"href":"https:\/\/hernandezsmithlaw.com\/es\/wp-json\/wp\/v2\/types\/page\/"}],"author":[{"embeddable":true,"href":"https:\/\/hernandezsmithlaw.com\/es\/wp-json\/wp\/v2\/users\/4\/"}],"replies":[{"embeddable":true,"href":"https:\/\/hernandezsmithlaw.com\/es\/wp-json\/wp\/v2\/comments\/?post=1838"}],"version-history":[{"count":4,"href":"https:\/\/hernandezsmithlaw.com\/es\/wp-json\/wp\/v2\/pages\/1838\/revisions\/"}],"predecessor-version":[{"id":2066,"href":"https:\/\/hernandezsmithlaw.com\/es\/wp-json\/wp\/v2\/pages\/1838\/revisions\/2066\/"}],"wp:attachment":[{"href":"https:\/\/hernandezsmithlaw.com\/es\/wp-json\/wp\/v2\/media\/?parent=1838"}],"curies":[{"name":"wp","href":"https:\/\/api.w.org\/{rel}","templated":true}]}}