{"id":1850,"date":"2020-11-17T13:54:22","date_gmt":"2020-11-17T13:54:22","guid":{"rendered":"https:\/\/hernandezsmithlaw.com\/?page_id=1850"},"modified":"2021-01-14T20:54:40","modified_gmt":"2021-01-14T20:54:40","slug":"divorcio-militar","status":"publish","type":"page","link":"https:\/\/hernandezsmithlaw.com\/es\/divorcio-militar\/","title":{"rendered":"Divorcio Militar"},"content":{"rendered":"<div class=\"wpb-content-wrapper\"><p>[vc_row full_width=&#8221;stretch_row&#8221; parallax=&#8221;content-moving-fade&#8221; parallax_speed_bg=&#8221;2.5&#8243; css=&#8221;.vc_custom_1604562056821{padding-top: 25px !important;padding-bottom: 50px !important;background-color: #29326d !important;background-position: center;background-repeat: no-repeat !important;background-size: cover !important;}&#8221;][vc_column][vc_custom_heading text=&#8221;Divorcio Militar&#8221; font_container=&#8221;tag:h1|text_align:center|color:%23ffffff|line_height:1.2&#8243; use_theme_fonts=&#8221;yes&#8221; el_class=&#8221;page-title&#8221;][\/vc_column][\/vc_row][vc_section css=&#8221;.vc_custom_1604565905587{margin-top: 40px !important;margin-bottom: 40px !important;}&#8221;][vc_row][vc_column width=&#8221;1\/4&#8243;][vc_column_text css=&#8221;.vc_custom_1605621433374{margin-bottom: 10px !important;}&#8221;]<\/p>\n<h4><b>Derecho de Familia<\/b><\/h4>\n<p>[\/vc_column_text][vc_wp_custommenu nav_menu=&#8221;35&#8243;][\/vc_column][vc_column width=&#8221;3\/4&#8243;][vc_column_text]Desde un punto de vista legal, un divorcio militar es lo mismo que un divorcio civil. Sin embargo, el proceso es esencialmente el mismo, si usted est\u00e1 alistado, o su c\u00f3nyuge, entonces hay algunas consideraciones que pueden afectar sus procedimientos de divorcio que no son parte de un divorcio civil.<\/p>\n<ul>\n<li>Si usted o su c\u00f3nyuge est\u00e1n desplegados o estacionados en el extranjero, entonces el proceso de divorcio puede demorar m\u00e1s de lo que normalmente tomar\u00eda en un proceso judicial de divorcio civil.<\/li>\n<li>En Florida, existen estatutos especiales que se aplican al tiempo compartido con c\u00f3nyuges o padres de militares.<\/li>\n<li>Los requisitos de residencia estatal son m\u00e1s flexibles para el personal militar en servicio activo.<\/li>\n<li>Se necesitan planes creativos de tiempo compartido para adaptarse al horario o ubicaci\u00f3n del miembro en servicio activo.<\/li>\n<li>El c\u00f3nyuge civil puede tener derecho a beneficios continuos, incluida una parte del pago \/ pensi\u00f3n de jubilaci\u00f3n militar, plan de ahorro de ahorro, plan de beneficios para sobrevivientes, TRICARE y elegible para privilegios b\u00e1sicos seleccionados.<\/li>\n<\/ul>\n<h2>Pago de jubilaci\u00f3n militar o beneficios de pensi\u00f3n<\/h2>\n<p>La Ley de protecci\u00f3n del exc\u00f3nyuge de servicios uniformados (USFSPA) establece que los divorcios militares deben seguir las mismas reglas y pautas para la manutenci\u00f3n de los hijos y la manutenci\u00f3n del c\u00f3nyuge que un divorcio civil. Este estatuto federal permite que los estados clasifiquen el pago de jubilaci\u00f3n militar y \/ o la pensi\u00f3n como lo considerar\u00edan normalmente como parte de los activos matrimoniales del c\u00f3nyuge o clasificarlo como propiedad en lugar de como fuente de ingresos.<\/p>\n<p>La divisi\u00f3n de Servicios de Cuentas y Financiamiento de la Defensa (DFAS) proporciona pagos de jubilaci\u00f3n directos a los ex c\u00f3nyuges civiles que califiquen. Para que un exc\u00f3nyuge civil sea elegible para recibir pagos directos de jubilaci\u00f3n, la pareja debe haber estado casada durante un m\u00ednimo de 10 a\u00f1os con al menos 10 a\u00f1os de servicio superpuesto.<\/p>\n<p>Por ejemplo, si una pareja estuvo casada durante 15 a\u00f1os y el c\u00f3nyuge militar estuvo en el servicio durante un total de 10 a\u00f1os, pero solo 8 de esos a\u00f1os fueron durante el matrimonio, entonces el c\u00f3nyuge civil no ser\u00eda elegible para recibir pagos directos. Sin embargo, si la pareja estuvo casada durante 15 a\u00f1os y el c\u00f3nyuge militar estuvo en el servicio por un total de 10 a\u00f1os y todos esos 10 a\u00f1os fueron durante el matrimonio, entonces el c\u00f3nyuge civil ser\u00eda elegible para pagos directos de DFAS.<\/p>\n<p>Si no califica para los pagos directos de jubilaci\u00f3n del DFAS, a\u00fan podr\u00eda ser elegible para recibir una parte del pago de jubilaci\u00f3n o de la pensi\u00f3n si se incluye en el acuerdo de divorcio. Esta cantidad ser\u00eda separada de cualquier manutenci\u00f3n de hijos o c\u00f3nyuge otorgada. Tambi\u00e9n existen restricciones sobre la cantidad que se puede otorgar:<\/p>\n<ul>\n<li>La cantidad m\u00e1xima que se puede otorgar a un exc\u00f3nyuge es el 50% del pago de jubilaci\u00f3n.<\/li>\n<li>Si tambi\u00e9n se otorga la pensi\u00f3n alimenticia, entonces la cantidad m\u00e1xima combinada no puede exceder el 65% del pago de jubilaci\u00f3n disponible.<\/li>\n<\/ul>\n<p>Si usted o su c\u00f3nyuge todav\u00eda est\u00e1n en servicio activo, existen varios m\u00e9todos para calcular el porcentaje del pago de jubilaci\u00f3n al que puede tener derecho el ex c\u00f3nyuge civil. El acuerdo de divorcio presentado ante el tribunal deber\u00e1 especificar qu\u00e9 m\u00e9todo se describe a continuaci\u00f3n se utiliza para calcular el porcentaje. La elegibilidad tambi\u00e9n depende de la duraci\u00f3n del matrimonio de la pareja.<\/p>\n<h2>Plan de ahorro de ahorro y plan de beneficios para sobrevivientes<\/h2>\n<p>La distribuci\u00f3n de un Thrift Savings Plan se trata de manera muy similar a la distribuci\u00f3n de un 401 (k) civil durante los procedimientos de divorcio.<\/p>\n<p>El estado de beneficiario de un Plan de Beneficios para Sobrevivientes no contin\u00faa autom\u00e1ticamente despu\u00e9s del divorcio. Un plan de beneficios para sobrevivientes es un programa que se excluye mutuamente, lo que significa que para calificar como beneficiario debe estar casado con el miembro del servicio. El estado de beneficiario del Plan de Beneficios para Sobrevivientes se aborda durante el proceso de divorcio.<\/p>\n<h2>TRICARE<\/h2>\n<p>Para calificar para los beneficios continuos de TRICARE, un exc\u00f3nyuge primero debe cumplir con todos los requisitos de la regla 20\/20\/20 enumerados anteriormente. Si un exc\u00f3nyuge no cumple con estos requisitos, TRICARE ofrece cobertura de transici\u00f3n seg\u00fan la regla 20\/20\/15. Los requisitos de la regla 20\/20\/15 son:<\/p>\n<ul>\n<li>Usted y su c\u00f3nyuge estuvieron casados \u200b\u200bdurante al menos 20 a\u00f1os;<\/li>\n<li>El c\u00f3nyuge militar estuvo alistado durante al menos 20 a\u00f1os;<\/li>\n<li>La duraci\u00f3n del matrimonio y la duraci\u00f3n del servicio deben haber coincidido al menos en 15 a\u00f1os; y<\/li>\n<li>Permanecer soltero durante los 12 meses posteriores al divorcio.<\/li>\n<\/ul>\n<p>Tiene derecho a esta cobertura de transici\u00f3n por hasta 12 meses despu\u00e9s del divorcio, siempre y cuando no se vuelva a casar en ese per\u00edodo de tiempo. Si se vuelve a casar dentro de los 12 meses posteriores a su divorcio, perder\u00e1 su acceso a TRICARE seg\u00fan la regla 20\/20\/15.[\/vc_column_text][vc_separator][vc_cta h2=&#8221;Programe una consulta&#8221; add_button=&#8221;right&#8221; btn_title=&#8221;P\u00f3ngase en contacto&#8221; btn_link=&#8221;url:https%3A%2F%2Fhernandezsmithlaw.com%2Fes%2Fcontacto%2F|title:Contacto&#8221; btn_el_class=&#8221;button-primary&#8221;]P\u00f3ngase en contacto para programar una hora para hablar con nuestro equipo.[\/vc_cta][\/vc_column][\/vc_row][\/vc_section]<\/p>\n<\/div>","protected":false},"excerpt":{"rendered":"<p>[vc_row full_width=&#8221;stretch_row&#8221; parallax=&#8221;content-moving-fade&#8221; parallax_speed_bg=&#8221;2.5&#8243; css=&#8221;.vc_custom_1604562056821{padding-top: 25px !important;padding-bottom: 50px !important;background-color: #29326d !important;background-position: center;background-repeat: no-repeat !important;background-size: cover !important;}&#8221;][vc_column][vc_custom_heading text=&#8221;Divorcio Militar&#8221; font_container=&#8221;tag:h1|text_align:center|color:%23ffffff|line_height:1.2&#8243; use_theme_fonts=&#8221;yes&#8221; el_class=&#8221;page-title&#8221;][\/vc_column][\/vc_row][vc_section css=&#8221;.vc_custom_1604565905587{margin-top: 40px !important;margin-bottom: 40px !important;}&#8221;][vc_row][vc_column width=&#8221;1\/4&#8243;][vc_column_text css=&#8221;.vc_custom_1605621433374{margin-bottom: 10px !important;}&#8221;] Derecho de Familia [\/vc_column_text][vc_wp_custommenu nav_menu=&#8221;35&#8243;][\/vc_column][vc_column width=&#8221;3\/4&#8243;][vc_column_text]Desde un punto de vista legal, un divorcio militar es lo mismo que un divorcio civil. Sin embargo, el proceso&hellip;<\/p>\n","protected":false},"author":4,"featured_media":0,"parent":0,"menu_order":0,"comment_status":"closed","ping_status":"closed","template":"","meta":{"_acf_changed":false,"footnotes":""},"class_list":["post-1850","page","type-page","status-publish","hentry"],"acf":[],"yoast_head":"<!-- This site is optimized with the Yoast SEO plugin v27.5 - https:\/\/yoast.com\/product\/yoast-seo-wordpress\/ -->\n<title>Divorcio Militar - Law Offices of Hernandez and Smith<\/title>\n<meta name=\"description\" content=\"Si usted o su c\u00f3nyuge se alista, hay algunas consideraciones que pueden afectar sus procedimientos de divorcio que no son parte de un divorcio civil.\" \/>\n<meta name=\"robots\" content=\"index, follow, max-snippet:-1, max-image-preview:large, max-video-preview:-1\" \/>\n<link rel=\"canonical\" href=\"https:\/\/hernandezsmithlaw.com\/es\/divorcio-militar\/\" \/>\n<meta property=\"og:locale\" content=\"es_ES\" \/>\n<meta property=\"og:type\" content=\"article\" \/>\n<meta property=\"og:title\" content=\"Divorcio Militar - Law Offices of Hernandez and Smith\" \/>\n<meta property=\"og:description\" content=\"Si usted o su c\u00f3nyuge se alista, hay algunas consideraciones que pueden afectar sus procedimientos de divorcio que no son parte de un divorcio civil.\" \/>\n<meta property=\"og:url\" content=\"https:\/\/hernandezsmithlaw.com\/es\/divorcio-militar\/\" \/>\n<meta property=\"og:site_name\" content=\"Law Offices of Hernandez and Smith\" \/>\n<meta property=\"article:modified_time\" content=\"2021-01-14T20:54:40+00:00\" \/>\n<meta name=\"twitter:card\" content=\"summary_large_image\" \/>\n<meta name=\"twitter:label1\" content=\"Est. reading time\" \/>\n\t<meta name=\"twitter:data1\" content=\"5 minutes\" \/>\n<script type=\"application\/ld+json\" class=\"yoast-schema-graph\">{\"@context\":\"https:\\\/\\\/schema.org\",\"@graph\":[{\"@type\":\"WebPage\",\"@id\":\"https:\\\/\\\/hernandezsmithlaw.com\\\/es\\\/divorcio-militar\\\/\",\"url\":\"https:\\\/\\\/hernandezsmithlaw.com\\\/es\\\/divorcio-militar\\\/\",\"name\":\"Divorcio Militar - Law Offices of Hernandez and Smith\",\"isPartOf\":{\"@id\":\"https:\\\/\\\/hernandezsmithlaw.com\\\/#website\"},\"datePublished\":\"2020-11-17T13:54:22+00:00\",\"dateModified\":\"2021-01-14T20:54:40+00:00\",\"description\":\"Si usted o su c\u00f3nyuge se alista, hay algunas consideraciones que pueden afectar sus procedimientos de divorcio que no son parte de un divorcio civil.\",\"breadcrumb\":{\"@id\":\"https:\\\/\\\/hernandezsmithlaw.com\\\/es\\\/divorcio-militar\\\/#breadcrumb\"},\"inLanguage\":\"es-ES\",\"potentialAction\":[{\"@type\":\"ReadAction\",\"target\":[\"https:\\\/\\\/hernandezsmithlaw.com\\\/es\\\/divorcio-militar\\\/\"]}]},{\"@type\":\"BreadcrumbList\",\"@id\":\"https:\\\/\\\/hernandezsmithlaw.com\\\/es\\\/divorcio-militar\\\/#breadcrumb\",\"itemListElement\":[{\"@type\":\"ListItem\",\"position\":1,\"name\":\"Home\",\"item\":\"https:\\\/\\\/hernandezsmithlaw.com\\\/es\\\/\"},{\"@type\":\"ListItem\",\"position\":2,\"name\":\"Divorcio Militar\"}]},{\"@type\":\"WebSite\",\"@id\":\"https:\\\/\\\/hernandezsmithlaw.com\\\/#website\",\"url\":\"https:\\\/\\\/hernandezsmithlaw.com\\\/\",\"name\":\"Law Offices of Hernandez and Smith\",\"description\":\"Personal Injury | Family Law | Business Litigation | Immigration &amp; Citizenship\",\"potentialAction\":[{\"@type\":\"SearchAction\",\"target\":{\"@type\":\"EntryPoint\",\"urlTemplate\":\"https:\\\/\\\/hernandezsmithlaw.com\\\/?s={search_term_string}\"},\"query-input\":{\"@type\":\"PropertyValueSpecification\",\"valueRequired\":true,\"valueName\":\"search_term_string\"}}],\"inLanguage\":\"es-ES\"}]}<\/script>\n<!-- \/ Yoast SEO plugin. -->","yoast_head_json":{"title":"Divorcio Militar - Law Offices of Hernandez and Smith","description":"Si usted o su c\u00f3nyuge se alista, hay algunas consideraciones que pueden afectar sus procedimientos de divorcio que no son parte de un divorcio civil.","robots":{"index":"index","follow":"follow","max-snippet":"max-snippet:-1","max-image-preview":"max-image-preview:large","max-video-preview":"max-video-preview:-1"},"canonical":"https:\/\/hernandezsmithlaw.com\/es\/divorcio-militar\/","og_locale":"es_ES","og_type":"article","og_title":"Divorcio Militar - Law Offices of Hernandez and Smith","og_description":"Si usted o su c\u00f3nyuge se alista, hay algunas consideraciones que pueden afectar sus procedimientos de divorcio que no son parte de un divorcio civil.","og_url":"https:\/\/hernandezsmithlaw.com\/es\/divorcio-militar\/","og_site_name":"Law Offices of Hernandez and Smith","article_modified_time":"2021-01-14T20:54:40+00:00","twitter_card":"summary_large_image","twitter_misc":{"Est. reading time":"5 minutes"},"schema":{"@context":"https:\/\/schema.org","@graph":[{"@type":"WebPage","@id":"https:\/\/hernandezsmithlaw.com\/es\/divorcio-militar\/","url":"https:\/\/hernandezsmithlaw.com\/es\/divorcio-militar\/","name":"Divorcio Militar - Law Offices of Hernandez and Smith","isPartOf":{"@id":"https:\/\/hernandezsmithlaw.com\/#website"},"datePublished":"2020-11-17T13:54:22+00:00","dateModified":"2021-01-14T20:54:40+00:00","description":"Si usted o su c\u00f3nyuge se alista, hay algunas consideraciones que pueden afectar sus procedimientos de divorcio que no son parte de un divorcio civil.","breadcrumb":{"@id":"https:\/\/hernandezsmithlaw.com\/es\/divorcio-militar\/#breadcrumb"},"inLanguage":"es-ES","potentialAction":[{"@type":"ReadAction","target":["https:\/\/hernandezsmithlaw.com\/es\/divorcio-militar\/"]}]},{"@type":"BreadcrumbList","@id":"https:\/\/hernandezsmithlaw.com\/es\/divorcio-militar\/#breadcrumb","itemListElement":[{"@type":"ListItem","position":1,"name":"Home","item":"https:\/\/hernandezsmithlaw.com\/es\/"},{"@type":"ListItem","position":2,"name":"Divorcio Militar"}]},{"@type":"WebSite","@id":"https:\/\/hernandezsmithlaw.com\/#website","url":"https:\/\/hernandezsmithlaw.com\/","name":"Law Offices of Hernandez and Smith","description":"Personal Injury | Family Law | Business Litigation | Immigration &amp; Citizenship","potentialAction":[{"@type":"SearchAction","target":{"@type":"EntryPoint","urlTemplate":"https:\/\/hernandezsmithlaw.com\/?s={search_term_string}"},"query-input":{"@type":"PropertyValueSpecification","valueRequired":true,"valueName":"search_term_string"}}],"inLanguage":"es-ES"}]}},"_links":{"self":[{"href":"https:\/\/hernandezsmithlaw.com\/es\/wp-json\/wp\/v2\/pages\/1850\/"}],"collection":[{"href":"https:\/\/hernandezsmithlaw.com\/es\/wp-json\/wp\/v2\/pages\/"}],"about":[{"href":"https:\/\/hernandezsmithlaw.com\/es\/wp-json\/wp\/v2\/types\/page\/"}],"author":[{"embeddable":true,"href":"https:\/\/hernandezsmithlaw.com\/es\/wp-json\/wp\/v2\/users\/4\/"}],"replies":[{"embeddable":true,"href":"https:\/\/hernandezsmithlaw.com\/es\/wp-json\/wp\/v2\/comments\/?post=1850"}],"version-history":[{"count":4,"href":"https:\/\/hernandezsmithlaw.com\/es\/wp-json\/wp\/v2\/pages\/1850\/revisions\/"}],"predecessor-version":[{"id":2071,"href":"https:\/\/hernandezsmithlaw.com\/es\/wp-json\/wp\/v2\/pages\/1850\/revisions\/2071\/"}],"wp:attachment":[{"href":"https:\/\/hernandezsmithlaw.com\/es\/wp-json\/wp\/v2\/media\/?parent=1850"}],"curies":[{"name":"wp","href":"https:\/\/api.w.org\/{rel}","templated":true}]}}