{"id":1854,"date":"2020-11-17T13:59:01","date_gmt":"2020-11-17T13:59:01","guid":{"rendered":"https:\/\/hernandezsmithlaw.com\/?page_id=1854"},"modified":"2021-01-14T20:43:28","modified_gmt":"2021-01-14T20:43:28","slug":"divorcio-de-primer-respondedor","status":"publish","type":"page","link":"https:\/\/hernandezsmithlaw.com\/es\/divorcio-de-primer-respondedor\/","title":{"rendered":"Divorcio de primer respondedor"},"content":{"rendered":"<div class=\"wpb-content-wrapper\"><p>[vc_row full_width=&#8221;stretch_row&#8221; parallax=&#8221;content-moving-fade&#8221; parallax_speed_bg=&#8221;2.5&#8243; css=&#8221;.vc_custom_1604562056821{padding-top: 25px !important;padding-bottom: 50px !important;background-color: #29326d !important;background-position: center;background-repeat: no-repeat !important;background-size: cover !important;}&#8221;][vc_column][vc_custom_heading text=&#8221;Divorcio de primer respondedor&#8221; font_container=&#8221;tag:h1|text_align:center|color:%23ffffff|line_height:1.2&#8243; use_theme_fonts=&#8221;yes&#8221; el_class=&#8221;page-title&#8221;][\/vc_column][\/vc_row][vc_section css=&#8221;.vc_custom_1604565905587{margin-top: 40px !important;margin-bottom: 40px !important;}&#8221;][vc_row][vc_column width=&#8221;1\/4&#8243;][vc_column_text css=&#8221;.vc_custom_1605621571123{margin-bottom: 10px !important;}&#8221;]<\/p>\n<h4><b>Derecho de Familia<\/b><\/h4>\n<p>[\/vc_column_text][vc_wp_custommenu nav_menu=&#8221;35&#8243;][\/vc_column][vc_column width=&#8221;3\/4&#8243;][vc_column_text]Los primeros en responder, como agentes de polic\u00eda, agentes penitenciarios y otro personal policial; Los bomberos, los servicios de emergencias m\u00e9dicas y los t\u00e9cnicos de emergencias m\u00e9dicas enfrentan muchas dificultades y muchas veces con poco reconocimiento. Sus requisitos laborales son \u00fanicos y pueden causar confusi\u00f3n en su vida diaria. El trabajo por turnos, las largas jornadas, las horas extraordinarias obligatorias y, a veces, los d\u00edas de trabajo sin un d\u00eda libre pueden crear factores estresantes en su vida personal. Debido al trabajo, los socorristas corren un riesgo mayor que la persona promedio de experimentar desaf\u00edos en su matrimonio, que a menudo terminan en divorcio.<\/p>\n<p>Entendemos que le puede preocupar que su trabajo (principalmente su horario de trabajo) sea percibido deficientemente a los ojos de los tribunales y que se use en su contra durante el proceso de divorcio. Trabajamos diligentemente con usted, el abogado de su pareja y el tribunal para crear planes de crianza personalizados y presentar formas de trabajar seg\u00fan su horario para que su tiempo con sus hijos no est\u00e9 restringido.<\/p>\n<p>Muchos socorristas forman parte del Sistema de Jubilaci\u00f3n de Florida, que es un plan de jubilaci\u00f3n obligatorio. La naturaleza de los planes de jubilaci\u00f3n obligatorios requiere que la manutenci\u00f3n de los hijos se calcule de manera diferente, ya que se deben considerar las contribuciones obligatorias, a diferencia de otras contribuciones voluntarias, como las contribuciones 401K.[\/vc_column_text][vc_separator][vc_cta h2=&#8221;Programe una consulta&#8221; add_button=&#8221;right&#8221; btn_title=&#8221;P\u00f3ngase en contacto&#8221; btn_link=&#8221;url:https%3A%2F%2Fhernandezsmithlaw.com%2Fes%2Fcontacto%2F|title:Contacto&#8221; btn_el_class=&#8221;button-primary&#8221;]P\u00f3ngase en contacto para programar una hora para hablar con nuestro equipo.[\/vc_cta][\/vc_column][\/vc_row][\/vc_section]<\/p>\n<\/div>","protected":false},"excerpt":{"rendered":"<p>[vc_row full_width=&#8221;stretch_row&#8221; parallax=&#8221;content-moving-fade&#8221; parallax_speed_bg=&#8221;2.5&#8243; css=&#8221;.vc_custom_1604562056821{padding-top: 25px !important;padding-bottom: 50px !important;background-color: #29326d !important;background-position: center;background-repeat: no-repeat !important;background-size: cover !important;}&#8221;][vc_column][vc_custom_heading text=&#8221;Divorcio de primer respondedor&#8221; font_container=&#8221;tag:h1|text_align:center|color:%23ffffff|line_height:1.2&#8243; use_theme_fonts=&#8221;yes&#8221; el_class=&#8221;page-title&#8221;][\/vc_column][\/vc_row][vc_section css=&#8221;.vc_custom_1604565905587{margin-top: 40px !important;margin-bottom: 40px !important;}&#8221;][vc_row][vc_column width=&#8221;1\/4&#8243;][vc_column_text css=&#8221;.vc_custom_1605621571123{margin-bottom: 10px !important;}&#8221;] Derecho de Familia [\/vc_column_text][vc_wp_custommenu nav_menu=&#8221;35&#8243;][\/vc_column][vc_column width=&#8221;3\/4&#8243;][vc_column_text]Los primeros en responder, como agentes de polic\u00eda, agentes penitenciarios y otro personal policial; Los bomberos, los servicios&hellip;<\/p>\n","protected":false},"author":4,"featured_media":0,"parent":0,"menu_order":0,"comment_status":"closed","ping_status":"closed","template":"","meta":{"_acf_changed":false,"footnotes":""},"class_list":["post-1854","page","type-page","status-publish","hentry"],"acf":[],"yoast_head":"<!-- This site is optimized with the Yoast SEO plugin v27.5 - https:\/\/yoast.com\/product\/yoast-seo-wordpress\/ -->\n<title>Divorcio de primer respondedor - Law Offices of Hernandez and Smith<\/title>\n<meta name=\"description\" content=\"Los primeros respondedores corren un mayor riesgo que la persona promedio de experimentar desaf\u00edos en su matrimonio, a menudo terminando en divorcio.\" \/>\n<meta name=\"robots\" content=\"index, follow, max-snippet:-1, max-image-preview:large, max-video-preview:-1\" \/>\n<link rel=\"canonical\" href=\"https:\/\/hernandezsmithlaw.com\/es\/divorcio-de-primer-respondedor\/\" \/>\n<meta property=\"og:locale\" content=\"es_ES\" \/>\n<meta property=\"og:type\" content=\"article\" \/>\n<meta property=\"og:title\" content=\"Divorcio de primer respondedor - Law Offices of Hernandez and Smith\" \/>\n<meta property=\"og:description\" content=\"Los primeros respondedores corren un mayor riesgo que la persona promedio de experimentar desaf\u00edos en su matrimonio, a menudo terminando en divorcio.\" \/>\n<meta property=\"og:url\" content=\"https:\/\/hernandezsmithlaw.com\/es\/divorcio-de-primer-respondedor\/\" \/>\n<meta property=\"og:site_name\" content=\"Law Offices of Hernandez and Smith\" \/>\n<meta property=\"article:modified_time\" content=\"2021-01-14T20:43:28+00:00\" \/>\n<meta name=\"twitter:card\" content=\"summary_large_image\" \/>\n<meta name=\"twitter:label1\" content=\"Est. reading time\" \/>\n\t<meta name=\"twitter:data1\" content=\"2 minutes\" \/>\n<script type=\"application\/ld+json\" class=\"yoast-schema-graph\">{\"@context\":\"https:\\\/\\\/schema.org\",\"@graph\":[{\"@type\":\"WebPage\",\"@id\":\"https:\\\/\\\/hernandezsmithlaw.com\\\/es\\\/divorcio-de-primer-respondedor\\\/\",\"url\":\"https:\\\/\\\/hernandezsmithlaw.com\\\/es\\\/divorcio-de-primer-respondedor\\\/\",\"name\":\"Divorcio de primer respondedor - Law Offices of Hernandez and Smith\",\"isPartOf\":{\"@id\":\"https:\\\/\\\/hernandezsmithlaw.com\\\/#website\"},\"datePublished\":\"2020-11-17T13:59:01+00:00\",\"dateModified\":\"2021-01-14T20:43:28+00:00\",\"description\":\"Los primeros respondedores corren un mayor riesgo que la persona promedio de experimentar desaf\u00edos en su matrimonio, a menudo terminando en divorcio.\",\"breadcrumb\":{\"@id\":\"https:\\\/\\\/hernandezsmithlaw.com\\\/es\\\/divorcio-de-primer-respondedor\\\/#breadcrumb\"},\"inLanguage\":\"es-ES\",\"potentialAction\":[{\"@type\":\"ReadAction\",\"target\":[\"https:\\\/\\\/hernandezsmithlaw.com\\\/es\\\/divorcio-de-primer-respondedor\\\/\"]}]},{\"@type\":\"BreadcrumbList\",\"@id\":\"https:\\\/\\\/hernandezsmithlaw.com\\\/es\\\/divorcio-de-primer-respondedor\\\/#breadcrumb\",\"itemListElement\":[{\"@type\":\"ListItem\",\"position\":1,\"name\":\"Home\",\"item\":\"https:\\\/\\\/hernandezsmithlaw.com\\\/es\\\/\"},{\"@type\":\"ListItem\",\"position\":2,\"name\":\"Divorcio de primer respondedor\"}]},{\"@type\":\"WebSite\",\"@id\":\"https:\\\/\\\/hernandezsmithlaw.com\\\/#website\",\"url\":\"https:\\\/\\\/hernandezsmithlaw.com\\\/\",\"name\":\"Law Offices of Hernandez and Smith\",\"description\":\"Personal Injury | Family Law | Business Litigation | Immigration &amp; Citizenship\",\"potentialAction\":[{\"@type\":\"SearchAction\",\"target\":{\"@type\":\"EntryPoint\",\"urlTemplate\":\"https:\\\/\\\/hernandezsmithlaw.com\\\/?s={search_term_string}\"},\"query-input\":{\"@type\":\"PropertyValueSpecification\",\"valueRequired\":true,\"valueName\":\"search_term_string\"}}],\"inLanguage\":\"es-ES\"}]}<\/script>\n<!-- \/ Yoast SEO plugin. -->","yoast_head_json":{"title":"Divorcio de primer respondedor - Law Offices of Hernandez and Smith","description":"Los primeros respondedores corren un mayor riesgo que la persona promedio de experimentar desaf\u00edos en su matrimonio, a menudo terminando en divorcio.","robots":{"index":"index","follow":"follow","max-snippet":"max-snippet:-1","max-image-preview":"max-image-preview:large","max-video-preview":"max-video-preview:-1"},"canonical":"https:\/\/hernandezsmithlaw.com\/es\/divorcio-de-primer-respondedor\/","og_locale":"es_ES","og_type":"article","og_title":"Divorcio de primer respondedor - Law Offices of Hernandez and Smith","og_description":"Los primeros respondedores corren un mayor riesgo que la persona promedio de experimentar desaf\u00edos en su matrimonio, a menudo terminando en divorcio.","og_url":"https:\/\/hernandezsmithlaw.com\/es\/divorcio-de-primer-respondedor\/","og_site_name":"Law Offices of Hernandez and Smith","article_modified_time":"2021-01-14T20:43:28+00:00","twitter_card":"summary_large_image","twitter_misc":{"Est. reading time":"2 minutes"},"schema":{"@context":"https:\/\/schema.org","@graph":[{"@type":"WebPage","@id":"https:\/\/hernandezsmithlaw.com\/es\/divorcio-de-primer-respondedor\/","url":"https:\/\/hernandezsmithlaw.com\/es\/divorcio-de-primer-respondedor\/","name":"Divorcio de primer respondedor - Law Offices of Hernandez and Smith","isPartOf":{"@id":"https:\/\/hernandezsmithlaw.com\/#website"},"datePublished":"2020-11-17T13:59:01+00:00","dateModified":"2021-01-14T20:43:28+00:00","description":"Los primeros respondedores corren un mayor riesgo que la persona promedio de experimentar desaf\u00edos en su matrimonio, a menudo terminando en divorcio.","breadcrumb":{"@id":"https:\/\/hernandezsmithlaw.com\/es\/divorcio-de-primer-respondedor\/#breadcrumb"},"inLanguage":"es-ES","potentialAction":[{"@type":"ReadAction","target":["https:\/\/hernandezsmithlaw.com\/es\/divorcio-de-primer-respondedor\/"]}]},{"@type":"BreadcrumbList","@id":"https:\/\/hernandezsmithlaw.com\/es\/divorcio-de-primer-respondedor\/#breadcrumb","itemListElement":[{"@type":"ListItem","position":1,"name":"Home","item":"https:\/\/hernandezsmithlaw.com\/es\/"},{"@type":"ListItem","position":2,"name":"Divorcio de primer respondedor"}]},{"@type":"WebSite","@id":"https:\/\/hernandezsmithlaw.com\/#website","url":"https:\/\/hernandezsmithlaw.com\/","name":"Law Offices of Hernandez and Smith","description":"Personal Injury | Family Law | Business Litigation | Immigration &amp; Citizenship","potentialAction":[{"@type":"SearchAction","target":{"@type":"EntryPoint","urlTemplate":"https:\/\/hernandezsmithlaw.com\/?s={search_term_string}"},"query-input":{"@type":"PropertyValueSpecification","valueRequired":true,"valueName":"search_term_string"}}],"inLanguage":"es-ES"}]}},"_links":{"self":[{"href":"https:\/\/hernandezsmithlaw.com\/es\/wp-json\/wp\/v2\/pages\/1854\/"}],"collection":[{"href":"https:\/\/hernandezsmithlaw.com\/es\/wp-json\/wp\/v2\/pages\/"}],"about":[{"href":"https:\/\/hernandezsmithlaw.com\/es\/wp-json\/wp\/v2\/types\/page\/"}],"author":[{"embeddable":true,"href":"https:\/\/hernandezsmithlaw.com\/es\/wp-json\/wp\/v2\/users\/4\/"}],"replies":[{"embeddable":true,"href":"https:\/\/hernandezsmithlaw.com\/es\/wp-json\/wp\/v2\/comments\/?post=1854"}],"version-history":[{"count":4,"href":"https:\/\/hernandezsmithlaw.com\/es\/wp-json\/wp\/v2\/pages\/1854\/revisions\/"}],"predecessor-version":[{"id":2076,"href":"https:\/\/hernandezsmithlaw.com\/es\/wp-json\/wp\/v2\/pages\/1854\/revisions\/2076\/"}],"wp:attachment":[{"href":"https:\/\/hernandezsmithlaw.com\/es\/wp-json\/wp\/v2\/media\/?parent=1854"}],"curies":[{"name":"wp","href":"https:\/\/api.w.org\/{rel}","templated":true}]}}