{"id":1867,"date":"2020-11-17T14:38:35","date_gmt":"2020-11-17T14:38:35","guid":{"rendered":"https:\/\/hernandezsmithlaw.com\/?page_id=1867"},"modified":"2021-01-14T20:50:11","modified_gmt":"2021-01-14T20:50:11","slug":"tutor-ad-litem","status":"publish","type":"page","link":"https:\/\/hernandezsmithlaw.com\/es\/tutor-ad-litem\/","title":{"rendered":"Tutor Ad Litem"},"content":{"rendered":"<div class=\"wpb-content-wrapper\"><p>[vc_row full_width=&#8221;stretch_row&#8221; parallax=&#8221;content-moving-fade&#8221; parallax_speed_bg=&#8221;2.5&#8243; css=&#8221;.vc_custom_1604562056821{padding-top: 25px !important;padding-bottom: 50px !important;background-color: #29326d !important;background-position: center;background-repeat: no-repeat !important;background-size: cover !important;}&#8221;][vc_column][vc_custom_heading text=&#8221;Tutor Ad Litem&#8221; font_container=&#8221;tag:h1|text_align:center|color:%23ffffff|line_height:1.2&#8243; use_theme_fonts=&#8221;yes&#8221; el_class=&#8221;page-title&#8221;][\/vc_column][\/vc_row][vc_section css=&#8221;.vc_custom_1604565905587{margin-top: 40px !important;margin-bottom: 40px !important;}&#8221;][vc_row][vc_column width=&#8221;1\/4&#8243;][vc_column_text css=&#8221;.vc_custom_1605623983509{margin-bottom: 10px !important;}&#8221;]<\/p>\n<h4><b>Derecho de Familia<\/b><\/h4>\n<p>[\/vc_column_text][vc_wp_custommenu nav_menu=&#8221;35&#8243;][\/vc_column][vc_column width=&#8221;3\/4&#8243;][vc_column_text]Los divorcios son emocionalmente dif\u00edciles para toda la familia. En Florida, la mayor\u00eda de los casos de disoluci\u00f3n primero se remitir\u00e1n a la mediaci\u00f3n y, si no se llega a un acuerdo, el caso pasa a juicio, donde el juez tomar\u00e1 la decisi\u00f3n sobre la custodia y el tiempo compartido de sus hijos. Los casos que llegan hasta aqu\u00ed suelen ser casos de alto conflicto, en los que los padres se niegan a comprometerse en una serie de cuestiones. Se pueden hacer acusaciones de cualquiera de los padres contra el otro padre sobre cuestiones relacionadas con los hijos del matrimonio, como abuso, negligencia o abuso de sustancias.<\/p>\n<p>A menudo, el juez querr\u00e1 designar un tutor ad litem para investigar las acusaciones de cada padre sobre el ni\u00f1o o los ni\u00f1os. Esto implicar\u00e1 que el tutor ad litem lleve a cabo entrevistas con el ni\u00f1o, las partes, otros posibles testigos (como el personal de la escuela, m\u00e9dicos y otros proveedores de atenci\u00f3n m\u00e9dica y vecinos).<\/p>\n<p><strong>\u00bfPor qu\u00e9 se nombra un Tutor\u00a0<em>Ad Litem?<\/em><\/strong><br \/>\nEn los casos en que exista un alto conflicto, el Tutor\u00a0<em>Ad Litem<\/em>\u00a0investigar\u00e1 las alegaciones de una manera que simplemente no est\u00e1 disponible para el Juez. T\u00edpicamente, el ni\u00f1o no testificar\u00e1. Es muy estresante para los ni\u00f1os estar en medio de un divorcio y, por lo tanto, normalmente no testifican. El m\u00e9todo preferido por el tribunal familiar es nombrar a alguien para investigar y dar una opini\u00f3n al tribunal sobre el inter\u00e9s superior del (los) ni\u00f1o(s).<\/p>\n<p><strong>\u00a0<\/strong><strong>\u00bfQui\u00e9n paga por el Tutor Ad Litem?<\/strong><br \/>\nEl Juez determina qui\u00e9n paga al Tutor Ad Litem. A menos que haya una gran diferencia en cuanto a lo que cada parte haga, usted debe estar preparado para pagar \u00bd de los honorarios del Tutor Ad Litem si le pide al juez que nombre uno.<\/p>\n<p><strong>Mi c\u00f3nyuge ha entrenado a los ni\u00f1os sobre lo que deben decir, as\u00ed que \u00bfQu\u00e9 tan conveniente es tener un Tutor\u00a0<em>Ad Litem<\/em>\u00a0asignado?<\/strong><br \/>\nMi trabajo como Tutor\u00a0<em>Ad Litem<\/em>\u00a0es conocer a su hijo a trav\u00e9s de todos los recursos disponibles para m\u00ed, incluyendo maestros, entrenadores y otras influencias neutrales en la vida de su hijo. Las entrevistas con los padres y el (los) ni\u00f1o(s) son importantes, pero las analizo con muchas otras fuentes de informaci\u00f3n para ayudar a llegar a lo que realmente est\u00e1 pasando en la din\u00e1mica familiar.<\/p>\n<p><strong>\u00a0<\/strong><strong>\u00bfUSTED tiene hijos?<\/strong><br \/>\n<em>Christine Smith<\/em>\u00a0\u2013 \u201cS\u00ed. Tengo una hija adolescente. Mi esposo y yo tambi\u00e9n hemos criado ni\u00f1os a trav\u00e9s de familias de acogida. Tambi\u00e9n represento a ni\u00f1os en el tribunal de la dependencia de menores como su abogada\u00a0<em>Ad Litem<\/em>\u00a0con regularidad.\u201d<\/p>\n<p><strong>\u00a0<\/strong><strong>\u00bfCu\u00e1l es la diferencia entre un abogado\u00a0<em>Ad Litem<\/em>\u00a0y un Tutor\u00a0<em>Ad Litem<\/em>?<\/strong><br \/>\nUn abogado\u00a0<em>Ad Litem<\/em>\u00a0puede ser contratado para servir en lugar de un Tutor\u00a0<em>Ad Litem<\/em>, y ambos tienen roles similares en los procesos del tribunal. Un abogado\u00a0<em>Ad Litem<\/em>\u00a0representa al ni\u00f1o directamente como su propio abogado y abogar\u00e1 por el deseo declarado del ni\u00f1o durante el proceso de divorcio. Un tutor\u00a0<em>Ad Litem<\/em>\u00a0tambi\u00e9n aboga por el ni\u00f1o, pero no es el abogado del ni\u00f1o. M\u00e1s bien, el Tutor\u00a0<em>Ad Litem<\/em>\u00a0sirve como testigo para hacer recomendaciones como tambi\u00e9n para evaluar qu\u00e9 decisiones estar\u00e1n en los intereses superiores del ni\u00f1o basado en entrevistas con individuos de la vida del ni\u00f1o.<\/p>\n<p><strong>\u00a0<\/strong><strong>\u00bfEl Tutor\u00a0<em>Ad Litem<\/em>\u00a0testificar\u00e1?<\/strong><\/p>\n<p>Una vez nombrado, el Tutor\u00a0<em>Ad Litem<\/em>\u00a0investiga y entrega un informe y recomendaciones. El Tutor\u00a0<em>Ad Litem<\/em>\u00a0tambi\u00e9n puede testificar ante el tribunal. La mayor\u00eda de los Tutores\u00a0<em>Ad Litems<\/em>\u00a0y de los jueces incluir\u00e1n una excenci\u00f3n de las referencias en la orden que designe al Tutor\u00a0<em>Ad Litem<\/em>\u00a0para ayudar al tribunal.[\/vc_column_text][vc_separator][vc_cta h2=&#8221;Programe una consulta&#8221; add_button=&#8221;right&#8221; btn_title=&#8221;P\u00f3ngase en contacto&#8221; btn_link=&#8221;url:https%3A%2F%2Fhernandezsmithlaw.com%2Fes%2Fcontacto%2F|title:Contacto&#8221; btn_el_class=&#8221;button-primary&#8221;]P\u00f3ngase en contacto para programar una hora para hablar con nuestro equipo.[\/vc_cta][\/vc_column][\/vc_row][\/vc_section]<\/p>\n<\/div>","protected":false},"excerpt":{"rendered":"<p>[vc_row full_width=&#8221;stretch_row&#8221; parallax=&#8221;content-moving-fade&#8221; parallax_speed_bg=&#8221;2.5&#8243; css=&#8221;.vc_custom_1604562056821{padding-top: 25px !important;padding-bottom: 50px !important;background-color: #29326d !important;background-position: center;background-repeat: no-repeat !important;background-size: cover !important;}&#8221;][vc_column][vc_custom_heading text=&#8221;Tutor Ad Litem&#8221; font_container=&#8221;tag:h1|text_align:center|color:%23ffffff|line_height:1.2&#8243; use_theme_fonts=&#8221;yes&#8221; el_class=&#8221;page-title&#8221;][\/vc_column][\/vc_row][vc_section css=&#8221;.vc_custom_1604565905587{margin-top: 40px !important;margin-bottom: 40px !important;}&#8221;][vc_row][vc_column width=&#8221;1\/4&#8243;][vc_column_text css=&#8221;.vc_custom_1605623983509{margin-bottom: 10px !important;}&#8221;] Derecho de Familia [\/vc_column_text][vc_wp_custommenu nav_menu=&#8221;35&#8243;][\/vc_column][vc_column width=&#8221;3\/4&#8243;][vc_column_text]Los divorcios son emocionalmente dif\u00edciles para toda la familia. En Florida, la mayor\u00eda de los casos de disoluci\u00f3n primero&hellip;<\/p>\n","protected":false},"author":4,"featured_media":0,"parent":0,"menu_order":0,"comment_status":"closed","ping_status":"closed","template":"","meta":{"_acf_changed":false,"footnotes":""},"class_list":["post-1867","page","type-page","status-publish","hentry"],"acf":[],"yoast_head":"<!-- This site is optimized with the Yoast SEO plugin v27.2 - https:\/\/yoast.com\/product\/yoast-seo-wordpress\/ -->\n<title>Tutor Ad Litem - Law Offices of Hernandez and Smith<\/title>\n<meta name=\"description\" content=\"A menudo, el Juez quiere nombrar un Guardian Ad Litem para investigar las acusaciones de cada padre concerniente al ni\u00f1o o ni\u00f1os. Cont\u00e1ctenos (813)448-6573.\" \/>\n<meta name=\"robots\" content=\"index, follow, max-snippet:-1, max-image-preview:large, max-video-preview:-1\" \/>\n<link rel=\"canonical\" href=\"https:\/\/hernandezsmithlaw.com\/es\/tutor-ad-litem\/\" \/>\n<meta property=\"og:locale\" content=\"es_ES\" \/>\n<meta property=\"og:type\" content=\"article\" \/>\n<meta property=\"og:title\" content=\"Tutor Ad Litem - Law Offices of Hernandez and Smith\" \/>\n<meta property=\"og:description\" content=\"A menudo, el Juez quiere nombrar un Guardian Ad Litem para investigar las acusaciones de cada padre concerniente al ni\u00f1o o ni\u00f1os. Cont\u00e1ctenos (813)448-6573.\" \/>\n<meta property=\"og:url\" content=\"https:\/\/hernandezsmithlaw.com\/es\/tutor-ad-litem\/\" \/>\n<meta property=\"og:site_name\" content=\"Law Offices of Hernandez and Smith\" \/>\n<meta property=\"article:modified_time\" content=\"2021-01-14T20:50:11+00:00\" \/>\n<meta name=\"twitter:card\" content=\"summary_large_image\" \/>\n<meta name=\"twitter:label1\" content=\"Est. reading time\" \/>\n\t<meta name=\"twitter:data1\" content=\"4 minutes\" \/>\n<script type=\"application\/ld+json\" class=\"yoast-schema-graph\">{\"@context\":\"https:\/\/schema.org\",\"@graph\":[{\"@type\":\"WebPage\",\"@id\":\"https:\/\/hernandezsmithlaw.com\/es\/tutor-ad-litem\/\",\"url\":\"https:\/\/hernandezsmithlaw.com\/es\/tutor-ad-litem\/\",\"name\":\"Tutor Ad Litem - Law Offices of Hernandez and Smith\",\"isPartOf\":{\"@id\":\"https:\/\/hernandezsmithlaw.com\/#website\"},\"datePublished\":\"2020-11-17T14:38:35+00:00\",\"dateModified\":\"2021-01-14T20:50:11+00:00\",\"description\":\"A menudo, el Juez quiere nombrar un Guardian Ad Litem para investigar las acusaciones de cada padre concerniente al ni\u00f1o o ni\u00f1os. Cont\u00e1ctenos (813)448-6573.\",\"breadcrumb\":{\"@id\":\"https:\/\/hernandezsmithlaw.com\/es\/tutor-ad-litem\/#breadcrumb\"},\"inLanguage\":\"es-ES\",\"potentialAction\":[{\"@type\":\"ReadAction\",\"target\":[\"https:\/\/hernandezsmithlaw.com\/es\/tutor-ad-litem\/\"]}]},{\"@type\":\"BreadcrumbList\",\"@id\":\"https:\/\/hernandezsmithlaw.com\/es\/tutor-ad-litem\/#breadcrumb\",\"itemListElement\":[{\"@type\":\"ListItem\",\"position\":1,\"name\":\"Home\",\"item\":\"https:\/\/hernandezsmithlaw.com\/es\/\"},{\"@type\":\"ListItem\",\"position\":2,\"name\":\"Tutor Ad Litem\"}]},{\"@type\":\"WebSite\",\"@id\":\"https:\/\/hernandezsmithlaw.com\/#website\",\"url\":\"https:\/\/hernandezsmithlaw.com\/\",\"name\":\"Law Offices of Hernandez and Smith\",\"description\":\"Personal Injury | Family Law | Business Litigation | Immigration &amp; Citizenship\",\"potentialAction\":[{\"@type\":\"SearchAction\",\"target\":{\"@type\":\"EntryPoint\",\"urlTemplate\":\"https:\/\/hernandezsmithlaw.com\/?s={search_term_string}\"},\"query-input\":{\"@type\":\"PropertyValueSpecification\",\"valueRequired\":true,\"valueName\":\"search_term_string\"}}],\"inLanguage\":\"es-ES\"}]}<\/script>\n<!-- \/ Yoast SEO plugin. -->","yoast_head_json":{"title":"Tutor Ad Litem - Law Offices of Hernandez and Smith","description":"A menudo, el Juez quiere nombrar un Guardian Ad Litem para investigar las acusaciones de cada padre concerniente al ni\u00f1o o ni\u00f1os. Cont\u00e1ctenos (813)448-6573.","robots":{"index":"index","follow":"follow","max-snippet":"max-snippet:-1","max-image-preview":"max-image-preview:large","max-video-preview":"max-video-preview:-1"},"canonical":"https:\/\/hernandezsmithlaw.com\/es\/tutor-ad-litem\/","og_locale":"es_ES","og_type":"article","og_title":"Tutor Ad Litem - Law Offices of Hernandez and Smith","og_description":"A menudo, el Juez quiere nombrar un Guardian Ad Litem para investigar las acusaciones de cada padre concerniente al ni\u00f1o o ni\u00f1os. Cont\u00e1ctenos (813)448-6573.","og_url":"https:\/\/hernandezsmithlaw.com\/es\/tutor-ad-litem\/","og_site_name":"Law Offices of Hernandez and Smith","article_modified_time":"2021-01-14T20:50:11+00:00","twitter_card":"summary_large_image","twitter_misc":{"Est. reading time":"4 minutes"},"schema":{"@context":"https:\/\/schema.org","@graph":[{"@type":"WebPage","@id":"https:\/\/hernandezsmithlaw.com\/es\/tutor-ad-litem\/","url":"https:\/\/hernandezsmithlaw.com\/es\/tutor-ad-litem\/","name":"Tutor Ad Litem - Law Offices of Hernandez and Smith","isPartOf":{"@id":"https:\/\/hernandezsmithlaw.com\/#website"},"datePublished":"2020-11-17T14:38:35+00:00","dateModified":"2021-01-14T20:50:11+00:00","description":"A menudo, el Juez quiere nombrar un Guardian Ad Litem para investigar las acusaciones de cada padre concerniente al ni\u00f1o o ni\u00f1os. Cont\u00e1ctenos (813)448-6573.","breadcrumb":{"@id":"https:\/\/hernandezsmithlaw.com\/es\/tutor-ad-litem\/#breadcrumb"},"inLanguage":"es-ES","potentialAction":[{"@type":"ReadAction","target":["https:\/\/hernandezsmithlaw.com\/es\/tutor-ad-litem\/"]}]},{"@type":"BreadcrumbList","@id":"https:\/\/hernandezsmithlaw.com\/es\/tutor-ad-litem\/#breadcrumb","itemListElement":[{"@type":"ListItem","position":1,"name":"Home","item":"https:\/\/hernandezsmithlaw.com\/es\/"},{"@type":"ListItem","position":2,"name":"Tutor Ad Litem"}]},{"@type":"WebSite","@id":"https:\/\/hernandezsmithlaw.com\/#website","url":"https:\/\/hernandezsmithlaw.com\/","name":"Law Offices of Hernandez and Smith","description":"Personal Injury | Family Law | Business Litigation | Immigration &amp; Citizenship","potentialAction":[{"@type":"SearchAction","target":{"@type":"EntryPoint","urlTemplate":"https:\/\/hernandezsmithlaw.com\/?s={search_term_string}"},"query-input":{"@type":"PropertyValueSpecification","valueRequired":true,"valueName":"search_term_string"}}],"inLanguage":"es-ES"}]}},"_links":{"self":[{"href":"https:\/\/hernandezsmithlaw.com\/es\/wp-json\/wp\/v2\/pages\/1867\/"}],"collection":[{"href":"https:\/\/hernandezsmithlaw.com\/es\/wp-json\/wp\/v2\/pages\/"}],"about":[{"href":"https:\/\/hernandezsmithlaw.com\/es\/wp-json\/wp\/v2\/types\/page\/"}],"author":[{"embeddable":true,"href":"https:\/\/hernandezsmithlaw.com\/es\/wp-json\/wp\/v2\/users\/4\/"}],"replies":[{"embeddable":true,"href":"https:\/\/hernandezsmithlaw.com\/es\/wp-json\/wp\/v2\/comments\/?post=1867"}],"version-history":[{"count":4,"href":"https:\/\/hernandezsmithlaw.com\/es\/wp-json\/wp\/v2\/pages\/1867\/revisions\/"}],"predecessor-version":[{"id":2080,"href":"https:\/\/hernandezsmithlaw.com\/es\/wp-json\/wp\/v2\/pages\/1867\/revisions\/2080\/"}],"wp:attachment":[{"href":"https:\/\/hernandezsmithlaw.com\/es\/wp-json\/wp\/v2\/media\/?parent=1867"}],"curies":[{"name":"wp","href":"https:\/\/api.w.org\/{rel}","templated":true}]}}