{"id":1890,"date":"2020-11-17T14:52:57","date_gmt":"2020-11-17T14:52:57","guid":{"rendered":"https:\/\/hernandezsmithlaw.com\/?page_id=1890"},"modified":"2020-11-17T15:01:22","modified_gmt":"2020-11-17T15:01:22","slug":"christine-smith-esq","status":"publish","type":"page","link":"https:\/\/hernandezsmithlaw.com\/es\/christine-smith-esq\/","title":{"rendered":"Christine Smith, ESQ."},"content":{"rendered":"<div class=\"wpb-content-wrapper\"><p>[vc_row full_width=&#8221;stretch_row&#8221; css=&#8221;.vc_custom_1604590579439{border-top-width: 1px !important;background-color: #f5f5f5 !important;background-position: center !important;background-repeat: no-repeat !important;background-size: cover !important;border-top-color: #eeeeee !important;}&#8221;][vc_column width=&#8221;1\/4&#8243; css=&#8221;.vc_custom_1605133887946{background-color: #ffffff !important;}&#8221;][vc_single_image image=&#8221;1705&#8243; img_size=&#8221;full&#8221;][\/vc_column][vc_column width=&#8221;3\/4&#8243;][vc_custom_heading text=&#8221;Christine Smith, ESQ.&#8221; font_container=&#8221;tag:h2|text_align:left|color:%23000000&#8243; use_theme_fonts=&#8221;yes&#8221;][vc_custom_heading text=&#8221;Firmante&#8221; font_container=&#8221;tag:p|text_align:left|color:%23000000&#8243; use_theme_fonts=&#8221;yes&#8221; css=&#8221;.vc_custom_1605624849132{margin-bottom: 25px !important;}&#8221;][vc_column_text]<\/p>\n<p class=\"chris_florida\">C. Christine Smith es originaria de California, y se traslad\u00f3 a la Florida en 1984. Ella obtuvo su Licenciatura en Ciencias de la Tecnolog\u00eda de Informaci\u00f3n en la Universidad del Sur de la Florida, con altos honores en 1996. Christine trabaj\u00f3 para Verizon durante ocho a\u00f1os haciendo pruebas beta, programando computadoras y como Analista de negocios.<\/p>\n<p>En 2006, Christine se gradu\u00f3 con honores del Colegio de Derecho de la Universidad de Stetson, uni\u00e9ndose al Centro de Derechos de Ni\u00f1os L. David Shear de Servicios Jur\u00eddicos del \u00e1rea de la Bah\u00eda, el cual es un Centro de Derechos sin fines de lucro dedicado a proveer representaci\u00f3n legal a ni\u00f1os maltratados, descuidados o abandonados.<\/p>\n<p>En 2011, Christine se uni\u00f3 como Socio\/Gerente a la Firma de Hern\u00e1ndez y Smith, P.A. enfoc\u00e1ndose en el Derecho de Familia y Litigio de Negocios.<\/p>\n<p>Christine fue admitida para practicar en la Florida, el Tribunal de Distrito de Estados Unidos, Distrito Medio de Florida y la Corte del Und\u00e9cimo Circuito de Apelaciones.[\/vc_column_text][\/vc_column][\/vc_row][vc_row full_width=&#8221;stretch_row&#8221; css=&#8221;.vc_custom_1540305285062{border-top-width: 1px !important;padding-top: 35px !important;padding-bottom: 20px !important;border-top-color: #eeeeee !important;border-top-style: solid !important;}&#8221; el_class=&#8221;homepage-news&#8221;][vc_column css=&#8221;.vc_custom_1527248930879{padding-top: 0px !important;padding-bottom: 0px !important;}&#8221;][vc_row_inner][vc_column_inner width=&#8221;1\/2&#8243;][vc_column_text css=&#8221;.vc_custom_1604432391529{margin-bottom: 15px !important;}&#8221;]<\/p>\n<h2>Professional Organizations<\/h2>\n<p>[\/vc_column_text][vc_column_text]<\/p>\n<ul>\n<li>Grupo de Trabajo Medicaid para Ni\u00f1os Adoptados, (2008 \u2013 2010)<\/li>\n<li>Associacion de la Barra de Abogados del Condado de Hillsborough, Divisi\u00f3n de J\u00f3venes Abogados, Comit\u00e9 de Eventos, (2010 \u2013 2012)<\/li>\n<li>Asociaci\u00f3n de la Barra de Abogados del Condado de Hillsborough, Instituto de Lideres, (2009 \u2013 2011)<\/li>\n<li>Asociaci\u00f3n de la Barra de Abogados del Condado de Hillsborough, Secretaria de Junta Directiva (2012 \u2013 2013)<\/li>\n<li>Unidad en la Comunidad, Miembro de Junta Directiva (2011 \u2013 2013)<\/li>\n<li>La Mes\u00f3n de Corte Ferguson-White, (2011 \u2013 2013)<\/li>\n<li>Centro de Cuidados a Embarazadas, Junta Directiva (2014 \u2013 presente)<\/li>\n<li>Asociaci\u00f3n de Condominios Riverview, Junta Directiva (2015 \u2013 presente)<\/li>\n<\/ul>\n<p>[\/vc_column_text][\/vc_column_inner][vc_column_inner width=&#8221;1\/2&#8243;][vc_column_text]<\/p>\n<h2>Areas De Pr\u00e1ctica<\/h2>\n<ul>\n<li>Derecho de Familia &#8211; Divorcio, Custodia<\/li>\n<li>|Inmigrantes Especiales Menores de Edad<\/li>\n<li>Tutor At Litem<\/li>\n<li>Litigacion Comercial<\/li>\n<li>Lesiones Personales<\/li>\n<\/ul>\n<p>[\/vc_column_text][vc_column_text css=&#8221;.vc_custom_1605625098572{margin-bottom: 15px !important;}&#8221;]<\/p>\n<h2>Educaci\u00f3n y Admisi\u00f3n al Bar<\/h2>\n<p>[\/vc_column_text][vc_column_text]<\/p>\n<ul class=\"ul1\">\n<li class=\"li1\">B.S., Information Technology, University of South Florida &#8211; 1996<\/li>\n<li>J.D., Stetson University, 2006<\/li>\n<li>Florida Bar<\/li>\n<\/ul>\n<p>[\/vc_column_text][\/vc_column_inner][\/vc_row_inner][\/vc_column][\/vc_row][vc_row][vc_column][vc_btn title=&#8221;Programe Una Reuni\u00f3n Con Christine&#8221; shape=&#8221;square&#8221; size=&#8221;lg&#8221; align=&#8221;center&#8221; el_class=&#8221;button-primary&#8221; link=&#8221;url:https%3A%2F%2Fhernandezsmithlaw.com%2Fcontact%2F&#8221;][\/vc_column][\/vc_row]<\/p>\n<\/div>","protected":false},"excerpt":{"rendered":"<p>[vc_row full_width=&#8221;stretch_row&#8221; css=&#8221;.vc_custom_1604590579439{border-top-width: 1px !important;background-color: #f5f5f5 !important;background-position: center !important;background-repeat: no-repeat !important;background-size: cover !important;border-top-color: #eeeeee !important;}&#8221;][vc_column width=&#8221;1\/4&#8243; css=&#8221;.vc_custom_1605133887946{background-color: #ffffff !important;}&#8221;][vc_single_image image=&#8221;1705&#8243; img_size=&#8221;full&#8221;][\/vc_column][vc_column width=&#8221;3\/4&#8243;][vc_custom_heading text=&#8221;Christine Smith, ESQ.&#8221; font_container=&#8221;tag:h2|text_align:left|color:%23000000&#8243; use_theme_fonts=&#8221;yes&#8221;][vc_custom_heading text=&#8221;Firmante&#8221; font_container=&#8221;tag:p|text_align:left|color:%23000000&#8243; use_theme_fonts=&#8221;yes&#8221; css=&#8221;.vc_custom_1605624849132{margin-bottom: 25px !important;}&#8221;][vc_column_text] C. Christine Smith es originaria de California, y se traslad\u00f3 a la Florida en 1984. Ella obtuvo su Licenciatura en Ciencias de&hellip;<\/p>\n","protected":false},"author":4,"featured_media":0,"parent":0,"menu_order":0,"comment_status":"closed","ping_status":"closed","template":"","meta":{"_acf_changed":false,"footnotes":""},"class_list":["post-1890","page","type-page","status-publish","hentry"],"acf":[],"yoast_head":"<!-- This site is optimized with the Yoast SEO plugin v27.2 - https:\/\/yoast.com\/product\/yoast-seo-wordpress\/ -->\n<title>Christine Smith, ESQ. - Law Offices of Hernandez and Smith<\/title>\n<meta name=\"robots\" content=\"index, follow, max-snippet:-1, max-image-preview:large, max-video-preview:-1\" \/>\n<link rel=\"canonical\" href=\"https:\/\/hernandezsmithlaw.com\/es\/christine-smith-esq\/\" \/>\n<meta property=\"og:locale\" content=\"es_ES\" \/>\n<meta property=\"og:type\" content=\"article\" \/>\n<meta property=\"og:title\" content=\"Christine Smith, ESQ. - Law Offices of Hernandez and Smith\" \/>\n<meta property=\"og:description\" content=\"[vc_row full_width=&#8221;stretch_row&#8221; css=&#8221;.vc_custom_1604590579439{border-top-width: 1px !important;background-color: #f5f5f5 !important;background-position: center !important;background-repeat: no-repeat !important;background-size: cover !important;border-top-color: #eeeeee !important;}&#8221;][vc_column width=&#8221;1\/4&#8243; css=&#8221;.vc_custom_1605133887946{background-color: #ffffff !important;}&#8221;][vc_single_image image=&#8221;1705&#8243; img_size=&#8221;full&#8221;][\/vc_column][vc_column width=&#8221;3\/4&#8243;][vc_custom_heading text=&#8221;Christine Smith, ESQ.&#8221; font_container=&#8221;tag:h2|text_align:left|color:%23000000&#8243; use_theme_fonts=&#8221;yes&#8221;][vc_custom_heading text=&#8221;Firmante&#8221; font_container=&#8221;tag:p|text_align:left|color:%23000000&#8243; use_theme_fonts=&#8221;yes&#8221; css=&#8221;.vc_custom_1605624849132{margin-bottom: 25px !important;}&#8221;][vc_column_text] C. Christine Smith es originaria de California, y se traslad\u00f3 a la Florida en 1984. Ella obtuvo su Licenciatura en Ciencias de&hellip;\" \/>\n<meta property=\"og:url\" content=\"https:\/\/hernandezsmithlaw.com\/es\/christine-smith-esq\/\" \/>\n<meta property=\"og:site_name\" content=\"Law Offices of Hernandez and Smith\" \/>\n<meta property=\"article:modified_time\" content=\"2020-11-17T15:01:22+00:00\" \/>\n<meta name=\"twitter:card\" content=\"summary_large_image\" \/>\n<meta name=\"twitter:label1\" content=\"Est. reading time\" \/>\n\t<meta name=\"twitter:data1\" content=\"3 minutes\" \/>\n<script type=\"application\/ld+json\" class=\"yoast-schema-graph\">{\"@context\":\"https:\/\/schema.org\",\"@graph\":[{\"@type\":\"WebPage\",\"@id\":\"https:\/\/hernandezsmithlaw.com\/es\/christine-smith-esq\/\",\"url\":\"https:\/\/hernandezsmithlaw.com\/es\/christine-smith-esq\/\",\"name\":\"Christine Smith, ESQ. - Law Offices of Hernandez and Smith\",\"isPartOf\":{\"@id\":\"https:\/\/hernandezsmithlaw.com\/#website\"},\"datePublished\":\"2020-11-17T14:52:57+00:00\",\"dateModified\":\"2020-11-17T15:01:22+00:00\",\"breadcrumb\":{\"@id\":\"https:\/\/hernandezsmithlaw.com\/es\/christine-smith-esq\/#breadcrumb\"},\"inLanguage\":\"es-ES\",\"potentialAction\":[{\"@type\":\"ReadAction\",\"target\":[\"https:\/\/hernandezsmithlaw.com\/es\/christine-smith-esq\/\"]}]},{\"@type\":\"BreadcrumbList\",\"@id\":\"https:\/\/hernandezsmithlaw.com\/es\/christine-smith-esq\/#breadcrumb\",\"itemListElement\":[{\"@type\":\"ListItem\",\"position\":1,\"name\":\"Home\",\"item\":\"https:\/\/hernandezsmithlaw.com\/es\/\"},{\"@type\":\"ListItem\",\"position\":2,\"name\":\"Christine Smith, ESQ.\"}]},{\"@type\":\"WebSite\",\"@id\":\"https:\/\/hernandezsmithlaw.com\/#website\",\"url\":\"https:\/\/hernandezsmithlaw.com\/\",\"name\":\"Law Offices of Hernandez and Smith\",\"description\":\"Personal Injury | Family Law | Business Litigation | Immigration &amp; Citizenship\",\"potentialAction\":[{\"@type\":\"SearchAction\",\"target\":{\"@type\":\"EntryPoint\",\"urlTemplate\":\"https:\/\/hernandezsmithlaw.com\/?s={search_term_string}\"},\"query-input\":{\"@type\":\"PropertyValueSpecification\",\"valueRequired\":true,\"valueName\":\"search_term_string\"}}],\"inLanguage\":\"es-ES\"}]}<\/script>\n<!-- \/ Yoast SEO plugin. -->","yoast_head_json":{"title":"Christine Smith, ESQ. - Law Offices of Hernandez and Smith","robots":{"index":"index","follow":"follow","max-snippet":"max-snippet:-1","max-image-preview":"max-image-preview:large","max-video-preview":"max-video-preview:-1"},"canonical":"https:\/\/hernandezsmithlaw.com\/es\/christine-smith-esq\/","og_locale":"es_ES","og_type":"article","og_title":"Christine Smith, ESQ. - Law Offices of Hernandez and Smith","og_description":"[vc_row full_width=&#8221;stretch_row&#8221; css=&#8221;.vc_custom_1604590579439{border-top-width: 1px !important;background-color: #f5f5f5 !important;background-position: center !important;background-repeat: no-repeat !important;background-size: cover !important;border-top-color: #eeeeee !important;}&#8221;][vc_column width=&#8221;1\/4&#8243; css=&#8221;.vc_custom_1605133887946{background-color: #ffffff !important;}&#8221;][vc_single_image image=&#8221;1705&#8243; img_size=&#8221;full&#8221;][\/vc_column][vc_column width=&#8221;3\/4&#8243;][vc_custom_heading text=&#8221;Christine Smith, ESQ.&#8221; font_container=&#8221;tag:h2|text_align:left|color:%23000000&#8243; use_theme_fonts=&#8221;yes&#8221;][vc_custom_heading text=&#8221;Firmante&#8221; font_container=&#8221;tag:p|text_align:left|color:%23000000&#8243; use_theme_fonts=&#8221;yes&#8221; css=&#8221;.vc_custom_1605624849132{margin-bottom: 25px !important;}&#8221;][vc_column_text] C. Christine Smith es originaria de California, y se traslad\u00f3 a la Florida en 1984. Ella obtuvo su Licenciatura en Ciencias de&hellip;","og_url":"https:\/\/hernandezsmithlaw.com\/es\/christine-smith-esq\/","og_site_name":"Law Offices of Hernandez and Smith","article_modified_time":"2020-11-17T15:01:22+00:00","twitter_card":"summary_large_image","twitter_misc":{"Est. reading time":"3 minutes"},"schema":{"@context":"https:\/\/schema.org","@graph":[{"@type":"WebPage","@id":"https:\/\/hernandezsmithlaw.com\/es\/christine-smith-esq\/","url":"https:\/\/hernandezsmithlaw.com\/es\/christine-smith-esq\/","name":"Christine Smith, ESQ. - Law Offices of Hernandez and Smith","isPartOf":{"@id":"https:\/\/hernandezsmithlaw.com\/#website"},"datePublished":"2020-11-17T14:52:57+00:00","dateModified":"2020-11-17T15:01:22+00:00","breadcrumb":{"@id":"https:\/\/hernandezsmithlaw.com\/es\/christine-smith-esq\/#breadcrumb"},"inLanguage":"es-ES","potentialAction":[{"@type":"ReadAction","target":["https:\/\/hernandezsmithlaw.com\/es\/christine-smith-esq\/"]}]},{"@type":"BreadcrumbList","@id":"https:\/\/hernandezsmithlaw.com\/es\/christine-smith-esq\/#breadcrumb","itemListElement":[{"@type":"ListItem","position":1,"name":"Home","item":"https:\/\/hernandezsmithlaw.com\/es\/"},{"@type":"ListItem","position":2,"name":"Christine Smith, ESQ."}]},{"@type":"WebSite","@id":"https:\/\/hernandezsmithlaw.com\/#website","url":"https:\/\/hernandezsmithlaw.com\/","name":"Law Offices of Hernandez and Smith","description":"Personal Injury | Family Law | Business Litigation | Immigration &amp; Citizenship","potentialAction":[{"@type":"SearchAction","target":{"@type":"EntryPoint","urlTemplate":"https:\/\/hernandezsmithlaw.com\/?s={search_term_string}"},"query-input":{"@type":"PropertyValueSpecification","valueRequired":true,"valueName":"search_term_string"}}],"inLanguage":"es-ES"}]}},"_links":{"self":[{"href":"https:\/\/hernandezsmithlaw.com\/es\/wp-json\/wp\/v2\/pages\/1890\/"}],"collection":[{"href":"https:\/\/hernandezsmithlaw.com\/es\/wp-json\/wp\/v2\/pages\/"}],"about":[{"href":"https:\/\/hernandezsmithlaw.com\/es\/wp-json\/wp\/v2\/types\/page\/"}],"author":[{"embeddable":true,"href":"https:\/\/hernandezsmithlaw.com\/es\/wp-json\/wp\/v2\/users\/4\/"}],"replies":[{"embeddable":true,"href":"https:\/\/hernandezsmithlaw.com\/es\/wp-json\/wp\/v2\/comments\/?post=1890"}],"version-history":[{"count":4,"href":"https:\/\/hernandezsmithlaw.com\/es\/wp-json\/wp\/v2\/pages\/1890\/revisions\/"}],"predecessor-version":[{"id":1894,"href":"https:\/\/hernandezsmithlaw.com\/es\/wp-json\/wp\/v2\/pages\/1890\/revisions\/1894\/"}],"wp:attachment":[{"href":"https:\/\/hernandezsmithlaw.com\/es\/wp-json\/wp\/v2\/media\/?parent=1890"}],"curies":[{"name":"wp","href":"https:\/\/api.w.org\/{rel}","templated":true}]}}