{"id":1895,"date":"2020-11-17T15:07:27","date_gmt":"2020-11-17T15:07:27","guid":{"rendered":"https:\/\/hernandezsmithlaw.com\/?page_id=1895"},"modified":"2020-11-17T15:11:22","modified_gmt":"2020-11-17T15:11:22","slug":"yahima-hernandez-esq","status":"publish","type":"page","link":"https:\/\/hernandezsmithlaw.com\/es\/yahima-hernandez-esq\/","title":{"rendered":"Yahima Hernandez, ESQ."},"content":{"rendered":"<div class=\"wpb-content-wrapper\"><p>[vc_row full_width=&#8221;stretch_row&#8221; css=&#8221;.vc_custom_1604590579439{border-top-width: 1px !important;background-color: #f5f5f5 !important;background-position: center !important;background-repeat: no-repeat !important;background-size: cover !important;border-top-color: #eeeeee !important;}&#8221;][vc_column width=&#8221;1\/4&#8243; css=&#8221;.vc_custom_1605133944163{background-color: #ffffff !important;}&#8221;][vc_single_image image=&#8221;1699&#8243; img_size=&#8221;full&#8221;][\/vc_column][vc_column width=&#8221;3\/4&#8243;][vc_custom_heading text=&#8221;Yahima Hernandez, ESQ.&#8221; font_container=&#8221;tag:h2|text_align:left|color:%23000000&#8243; use_theme_fonts=&#8221;yes&#8221;][vc_custom_heading text=&#8221;Firmante&#8221; font_container=&#8221;tag:p|text_align:left|color:%23000000&#8243; use_theme_fonts=&#8221;yes&#8221; css=&#8221;.vc_custom_1605625728356{margin-bottom: 25px !important;}&#8221;][vc_column_text]ahima Y. Hern\u00e1ndez crecio en Cuba y vino en el 1995 a los Estados Unidos por el programa de Refugiados Politicos de Louisville, Kentucky.<\/p>\n<p>Cuatro a\u00f1os despu\u00e9s, se gradu\u00f3 con honores y recibi\u00f3 su Licenciatura en Psicolog\u00eda de la Universidad de Louisville.<\/p>\n<p>Despu\u00e9s de graduarse, Yahima trabaj\u00f3 para el Programa Presbiteriano de Lucha contra el Hambre y la oficina internacional de Voluntarios en la oficina Nacional de la Iglesia Presbiteriana.<\/p>\n<p>Yahima se traslad\u00f3 a la Florida en el 2003 con fines de continuar su carrera Jur\u00eddica en el Colegio de Derecho de la Universidad Stetson.<\/p>\n<p>Ella complet\u00f3 exitosamente sus estudios en Stetson y fue galardonada con el premio William F. Blews por la realizaci\u00f3n excepcional de servicios a la comunidad sin remuneraci\u00f3n econ\u00f3mica. Luego de graduarse, obtuvo su licencia para ejercer abogac\u00eda de la Corte Suprema de la Florida.<\/p>\n<p>Ella se enfoc\u00f3 en la pr\u00e1ctica de Ley de Inmigraci\u00f3n desde su graduaci\u00f3n e inmediatamente se afili\u00f3 al dedicado personal de Servicios Jur\u00eddicos de Golfcoast y ofreci\u00f3 servicios Jur\u00eddicos con ellos durante dos a\u00f1os.<\/p>\n<p>El tiempo que permaneci\u00f3 all\u00ed lo empleo abogando por los derechos de los inmigrantes y prestando servicios jur\u00eddicos.<\/p>\n<p>Yahima adem\u00e1s obtuvo dos a\u00f1os de experiencia en la pr\u00e1ctica de ley general en peque\u00f1os bufetes de abogados en Brandon.<\/p>\n<p>Ella abri\u00f3 su pr\u00e1ctica privada, asoci\u00e1ndose con su colega y ex-compa\u00f1era de Stetson, C. Christine Smith.<\/p>\n<p>Desde la creaci\u00f3n de su Firma de Abogados en Enero del 2011, la experiencia, la dedicaci\u00f3n y el arduo trabajo de Yahima han beneficiado a muchos inmigrantes.<\/p>\n<p>Su pr\u00e1ctica actual de la Ley de Inmigraci\u00f3n abarca todos los aspectos de las Leyes de Inmigraci\u00f3n incluyendo: familia, empleo\/negocio, ciudadan\u00eda\/nacionalidad, liberaci\u00f3n de detenci\u00f3n y defensa en deportaci\u00f3n. A pesar de su \u00e9xito en la pr\u00e1ctica privada, ella dedica horas ayudando a comunidades donde m\u00e1s se necesitada asesor\u00eda jur\u00eddica sin remuneraci\u00f3n econ\u00f3mica y a lo largo del a\u00f1o en varias ocasiones continua como voluntaria.<\/p>\n<p>Yahima es miembro de la asociaci\u00f3n de abogados del condado de Hillsborough y en el pasado fue presidenta de la secci\u00f3n de inmigracion para esa misma associacion de abogados.<\/p>\n<p>Yahima es tambi\u00e9n miembro de la Asociaci\u00f3n Americana de Abogados de Inmigraci\u00f3n. Su licencia para ejercer la abogac\u00eda en la Florida tambi\u00e9n le permite ejercer la Ley de Inmigraci\u00f3n en los cincuenta estados.[\/vc_column_text][\/vc_column][\/vc_row][vc_row full_width=&#8221;stretch_row&#8221; css=&#8221;.vc_custom_1540305285062{border-top-width: 1px !important;padding-top: 35px !important;padding-bottom: 20px !important;border-top-color: #eeeeee !important;border-top-style: solid !important;}&#8221; el_class=&#8221;homepage-news&#8221;][vc_column css=&#8221;.vc_custom_1527248930879{padding-top: 0px !important;padding-bottom: 0px !important;}&#8221;][vc_row_inner][vc_column_inner width=&#8221;1\/2&#8243;][vc_column_text css=&#8221;.vc_custom_1604432391529{margin-bottom: 15px !important;}&#8221;]<\/p>\n<h2>Professional Organizations<\/h2>\n<p>[\/vc_column_text][vc_column_text]<\/p>\n<ul>\n<li>Recipient of Civics Leadership award by the Tampa Hispanic Heritage (Class of 2016)<\/li>\n<li>Awarded the William F. Blews Pro Bono Service Award for performing outstanding pro bono service to the community (2006)<\/li>\n<li>Member of the American Immigration Lawyers Association (2009-Present)<\/li>\n<li>Member of the Hillsborough County Bar Association (2009-Present)<\/li>\n<li>Co-chaired the HCBA&#8217;s Immigration Section of the Hillsborough County Bar Association (2012-2014)<\/li>\n<li>Sheriff Hispanic Advisory Council member of the Hillsborough County Sheriff\u2019s Office (2014-2016)<\/li>\n<li>Columnist for La Gaceta newspaper focusing on immigration topics (2013-2016)<\/li>\n<li>Speaker\/Volunteer at various events benefiting migrant workers throughout the year (2006-Present)<\/li>\n<\/ul>\n<p>[\/vc_column_text][\/vc_column_inner][vc_column_inner width=&#8221;1\/2&#8243;][vc_column_text]<\/p>\n<h2>Practice Areas<\/h2>\n<ul>\n<li>Inmigraci\u00f3n Individual<\/li>\n<li>Inmigraci\u00f3n Familiar<\/li>\n<li>Tarjetas Verdes y Visas<\/li>\n<li>Detenciones y Deportaciones<\/li>\n<li>Trabajo en USA<\/li>\n<li>Naturalizaci\u00f3n y Ciudadan\u00eda<\/li>\n<\/ul>\n<p>[\/vc_column_text][vc_column_text css=&#8221;.vc_custom_1604432627197{margin-bottom: 15px !important;}&#8221;]<\/p>\n<h2>Education &amp; Bar Admission<\/h2>\n<p>[\/vc_column_text][vc_column_text]<\/p>\n<ul class=\"ul1\">\n<li class=\"li1\">B.A., Psychology, University of Louisville<\/li>\n<li>J.D., Stetson University<\/li>\n<li>Florida Bar<\/li>\n<\/ul>\n<p>[\/vc_column_text][\/vc_column_inner][\/vc_row_inner][\/vc_column][\/vc_row][vc_row][vc_column][vc_btn title=&#8221;Programe Una Reuni\u00f3n Con Yahima&#8221; shape=&#8221;square&#8221; size=&#8221;lg&#8221; align=&#8221;center&#8221; el_class=&#8221;button-primary&#8221;][\/vc_column][\/vc_row]<\/p>\n<\/div>","protected":false},"excerpt":{"rendered":"<p>[vc_row full_width=&#8221;stretch_row&#8221; css=&#8221;.vc_custom_1604590579439{border-top-width: 1px !important;background-color: #f5f5f5 !important;background-position: center !important;background-repeat: no-repeat !important;background-size: cover !important;border-top-color: #eeeeee !important;}&#8221;][vc_column width=&#8221;1\/4&#8243; css=&#8221;.vc_custom_1605133944163{background-color: #ffffff !important;}&#8221;][vc_single_image image=&#8221;1699&#8243; img_size=&#8221;full&#8221;][\/vc_column][vc_column width=&#8221;3\/4&#8243;][vc_custom_heading text=&#8221;Yahima Hernandez, ESQ.&#8221; font_container=&#8221;tag:h2|text_align:left|color:%23000000&#8243; use_theme_fonts=&#8221;yes&#8221;][vc_custom_heading text=&#8221;Firmante&#8221; font_container=&#8221;tag:p|text_align:left|color:%23000000&#8243; use_theme_fonts=&#8221;yes&#8221; css=&#8221;.vc_custom_1605625728356{margin-bottom: 25px !important;}&#8221;][vc_column_text]ahima Y. Hern\u00e1ndez crecio en Cuba y vino en el 1995 a los Estados Unidos por el programa de Refugiados Politicos de Louisville,&hellip;<\/p>\n","protected":false},"author":4,"featured_media":0,"parent":0,"menu_order":0,"comment_status":"closed","ping_status":"closed","template":"","meta":{"_acf_changed":false,"footnotes":""},"class_list":["post-1895","page","type-page","status-publish","hentry"],"acf":[],"yoast_head":"<!-- This site is optimized with the Yoast SEO plugin v27.2 - https:\/\/yoast.com\/product\/yoast-seo-wordpress\/ -->\n<title>Yahima Hernandez, ESQ. - Law Offices of Hernandez and Smith<\/title>\n<meta name=\"description\" content=\"La fundaci\u00f3n de la empresa en 2011, Yahima Hern\u00e1ndez, P.A., se centra en la Ley de Inmigraci\u00f3n y Servicios de Ley General. Llame al (813)448-6573.\" \/>\n<meta name=\"robots\" content=\"index, follow, max-snippet:-1, max-image-preview:large, max-video-preview:-1\" \/>\n<link rel=\"canonical\" href=\"https:\/\/hernandezsmithlaw.com\/es\/yahima-hernandez-esq\/\" \/>\n<meta property=\"og:locale\" content=\"es_ES\" \/>\n<meta property=\"og:type\" content=\"article\" \/>\n<meta property=\"og:title\" content=\"Yahima Hernandez, ESQ. - Law Offices of Hernandez and Smith\" \/>\n<meta property=\"og:description\" content=\"La fundaci\u00f3n de la empresa en 2011, Yahima Hern\u00e1ndez, P.A., se centra en la Ley de Inmigraci\u00f3n y Servicios de Ley General. Llame al (813)448-6573.\" \/>\n<meta property=\"og:url\" content=\"https:\/\/hernandezsmithlaw.com\/es\/yahima-hernandez-esq\/\" \/>\n<meta property=\"og:site_name\" content=\"Law Offices of Hernandez and Smith\" \/>\n<meta property=\"article:modified_time\" content=\"2020-11-17T15:11:22+00:00\" \/>\n<meta name=\"twitter:card\" content=\"summary_large_image\" \/>\n<meta name=\"twitter:label1\" content=\"Est. reading time\" \/>\n\t<meta name=\"twitter:data1\" content=\"4 minutes\" \/>\n<script type=\"application\/ld+json\" class=\"yoast-schema-graph\">{\"@context\":\"https:\/\/schema.org\",\"@graph\":[{\"@type\":\"WebPage\",\"@id\":\"https:\/\/hernandezsmithlaw.com\/es\/yahima-hernandez-esq\/\",\"url\":\"https:\/\/hernandezsmithlaw.com\/es\/yahima-hernandez-esq\/\",\"name\":\"Yahima Hernandez, ESQ. - Law Offices of Hernandez and Smith\",\"isPartOf\":{\"@id\":\"https:\/\/hernandezsmithlaw.com\/#website\"},\"datePublished\":\"2020-11-17T15:07:27+00:00\",\"dateModified\":\"2020-11-17T15:11:22+00:00\",\"description\":\"La fundaci\u00f3n de la empresa en 2011, Yahima Hern\u00e1ndez, P.A., se centra en la Ley de Inmigraci\u00f3n y Servicios de Ley General. Llame al (813)448-6573.\",\"breadcrumb\":{\"@id\":\"https:\/\/hernandezsmithlaw.com\/es\/yahima-hernandez-esq\/#breadcrumb\"},\"inLanguage\":\"es-ES\",\"potentialAction\":[{\"@type\":\"ReadAction\",\"target\":[\"https:\/\/hernandezsmithlaw.com\/es\/yahima-hernandez-esq\/\"]}]},{\"@type\":\"BreadcrumbList\",\"@id\":\"https:\/\/hernandezsmithlaw.com\/es\/yahima-hernandez-esq\/#breadcrumb\",\"itemListElement\":[{\"@type\":\"ListItem\",\"position\":1,\"name\":\"Home\",\"item\":\"https:\/\/hernandezsmithlaw.com\/es\/\"},{\"@type\":\"ListItem\",\"position\":2,\"name\":\"Yahima Hernandez, ESQ.\"}]},{\"@type\":\"WebSite\",\"@id\":\"https:\/\/hernandezsmithlaw.com\/#website\",\"url\":\"https:\/\/hernandezsmithlaw.com\/\",\"name\":\"Law Offices of Hernandez and Smith\",\"description\":\"Personal Injury | Family Law | Business Litigation | Immigration &amp; Citizenship\",\"potentialAction\":[{\"@type\":\"SearchAction\",\"target\":{\"@type\":\"EntryPoint\",\"urlTemplate\":\"https:\/\/hernandezsmithlaw.com\/?s={search_term_string}\"},\"query-input\":{\"@type\":\"PropertyValueSpecification\",\"valueRequired\":true,\"valueName\":\"search_term_string\"}}],\"inLanguage\":\"es-ES\"}]}<\/script>\n<!-- \/ Yoast SEO plugin. -->","yoast_head_json":{"title":"Yahima Hernandez, ESQ. - Law Offices of Hernandez and Smith","description":"La fundaci\u00f3n de la empresa en 2011, Yahima Hern\u00e1ndez, P.A., se centra en la Ley de Inmigraci\u00f3n y Servicios de Ley General. Llame al (813)448-6573.","robots":{"index":"index","follow":"follow","max-snippet":"max-snippet:-1","max-image-preview":"max-image-preview:large","max-video-preview":"max-video-preview:-1"},"canonical":"https:\/\/hernandezsmithlaw.com\/es\/yahima-hernandez-esq\/","og_locale":"es_ES","og_type":"article","og_title":"Yahima Hernandez, ESQ. - Law Offices of Hernandez and Smith","og_description":"La fundaci\u00f3n de la empresa en 2011, Yahima Hern\u00e1ndez, P.A., se centra en la Ley de Inmigraci\u00f3n y Servicios de Ley General. Llame al (813)448-6573.","og_url":"https:\/\/hernandezsmithlaw.com\/es\/yahima-hernandez-esq\/","og_site_name":"Law Offices of Hernandez and Smith","article_modified_time":"2020-11-17T15:11:22+00:00","twitter_card":"summary_large_image","twitter_misc":{"Est. reading time":"4 minutes"},"schema":{"@context":"https:\/\/schema.org","@graph":[{"@type":"WebPage","@id":"https:\/\/hernandezsmithlaw.com\/es\/yahima-hernandez-esq\/","url":"https:\/\/hernandezsmithlaw.com\/es\/yahima-hernandez-esq\/","name":"Yahima Hernandez, ESQ. - Law Offices of Hernandez and Smith","isPartOf":{"@id":"https:\/\/hernandezsmithlaw.com\/#website"},"datePublished":"2020-11-17T15:07:27+00:00","dateModified":"2020-11-17T15:11:22+00:00","description":"La fundaci\u00f3n de la empresa en 2011, Yahima Hern\u00e1ndez, P.A., se centra en la Ley de Inmigraci\u00f3n y Servicios de Ley General. Llame al (813)448-6573.","breadcrumb":{"@id":"https:\/\/hernandezsmithlaw.com\/es\/yahima-hernandez-esq\/#breadcrumb"},"inLanguage":"es-ES","potentialAction":[{"@type":"ReadAction","target":["https:\/\/hernandezsmithlaw.com\/es\/yahima-hernandez-esq\/"]}]},{"@type":"BreadcrumbList","@id":"https:\/\/hernandezsmithlaw.com\/es\/yahima-hernandez-esq\/#breadcrumb","itemListElement":[{"@type":"ListItem","position":1,"name":"Home","item":"https:\/\/hernandezsmithlaw.com\/es\/"},{"@type":"ListItem","position":2,"name":"Yahima Hernandez, ESQ."}]},{"@type":"WebSite","@id":"https:\/\/hernandezsmithlaw.com\/#website","url":"https:\/\/hernandezsmithlaw.com\/","name":"Law Offices of Hernandez and Smith","description":"Personal Injury | Family Law | Business Litigation | Immigration &amp; Citizenship","potentialAction":[{"@type":"SearchAction","target":{"@type":"EntryPoint","urlTemplate":"https:\/\/hernandezsmithlaw.com\/?s={search_term_string}"},"query-input":{"@type":"PropertyValueSpecification","valueRequired":true,"valueName":"search_term_string"}}],"inLanguage":"es-ES"}]}},"_links":{"self":[{"href":"https:\/\/hernandezsmithlaw.com\/es\/wp-json\/wp\/v2\/pages\/1895\/"}],"collection":[{"href":"https:\/\/hernandezsmithlaw.com\/es\/wp-json\/wp\/v2\/pages\/"}],"about":[{"href":"https:\/\/hernandezsmithlaw.com\/es\/wp-json\/wp\/v2\/types\/page\/"}],"author":[{"embeddable":true,"href":"https:\/\/hernandezsmithlaw.com\/es\/wp-json\/wp\/v2\/users\/4\/"}],"replies":[{"embeddable":true,"href":"https:\/\/hernandezsmithlaw.com\/es\/wp-json\/wp\/v2\/comments\/?post=1895"}],"version-history":[{"count":4,"href":"https:\/\/hernandezsmithlaw.com\/es\/wp-json\/wp\/v2\/pages\/1895\/revisions\/"}],"predecessor-version":[{"id":1899,"href":"https:\/\/hernandezsmithlaw.com\/es\/wp-json\/wp\/v2\/pages\/1895\/revisions\/1899\/"}],"wp:attachment":[{"href":"https:\/\/hernandezsmithlaw.com\/es\/wp-json\/wp\/v2\/media\/?parent=1895"}],"curies":[{"name":"wp","href":"https:\/\/api.w.org\/{rel}","templated":true}]}}