{"id":1900,"date":"2020-11-17T15:12:05","date_gmt":"2020-11-17T15:12:05","guid":{"rendered":"https:\/\/hernandezsmithlaw.com\/?page_id=1900"},"modified":"2021-01-18T21:27:00","modified_gmt":"2021-01-18T21:27:00","slug":"litigacion-comercial-y-de-construccion","status":"publish","type":"page","link":"https:\/\/hernandezsmithlaw.com\/es\/litigacion-comercial-y-de-construccion\/","title":{"rendered":"Litigaci\u00f3n Comercial y de Construcci\u00f3n"},"content":{"rendered":"<div class=\"wpb-content-wrapper\"><p>[vc_row full_width=&#8221;stretch_row&#8221; parallax=&#8221;content-moving-fade&#8221; parallax_speed_bg=&#8221;2.5&#8243; css=&#8221;.vc_custom_1604562056821{padding-top: 25px !important;padding-bottom: 50px !important;background-color: #29326d !important;background-position: center;background-repeat: no-repeat !important;background-size: cover !important;}&#8221;][vc_column][vc_custom_heading text=&#8221;Litigaci\u00f3n Comercial y de Construcci\u00f3n&#8221; font_container=&#8221;tag:h1|text_align:center|color:%23ffffff|line_height:1.2&#8243; use_theme_fonts=&#8221;yes&#8221; el_class=&#8221;page-title&#8221;][\/vc_column][\/vc_row][vc_section css=&#8221;.vc_custom_1604565905587{margin-top: 40px !important;margin-bottom: 40px !important;}&#8221;][vc_row][vc_column width=&#8221;1\/4&#8243;][vc_column_text css=&#8221;.vc_custom_1605625974120{margin-bottom: 10px !important;}&#8221;]<\/p>\n<h4>Otras \u00c1reas De Pr\u00e1ctica<\/h4>\n<p>[\/vc_column_text][vc_wp_custommenu nav_menu=&#8221;36&#8243;][\/vc_column][vc_column width=&#8221;3\/4&#8243;][vc_column_text]Nuestros abogados est\u00e1n bien versados en muchas \u00e1reas del derecho, incluyendo litigios comerciales y de construcci\u00f3n. La abogada Christine Smith aporta una perspectiva \u00fanica a los casos de negocios y construcci\u00f3n que manejamos con su experiencia personal y profesional y antecedentes en ambas \u00e1reas. Tanto las empresas como las compa\u00f1\u00edas de construcci\u00f3n se encargan de grandes cantidades de responsabilidad y requisitos contractuales, por lo que el abogado que usted elija para representarlo, ser\u00e1 una de las mayores decisiones de negocios que tendr\u00e1 que hacer.<\/p>\n<p>Comun\u00edquese con nuestro bufete si necesita ayuda legal en las siguientes \u00e1reas de negocio o ley de construcci\u00f3n:<\/p>\n<ul>\n<li>Disputas contractuales<\/li>\n<li>Creaci\u00f3n de entidad<\/li>\n<li>Disoluci\u00f3n de empresas, adquisiciones, fusiones<\/li>\n<li>Disputas de sociedades y litigios comerciales<\/li>\n<li>Asesoramiento a empresas y sociedades de responsabilidad limitada<\/li>\n<li>Acciones derivadas de accionistas<\/li>\n<li>Interdicto civil<\/li>\n<li>Bancarrota<\/li>\n<li>Disputas con compa\u00f1\u00edas de seguros<\/li>\n<li>Grav\u00e1menes de construcci\u00f3n<\/li>\n<li>Litigios sobre defectos de construcci\u00f3n<\/li>\n<li>Contratos de construcci\u00f3n<\/li>\n<\/ul>\n<p>[\/vc_column_text][vc_separator][vc_cta h2=&#8221;Programe una consulta&#8221; add_button=&#8221;right&#8221; btn_title=&#8221;P\u00f3ngase en contacto&#8221; btn_link=&#8221;url:https%3A%2F%2Fhernandezsmithlaw.com%2Fes%2Fcontacto%2F|title:Contacto&#8221; btn_el_class=&#8221;button-primary&#8221;]P\u00f3ngase en contacto para programar una hora para hablar con nuestro equipo.[\/vc_cta][\/vc_column][\/vc_row][\/vc_section]<\/p>\n<\/div>","protected":false},"excerpt":{"rendered":"<p>[vc_row full_width=&#8221;stretch_row&#8221; parallax=&#8221;content-moving-fade&#8221; parallax_speed_bg=&#8221;2.5&#8243; css=&#8221;.vc_custom_1604562056821{padding-top: 25px !important;padding-bottom: 50px !important;background-color: #29326d !important;background-position: center;background-repeat: no-repeat !important;background-size: cover !important;}&#8221;][vc_column][vc_custom_heading text=&#8221;Litigaci\u00f3n Comercial y de Construcci\u00f3n&#8221; font_container=&#8221;tag:h1|text_align:center|color:%23ffffff|line_height:1.2&#8243; use_theme_fonts=&#8221;yes&#8221; el_class=&#8221;page-title&#8221;][\/vc_column][\/vc_row][vc_section css=&#8221;.vc_custom_1604565905587{margin-top: 40px !important;margin-bottom: 40px !important;}&#8221;][vc_row][vc_column width=&#8221;1\/4&#8243;][vc_column_text css=&#8221;.vc_custom_1605625974120{margin-bottom: 10px !important;}&#8221;] Otras \u00c1reas De Pr\u00e1ctica [\/vc_column_text][vc_wp_custommenu nav_menu=&#8221;36&#8243;][\/vc_column][vc_column width=&#8221;3\/4&#8243;][vc_column_text]Nuestros abogados est\u00e1n bien versados en muchas \u00e1reas del derecho, incluyendo litigios comerciales y de construcci\u00f3n.&hellip;<\/p>\n","protected":false},"author":4,"featured_media":0,"parent":0,"menu_order":0,"comment_status":"closed","ping_status":"closed","template":"","meta":{"_acf_changed":false,"footnotes":""},"class_list":["post-1900","page","type-page","status-publish","hentry"],"acf":[],"yoast_head":"<!-- This site is optimized with the Yoast SEO plugin v27.5 - https:\/\/yoast.com\/product\/yoast-seo-wordpress\/ -->\n<title>Litigaci\u00f3n Comercial y de Construcci\u00f3n - Law Offices of Hernandez and Smith<\/title>\n<meta name=\"description\" content=\"El abogado que elija para representarlo es una de las decisiones comerciales m\u00e1s importantes que tendr\u00e1 que tomar. Llame al (813) 448-6573.\" \/>\n<meta name=\"robots\" content=\"index, follow, max-snippet:-1, max-image-preview:large, max-video-preview:-1\" \/>\n<link rel=\"canonical\" href=\"https:\/\/hernandezsmithlaw.com\/es\/litigacion-comercial-y-de-construccion\/\" \/>\n<meta property=\"og:locale\" content=\"es_ES\" \/>\n<meta property=\"og:type\" content=\"article\" \/>\n<meta property=\"og:title\" content=\"Litigaci\u00f3n Comercial y de Construcci\u00f3n - Law Offices of Hernandez and Smith\" \/>\n<meta property=\"og:description\" content=\"El abogado que elija para representarlo es una de las decisiones comerciales m\u00e1s importantes que tendr\u00e1 que tomar. Llame al (813) 448-6573.\" \/>\n<meta property=\"og:url\" content=\"https:\/\/hernandezsmithlaw.com\/es\/litigacion-comercial-y-de-construccion\/\" \/>\n<meta property=\"og:site_name\" content=\"Law Offices of Hernandez and Smith\" \/>\n<meta property=\"article:modified_time\" content=\"2021-01-18T21:27:00+00:00\" \/>\n<meta name=\"twitter:card\" content=\"summary_large_image\" \/>\n<meta name=\"twitter:label1\" content=\"Est. reading time\" \/>\n\t<meta name=\"twitter:data1\" content=\"2 minutes\" \/>\n<script type=\"application\/ld+json\" class=\"yoast-schema-graph\">{\"@context\":\"https:\\\/\\\/schema.org\",\"@graph\":[{\"@type\":\"WebPage\",\"@id\":\"https:\\\/\\\/hernandezsmithlaw.com\\\/es\\\/litigacion-comercial-y-de-construccion\\\/\",\"url\":\"https:\\\/\\\/hernandezsmithlaw.com\\\/es\\\/litigacion-comercial-y-de-construccion\\\/\",\"name\":\"Litigaci\u00f3n Comercial y de Construcci\u00f3n - Law Offices of Hernandez and Smith\",\"isPartOf\":{\"@id\":\"https:\\\/\\\/hernandezsmithlaw.com\\\/#website\"},\"datePublished\":\"2020-11-17T15:12:05+00:00\",\"dateModified\":\"2021-01-18T21:27:00+00:00\",\"description\":\"El abogado que elija para representarlo es una de las decisiones comerciales m\u00e1s importantes que tendr\u00e1 que tomar. Llame al (813) 448-6573.\",\"breadcrumb\":{\"@id\":\"https:\\\/\\\/hernandezsmithlaw.com\\\/es\\\/litigacion-comercial-y-de-construccion\\\/#breadcrumb\"},\"inLanguage\":\"es-ES\",\"potentialAction\":[{\"@type\":\"ReadAction\",\"target\":[\"https:\\\/\\\/hernandezsmithlaw.com\\\/es\\\/litigacion-comercial-y-de-construccion\\\/\"]}]},{\"@type\":\"BreadcrumbList\",\"@id\":\"https:\\\/\\\/hernandezsmithlaw.com\\\/es\\\/litigacion-comercial-y-de-construccion\\\/#breadcrumb\",\"itemListElement\":[{\"@type\":\"ListItem\",\"position\":1,\"name\":\"Home\",\"item\":\"https:\\\/\\\/hernandezsmithlaw.com\\\/es\\\/\"},{\"@type\":\"ListItem\",\"position\":2,\"name\":\"Litigaci\u00f3n Comercial y de Construcci\u00f3n\"}]},{\"@type\":\"WebSite\",\"@id\":\"https:\\\/\\\/hernandezsmithlaw.com\\\/#website\",\"url\":\"https:\\\/\\\/hernandezsmithlaw.com\\\/\",\"name\":\"Law Offices of Hernandez and Smith\",\"description\":\"Personal Injury | Family Law | Business Litigation | Immigration &amp; Citizenship\",\"potentialAction\":[{\"@type\":\"SearchAction\",\"target\":{\"@type\":\"EntryPoint\",\"urlTemplate\":\"https:\\\/\\\/hernandezsmithlaw.com\\\/?s={search_term_string}\"},\"query-input\":{\"@type\":\"PropertyValueSpecification\",\"valueRequired\":true,\"valueName\":\"search_term_string\"}}],\"inLanguage\":\"es-ES\"}]}<\/script>\n<!-- \/ Yoast SEO plugin. -->","yoast_head_json":{"title":"Litigaci\u00f3n Comercial y de Construcci\u00f3n - Law Offices of Hernandez and Smith","description":"El abogado que elija para representarlo es una de las decisiones comerciales m\u00e1s importantes que tendr\u00e1 que tomar. Llame al (813) 448-6573.","robots":{"index":"index","follow":"follow","max-snippet":"max-snippet:-1","max-image-preview":"max-image-preview:large","max-video-preview":"max-video-preview:-1"},"canonical":"https:\/\/hernandezsmithlaw.com\/es\/litigacion-comercial-y-de-construccion\/","og_locale":"es_ES","og_type":"article","og_title":"Litigaci\u00f3n Comercial y de Construcci\u00f3n - Law Offices of Hernandez and Smith","og_description":"El abogado que elija para representarlo es una de las decisiones comerciales m\u00e1s importantes que tendr\u00e1 que tomar. Llame al (813) 448-6573.","og_url":"https:\/\/hernandezsmithlaw.com\/es\/litigacion-comercial-y-de-construccion\/","og_site_name":"Law Offices of Hernandez and Smith","article_modified_time":"2021-01-18T21:27:00+00:00","twitter_card":"summary_large_image","twitter_misc":{"Est. reading time":"2 minutes"},"schema":{"@context":"https:\/\/schema.org","@graph":[{"@type":"WebPage","@id":"https:\/\/hernandezsmithlaw.com\/es\/litigacion-comercial-y-de-construccion\/","url":"https:\/\/hernandezsmithlaw.com\/es\/litigacion-comercial-y-de-construccion\/","name":"Litigaci\u00f3n Comercial y de Construcci\u00f3n - Law Offices of Hernandez and Smith","isPartOf":{"@id":"https:\/\/hernandezsmithlaw.com\/#website"},"datePublished":"2020-11-17T15:12:05+00:00","dateModified":"2021-01-18T21:27:00+00:00","description":"El abogado que elija para representarlo es una de las decisiones comerciales m\u00e1s importantes que tendr\u00e1 que tomar. Llame al (813) 448-6573.","breadcrumb":{"@id":"https:\/\/hernandezsmithlaw.com\/es\/litigacion-comercial-y-de-construccion\/#breadcrumb"},"inLanguage":"es-ES","potentialAction":[{"@type":"ReadAction","target":["https:\/\/hernandezsmithlaw.com\/es\/litigacion-comercial-y-de-construccion\/"]}]},{"@type":"BreadcrumbList","@id":"https:\/\/hernandezsmithlaw.com\/es\/litigacion-comercial-y-de-construccion\/#breadcrumb","itemListElement":[{"@type":"ListItem","position":1,"name":"Home","item":"https:\/\/hernandezsmithlaw.com\/es\/"},{"@type":"ListItem","position":2,"name":"Litigaci\u00f3n Comercial y de Construcci\u00f3n"}]},{"@type":"WebSite","@id":"https:\/\/hernandezsmithlaw.com\/#website","url":"https:\/\/hernandezsmithlaw.com\/","name":"Law Offices of Hernandez and Smith","description":"Personal Injury | Family Law | Business Litigation | Immigration &amp; Citizenship","potentialAction":[{"@type":"SearchAction","target":{"@type":"EntryPoint","urlTemplate":"https:\/\/hernandezsmithlaw.com\/?s={search_term_string}"},"query-input":{"@type":"PropertyValueSpecification","valueRequired":true,"valueName":"search_term_string"}}],"inLanguage":"es-ES"}]}},"_links":{"self":[{"href":"https:\/\/hernandezsmithlaw.com\/es\/wp-json\/wp\/v2\/pages\/1900\/"}],"collection":[{"href":"https:\/\/hernandezsmithlaw.com\/es\/wp-json\/wp\/v2\/pages\/"}],"about":[{"href":"https:\/\/hernandezsmithlaw.com\/es\/wp-json\/wp\/v2\/types\/page\/"}],"author":[{"embeddable":true,"href":"https:\/\/hernandezsmithlaw.com\/es\/wp-json\/wp\/v2\/users\/4\/"}],"replies":[{"embeddable":true,"href":"https:\/\/hernandezsmithlaw.com\/es\/wp-json\/wp\/v2\/comments\/?post=1900"}],"version-history":[{"count":4,"href":"https:\/\/hernandezsmithlaw.com\/es\/wp-json\/wp\/v2\/pages\/1900\/revisions\/"}],"predecessor-version":[{"id":2198,"href":"https:\/\/hernandezsmithlaw.com\/es\/wp-json\/wp\/v2\/pages\/1900\/revisions\/2198\/"}],"wp:attachment":[{"href":"https:\/\/hernandezsmithlaw.com\/es\/wp-json\/wp\/v2\/media\/?parent=1900"}],"curies":[{"name":"wp","href":"https:\/\/api.w.org\/{rel}","templated":true}]}}