{"id":1909,"date":"2020-11-17T15:28:49","date_gmt":"2020-11-17T15:28:49","guid":{"rendered":"https:\/\/hernandezsmithlaw.com\/?page_id=1909"},"modified":"2020-11-17T21:26:04","modified_gmt":"2020-11-17T21:26:04","slug":"preguntas-frecuentes","status":"publish","type":"page","link":"https:\/\/hernandezsmithlaw.com\/es\/preguntas-frecuentes\/","title":{"rendered":"Preguntas Frecuentes"},"content":{"rendered":"<div class=\"wpb-content-wrapper\"><p>[vc_row full_width=&#8221;stretch_row&#8221; parallax=&#8221;content-moving-fade&#8221; parallax_speed_bg=&#8221;2.5&#8243; css=&#8221;.vc_custom_1604569570238{padding-top: 25px !important;padding-bottom: 50px !important;background-color: #29326d !important;background-position: center;background-repeat: no-repeat !important;background-size: cover !important;}&#8221;][vc_column][vc_custom_heading text=&#8221;Preguntas Frecuentes&#8221; font_container=&#8221;tag:h1|text_align:center|color:%23ffffff|line_height:1.2&#8243; use_theme_fonts=&#8221;yes&#8221; el_class=&#8221;page-title&#8221;][\/vc_column][\/vc_row][vc_row full_width=&#8221;stretch_row&#8221; css=&#8221;.vc_custom_1604570171239{margin-top: 40px !important;margin-bottom: 40px !important;}&#8221;][vc_column width=&#8221;1\/4&#8243;][vc_column_text]<\/p>\n<h4>M\u00e1s Informaci\u00f3n<\/h4>\n<p>[\/vc_column_text][vc_wp_custommenu nav_menu=&#8221;34&#8243;][\/vc_column][vc_column width=&#8221;3\/4&#8243;][vc_tta_accordion active_section=&#8221;999&#8243; collapsible_all=&#8221;true&#8221;][vc_tta_section title=&#8221;\u00bfPodemos divorciarnos en los Estados Unidos si nos casamos en el extranjero?&#8221; tab_id=&#8221;1604569585031-2a4aab29-a39c&#8221;][vc_column_text]S\u00ed, usted todav\u00eda puede presentar un pedido de divorcio en los Estados Unidos si se cas\u00f3 en otro pa\u00eds. Para solicitar el divorcio en su estado, usted tendr\u00e1 que cumplir primero con los requisitos de residencia del estado.[\/vc_column_text][\/vc_tta_section][vc_tta_section title=&#8221;Soy un extranjero que vive en los Estados Unidos, \u00bfPuedo obtener un divorcio aqu\u00ed?&#8221; tab_id=&#8221;1604569585053-827c3867-6a5d&#8221;][vc_column_text]S\u00ed, puede solicitar el divorcio en los Estados Unidos. Usted deber\u00e1 iniciar el proceso en un tribunal local del estado en el que reside. Es importante destacar que solicitar el divorcio podr\u00eda afectar su residencia en los Estados Unidos. Si usted es un extranjero viviendo en los Estados Unidos y est\u00e1 considerando el divorcio, contacte nuestros bufetes para discutir todas sus opciones posteriores al divorcio.[\/vc_column_text][\/vc_tta_section][vc_tta_section title=&#8221;\u00bfSe reconocer\u00e1 mi divorcio extranjero en los Estados Unidos?&#8221; tab_id=&#8221;1604569697515-2a3a7f01-7df7&#8243;][vc_column_text]Su decreto de divorcio extranjero puede ser reconocido por los tribunales estadounidenses si se cumplen las dos condiciones siguientes:<\/p>\n<ul>\n<li>Ambos c\u00f3nyuges ten\u00edan conocimiento del proceso de divorcio y si uno de los c\u00f3nyuges viv\u00eda en los Estados Unidos en el momento en que el divorcio fue iniciado, deben haber recibido una entrega oportuna de los documentos de divorcio.<\/li>\n<li>Ambos c\u00f3nyuges tuvieron la oportunidad de ser escuchados durante el proceso de divorcio extranjero, ya sea en persona o por medio de un abogado.<\/li>\n<\/ul>\n<p>Adem\u00e1s, como el divorcio es un asunto legal manejado por los Estados y no por el gobierno federal, cada estado puede tener requisitos adicionales que deben cumplirse antes de reconocer el decreto de divorcio extranjero.[\/vc_column_text][\/vc_tta_section][vc_tta_section title=&#8221;\u00bfQu\u00e9 pasa si mi c\u00f3nyuge huye con nuestro hijo a otro pa\u00eds?&#8221; tab_id=&#8221;1604569698533-1670c738-1582&#8243;][vc_column_text]La Ley Internacional de Delitos de Secuestro Parental hace que sea un delito federal el hecho de que un padre intencionalmente viole los derechos de custodia del otro padre al remover o mantener arbitrariamente a un ni\u00f1o fuera de los Estados Unidos. Tambi\u00e9n puede presentar una petici\u00f3n de custodia ante su tribunal local y solicitar al tribunal que invoque el Convenio de Secuestro de La Haya.[\/vc_column_text][\/vc_tta_section][vc_tta_section title=&#8221;\u00bfPuedo obtener un divorcio si mi c\u00f3nyuge vive en otro pa\u00eds?&#8221; tab_id=&#8221;1604569699253-b19b951c-bb10&#8243;][vc_column_text]S\u00ed. Usted tendr\u00e1 que presentar una demanda de divorcio en el estado donde vive (y cumplir con los requisitos de residencia del estado) y tendr\u00e1 que dar a su c\u00f3nyuge suficiente aviso legal de los procedimientos de divorcio (esto se llama Servicio de Proceso). Algunos pa\u00edses tienen requisitos espec\u00edficos para proporcionar el aviso legal con el fin de que el decreto de divorcio sea ejecutable en dicho pa\u00eds. El Servicio de Proceso es cuando un adulto le notifica a su c\u00f3nyuge sobre el aviso de la acci\u00f3n de divorcio y es una forma aceptada del Servicio de Proceso en los Estados Unidos, pero no en M\u00e9xico. Para los pa\u00edses que no reconocen o aceptan el Servicio Personal de Proceso, se deber\u00e1 usar un medio de servicio internacional, como Comisiones Rogatorias, para notificar adecuadamente a su c\u00f3nyuge.[\/vc_column_text][\/vc_tta_section][vc_tta_section title=&#8221;Si me divorcio en los Estados Unidos, \u00bfPuedo hacer cumplir el decreto en el extranjero?&#8221; tab_id=&#8221;1604569700502-32de211a-11e7&#8243;][vc_column_text]La regla de oro para esto es, si el pa\u00eds tiene un sistema de justicia secular, reconocer\u00e1 su decreto de divorcio. Si el pa\u00eds tiene un sistema de justicia no secular (o religioso), entonces es probable que su decreto de divorcio no sea reconocido. Para asegurarse de que su decreto de divorcio sea ejecutable en un pa\u00eds en particular, debe comunicarse con un abogado en ese pa\u00eds. Puede ponerse en contacto con la Embajada de los Estados Unidos para obtener una lista de abogados.<\/p>\n<p>Cada a\u00f1o, hay m\u00e1s de 400.000 ciudadanos de Estados Unidos que se casan con extranjeros y hacen la petici\u00f3n para que ellos obtengan la residencia permanente en los Estados Unidos. Bajo las leyes federales de inmigraci\u00f3n, los c\u00f3nyuges nacidos en el extranjero de un ciudadano de los Estados Unidos son considerados miembros de la familia inmediata y est\u00e1n exentos de las limitaciones legales. Esencialmente, casarse con un ciudadano estadounidense pondr\u00e1 a una persona nacida en el extranjero en la v\u00eda r\u00e1pida para obtener su tarjeta verde.<\/p>\n<p>Si el matrimonio fracasa y los procedimientos de divorcio comienzan, hay numerosas preguntas sobre c\u00f3mo el divorcio y el estatus migratorio se ven afectados. A continuaci\u00f3n, se presentan varias preguntas frecuentes sobre inmigraci\u00f3n y divorcio.[\/vc_column_text][\/vc_tta_section][vc_tta_section title=&#8221;\u00bfC\u00f3mo afectar\u00e1 un divorcio la expedici\u00f3n de mi tarjeta verde condicional?&#8221; tab_id=&#8221;1604569701029-4bb8a22d-262c&#8221;][vc_column_text]Los inmigrantes que reciben el estatus de residencia permanente a trav\u00e9s de su matrimonio con un ciudadano de los EE.UU. o como hijo de un inmigrante que est\u00e1 casado con un ciudadano de los EE.UU., se les otorga el estatus de residencia basada en condiciones si el matrimonio tiene menos de dos a\u00f1os. La residencia permanente basada en condiciones significa que la residencia permanente del inmigrante (o del hijo del inmigrante) puede ser revocada si se descubre que la pareja entr\u00f3 en el matrimonio \u00fanicamente con el prop\u00f3sito de obtener un beneficio de inmigraci\u00f3n.<\/p>\n<p>Los inmigrantes con residencia permanente condicional tienen los mismos derechos que cualquier otro residente permanente. La \u00fanica diferencia con su estatus es que la residencia permanente condicional est\u00e1 sujeta ser revocada. El proceso para obtener la residencia permanente sin ninguna condici\u00f3n aplicada requiere que el c\u00f3nyuge ciudadano de los Estados Unidos y el inmigrante presenten una solicitud conjunta para que la condici\u00f3n sea eliminada dentro de los 90 d\u00edas del aniversario de dos a\u00f1os de la residencia permanente que se concede.[\/vc_column_text][\/vc_tta_section][vc_tta_section title=&#8221;\u00bfQu\u00e9 es la residencia permanente condicional?&#8221; tab_id=&#8221;1604569701526-b69741e5-6324&#8243;][vc_column_text]Cuando una persona emigra a los Estados Unidos y solicita la residencia permanente bans\u00e1ndose en que se cas\u00f3 con un ciudadano de los Estados Unidos, y el matrimonio no ha llegado a su segundo aniversario, entonces se le otorgar\u00e1 al inmigrante el estatus de residencia permanente condicional. Este estatus significa que mientras el inmigrante contin\u00fae casado, tendr\u00e1 una residencia permanente en los Estados Unidos por un m\u00e1ximo de dos a\u00f1os.<\/p>\n<p>Para obtener la residencia permanente completa, el inmigrante tendr\u00e1 que hacer la petici\u00f3n a los Servicios de Inmigraci\u00f3n y Ciudadan\u00eda de los Estados Unidos dentro de los dos a\u00f1os de haber ingresado a los Estados Unidos como inmigrante. Si en el momento de esta petici\u00f3n, todav\u00eda est\u00e1n casados, se le otorgar\u00e1 la residencia permanente completa.<\/p>\n<p>Sin embargo, si al momento de la petici\u00f3n (o al expirar el estatus de residencia permanente condicional) el inmigrante est\u00e1 en proceso de divorcio (o se ha divorciado) de su c\u00f3nyuge ciudadano, entonces el inmigrante pierde su estatus de residencia y llega a ser elegible para deportaci\u00f3n.[\/vc_column_text][\/vc_tta_section][vc_tta_section title=&#8221;Patrocin\u00e9 la solicitud de inmigraci\u00f3n de mi c\u00f3nyuge, pero nos estamos divorciando \u2013 \u00bfQu\u00e9 sigue?&#8221; tab_id=&#8221;1604569781378-a9a2802d-751b&#8221;][vc_column_text]Cuando usted patrocina la solicitud de residencia de un inmigrante, firma un acuerdo de caracter vinculante para apoyar econ\u00f3micamente al inmigrante y a sus dependientes hasta que se haya alcanzado la ciudadan\u00eda de los Estados Unidos. Si el individuo que patrocin\u00f3 fue su c\u00f3nyuge y ahora est\u00e1 comenzando el proceso de disoluci\u00f3n de su matrimonio, entonces usted debe asegurarse de retirar su patrocinio porque un divorcio no necesariamente le va a quitar su responsabilidad financiera con su c\u00f3nyugue inmigrante durante el tiempo que antecede a ganar su ciudadan\u00eda o dejar los EE.UU.[\/vc_column_text][\/vc_tta_section][vc_tta_section title=&#8221;\u00bfC\u00f3mo se tratan las solicitudes de inmigraci\u00f3n despu\u00e9s de un divorcio?&#8221; tab_id=&#8221;1604569782070-f52a0fd4-523a&#8221;][vc_column_text]Cuando una solicitud de inmigraci\u00f3n basada en el matrimonio (que tenga menos de dos a\u00f1os), est\u00e1 pendiente ante los servicios de Inmigraci\u00f3n y Ciudadan\u00eda de los Estados Unidos y los divorcios de inmigrantes de su c\u00f3nyuge ciudadano de los Estados Unidos, entonces el c\u00f3nyuge inmigrante perder\u00e1 su estatus de residente condicional tras la disoluci\u00f3n del matrimonio. Tambi\u00e9n es probable que el c\u00f3nyuge inmigrante sea elegible para ser deportado despu\u00e9s de la finalizaci\u00f3n del divorcio.<\/p>\n<p>La excepci\u00f3n ser\u00eda si el matrimonio llega a los dos a\u00f1os necesarios para calificar, pero el inmigrante todav\u00eda est\u00e1 dentro de su per\u00edodo de residencia condicional de dos a\u00f1os, cuando el divorcio se finalice, entonces el inmigrante ser\u00eda elegible para solicitar una exenci\u00f3n del requisito de presentaci\u00f3n conjunta porque entr\u00f3 en el matrimonio con buena fe.[\/vc_column_text][\/vc_tta_section][vc_tta_section title=&#8221;\u00bfQu\u00e9 es el estatus de residencia condicional y c\u00f3mo puede convertirse en un estatus de residencia permanente?&#8221; tab_id=&#8221;1604569782678-970a75c0-7caf&#8221;][vc_column_text]El estatus de residencia permanente de un inmigrante es etiquetado como condicional si se basa en un matrimonio que tiene menos de dos a\u00f1os. De acuerdo con los Servicios de Ciudadan\u00eda e Inmigraci\u00f3n de los Estados Unidos, usted puede eliminar su estatus condicional de su residencia permanente si:<\/p>\n<ul>\n<li>Todav\u00eda est\u00e1n casados \u200b\u200bcon el mismo ciudadano estadounidense o un residente permanente despu\u00e9s de 2 a\u00f1os. Usted puede incluir a sus hijos en su solicitud si \u00e9stos recibieron su estatus de residencia condicional, ya sea al mismo tiempo o dentro de 90 d\u00edas como usted lo hizo;<\/li>\n<li>Es un ni\u00f1o y por alguna raz\u00f3n v\u00e1lida, no puede ser incluido en la solicitud de sus padres;<\/li>\n<li>Es una viuda o viudo que entr\u00f3 en su matrimonio de buena fe;<\/li>\n<li>Entr\u00f3 en un matrimonio de buena fe, pero el matrimonio termin\u00f3 en divorcio o en anulaci\u00f3n; o<\/li>\n<li>Entr\u00f3 en un matrimonio de buena fe, pero usted o su hijo fueron maltratados o sometidos a extrema dificultad por su c\u00f3nyugye ciudadano estadounidense o su c\u00f3nyuge residente permanente.<\/li>\n<\/ul>\n<p>[\/vc_column_text][\/vc_tta_section][vc_tta_section title=&#8221;\u00bfQu\u00e9 puedo hacer para mantener mi estatus migratorio si me estoy divorciando?&#8221; tab_id=&#8221;1605200100836-5fa7c8f8-b6ad&#8221;][vc_column_text]Si el c\u00f3nyuge inmigrante ha mantenido una condici\u00f3n de residencia condicional durante al menos dos a\u00f1os, entonces no necesitar\u00e1n la ayuda de su c\u00f3nyuge para presentar la petici\u00f3n I-751 para eliminar el estatus condicional de su residencia. Si su matrimonio tiene m\u00e1s de dos a\u00f1os de edad, su estado migratorio no cambiar\u00e1 despu\u00e9s del divorcio. Sin embargo, si su matrimonio termina antes de que llegue a su segundo aniversario, puede optar por solicitar una exenci\u00f3n de la regla de dos a\u00f1os. La renuncia puede basarse en uno de los siguientes motivos para la terminaci\u00f3n del matrimonio: disoluci\u00f3n de un matrimonio de buena fe, dificultad extrema si es deportado, o abuso conyugal \/ infantil.[\/vc_column_text][\/vc_tta_section][vc_tta_section title=&#8221;Creo que puedo ser una v\u00edctima del fraude matrimonial \u2013 \u00bfQu\u00e9 puedo hacer?&#8221; tab_id=&#8221;1605200139341-eb5c5120-5b7b&#8221;][vc_column_text]Si el c\u00f3nyuge inmigrante ha mantenido un estatus de residencia condicional durante al menos dos a\u00f1os, entonces no necesitar\u00e1n la ayuda de su c\u00f3nyuge para presentar la petici\u00f3n I-751 para eliminar el estatus condicional de su residencia. Si su matrimonio tiene m\u00e1s de dos a\u00f1os, su estado migratorio no cambiar\u00e1 despu\u00e9s del divorcio. Sin embargo, si su matrimonio termina antes de que llegue a su segundo aniversario, puede optar por solicitar una exenci\u00f3n de la regla de los dos a\u00f1os. La exenci\u00f3n puede basarse en uno de los siguientes motivos para la terminaci\u00f3n del matrimonio: disoluci\u00f3n de un matrimonio de buena fe, dificultad extrema si es deportado, o abuso conyugal\/infantil.[\/vc_column_text][\/vc_tta_section][vc_tta_section title=&#8221;Creo que puedo ser una v\u00edctima de fraude matrimonial \u2013 \u00bfQu\u00e9 puedo hacer?&#8221; tab_id=&#8221;1605200533215-43c8ef34-0926&#8243;][vc_column_text]El fraude matrimonial es cuando un inmigrante y un ciudadano estadounidense se casan con el \u00fanico prop\u00f3sito de obtener un estatus de residencia para el inmigrante. Algunos casos implican el conocimiento del fraude por ambas partes, mientras que otros casos implican el aprovechamiento de un ciudadano estadounidense. Si cree que su c\u00f3nyuge s\u00f3lo se cas\u00f3 con usted para obtener una tarjeta verde, entonces puede presentar una alegaci\u00f3n de fraude de matrimonio a los Servicios de Inmigraci\u00f3n y Ciudadan\u00eda de los Estados Unidos y solicitar una anulaci\u00f3n basada en fraude. El c\u00f3nyuge inmigrante tendr\u00e1 que impugnar las acusaciones y demostrar que el matrimonio no fue ingresado por razones fraudulentas. Las falsas alegaciones de fraude matrimonial pueden llevar a cargos criminales para un c\u00f3nyuge estadounidense.[\/vc_column_text][\/vc_tta_section][\/vc_tta_accordion][\/vc_column][\/vc_row]<\/p>\n<\/div>","protected":false},"excerpt":{"rendered":"<p>[vc_row full_width=&#8221;stretch_row&#8221; parallax=&#8221;content-moving-fade&#8221; parallax_speed_bg=&#8221;2.5&#8243; css=&#8221;.vc_custom_1604569570238{padding-top: 25px !important;padding-bottom: 50px !important;background-color: #29326d !important;background-position: center;background-repeat: no-repeat !important;background-size: cover !important;}&#8221;][vc_column][vc_custom_heading text=&#8221;Preguntas Frecuentes&#8221; font_container=&#8221;tag:h1|text_align:center|color:%23ffffff|line_height:1.2&#8243; use_theme_fonts=&#8221;yes&#8221; el_class=&#8221;page-title&#8221;][\/vc_column][\/vc_row][vc_row full_width=&#8221;stretch_row&#8221; css=&#8221;.vc_custom_1604570171239{margin-top: 40px !important;margin-bottom: 40px !important;}&#8221;][vc_column width=&#8221;1\/4&#8243;][vc_column_text] M\u00e1s Informaci\u00f3n [\/vc_column_text][vc_wp_custommenu nav_menu=&#8221;34&#8243;][\/vc_column][vc_column width=&#8221;3\/4&#8243;][vc_tta_accordion active_section=&#8221;999&#8243; collapsible_all=&#8221;true&#8221;][vc_tta_section title=&#8221;\u00bfPodemos divorciarnos en los Estados Unidos si nos casamos en el extranjero?&#8221; tab_id=&#8221;1604569585031-2a4aab29-a39c&#8221;][vc_column_text]S\u00ed, usted todav\u00eda puede presentar un pedido de&hellip;<\/p>\n","protected":false},"author":4,"featured_media":0,"parent":0,"menu_order":0,"comment_status":"closed","ping_status":"closed","template":"","meta":{"_acf_changed":false,"footnotes":""},"class_list":["post-1909","page","type-page","status-publish","hentry"],"acf":[],"yoast_head":"<!-- This site is optimized with the Yoast SEO plugin v27.2 - https:\/\/yoast.com\/product\/yoast-seo-wordpress\/ -->\n<title>Preguntas Frecuentes - Law Offices of Hernandez and Smith<\/title>\n<meta name=\"description\" content=\"\u00a1Consulte aqu\u00ed todas sus preguntas legales sin respuesta sobre Derecho familiar, Inmigraci\u00f3n, Ciudadan\u00eda y m\u00e1s!\" \/>\n<meta name=\"robots\" content=\"index, follow, max-snippet:-1, max-image-preview:large, max-video-preview:-1\" \/>\n<link rel=\"canonical\" href=\"https:\/\/hernandezsmithlaw.com\/es\/preguntas-frecuentes\/\" \/>\n<meta property=\"og:locale\" content=\"es_ES\" \/>\n<meta property=\"og:type\" content=\"article\" \/>\n<meta property=\"og:title\" content=\"Preguntas Frecuentes - Law Offices of Hernandez and Smith\" \/>\n<meta property=\"og:description\" content=\"\u00a1Consulte aqu\u00ed todas sus preguntas legales sin respuesta sobre Derecho familiar, Inmigraci\u00f3n, Ciudadan\u00eda y m\u00e1s!\" \/>\n<meta property=\"og:url\" content=\"https:\/\/hernandezsmithlaw.com\/es\/preguntas-frecuentes\/\" \/>\n<meta property=\"og:site_name\" content=\"Law Offices of Hernandez and Smith\" \/>\n<meta property=\"article:modified_time\" content=\"2020-11-17T21:26:04+00:00\" \/>\n<meta name=\"twitter:card\" content=\"summary_large_image\" \/>\n<meta name=\"twitter:label1\" content=\"Est. reading time\" \/>\n\t<meta name=\"twitter:data1\" content=\"12 minutes\" \/>\n<script type=\"application\/ld+json\" class=\"yoast-schema-graph\">{\"@context\":\"https:\/\/schema.org\",\"@graph\":[{\"@type\":\"WebPage\",\"@id\":\"https:\/\/hernandezsmithlaw.com\/es\/preguntas-frecuentes\/\",\"url\":\"https:\/\/hernandezsmithlaw.com\/es\/preguntas-frecuentes\/\",\"name\":\"Preguntas Frecuentes - Law Offices of Hernandez and Smith\",\"isPartOf\":{\"@id\":\"https:\/\/hernandezsmithlaw.com\/#website\"},\"datePublished\":\"2020-11-17T15:28:49+00:00\",\"dateModified\":\"2020-11-17T21:26:04+00:00\",\"description\":\"\u00a1Consulte aqu\u00ed todas sus preguntas legales sin respuesta sobre Derecho familiar, Inmigraci\u00f3n, Ciudadan\u00eda y m\u00e1s!\",\"breadcrumb\":{\"@id\":\"https:\/\/hernandezsmithlaw.com\/es\/preguntas-frecuentes\/#breadcrumb\"},\"inLanguage\":\"es-ES\",\"potentialAction\":[{\"@type\":\"ReadAction\",\"target\":[\"https:\/\/hernandezsmithlaw.com\/es\/preguntas-frecuentes\/\"]}]},{\"@type\":\"BreadcrumbList\",\"@id\":\"https:\/\/hernandezsmithlaw.com\/es\/preguntas-frecuentes\/#breadcrumb\",\"itemListElement\":[{\"@type\":\"ListItem\",\"position\":1,\"name\":\"Home\",\"item\":\"https:\/\/hernandezsmithlaw.com\/es\/\"},{\"@type\":\"ListItem\",\"position\":2,\"name\":\"Preguntas Frecuentes\"}]},{\"@type\":\"WebSite\",\"@id\":\"https:\/\/hernandezsmithlaw.com\/#website\",\"url\":\"https:\/\/hernandezsmithlaw.com\/\",\"name\":\"Law Offices of Hernandez and Smith\",\"description\":\"Personal Injury | Family Law | Business Litigation | Immigration &amp; Citizenship\",\"potentialAction\":[{\"@type\":\"SearchAction\",\"target\":{\"@type\":\"EntryPoint\",\"urlTemplate\":\"https:\/\/hernandezsmithlaw.com\/?s={search_term_string}\"},\"query-input\":{\"@type\":\"PropertyValueSpecification\",\"valueRequired\":true,\"valueName\":\"search_term_string\"}}],\"inLanguage\":\"es-ES\"}]}<\/script>\n<!-- \/ Yoast SEO plugin. -->","yoast_head_json":{"title":"Preguntas Frecuentes - Law Offices of Hernandez and Smith","description":"\u00a1Consulte aqu\u00ed todas sus preguntas legales sin respuesta sobre Derecho familiar, Inmigraci\u00f3n, Ciudadan\u00eda y m\u00e1s!","robots":{"index":"index","follow":"follow","max-snippet":"max-snippet:-1","max-image-preview":"max-image-preview:large","max-video-preview":"max-video-preview:-1"},"canonical":"https:\/\/hernandezsmithlaw.com\/es\/preguntas-frecuentes\/","og_locale":"es_ES","og_type":"article","og_title":"Preguntas Frecuentes - Law Offices of Hernandez and Smith","og_description":"\u00a1Consulte aqu\u00ed todas sus preguntas legales sin respuesta sobre Derecho familiar, Inmigraci\u00f3n, Ciudadan\u00eda y m\u00e1s!","og_url":"https:\/\/hernandezsmithlaw.com\/es\/preguntas-frecuentes\/","og_site_name":"Law Offices of Hernandez and Smith","article_modified_time":"2020-11-17T21:26:04+00:00","twitter_card":"summary_large_image","twitter_misc":{"Est. reading time":"12 minutes"},"schema":{"@context":"https:\/\/schema.org","@graph":[{"@type":"WebPage","@id":"https:\/\/hernandezsmithlaw.com\/es\/preguntas-frecuentes\/","url":"https:\/\/hernandezsmithlaw.com\/es\/preguntas-frecuentes\/","name":"Preguntas Frecuentes - Law Offices of Hernandez and Smith","isPartOf":{"@id":"https:\/\/hernandezsmithlaw.com\/#website"},"datePublished":"2020-11-17T15:28:49+00:00","dateModified":"2020-11-17T21:26:04+00:00","description":"\u00a1Consulte aqu\u00ed todas sus preguntas legales sin respuesta sobre Derecho familiar, Inmigraci\u00f3n, Ciudadan\u00eda y m\u00e1s!","breadcrumb":{"@id":"https:\/\/hernandezsmithlaw.com\/es\/preguntas-frecuentes\/#breadcrumb"},"inLanguage":"es-ES","potentialAction":[{"@type":"ReadAction","target":["https:\/\/hernandezsmithlaw.com\/es\/preguntas-frecuentes\/"]}]},{"@type":"BreadcrumbList","@id":"https:\/\/hernandezsmithlaw.com\/es\/preguntas-frecuentes\/#breadcrumb","itemListElement":[{"@type":"ListItem","position":1,"name":"Home","item":"https:\/\/hernandezsmithlaw.com\/es\/"},{"@type":"ListItem","position":2,"name":"Preguntas Frecuentes"}]},{"@type":"WebSite","@id":"https:\/\/hernandezsmithlaw.com\/#website","url":"https:\/\/hernandezsmithlaw.com\/","name":"Law Offices of Hernandez and Smith","description":"Personal Injury | Family Law | Business Litigation | Immigration &amp; Citizenship","potentialAction":[{"@type":"SearchAction","target":{"@type":"EntryPoint","urlTemplate":"https:\/\/hernandezsmithlaw.com\/?s={search_term_string}"},"query-input":{"@type":"PropertyValueSpecification","valueRequired":true,"valueName":"search_term_string"}}],"inLanguage":"es-ES"}]}},"_links":{"self":[{"href":"https:\/\/hernandezsmithlaw.com\/es\/wp-json\/wp\/v2\/pages\/1909\/"}],"collection":[{"href":"https:\/\/hernandezsmithlaw.com\/es\/wp-json\/wp\/v2\/pages\/"}],"about":[{"href":"https:\/\/hernandezsmithlaw.com\/es\/wp-json\/wp\/v2\/types\/page\/"}],"author":[{"embeddable":true,"href":"https:\/\/hernandezsmithlaw.com\/es\/wp-json\/wp\/v2\/users\/4\/"}],"replies":[{"embeddable":true,"href":"https:\/\/hernandezsmithlaw.com\/es\/wp-json\/wp\/v2\/comments\/?post=1909"}],"version-history":[{"count":4,"href":"https:\/\/hernandezsmithlaw.com\/es\/wp-json\/wp\/v2\/pages\/1909\/revisions\/"}],"predecessor-version":[{"id":1971,"href":"https:\/\/hernandezsmithlaw.com\/es\/wp-json\/wp\/v2\/pages\/1909\/revisions\/1971\/"}],"wp:attachment":[{"href":"https:\/\/hernandezsmithlaw.com\/es\/wp-json\/wp\/v2\/media\/?parent=1909"}],"curies":[{"name":"wp","href":"https:\/\/api.w.org\/{rel}","templated":true}]}}