{"id":1967,"date":"2020-11-17T21:08:41","date_gmt":"2020-11-17T21:08:41","guid":{"rendered":"https:\/\/hernandezsmithlaw.com\/?page_id=1967"},"modified":"2021-03-05T19:03:44","modified_gmt":"2021-03-05T19:03:44","slug":"contacto","status":"publish","type":"page","link":"https:\/\/hernandezsmithlaw.com\/es\/contacto\/","title":{"rendered":"Contacto"},"content":{"rendered":"<div class=\"wpb-content-wrapper\"><p>[vc_row full_width=&#8221;stretch_row&#8221; parallax=&#8221;content-moving-fade&#8221; css=&#8221;.vc_custom_1604431557738{margin-top: 0px !important;padding-top: 0px !important;background-image: url(https:\/\/hernandezsmithlaw.com\/wp-content\/uploads\/2020\/11\/map2.png?id=1356) !important;}&#8221;][vc_column][vc_empty_space height=&#8221;350px&#8221;][\/vc_column][\/vc_row][vc_row css=&#8221;.vc_custom_1539786151745{padding-top: 0px !important;}&#8221;][vc_column width=&#8221;7\/12&#8243;][vc_empty_space][vc_column_text]<div id=\"lf_form_container\">\n    <form method=\"post\" action=\"\/es\/wp-json\/wp\/v2\/pages\/1967\/\">\n    <input type=\"hidden\" id=\"_wpnonce\" name=\"_wpnonce\" value=\"aa34bcdf1e\" \/><input type=\"hidden\" name=\"_wp_http_referer\" value=\"\/es\/wp-json\/wp\/v2\/pages\/1967\/\" \/>                <h3>Get in Touch\/Cont\u00e1ctenos<\/h3>\n        <p id=\"lf_first_name_block\">\n            <label class=\"description\" for=\"lf_first_name\">First Name\/Nombre<\/label>\n            <input id=\"lf_first_name\" name=\"lf_first_name\" type=\"text\" maxlength=\"255\" value=\"\" required='required' placeholder=\"\" \/>\n        <\/p>\n        <p id=\"lf_last_name_block\">\n            <label class=\"description\" for=\"lf_last_name\">Last Name \/Apellido<\/label>\n            <input id=\"lf_last_name\" name=\"lf_last_name\" type=\"text\" maxlength=\"255\" value=\"\" required='required' placeholder=\"\" \/>\n        <\/p>\n        <p id=\"lf_email_block\">\n            <label class=\"description\" for=\"lf_email\">Email Address \/Correo electr\u00f3nico<\/label>\n            <input id=\"lf_email\" name=\"lf_email\" type=\"email\" maxlength=\"255\" value=\"\" required='required' placeholder=\"\" \/>\n        <\/p>\n        <p id=\"lf_phone_block\">\n            <label class=\"description\" for=\"lf_phone\">Phone Number \/Numero de telefono<\/label>\n            <input id=\"lf_phone\" name=\"lf_phone\" type=\"text\" maxlength=\"24\" value=\"\" placeholder=\"\" \/>\n        <\/p>\n        <p id=\"lf_message_block\">\n            <label class=\"description\" for=\"lf_message\">How can we help you? Como podemos ayudar?<\/label>\n\t\t\t<textarea id=\"lf_message\" name=\"lf_message\" required='required' placeholder=\"\"><\/textarea>\n        <\/p>\n\n\t\t\n        <div id=\"lf_wrap\" style=\"display:none;\">\n            <label class=\"description\" for=\"leave_this_blank\">Leave this Blank if are sentient <\/label>\n            <input name=\"leave_this_blank_url\" type=\"text\" value=\"\" id=\"leave_this_blank\"\/>\n        <\/div>\n\n\t\t\n        <input type=\"hidden\" name=\"leave_this_alone\" value=\"MTc3NjMwNzg5Nw==\"\/>\n        <p class=\"buttons\">\n            <input type=\"hidden\" name=\"form_id\" value=\"1044046\" \/>\n            <input id=\"saveForm\" class=\"button_text\" type=\"submit\" name=\"lf_submit\" value=\"Send\/Enviar\" style=\"background-color: #29336D; color:#ffffff\" \/>\n        <\/p>\n    <\/form>\n<\/div>\n\n[\/vc_column_text][\/vc_column][vc_column width=&#8221;1\/12&#8243;][\/vc_column][vc_column width=&#8221;4\/12&#8243;][vc_empty_space][vc_column_text]<\/p>\n<h3>\u00bfTiene preguntas?<\/h3>\n<p>Escr\u00edbanos un correo electr\u00f3nico a trav\u00e9s del formulario,<br \/>\no programar una cita directamente:<\/p>\n<p><strong>Tel\u00e9fono:<\/strong> <a href=\"tel:+18134486573\">813-448-6573<\/a><\/p>\n<p><strong>Correo electr\u00f3nico:<\/strong> <a href=\"mailto:admin@hernandezsmithlaw.com\">admin@hernandezsmithlaw.com\u00a0<\/a><\/p>\n<p><strong>Direcci\u00f3n:<br \/>\n<\/strong>6318 US-301 South<br \/>\nRiverview, FL 33578[\/vc_column_text][\/vc_column][\/vc_row]<\/p>\n<\/div>","protected":false},"excerpt":{"rendered":"<p>[vc_row full_width=&#8221;stretch_row&#8221; parallax=&#8221;content-moving-fade&#8221; css=&#8221;.vc_custom_1604431557738{margin-top: 0px !important;padding-top: 0px !important;background-image: url(https:\/\/hernandezsmithlaw.com\/wp-content\/uploads\/2020\/11\/map2.png?id=1356) !important;}&#8221;][vc_column][vc_empty_space height=&#8221;350px&#8221;][\/vc_column][\/vc_row][vc_row css=&#8221;.vc_custom_1539786151745{padding-top: 0px !important;}&#8221;][vc_column width=&#8221;7\/12&#8243;][vc_empty_space][vc_column_text][\/vc_column_text][\/vc_column][vc_column width=&#8221;1\/12&#8243;][\/vc_column][vc_column width=&#8221;4\/12&#8243;][vc_empty_space][vc_column_text] \u00bfTiene preguntas? Escr\u00edbanos un correo electr\u00f3nico a trav\u00e9s del formulario, o programar una cita directamente: Tel\u00e9fono: 813-448-6573 Correo electr\u00f3nico: admin@hernandezsmithlaw.com\u00a0 Direcci\u00f3n: 6318 US-301 South Riverview, FL 33578[\/vc_column_text][\/vc_column][\/vc_row]<\/p>\n","protected":false},"author":4,"featured_media":0,"parent":0,"menu_order":0,"comment_status":"closed","ping_status":"closed","template":"","meta":{"_acf_changed":false,"footnotes":""},"class_list":["post-1967","page","type-page","status-publish","hentry"],"acf":[],"yoast_head":"<!-- This site is optimized with the Yoast SEO plugin v27.2 - https:\/\/yoast.com\/product\/yoast-seo-wordpress\/ -->\n<title>Contacto - Law Offices of Hernandez and Smith<\/title>\n<meta name=\"robots\" content=\"index, follow, max-snippet:-1, max-image-preview:large, max-video-preview:-1\" \/>\n<link rel=\"canonical\" href=\"https:\/\/hernandezsmithlaw.com\/es\/contacto\/\" \/>\n<meta property=\"og:locale\" content=\"es_ES\" \/>\n<meta property=\"og:type\" content=\"article\" \/>\n<meta property=\"og:title\" content=\"Contacto - Law Offices of Hernandez and Smith\" \/>\n<meta property=\"og:description\" content=\"[vc_row full_width=&#8221;stretch_row&#8221; parallax=&#8221;content-moving-fade&#8221; css=&#8221;.vc_custom_1604431557738{margin-top: 0px !important;padding-top: 0px !important;background-image: url(https:\/\/hernandezsmithlaw.com\/wp-content\/uploads\/2020\/11\/map2.png?id=1356) !important;}&#8221;][vc_column][vc_empty_space height=&#8221;350px&#8221;][\/vc_column][\/vc_row][vc_row css=&#8221;.vc_custom_1539786151745{padding-top: 0px !important;}&#8221;][vc_column width=&#8221;7\/12&#8243;][vc_empty_space][vc_column_text][\/vc_column_text][\/vc_column][vc_column width=&#8221;1\/12&#8243;][\/vc_column][vc_column width=&#8221;4\/12&#8243;][vc_empty_space][vc_column_text] \u00bfTiene preguntas? Escr\u00edbanos un correo electr\u00f3nico a trav\u00e9s del formulario, o programar una cita directamente: Tel\u00e9fono: 813-448-6573 Correo electr\u00f3nico: admin@hernandezsmithlaw.com\u00a0 Direcci\u00f3n: 6318 US-301 South Riverview, FL 33578[\/vc_column_text][\/vc_column][\/vc_row]\" \/>\n<meta property=\"og:url\" content=\"https:\/\/hernandezsmithlaw.com\/es\/contacto\/\" \/>\n<meta property=\"og:site_name\" content=\"Law Offices of Hernandez and Smith\" \/>\n<meta property=\"article:modified_time\" content=\"2021-03-05T19:03:44+00:00\" \/>\n<meta name=\"twitter:card\" content=\"summary_large_image\" \/>\n<meta name=\"twitter:label1\" content=\"Est. reading time\" \/>\n\t<meta name=\"twitter:data1\" content=\"1 minute\" \/>\n<script type=\"application\/ld+json\" class=\"yoast-schema-graph\">{\"@context\":\"https:\/\/schema.org\",\"@graph\":[{\"@type\":\"WebPage\",\"@id\":\"https:\/\/hernandezsmithlaw.com\/es\/contacto\/\",\"url\":\"https:\/\/hernandezsmithlaw.com\/es\/contacto\/\",\"name\":\"Contacto - Law Offices of Hernandez and Smith\",\"isPartOf\":{\"@id\":\"https:\/\/hernandezsmithlaw.com\/#website\"},\"datePublished\":\"2020-11-17T21:08:41+00:00\",\"dateModified\":\"2021-03-05T19:03:44+00:00\",\"breadcrumb\":{\"@id\":\"https:\/\/hernandezsmithlaw.com\/es\/contacto\/#breadcrumb\"},\"inLanguage\":\"es-ES\",\"potentialAction\":[{\"@type\":\"ReadAction\",\"target\":[\"https:\/\/hernandezsmithlaw.com\/es\/contacto\/\"]}]},{\"@type\":\"BreadcrumbList\",\"@id\":\"https:\/\/hernandezsmithlaw.com\/es\/contacto\/#breadcrumb\",\"itemListElement\":[{\"@type\":\"ListItem\",\"position\":1,\"name\":\"Home\",\"item\":\"https:\/\/hernandezsmithlaw.com\/es\/\"},{\"@type\":\"ListItem\",\"position\":2,\"name\":\"Contacto\"}]},{\"@type\":\"WebSite\",\"@id\":\"https:\/\/hernandezsmithlaw.com\/#website\",\"url\":\"https:\/\/hernandezsmithlaw.com\/\",\"name\":\"Law Offices of Hernandez and Smith\",\"description\":\"Personal Injury | Family Law | Business Litigation | Immigration &amp; Citizenship\",\"potentialAction\":[{\"@type\":\"SearchAction\",\"target\":{\"@type\":\"EntryPoint\",\"urlTemplate\":\"https:\/\/hernandezsmithlaw.com\/?s={search_term_string}\"},\"query-input\":{\"@type\":\"PropertyValueSpecification\",\"valueRequired\":true,\"valueName\":\"search_term_string\"}}],\"inLanguage\":\"es-ES\"}]}<\/script>\n<!-- \/ Yoast SEO plugin. -->","yoast_head_json":{"title":"Contacto - Law Offices of Hernandez and Smith","robots":{"index":"index","follow":"follow","max-snippet":"max-snippet:-1","max-image-preview":"max-image-preview:large","max-video-preview":"max-video-preview:-1"},"canonical":"https:\/\/hernandezsmithlaw.com\/es\/contacto\/","og_locale":"es_ES","og_type":"article","og_title":"Contacto - Law Offices of Hernandez and Smith","og_description":"[vc_row full_width=&#8221;stretch_row&#8221; parallax=&#8221;content-moving-fade&#8221; css=&#8221;.vc_custom_1604431557738{margin-top: 0px !important;padding-top: 0px !important;background-image: url(https:\/\/hernandezsmithlaw.com\/wp-content\/uploads\/2020\/11\/map2.png?id=1356) !important;}&#8221;][vc_column][vc_empty_space height=&#8221;350px&#8221;][\/vc_column][\/vc_row][vc_row css=&#8221;.vc_custom_1539786151745{padding-top: 0px !important;}&#8221;][vc_column width=&#8221;7\/12&#8243;][vc_empty_space][vc_column_text][\/vc_column_text][\/vc_column][vc_column width=&#8221;1\/12&#8243;][\/vc_column][vc_column width=&#8221;4\/12&#8243;][vc_empty_space][vc_column_text] \u00bfTiene preguntas? Escr\u00edbanos un correo electr\u00f3nico a trav\u00e9s del formulario, o programar una cita directamente: Tel\u00e9fono: 813-448-6573 Correo electr\u00f3nico: admin@hernandezsmithlaw.com\u00a0 Direcci\u00f3n: 6318 US-301 South Riverview, FL 33578[\/vc_column_text][\/vc_column][\/vc_row]","og_url":"https:\/\/hernandezsmithlaw.com\/es\/contacto\/","og_site_name":"Law Offices of Hernandez and Smith","article_modified_time":"2021-03-05T19:03:44+00:00","twitter_card":"summary_large_image","twitter_misc":{"Est. reading time":"1 minute"},"schema":{"@context":"https:\/\/schema.org","@graph":[{"@type":"WebPage","@id":"https:\/\/hernandezsmithlaw.com\/es\/contacto\/","url":"https:\/\/hernandezsmithlaw.com\/es\/contacto\/","name":"Contacto - Law Offices of Hernandez and Smith","isPartOf":{"@id":"https:\/\/hernandezsmithlaw.com\/#website"},"datePublished":"2020-11-17T21:08:41+00:00","dateModified":"2021-03-05T19:03:44+00:00","breadcrumb":{"@id":"https:\/\/hernandezsmithlaw.com\/es\/contacto\/#breadcrumb"},"inLanguage":"es-ES","potentialAction":[{"@type":"ReadAction","target":["https:\/\/hernandezsmithlaw.com\/es\/contacto\/"]}]},{"@type":"BreadcrumbList","@id":"https:\/\/hernandezsmithlaw.com\/es\/contacto\/#breadcrumb","itemListElement":[{"@type":"ListItem","position":1,"name":"Home","item":"https:\/\/hernandezsmithlaw.com\/es\/"},{"@type":"ListItem","position":2,"name":"Contacto"}]},{"@type":"WebSite","@id":"https:\/\/hernandezsmithlaw.com\/#website","url":"https:\/\/hernandezsmithlaw.com\/","name":"Law Offices of Hernandez and Smith","description":"Personal Injury | Family Law | Business Litigation | Immigration &amp; Citizenship","potentialAction":[{"@type":"SearchAction","target":{"@type":"EntryPoint","urlTemplate":"https:\/\/hernandezsmithlaw.com\/?s={search_term_string}"},"query-input":{"@type":"PropertyValueSpecification","valueRequired":true,"valueName":"search_term_string"}}],"inLanguage":"es-ES"}]}},"_links":{"self":[{"href":"https:\/\/hernandezsmithlaw.com\/es\/wp-json\/wp\/v2\/pages\/1967\/"}],"collection":[{"href":"https:\/\/hernandezsmithlaw.com\/es\/wp-json\/wp\/v2\/pages\/"}],"about":[{"href":"https:\/\/hernandezsmithlaw.com\/es\/wp-json\/wp\/v2\/types\/page\/"}],"author":[{"embeddable":true,"href":"https:\/\/hernandezsmithlaw.com\/es\/wp-json\/wp\/v2\/users\/4\/"}],"replies":[{"embeddable":true,"href":"https:\/\/hernandezsmithlaw.com\/es\/wp-json\/wp\/v2\/comments\/?post=1967"}],"version-history":[{"count":5,"href":"https:\/\/hernandezsmithlaw.com\/es\/wp-json\/wp\/v2\/pages\/1967\/revisions\/"}],"predecessor-version":[{"id":2217,"href":"https:\/\/hernandezsmithlaw.com\/es\/wp-json\/wp\/v2\/pages\/1967\/revisions\/2217\/"}],"wp:attachment":[{"href":"https:\/\/hernandezsmithlaw.com\/es\/wp-json\/wp\/v2\/media\/?parent=1967"}],"curies":[{"name":"wp","href":"https:\/\/api.w.org\/{rel}","templated":true}]}}