{"id":1972,"date":"2020-11-17T21:34:53","date_gmt":"2020-11-17T21:34:53","guid":{"rendered":"https:\/\/hernandezsmithlaw.com\/?page_id=1972"},"modified":"2024-03-12T18:47:14","modified_gmt":"2024-03-12T18:47:14","slug":"sobre-nosotras","status":"publish","type":"page","link":"https:\/\/hernandezsmithlaw.com\/es\/sobre-nosotras\/","title":{"rendered":"Sobre nosotras"},"content":{"rendered":"<div class=\"wpb-content-wrapper\"><p>[vc_row full_width=&#8221;stretch_row&#8221; parallax=&#8221;content-moving-fade&#8221; css=&#8221;.vc_custom_1604600889943{padding-top: 25px !important;padding-bottom: 25px !important;background-color: #29326d !important;background-position: center;background-repeat: no-repeat !important;background-size: cover !important;}&#8221;][vc_column width=&#8221;1\/2&#8243;][vc_custom_heading text=&#8221;Nuestra Firma&#8221; font_container=&#8221;tag:h2|text_align:left|color:%23ffffff|line_height:1.2&#8243; use_theme_fonts=&#8221;yes&#8221; el_class=&#8221;page-title&#8221;][\/vc_column][vc_column width=&#8221;1\/2&#8243; offset=&#8221;vc_hidden-xs&#8221;][\/vc_column][\/vc_row][vc_row css=&#8221;.vc_custom_1539268551775{padding-top: 35px !important;}&#8221;][vc_column width=&#8221;2\/3&#8243;][vc_single_image image=&#8221;2225&#8243; img_size=&#8221;full&#8221;][vc_column_text]<\/p>\n<h3>Protegemos sus derechos con pasi\u00f3n y poder<\/h3>\n<p>El bufete de abogados Hernandez &amp; Smith, P.A. es un bufete de abogados dedicado y compasivo que presta servicios en el \u00e1rea de la bah\u00eda de Tampa, Riverview, Plant City, Brandon, Lakeland, Sarasota y los condados circundantes. Somos un bufete de abogados peque\u00f1o pero de r\u00e1pido crecimiento comprometido con la representaci\u00f3n solidaria, eficaz y asertiva en una variedad de \u00e1reas que incluyen, entre otras, derecho de inmigraci\u00f3n, derecho de familia, litigios comerciales y derecho de la construcci\u00f3n, derecho de lesiones y m\u00e1s. Somos un equipo de dos abogados administradores y personal de apoyo que se unieron con una \u00e9tica de trabajo com\u00fan de luchar ferozmente por los derechos de nuestros clientes. Nuestro objetivo es perseguir en\u00e9rgicamente sus derechos legales. Le brindamos tranquilidad: su caso se manejar\u00e1 de manera competente, eficiente y asequible.<\/p>\n<h3>\u00bfPor qu\u00e9 elegir a Hernandez &amp; Smith?<\/h3>\n<p>En las Oficinas Legales de Hern\u00e1ndez y Smith ponemos el enfoque donde corresponde: en sus objetivos, ya sea obtener la residencia permanente, vivir permanentemente en los Estados Unidos, obtener una visa de no inmigrante que le permita ingresar o permanecer. en los Estados Unidos, para mantener su estado actual, para evitar la deportaci\u00f3n o para convertirse en ciudadano de los Estados Unidos. Entendemos que no existe tal cosa como un simple divorcio o un simple caso de divorcio. Todos los divorcios son diferentes y muchos de ellos involucran circunstancias que afectan las narrativas, la planificaci\u00f3n, los procesos e incluso los resultados.[\/vc_column_text][\/vc_column][vc_column width=&#8221;1\/3&#8243;][vc_column_text css=&#8221;.vc_custom_1605648809728{padding-top: 20px !important;padding-right: 30px !important;padding-bottom: 20px !important;padding-left: 30px !important;background-color: #f1ede7 !important;}&#8221; el_class=&#8221;practice-areas&#8221;]<\/p>\n<h3>Areas de pr\u00e1ctica<\/h3>\n<ul>\n<li>Ayuda humanitaria en inmigraci\u00f3n<\/li>\n<li>V\u00edctimas de delitos e inmigraci\u00f3n<\/li>\n<li>Refugiado y asilo<\/li>\n<li>J\u00f3venes inmigrantes especiales<\/li>\n<li>Divorcio e inmigraci\u00f3n<\/li>\n<li>Tarjetas verdes y visas<\/li>\n<li>Trabajando en USA<\/li>\n<li>Detenciones y deportaciones<\/li>\n<li>ICE sostiene<\/li>\n<li>Naturalizaci\u00f3n y ciudadan\u00eda<\/li>\n<li>Divorcio y custodiaDivorcio por circunstancias especiales<\/li>\n<li>Guardian Ad Litem<\/li>\n<li>Litigios comerciales y de construcci\u00f3n<\/li>\n<li>Lesi\u00f3n personal<\/li>\n<\/ul>\n<p>[\/vc_column_text][\/vc_column][\/vc_row][vc_row full_width=&#8221;stretch_row&#8221; css=&#8221;.vc_custom_1540471594097{border-top-width: 1px !important;padding-bottom: 30px !important;background-color: #fafafa !important;border-top-color: #eeeeee !important;border-top-style: solid !important;}&#8221;][vc_column][vc_column_text]<\/p>\n<h2>Nuestro Equipo<\/h2>\n<p>Nuestros abogados son altamente capacitados y accesibles para brindar atenci\u00f3n personalizada a cada asunto.[\/vc_column_text][vc_row_inner][vc_column_inner width=&#8221;1\/4&#8243;][vc_single_image image=&#8221;1698&#8243; img_size=&#8221;550&#215;550&#8243; alignment=&#8221;center&#8221; style=&#8221;vc_box_rounded&#8221; css_animation=&#8221;none&#8221;][vc_custom_heading text=&#8221;Yahima Hernandez&#8221; font_container=&#8221;tag:h4|font_size:22|text_align:left&#8221; use_theme_fonts=&#8221;yes&#8221; link=&#8221;title:Yahima%20Hernandez%2C%20ESQ.&#8221;][\/vc_column_inner][vc_column_inner width=&#8221;1\/4&#8243;][vc_single_image image=&#8221;1704&#8243; img_size=&#8221;550&#215;550&#8243; alignment=&#8221;center&#8221; style=&#8221;vc_box_rounded&#8221; css_animation=&#8221;none&#8221;][vc_custom_heading text=&#8221;Christine Smith&#8221; font_container=&#8221;tag:h4|font_size:22|text_align:left&#8221; use_theme_fonts=&#8221;yes&#8221; link=&#8221;url:https%3A%2F%2Fhernandezsmithlaw.com%2Fes%2Fchristine-smith-esq%2F|title:Christine%20Smith%2C%20ESQ.&#8221;][\/vc_column_inner][\/vc_row_inner][\/vc_column][\/vc_row][vc_row][vc_column][vc_empty_space][vc_cta h2=&#8221;Solicite una consulta&#8221; add_button=&#8221;right&#8221; btn_title=&#8221;Hablar con una abogada&#8221; el_class=&#8221;button-primary&#8221; btn_link=&#8221;url:https%3A%2F%2Fhernandezsmithlaw.com%2Fes%2Fcontacto%2F|title:Contact&#8221;]P\u00f3ngase en contacto con nuestro equipo hoy para una consulta.[\/vc_cta][\/vc_column][\/vc_row]<\/p>\n<\/div>","protected":false},"excerpt":{"rendered":"<p>[vc_row full_width=&#8221;stretch_row&#8221; parallax=&#8221;content-moving-fade&#8221; css=&#8221;.vc_custom_1604600889943{padding-top: 25px !important;padding-bottom: 25px !important;background-color: #29326d !important;background-position: center;background-repeat: no-repeat !important;background-size: cover !important;}&#8221;][vc_column width=&#8221;1\/2&#8243;][vc_custom_heading text=&#8221;Nuestra Firma&#8221; font_container=&#8221;tag:h2|text_align:left|color:%23ffffff|line_height:1.2&#8243; use_theme_fonts=&#8221;yes&#8221; el_class=&#8221;page-title&#8221;][\/vc_column][vc_column width=&#8221;1\/2&#8243; offset=&#8221;vc_hidden-xs&#8221;][\/vc_column][\/vc_row][vc_row css=&#8221;.vc_custom_1539268551775{padding-top: 35px !important;}&#8221;][vc_column width=&#8221;2\/3&#8243;][vc_single_image image=&#8221;2225&#8243; img_size=&#8221;full&#8221;][vc_column_text] Protegemos sus derechos con pasi\u00f3n y poder El bufete de abogados Hernandez &amp; Smith, P.A. es un bufete de abogados dedicado y compasivo que presta servicios&hellip;<\/p>\n","protected":false},"author":4,"featured_media":0,"parent":0,"menu_order":0,"comment_status":"closed","ping_status":"closed","template":"","meta":{"_acf_changed":false,"footnotes":""},"class_list":["post-1972","page","type-page","status-publish","hentry"],"acf":[],"yoast_head":"<!-- This site is optimized with the Yoast SEO plugin v27.2 - https:\/\/yoast.com\/product\/yoast-seo-wordpress\/ -->\n<title>Sobre nosotras - Law Offices of Hernandez and Smith<\/title>\n<meta name=\"robots\" content=\"index, follow, max-snippet:-1, max-image-preview:large, max-video-preview:-1\" \/>\n<link rel=\"canonical\" href=\"https:\/\/hernandezsmithlaw.com\/es\/sobre-nosotras\/\" \/>\n<meta property=\"og:locale\" content=\"es_ES\" \/>\n<meta property=\"og:type\" content=\"article\" \/>\n<meta property=\"og:title\" content=\"Sobre nosotras - Law Offices of Hernandez and Smith\" \/>\n<meta property=\"og:description\" content=\"[vc_row full_width=&#8221;stretch_row&#8221; parallax=&#8221;content-moving-fade&#8221; css=&#8221;.vc_custom_1604600889943{padding-top: 25px !important;padding-bottom: 25px !important;background-color: #29326d !important;background-position: center;background-repeat: no-repeat !important;background-size: cover !important;}&#8221;][vc_column width=&#8221;1\/2&#8243;][vc_custom_heading text=&#8221;Nuestra Firma&#8221; font_container=&#8221;tag:h2|text_align:left|color:%23ffffff|line_height:1.2&#8243; use_theme_fonts=&#8221;yes&#8221; el_class=&#8221;page-title&#8221;][\/vc_column][vc_column width=&#8221;1\/2&#8243; offset=&#8221;vc_hidden-xs&#8221;][\/vc_column][\/vc_row][vc_row css=&#8221;.vc_custom_1539268551775{padding-top: 35px !important;}&#8221;][vc_column width=&#8221;2\/3&#8243;][vc_single_image image=&#8221;2225&#8243; img_size=&#8221;full&#8221;][vc_column_text] Protegemos sus derechos con pasi\u00f3n y poder El bufete de abogados Hernandez &amp; Smith, P.A. es un bufete de abogados dedicado y compasivo que presta servicios&hellip;\" \/>\n<meta property=\"og:url\" content=\"https:\/\/hernandezsmithlaw.com\/es\/sobre-nosotras\/\" \/>\n<meta property=\"og:site_name\" content=\"Law Offices of Hernandez and Smith\" \/>\n<meta property=\"article:modified_time\" content=\"2024-03-12T18:47:14+00:00\" \/>\n<meta name=\"twitter:card\" content=\"summary_large_image\" \/>\n<meta name=\"twitter:label1\" content=\"Est. reading time\" \/>\n\t<meta name=\"twitter:data1\" content=\"3 minutes\" \/>\n<script type=\"application\/ld+json\" class=\"yoast-schema-graph\">{\"@context\":\"https:\/\/schema.org\",\"@graph\":[{\"@type\":\"WebPage\",\"@id\":\"https:\/\/hernandezsmithlaw.com\/es\/sobre-nosotras\/\",\"url\":\"https:\/\/hernandezsmithlaw.com\/es\/sobre-nosotras\/\",\"name\":\"Sobre nosotras - Law Offices of Hernandez and Smith\",\"isPartOf\":{\"@id\":\"https:\/\/hernandezsmithlaw.com\/#website\"},\"datePublished\":\"2020-11-17T21:34:53+00:00\",\"dateModified\":\"2024-03-12T18:47:14+00:00\",\"breadcrumb\":{\"@id\":\"https:\/\/hernandezsmithlaw.com\/es\/sobre-nosotras\/#breadcrumb\"},\"inLanguage\":\"es-ES\",\"potentialAction\":[{\"@type\":\"ReadAction\",\"target\":[\"https:\/\/hernandezsmithlaw.com\/es\/sobre-nosotras\/\"]}]},{\"@type\":\"BreadcrumbList\",\"@id\":\"https:\/\/hernandezsmithlaw.com\/es\/sobre-nosotras\/#breadcrumb\",\"itemListElement\":[{\"@type\":\"ListItem\",\"position\":1,\"name\":\"Home\",\"item\":\"https:\/\/hernandezsmithlaw.com\/es\/\"},{\"@type\":\"ListItem\",\"position\":2,\"name\":\"Sobre nosotras\"}]},{\"@type\":\"WebSite\",\"@id\":\"https:\/\/hernandezsmithlaw.com\/#website\",\"url\":\"https:\/\/hernandezsmithlaw.com\/\",\"name\":\"Law Offices of Hernandez and Smith\",\"description\":\"Personal Injury | Family Law | Business Litigation | Immigration &amp; Citizenship\",\"potentialAction\":[{\"@type\":\"SearchAction\",\"target\":{\"@type\":\"EntryPoint\",\"urlTemplate\":\"https:\/\/hernandezsmithlaw.com\/?s={search_term_string}\"},\"query-input\":{\"@type\":\"PropertyValueSpecification\",\"valueRequired\":true,\"valueName\":\"search_term_string\"}}],\"inLanguage\":\"es-ES\"}]}<\/script>\n<!-- \/ Yoast SEO plugin. -->","yoast_head_json":{"title":"Sobre nosotras - Law Offices of Hernandez and Smith","robots":{"index":"index","follow":"follow","max-snippet":"max-snippet:-1","max-image-preview":"max-image-preview:large","max-video-preview":"max-video-preview:-1"},"canonical":"https:\/\/hernandezsmithlaw.com\/es\/sobre-nosotras\/","og_locale":"es_ES","og_type":"article","og_title":"Sobre nosotras - Law Offices of Hernandez and Smith","og_description":"[vc_row full_width=&#8221;stretch_row&#8221; parallax=&#8221;content-moving-fade&#8221; css=&#8221;.vc_custom_1604600889943{padding-top: 25px !important;padding-bottom: 25px !important;background-color: #29326d !important;background-position: center;background-repeat: no-repeat !important;background-size: cover !important;}&#8221;][vc_column width=&#8221;1\/2&#8243;][vc_custom_heading text=&#8221;Nuestra Firma&#8221; font_container=&#8221;tag:h2|text_align:left|color:%23ffffff|line_height:1.2&#8243; use_theme_fonts=&#8221;yes&#8221; el_class=&#8221;page-title&#8221;][\/vc_column][vc_column width=&#8221;1\/2&#8243; offset=&#8221;vc_hidden-xs&#8221;][\/vc_column][\/vc_row][vc_row css=&#8221;.vc_custom_1539268551775{padding-top: 35px !important;}&#8221;][vc_column width=&#8221;2\/3&#8243;][vc_single_image image=&#8221;2225&#8243; img_size=&#8221;full&#8221;][vc_column_text] Protegemos sus derechos con pasi\u00f3n y poder El bufete de abogados Hernandez &amp; Smith, P.A. es un bufete de abogados dedicado y compasivo que presta servicios&hellip;","og_url":"https:\/\/hernandezsmithlaw.com\/es\/sobre-nosotras\/","og_site_name":"Law Offices of Hernandez and Smith","article_modified_time":"2024-03-12T18:47:14+00:00","twitter_card":"summary_large_image","twitter_misc":{"Est. reading time":"3 minutes"},"schema":{"@context":"https:\/\/schema.org","@graph":[{"@type":"WebPage","@id":"https:\/\/hernandezsmithlaw.com\/es\/sobre-nosotras\/","url":"https:\/\/hernandezsmithlaw.com\/es\/sobre-nosotras\/","name":"Sobre nosotras - Law Offices of Hernandez and Smith","isPartOf":{"@id":"https:\/\/hernandezsmithlaw.com\/#website"},"datePublished":"2020-11-17T21:34:53+00:00","dateModified":"2024-03-12T18:47:14+00:00","breadcrumb":{"@id":"https:\/\/hernandezsmithlaw.com\/es\/sobre-nosotras\/#breadcrumb"},"inLanguage":"es-ES","potentialAction":[{"@type":"ReadAction","target":["https:\/\/hernandezsmithlaw.com\/es\/sobre-nosotras\/"]}]},{"@type":"BreadcrumbList","@id":"https:\/\/hernandezsmithlaw.com\/es\/sobre-nosotras\/#breadcrumb","itemListElement":[{"@type":"ListItem","position":1,"name":"Home","item":"https:\/\/hernandezsmithlaw.com\/es\/"},{"@type":"ListItem","position":2,"name":"Sobre nosotras"}]},{"@type":"WebSite","@id":"https:\/\/hernandezsmithlaw.com\/#website","url":"https:\/\/hernandezsmithlaw.com\/","name":"Law Offices of Hernandez and Smith","description":"Personal Injury | Family Law | Business Litigation | Immigration &amp; Citizenship","potentialAction":[{"@type":"SearchAction","target":{"@type":"EntryPoint","urlTemplate":"https:\/\/hernandezsmithlaw.com\/?s={search_term_string}"},"query-input":{"@type":"PropertyValueSpecification","valueRequired":true,"valueName":"search_term_string"}}],"inLanguage":"es-ES"}]}},"_links":{"self":[{"href":"https:\/\/hernandezsmithlaw.com\/es\/wp-json\/wp\/v2\/pages\/1972\/"}],"collection":[{"href":"https:\/\/hernandezsmithlaw.com\/es\/wp-json\/wp\/v2\/pages\/"}],"about":[{"href":"https:\/\/hernandezsmithlaw.com\/es\/wp-json\/wp\/v2\/types\/page\/"}],"author":[{"embeddable":true,"href":"https:\/\/hernandezsmithlaw.com\/es\/wp-json\/wp\/v2\/users\/4\/"}],"replies":[{"embeddable":true,"href":"https:\/\/hernandezsmithlaw.com\/es\/wp-json\/wp\/v2\/comments\/?post=1972"}],"version-history":[{"count":8,"href":"https:\/\/hernandezsmithlaw.com\/es\/wp-json\/wp\/v2\/pages\/1972\/revisions\/"}],"predecessor-version":[{"id":2312,"href":"https:\/\/hernandezsmithlaw.com\/es\/wp-json\/wp\/v2\/pages\/1972\/revisions\/2312\/"}],"wp:attachment":[{"href":"https:\/\/hernandezsmithlaw.com\/es\/wp-json\/wp\/v2\/media\/?parent=1972"}],"curies":[{"name":"wp","href":"https:\/\/api.w.org\/{rel}","templated":true}]}}