{"id":2085,"date":"2021-01-14T21:15:03","date_gmt":"2021-01-14T21:15:03","guid":{"rendered":"https:\/\/hernandezsmithlaw.com\/?page_id=2085"},"modified":"2021-01-18T20:37:42","modified_gmt":"2021-01-18T20:37:42","slug":"apelaciones-y-exenciones","status":"publish","type":"page","link":"https:\/\/hernandezsmithlaw.com\/es\/apelaciones-y-exenciones\/","title":{"rendered":"Apelaciones y Exenciones"},"content":{"rendered":"<div class=\"wpb-content-wrapper\"><p>[vc_row full_width=&#8221;stretch_row&#8221; parallax=&#8221;content-moving-fade&#8221; parallax_speed_bg=&#8221;2.5&#8243; css=&#8221;.vc_custom_1604562056821{padding-top: 25px !important;padding-bottom: 50px !important;background-color: #29326d !important;background-position: center;background-repeat: no-repeat !important;background-size: cover !important;}&#8221;][vc_column][vc_custom_heading text=&#8221;Appeals and Waivers&#8221; font_container=&#8221;tag:h1|text_align:center|color:%23ffffff|line_height:1.2&#8243; use_theme_fonts=&#8221;yes&#8221; el_class=&#8221;page-title&#8221;][\/vc_column][\/vc_row][vc_section css=&#8221;.vc_custom_1604565905587{margin-top: 40px !important;margin-bottom: 40px !important;}&#8221;][vc_row][vc_column width=&#8221;1\/4&#8243;][vc_column_text css=&#8221;.vc_custom_1610658743495{margin-bottom: 10px !important;}&#8221;]<\/p>\n<h4>Inmigraci\u00f3n y Ciudadan\u00eda<\/h4>\n<p>[\/vc_column_text][vc_wp_custommenu nav_menu=&#8221;37&#8243;][\/vc_column][vc_column width=&#8221;3\/4&#8243;][vc_column_text]<\/p>\n<h2>Apelaciones<\/h2>\n<p>Si el Servicio de Inmigraci\u00f3n y Ciudadan\u00eda de los Estados Unidos (USCIS) deneg\u00f3 injustamente su petici\u00f3n o solicitud de beneficios de inmigraci\u00f3n, nuestros abogados de inmigraci\u00f3n pueden ayudarlo a presentar las apelaciones necesarias ante la Oficina de Apelaciones Administrativas (AAO) o la Junta de Apelaciones de Inmigraci\u00f3n (BIA). ). La mayor\u00eda de las apelaciones deben realizarse dentro de los 30 d\u00edas.<\/p>\n<p>La denegaci\u00f3n de su petici\u00f3n puede deberse a un error t\u00e9cnico o una aplicaci\u00f3n err\u00f3nea de la ley. Si cree que su denegaci\u00f3n fue un error, comun\u00edquese con nuestra oficina para un an\u00e1lisis de caso. Aseg\u00farese de traer copias de todos los documentos presentados anteriormente en su caso. Le asesoraremos sobre las opciones disponibles y nos aseguraremos de que todas las peticiones futuras se llenen correctamente.<\/p>\n<h2>Exenciones<\/h2>\n<p>Las leyes de inmigraci\u00f3n de Estados Unidos requieren que los solicitantes cumplan con ciertos requisitos para ser considerados elegibles o &#8220;admisibles&#8221;. Cuando un solicitante no cumple con estos requisitos, se determina que no es elegible o \u201cinadmisible\u201d. Un solicitante puede considerarse inadmisible por una o varias razones:<\/p>\n<ul>\n<li>Condenado por delitos descalificadores, delitos menores en algunos casos.<\/li>\n<li>Deportaci\u00f3n, deportaci\u00f3n o problemas fronterizos previos.<\/li>\n<li>Viol\u00f3 las condiciones del estado migratorio anterior, como viajar fuera de Estados Unidos durante un per\u00edodo demasiado largo o simplemente no actualizar un cambio de direcci\u00f3n.<\/li>\n<li>Fraude y tergiversaci\u00f3n para ingresar a Estados Unidos o para obtener un beneficio de inmigraci\u00f3n.<\/li>\n<\/ul>\n<p>Bajo ciertas circunstancias de calificaci\u00f3n, las personas que se haya determinado que son inadmisibles pueden solicitar una exenci\u00f3n. La elegibilidad para las exenciones var\u00eda, algunas dependen de las dificultades extremas para uno mismo, otras para los miembros de la familia, adem\u00e1s de otros requisitos.<\/p>\n<p>Las solicitudes de exenci\u00f3n son extremadamente dif\u00edciles de preparar y dif\u00edciles de ganar, incluso con un abogado con conocimientos y experiencia a su lado. Esto se debe a que requieren la presentaci\u00f3n de m\u00faltiples tipos de pruebas y argumentos legales, no simplemente cartas de amigos y familiares.<\/p>\n<p>Nuestra oficina ha obtenido exenciones para algunos de nuestros clientes, y si cree que usted o sus familiares se beneficiar\u00edan de una exenci\u00f3n, comun\u00edquese con nuestra oficina para una evaluaci\u00f3n detallada del caso. Le asesoraremos sobre el potencial de \u00e9xito de su caso.[\/vc_column_text][vc_separator][vc_cta h2=&#8221;Programe una consulta&#8221; add_button=&#8221;right&#8221; btn_title=&#8221;P\u00f3ngase en contacto&#8221; btn_link=&#8221;url:https%3A%2F%2Fhernandezsmithlaw.com%2Fes%2Fcontacto%2F|title:Contact&#8221; btn_el_class=&#8221;button-primary&#8221;]P\u00f3ngase en contacto para programar una hora para hablar con nuestro equipo.[\/vc_cta][\/vc_column][\/vc_row][\/vc_section]<\/p>\n<\/div>","protected":false},"excerpt":{"rendered":"<p>[vc_row full_width=&#8221;stretch_row&#8221; parallax=&#8221;content-moving-fade&#8221; parallax_speed_bg=&#8221;2.5&#8243; css=&#8221;.vc_custom_1604562056821{padding-top: 25px !important;padding-bottom: 50px !important;background-color: #29326d !important;background-position: center;background-repeat: no-repeat !important;background-size: cover !important;}&#8221;][vc_column][vc_custom_heading text=&#8221;Appeals and Waivers&#8221; font_container=&#8221;tag:h1|text_align:center|color:%23ffffff|line_height:1.2&#8243; use_theme_fonts=&#8221;yes&#8221; el_class=&#8221;page-title&#8221;][\/vc_column][\/vc_row][vc_section css=&#8221;.vc_custom_1604565905587{margin-top: 40px !important;margin-bottom: 40px !important;}&#8221;][vc_row][vc_column width=&#8221;1\/4&#8243;][vc_column_text css=&#8221;.vc_custom_1610658743495{margin-bottom: 10px !important;}&#8221;] Inmigraci\u00f3n y Ciudadan\u00eda [\/vc_column_text][vc_wp_custommenu nav_menu=&#8221;37&#8243;][\/vc_column][vc_column width=&#8221;3\/4&#8243;][vc_column_text] Apelaciones Si el Servicio de Inmigraci\u00f3n y Ciudadan\u00eda de los Estados Unidos (USCIS) deneg\u00f3 injustamente su petici\u00f3n o&hellip;<\/p>\n","protected":false},"author":4,"featured_media":0,"parent":0,"menu_order":0,"comment_status":"closed","ping_status":"closed","template":"","meta":{"_acf_changed":false,"footnotes":""},"class_list":["post-2085","page","type-page","status-publish","hentry"],"acf":[],"yoast_head":"<!-- This site is optimized with the Yoast SEO plugin v27.5 - https:\/\/yoast.com\/product\/yoast-seo-wordpress\/ -->\n<title>Apelaciones y Exenciones - Law Offices of Hernandez and Smith<\/title>\n<meta name=\"robots\" content=\"index, follow, max-snippet:-1, max-image-preview:large, max-video-preview:-1\" \/>\n<link rel=\"canonical\" href=\"https:\/\/hernandezsmithlaw.com\/es\/apelaciones-y-exenciones\/\" \/>\n<meta property=\"og:locale\" content=\"es_ES\" \/>\n<meta property=\"og:type\" content=\"article\" \/>\n<meta property=\"og:title\" content=\"Apelaciones y Exenciones - Law Offices of Hernandez and Smith\" \/>\n<meta property=\"og:description\" content=\"[vc_row full_width=&#8221;stretch_row&#8221; parallax=&#8221;content-moving-fade&#8221; parallax_speed_bg=&#8221;2.5&#8243; css=&#8221;.vc_custom_1604562056821{padding-top: 25px !important;padding-bottom: 50px !important;background-color: #29326d !important;background-position: center;background-repeat: no-repeat !important;background-size: cover !important;}&#8221;][vc_column][vc_custom_heading text=&#8221;Appeals and Waivers&#8221; font_container=&#8221;tag:h1|text_align:center|color:%23ffffff|line_height:1.2&#8243; use_theme_fonts=&#8221;yes&#8221; el_class=&#8221;page-title&#8221;][\/vc_column][\/vc_row][vc_section css=&#8221;.vc_custom_1604565905587{margin-top: 40px !important;margin-bottom: 40px !important;}&#8221;][vc_row][vc_column width=&#8221;1\/4&#8243;][vc_column_text css=&#8221;.vc_custom_1610658743495{margin-bottom: 10px !important;}&#8221;] Inmigraci\u00f3n y Ciudadan\u00eda [\/vc_column_text][vc_wp_custommenu nav_menu=&#8221;37&#8243;][\/vc_column][vc_column width=&#8221;3\/4&#8243;][vc_column_text] Apelaciones Si el Servicio de Inmigraci\u00f3n y Ciudadan\u00eda de los Estados Unidos (USCIS) deneg\u00f3 injustamente su petici\u00f3n o&hellip;\" \/>\n<meta property=\"og:url\" content=\"https:\/\/hernandezsmithlaw.com\/es\/apelaciones-y-exenciones\/\" \/>\n<meta property=\"og:site_name\" content=\"Law Offices of Hernandez and Smith\" \/>\n<meta property=\"article:modified_time\" content=\"2021-01-18T20:37:42+00:00\" \/>\n<meta name=\"twitter:card\" content=\"summary_large_image\" \/>\n<meta name=\"twitter:label1\" content=\"Est. reading time\" \/>\n\t<meta name=\"twitter:data1\" content=\"3 minutes\" \/>\n<script type=\"application\/ld+json\" class=\"yoast-schema-graph\">{\"@context\":\"https:\\\/\\\/schema.org\",\"@graph\":[{\"@type\":\"WebPage\",\"@id\":\"https:\\\/\\\/hernandezsmithlaw.com\\\/es\\\/apelaciones-y-exenciones\\\/\",\"url\":\"https:\\\/\\\/hernandezsmithlaw.com\\\/es\\\/apelaciones-y-exenciones\\\/\",\"name\":\"Apelaciones y Exenciones - Law Offices of Hernandez and Smith\",\"isPartOf\":{\"@id\":\"https:\\\/\\\/hernandezsmithlaw.com\\\/#website\"},\"datePublished\":\"2021-01-14T21:15:03+00:00\",\"dateModified\":\"2021-01-18T20:37:42+00:00\",\"breadcrumb\":{\"@id\":\"https:\\\/\\\/hernandezsmithlaw.com\\\/es\\\/apelaciones-y-exenciones\\\/#breadcrumb\"},\"inLanguage\":\"es-ES\",\"potentialAction\":[{\"@type\":\"ReadAction\",\"target\":[\"https:\\\/\\\/hernandezsmithlaw.com\\\/es\\\/apelaciones-y-exenciones\\\/\"]}]},{\"@type\":\"BreadcrumbList\",\"@id\":\"https:\\\/\\\/hernandezsmithlaw.com\\\/es\\\/apelaciones-y-exenciones\\\/#breadcrumb\",\"itemListElement\":[{\"@type\":\"ListItem\",\"position\":1,\"name\":\"Home\",\"item\":\"https:\\\/\\\/hernandezsmithlaw.com\\\/es\\\/\"},{\"@type\":\"ListItem\",\"position\":2,\"name\":\"Apelaciones y Exenciones\"}]},{\"@type\":\"WebSite\",\"@id\":\"https:\\\/\\\/hernandezsmithlaw.com\\\/#website\",\"url\":\"https:\\\/\\\/hernandezsmithlaw.com\\\/\",\"name\":\"Law Offices of Hernandez and Smith\",\"description\":\"Personal Injury | Family Law | Business Litigation | Immigration &amp; Citizenship\",\"potentialAction\":[{\"@type\":\"SearchAction\",\"target\":{\"@type\":\"EntryPoint\",\"urlTemplate\":\"https:\\\/\\\/hernandezsmithlaw.com\\\/?s={search_term_string}\"},\"query-input\":{\"@type\":\"PropertyValueSpecification\",\"valueRequired\":true,\"valueName\":\"search_term_string\"}}],\"inLanguage\":\"es-ES\"}]}<\/script>\n<!-- \/ Yoast SEO plugin. -->","yoast_head_json":{"title":"Apelaciones y Exenciones - Law Offices of Hernandez and Smith","robots":{"index":"index","follow":"follow","max-snippet":"max-snippet:-1","max-image-preview":"max-image-preview:large","max-video-preview":"max-video-preview:-1"},"canonical":"https:\/\/hernandezsmithlaw.com\/es\/apelaciones-y-exenciones\/","og_locale":"es_ES","og_type":"article","og_title":"Apelaciones y Exenciones - Law Offices of Hernandez and Smith","og_description":"[vc_row full_width=&#8221;stretch_row&#8221; parallax=&#8221;content-moving-fade&#8221; parallax_speed_bg=&#8221;2.5&#8243; css=&#8221;.vc_custom_1604562056821{padding-top: 25px !important;padding-bottom: 50px !important;background-color: #29326d !important;background-position: center;background-repeat: no-repeat !important;background-size: cover !important;}&#8221;][vc_column][vc_custom_heading text=&#8221;Appeals and Waivers&#8221; font_container=&#8221;tag:h1|text_align:center|color:%23ffffff|line_height:1.2&#8243; use_theme_fonts=&#8221;yes&#8221; el_class=&#8221;page-title&#8221;][\/vc_column][\/vc_row][vc_section css=&#8221;.vc_custom_1604565905587{margin-top: 40px !important;margin-bottom: 40px !important;}&#8221;][vc_row][vc_column width=&#8221;1\/4&#8243;][vc_column_text css=&#8221;.vc_custom_1610658743495{margin-bottom: 10px !important;}&#8221;] Inmigraci\u00f3n y Ciudadan\u00eda [\/vc_column_text][vc_wp_custommenu nav_menu=&#8221;37&#8243;][\/vc_column][vc_column width=&#8221;3\/4&#8243;][vc_column_text] Apelaciones Si el Servicio de Inmigraci\u00f3n y Ciudadan\u00eda de los Estados Unidos (USCIS) deneg\u00f3 injustamente su petici\u00f3n o&hellip;","og_url":"https:\/\/hernandezsmithlaw.com\/es\/apelaciones-y-exenciones\/","og_site_name":"Law Offices of Hernandez and Smith","article_modified_time":"2021-01-18T20:37:42+00:00","twitter_card":"summary_large_image","twitter_misc":{"Est. reading time":"3 minutes"},"schema":{"@context":"https:\/\/schema.org","@graph":[{"@type":"WebPage","@id":"https:\/\/hernandezsmithlaw.com\/es\/apelaciones-y-exenciones\/","url":"https:\/\/hernandezsmithlaw.com\/es\/apelaciones-y-exenciones\/","name":"Apelaciones y Exenciones - Law Offices of Hernandez and Smith","isPartOf":{"@id":"https:\/\/hernandezsmithlaw.com\/#website"},"datePublished":"2021-01-14T21:15:03+00:00","dateModified":"2021-01-18T20:37:42+00:00","breadcrumb":{"@id":"https:\/\/hernandezsmithlaw.com\/es\/apelaciones-y-exenciones\/#breadcrumb"},"inLanguage":"es-ES","potentialAction":[{"@type":"ReadAction","target":["https:\/\/hernandezsmithlaw.com\/es\/apelaciones-y-exenciones\/"]}]},{"@type":"BreadcrumbList","@id":"https:\/\/hernandezsmithlaw.com\/es\/apelaciones-y-exenciones\/#breadcrumb","itemListElement":[{"@type":"ListItem","position":1,"name":"Home","item":"https:\/\/hernandezsmithlaw.com\/es\/"},{"@type":"ListItem","position":2,"name":"Apelaciones y Exenciones"}]},{"@type":"WebSite","@id":"https:\/\/hernandezsmithlaw.com\/#website","url":"https:\/\/hernandezsmithlaw.com\/","name":"Law Offices of Hernandez and Smith","description":"Personal Injury | Family Law | Business Litigation | Immigration &amp; Citizenship","potentialAction":[{"@type":"SearchAction","target":{"@type":"EntryPoint","urlTemplate":"https:\/\/hernandezsmithlaw.com\/?s={search_term_string}"},"query-input":{"@type":"PropertyValueSpecification","valueRequired":true,"valueName":"search_term_string"}}],"inLanguage":"es-ES"}]}},"_links":{"self":[{"href":"https:\/\/hernandezsmithlaw.com\/es\/wp-json\/wp\/v2\/pages\/2085\/"}],"collection":[{"href":"https:\/\/hernandezsmithlaw.com\/es\/wp-json\/wp\/v2\/pages\/"}],"about":[{"href":"https:\/\/hernandezsmithlaw.com\/es\/wp-json\/wp\/v2\/types\/page\/"}],"author":[{"embeddable":true,"href":"https:\/\/hernandezsmithlaw.com\/es\/wp-json\/wp\/v2\/users\/4\/"}],"replies":[{"embeddable":true,"href":"https:\/\/hernandezsmithlaw.com\/es\/wp-json\/wp\/v2\/comments\/?post=2085"}],"version-history":[{"count":3,"href":"https:\/\/hernandezsmithlaw.com\/es\/wp-json\/wp\/v2\/pages\/2085\/revisions\/"}],"predecessor-version":[{"id":2168,"href":"https:\/\/hernandezsmithlaw.com\/es\/wp-json\/wp\/v2\/pages\/2085\/revisions\/2168\/"}],"wp:attachment":[{"href":"https:\/\/hernandezsmithlaw.com\/es\/wp-json\/wp\/v2\/media\/?parent=2085"}],"curies":[{"name":"wp","href":"https:\/\/api.w.org\/{rel}","templated":true}]}}