{"id":2092,"date":"2021-01-15T01:14:03","date_gmt":"2021-01-15T01:14:03","guid":{"rendered":"https:\/\/hernandezsmithlaw.com\/?page_id=2092"},"modified":"2021-01-18T20:38:54","modified_gmt":"2021-01-18T20:38:54","slug":"victimas-del-crimen","status":"publish","type":"page","link":"https:\/\/hernandezsmithlaw.com\/es\/victimas-del-crimen\/","title":{"rendered":"V\u00edctimas del crimen"},"content":{"rendered":"<div class=\"wpb-content-wrapper\"><p>[vc_row full_width=&#8221;stretch_row&#8221; parallax=&#8221;content-moving-fade&#8221; parallax_speed_bg=&#8221;2.5&#8243; css=&#8221;.vc_custom_1604562056821{padding-top: 25px !important;padding-bottom: 50px !important;background-color: #29326d !important;background-position: center;background-repeat: no-repeat !important;background-size: cover !important;}&#8221;][vc_column][vc_custom_heading text=&#8221;Visa disponible para v\u00edctimas del crimen&#8221; font_container=&#8221;tag:h1|text_align:center|color:%23ffffff|line_height:1.2&#8243; use_theme_fonts=&#8221;yes&#8221; el_class=&#8221;page-title&#8221;][\/vc_column][\/vc_row][vc_section css=&#8221;.vc_custom_1604565905587{margin-top: 40px !important;margin-bottom: 40px !important;}&#8221;][vc_row][vc_column width=&#8221;1\/4&#8243;][vc_column_text css=&#8221;.vc_custom_1610672186440{margin-bottom: 10px !important;}&#8221;]<\/p>\n<h4>Inmigraci\u00f3n y Ciudadan\u00eda<\/h4>\n<p>[\/vc_column_text][vc_wp_custommenu nav_menu=&#8221;37&#8243;][\/vc_column][vc_column width=&#8221;3\/4&#8243;][vc_column_text]La ley de inmigraci\u00f3n en los Estados Unidos brinda protecci\u00f3n a las v\u00edctimas de abuso dom\u00e9stico, delitos de violencia, trata de personas y varios otros delitos enumerados en la ley de inmigraci\u00f3n o actividades similares. El gobierno puede emitir visas para v\u00edctimas de delitos que tengan conocimiento de un delito y est\u00e9n dispuestas a ayudar en la investigaci\u00f3n criminal de ese delito. Los solicitantes seleccionados pueden tener que demostrar que sufrieron da\u00f1os f\u00edsicos o mentales debido al delito cometido en su contra; en otros casos, es posible que tengan que establecer las dificultades extremas que enfrentar\u00e1n si se les traslada a su pa\u00eds de origen.<\/p>\n<p>Hay varias opciones disponibles que podemos ayudarlo a obtener:<\/p>\n<h2>Visa U<\/h2>\n<p>La visa U es una v\u00eda para que las v\u00edctimas indocumentadas de delitos soliciten un estatus de visa U de no inmigrante (temporal). En algunos casos, un pariente calificado de un ciudadano estadounidense o pariente indocumentado puede ser el que ofrezca cooperaci\u00f3n y tambi\u00e9n obtenga beneficios.<\/p>\n<p>Si el solicitante ingres\u00f3 ilegalmente a los Estados Unidos, la petici\u00f3n de visa U se puede presentar junto con una petici\u00f3n para renunciar a la entrada ilegal.<\/p>\n<p>Los solicitantes principales tambi\u00e9n pueden incluir a su c\u00f3nyuge y \/ o hijos en su petici\u00f3n para obtener beneficios ellos mismos si establecen que la relaci\u00f3n familiar exist\u00eda como lo exige la ley. En un n\u00famero limitado de casos, los hermanos pueden incluirse en ciertos casos.<\/p>\n<p>Despu\u00e9s de mantener su estatus U durante al menos tres a\u00f1os, el solicitante puede solicitar el estatus de residencia permanente. Con la visa U, las personas pueden vivir y trabajar legalmente en los Estados Unidos por hasta cuatro a\u00f1os.<\/p>\n<p>Para calificar para la visa U debe:<\/p>\n<ul>\n<li>Ha sido v\u00edctima de un delito.<\/li>\n<li>Debe poder demostrar que ha sufrido dificultades f\u00edsicas o mentales como resultado<\/li>\n<li>Haber ayudado durante la investigaci\u00f3n y \/ o el enjuiciamiento del delito cometido en su contra.<\/li>\n<li>Un oficial de polic\u00eda designado, juez, fiscal u otro representante del gobierno asociado con su caso criminal, debe firmar un formulario de certificaci\u00f3n de visa U, verificando que se cumplan los elementos anteriores.<\/li>\n<\/ul>\n<h2>Visa T de no inmigrante<\/h2>\n<p>Dise\u00f1ada espec\u00edficamente para v\u00edctimas de la trata de personas, la visa T est\u00e1 disponible para cualquier ciudadano extranjero que haya sido forzado a realizar trabajo o trabajo sexual mientras estaba en los EE. UU. Una vez aprobada, la persona puede permanecer temporalmente en los Estados Unidos y ser elegible para trabajar mientras est\u00e9 aqu\u00ed.<\/p>\n<p>Para calificar para la visa T debe:<\/p>\n<ul>\n<li>Ha sido v\u00edctima de trata de personas.<\/li>\n<li>Estar en los Estados Unidos<\/li>\n<li>Ayudar en la investigaci\u00f3n<\/li>\n<li>Demuestre que enfrentar\u00eda dificultades extremas si lo expulsaran de los Estados Unidos<\/li>\n<\/ul>\n<p>La trata de personas generalmente comienza en otro pa\u00eds con la promesa de un trabajo o una vida mejor en los Estados Unidos, pero r\u00e1pidamente se estropea una vez que se ingresa a los Estados Unidos y, en muchos casos, esto se hace de manera ilegal. Como resultado, las solicitudes para la visa T com\u00fanmente se presentan junto con una petici\u00f3n para renunciar a la entrada ilegal. Los solicitantes tambi\u00e9n pueden incluir miembros de la familia inmediata en su petici\u00f3n. La visa T es v\u00e1lida solo por tres a\u00f1os, despu\u00e9s de los cuales, el titular de la visa se vuelve elegible para solicitar el estado de residencia permanente.<\/p>\n<h2>Visa S de no inmigrante<\/h2>\n<p>La visa S es una visa temporal otorgada a testigos de un crimen e informantes (y su c\u00f3nyuge y \/ o hijos), siempre que ayuden en la investigaci\u00f3n. La visa se puede otorgar a aquellos fuera de los Estados Unidos que deseen venir aqu\u00ed, o que ya se encuentren en los Estados Unidos, y tengan informaci\u00f3n pertinente sobre la actividad delictiva (incluidos los delitos que a\u00fan no se han cometido). La visa es v\u00e1lida mientras se necesite a la persona para la investigaci\u00f3n o el juicio posterior. Al completar su servicio a las fuerzas del orden p\u00fablico, el individuo es elegible para solicitar el estatus de residencia permanente.<\/p>\n<p>Para las personas que deseen obtener el estado de residencia permanente despu\u00e9s de tener con \u00e9xito una visa S, es importante tener en cuenta que la agencia de aplicaci\u00f3n de la ley tendr\u00e1 que presentar una petici\u00f3n en su nombre antes de que pueda enviar su solicitud.<\/p>\n<h2>VAWA<\/h2>\n<p>Si est\u00e1 casado (o se ha divorciado recientemente de) un residente permanente legal abusivo o un ciudadano de los Estados Unidos, entonces puede calificar para auto-solicitar el estatus de residencia permanente bajo VAWA, o la Ley de Violencia contra la Mujer. El estatus de residencia permanente se puede otorgar sin la ayuda o el conocimiento del c\u00f3nyuge abusivo.<\/p>\n<p>Sin embargo, si el c\u00f3nyuge abusivo no es ciudadano de los Estados Unidos o no tiene un estado de residencia permanente, o el abusador y la v\u00edctima no est\u00e1n legalmente casados, entonces la v\u00edctima del abuso no ser\u00e1 elegible para el estado de residencia permanente bajo VAWA; sin embargo, pueden ser elegibles para una visa U en su lugar.[\/vc_column_text][vc_separator][vc_cta h2=&#8221;Programe una consulta&#8221; add_button=&#8221;right&#8221; btn_title=&#8221;P\u00f3ngase en contacto&#8221; btn_link=&#8221;url:https%3A%2F%2Fhernandezsmithlaw.com%2Fes%2Fcontacto%2F|title:Contacto&#8221; btn_el_class=&#8221;button-primary&#8221;]P\u00f3ngase en contacto para programar una hora para hablar con nuestro equipo.[\/vc_cta][\/vc_column][\/vc_row][\/vc_section]<\/p>\n<\/div>","protected":false},"excerpt":{"rendered":"<p>[vc_row full_width=&#8221;stretch_row&#8221; parallax=&#8221;content-moving-fade&#8221; parallax_speed_bg=&#8221;2.5&#8243; css=&#8221;.vc_custom_1604562056821{padding-top: 25px !important;padding-bottom: 50px !important;background-color: #29326d !important;background-position: center;background-repeat: no-repeat !important;background-size: cover !important;}&#8221;][vc_column][vc_custom_heading text=&#8221;Visa disponible para v\u00edctimas del crimen&#8221; font_container=&#8221;tag:h1|text_align:center|color:%23ffffff|line_height:1.2&#8243; use_theme_fonts=&#8221;yes&#8221; el_class=&#8221;page-title&#8221;][\/vc_column][\/vc_row][vc_section css=&#8221;.vc_custom_1604565905587{margin-top: 40px !important;margin-bottom: 40px !important;}&#8221;][vc_row][vc_column width=&#8221;1\/4&#8243;][vc_column_text css=&#8221;.vc_custom_1610672186440{margin-bottom: 10px !important;}&#8221;] Inmigraci\u00f3n y Ciudadan\u00eda [\/vc_column_text][vc_wp_custommenu nav_menu=&#8221;37&#8243;][\/vc_column][vc_column width=&#8221;3\/4&#8243;][vc_column_text]La ley de inmigraci\u00f3n en los Estados Unidos brinda protecci\u00f3n a las v\u00edctimas de abuso dom\u00e9stico,&hellip;<\/p>\n","protected":false},"author":4,"featured_media":0,"parent":0,"menu_order":0,"comment_status":"closed","ping_status":"closed","template":"","meta":{"_acf_changed":false,"footnotes":""},"class_list":["post-2092","page","type-page","status-publish","hentry"],"acf":[],"yoast_head":"<!-- This site is optimized with the Yoast SEO plugin v27.5 - https:\/\/yoast.com\/product\/yoast-seo-wordpress\/ -->\n<title>V\u00edctimas del crimen - Law Offices of Hernandez and Smith<\/title>\n<meta name=\"description\" content=\"La ley de inmigraci\u00f3n en los EE. UU. Brinda varios tipos de protecci\u00f3n para las v\u00edctimas de abuso dom\u00e9stico, trata de personas y otros delitos importantes.\" \/>\n<meta name=\"robots\" content=\"index, follow, max-snippet:-1, max-image-preview:large, max-video-preview:-1\" \/>\n<link rel=\"canonical\" href=\"https:\/\/hernandezsmithlaw.com\/es\/victimas-del-crimen\/\" \/>\n<meta property=\"og:locale\" content=\"es_ES\" \/>\n<meta property=\"og:type\" content=\"article\" \/>\n<meta property=\"og:title\" content=\"V\u00edctimas del crimen - Law Offices of Hernandez and Smith\" \/>\n<meta property=\"og:description\" content=\"La ley de inmigraci\u00f3n en los EE. UU. Brinda varios tipos de protecci\u00f3n para las v\u00edctimas de abuso dom\u00e9stico, trata de personas y otros delitos importantes.\" \/>\n<meta property=\"og:url\" content=\"https:\/\/hernandezsmithlaw.com\/es\/victimas-del-crimen\/\" \/>\n<meta property=\"og:site_name\" content=\"Law Offices of Hernandez and Smith\" \/>\n<meta property=\"article:modified_time\" content=\"2021-01-18T20:38:54+00:00\" \/>\n<meta name=\"twitter:card\" content=\"summary_large_image\" \/>\n<meta name=\"twitter:label1\" content=\"Est. reading time\" \/>\n\t<meta name=\"twitter:data1\" content=\"5 minutes\" \/>\n<script type=\"application\/ld+json\" class=\"yoast-schema-graph\">{\"@context\":\"https:\\\/\\\/schema.org\",\"@graph\":[{\"@type\":\"WebPage\",\"@id\":\"https:\\\/\\\/hernandezsmithlaw.com\\\/es\\\/victimas-del-crimen\\\/\",\"url\":\"https:\\\/\\\/hernandezsmithlaw.com\\\/es\\\/victimas-del-crimen\\\/\",\"name\":\"V\u00edctimas del crimen - Law Offices of Hernandez and Smith\",\"isPartOf\":{\"@id\":\"https:\\\/\\\/hernandezsmithlaw.com\\\/#website\"},\"datePublished\":\"2021-01-15T01:14:03+00:00\",\"dateModified\":\"2021-01-18T20:38:54+00:00\",\"description\":\"La ley de inmigraci\u00f3n en los EE. UU. Brinda varios tipos de protecci\u00f3n para las v\u00edctimas de abuso dom\u00e9stico, trata de personas y otros delitos importantes.\",\"breadcrumb\":{\"@id\":\"https:\\\/\\\/hernandezsmithlaw.com\\\/es\\\/victimas-del-crimen\\\/#breadcrumb\"},\"inLanguage\":\"es-ES\",\"potentialAction\":[{\"@type\":\"ReadAction\",\"target\":[\"https:\\\/\\\/hernandezsmithlaw.com\\\/es\\\/victimas-del-crimen\\\/\"]}]},{\"@type\":\"BreadcrumbList\",\"@id\":\"https:\\\/\\\/hernandezsmithlaw.com\\\/es\\\/victimas-del-crimen\\\/#breadcrumb\",\"itemListElement\":[{\"@type\":\"ListItem\",\"position\":1,\"name\":\"Home\",\"item\":\"https:\\\/\\\/hernandezsmithlaw.com\\\/es\\\/\"},{\"@type\":\"ListItem\",\"position\":2,\"name\":\"V\u00edctimas del crimen\"}]},{\"@type\":\"WebSite\",\"@id\":\"https:\\\/\\\/hernandezsmithlaw.com\\\/#website\",\"url\":\"https:\\\/\\\/hernandezsmithlaw.com\\\/\",\"name\":\"Law Offices of Hernandez and Smith\",\"description\":\"Personal Injury | Family Law | Business Litigation | Immigration &amp; Citizenship\",\"potentialAction\":[{\"@type\":\"SearchAction\",\"target\":{\"@type\":\"EntryPoint\",\"urlTemplate\":\"https:\\\/\\\/hernandezsmithlaw.com\\\/?s={search_term_string}\"},\"query-input\":{\"@type\":\"PropertyValueSpecification\",\"valueRequired\":true,\"valueName\":\"search_term_string\"}}],\"inLanguage\":\"es-ES\"}]}<\/script>\n<!-- \/ Yoast SEO plugin. -->","yoast_head_json":{"title":"V\u00edctimas del crimen - Law Offices of Hernandez and Smith","description":"La ley de inmigraci\u00f3n en los EE. UU. Brinda varios tipos de protecci\u00f3n para las v\u00edctimas de abuso dom\u00e9stico, trata de personas y otros delitos importantes.","robots":{"index":"index","follow":"follow","max-snippet":"max-snippet:-1","max-image-preview":"max-image-preview:large","max-video-preview":"max-video-preview:-1"},"canonical":"https:\/\/hernandezsmithlaw.com\/es\/victimas-del-crimen\/","og_locale":"es_ES","og_type":"article","og_title":"V\u00edctimas del crimen - Law Offices of Hernandez and Smith","og_description":"La ley de inmigraci\u00f3n en los EE. UU. Brinda varios tipos de protecci\u00f3n para las v\u00edctimas de abuso dom\u00e9stico, trata de personas y otros delitos importantes.","og_url":"https:\/\/hernandezsmithlaw.com\/es\/victimas-del-crimen\/","og_site_name":"Law Offices of Hernandez and Smith","article_modified_time":"2021-01-18T20:38:54+00:00","twitter_card":"summary_large_image","twitter_misc":{"Est. reading time":"5 minutes"},"schema":{"@context":"https:\/\/schema.org","@graph":[{"@type":"WebPage","@id":"https:\/\/hernandezsmithlaw.com\/es\/victimas-del-crimen\/","url":"https:\/\/hernandezsmithlaw.com\/es\/victimas-del-crimen\/","name":"V\u00edctimas del crimen - Law Offices of Hernandez and Smith","isPartOf":{"@id":"https:\/\/hernandezsmithlaw.com\/#website"},"datePublished":"2021-01-15T01:14:03+00:00","dateModified":"2021-01-18T20:38:54+00:00","description":"La ley de inmigraci\u00f3n en los EE. UU. Brinda varios tipos de protecci\u00f3n para las v\u00edctimas de abuso dom\u00e9stico, trata de personas y otros delitos importantes.","breadcrumb":{"@id":"https:\/\/hernandezsmithlaw.com\/es\/victimas-del-crimen\/#breadcrumb"},"inLanguage":"es-ES","potentialAction":[{"@type":"ReadAction","target":["https:\/\/hernandezsmithlaw.com\/es\/victimas-del-crimen\/"]}]},{"@type":"BreadcrumbList","@id":"https:\/\/hernandezsmithlaw.com\/es\/victimas-del-crimen\/#breadcrumb","itemListElement":[{"@type":"ListItem","position":1,"name":"Home","item":"https:\/\/hernandezsmithlaw.com\/es\/"},{"@type":"ListItem","position":2,"name":"V\u00edctimas del crimen"}]},{"@type":"WebSite","@id":"https:\/\/hernandezsmithlaw.com\/#website","url":"https:\/\/hernandezsmithlaw.com\/","name":"Law Offices of Hernandez and Smith","description":"Personal Injury | Family Law | Business Litigation | Immigration &amp; Citizenship","potentialAction":[{"@type":"SearchAction","target":{"@type":"EntryPoint","urlTemplate":"https:\/\/hernandezsmithlaw.com\/?s={search_term_string}"},"query-input":{"@type":"PropertyValueSpecification","valueRequired":true,"valueName":"search_term_string"}}],"inLanguage":"es-ES"}]}},"_links":{"self":[{"href":"https:\/\/hernandezsmithlaw.com\/es\/wp-json\/wp\/v2\/pages\/2092\/"}],"collection":[{"href":"https:\/\/hernandezsmithlaw.com\/es\/wp-json\/wp\/v2\/pages\/"}],"about":[{"href":"https:\/\/hernandezsmithlaw.com\/es\/wp-json\/wp\/v2\/types\/page\/"}],"author":[{"embeddable":true,"href":"https:\/\/hernandezsmithlaw.com\/es\/wp-json\/wp\/v2\/users\/4\/"}],"replies":[{"embeddable":true,"href":"https:\/\/hernandezsmithlaw.com\/es\/wp-json\/wp\/v2\/comments\/?post=2092"}],"version-history":[{"count":3,"href":"https:\/\/hernandezsmithlaw.com\/es\/wp-json\/wp\/v2\/pages\/2092\/revisions\/"}],"predecessor-version":[{"id":2169,"href":"https:\/\/hernandezsmithlaw.com\/es\/wp-json\/wp\/v2\/pages\/2092\/revisions\/2169\/"}],"wp:attachment":[{"href":"https:\/\/hernandezsmithlaw.com\/es\/wp-json\/wp\/v2\/media\/?parent=2092"}],"curies":[{"name":"wp","href":"https:\/\/api.w.org\/{rel}","templated":true}]}}