{"id":2098,"date":"2021-01-15T19:36:43","date_gmt":"2021-01-15T19:36:43","guid":{"rendered":"https:\/\/hernandezsmithlaw.com\/?page_id=2098"},"modified":"2021-01-18T20:39:44","modified_gmt":"2021-01-18T20:39:44","slug":"asilo","status":"publish","type":"page","link":"https:\/\/hernandezsmithlaw.com\/es\/asilo\/","title":{"rendered":"Asilo y estado de protecci\u00f3n temporal"},"content":{"rendered":"<div class=\"wpb-content-wrapper\"><p>[vc_row full_width=&#8221;stretch_row&#8221; parallax=&#8221;content-moving-fade&#8221; parallax_speed_bg=&#8221;2.5&#8243; css=&#8221;.vc_custom_1604562056821{padding-top: 25px !important;padding-bottom: 50px !important;background-color: #29326d !important;background-position: center;background-repeat: no-repeat !important;background-size: cover !important;}&#8221;][vc_column][vc_custom_heading text=&#8221;Asilo y estado de protecci\u00f3n temporal&#8221; font_container=&#8221;tag:h1|text_align:center|color:%23ffffff|line_height:1.2&#8243; use_theme_fonts=&#8221;yes&#8221; el_class=&#8221;page-title&#8221;][\/vc_column][\/vc_row][vc_section css=&#8221;.vc_custom_1604565905587{margin-top: 40px !important;margin-bottom: 40px !important;}&#8221;][vc_row][vc_column width=&#8221;1\/4&#8243;][vc_column_text css=&#8221;.vc_custom_1610739143558{margin-bottom: 10px !important;}&#8221;]<\/p>\n<h4>Inmigraci\u00f3n y Ciudadan\u00eda<\/h4>\n<p>[\/vc_column_text][vc_wp_custommenu nav_menu=&#8221;37&#8243;][\/vc_column][vc_column width=&#8221;3\/4&#8243;][vc_column_text]<\/p>\n<div class=\"fusion-text\">\n<h2>Asilo<\/h2>\n<p>Seg\u00fan las leyes de asilo, el gobierno de los Estados Unidos puede otorgar seguridad a una persona elegible que haya sufrido o tenga buenas razones para temer sufrir en su pa\u00eds de origen bajo ciertas condiciones. Algunos ejemplos de da\u00f1os sufridos o temidos pueden incluir:<\/p>\n<ul>\n<li>Tortura<\/li>\n<li>Encarcelamiento o detenciones ilegales<\/li>\n<li>Amenazas de muerte<\/li>\n<\/ul>\n<p>Para calificar para el asilo, el da\u00f1o debe surgir de la persona:<\/p>\n<ul>\n<li>Raza<\/li>\n<li>Religi\u00f3n<\/li>\n<li>Nacionalidad<\/li>\n<li>Membres\u00eda en un grupo social en particular (por ejemplo, la comunidad LGBTQ)<\/li>\n<li>Opini\u00f3n pol\u00edtica<\/li>\n<\/ul>\n<p>Si su c\u00f3nyuge y \/ o hijos (menores de 21 a\u00f1os y solteros) est\u00e1n presentes con usted en los Estados Unidos, puede incluirlos en su solicitud. Si no es as\u00ed, primero se le deber\u00e1 otorgar asilo antes de que pueda solicitar traer a los miembros de su familia a los Estados alguien a quien se le otorgue asilo ser\u00e1 elegible para trabajar legalmente en los Estados Unidos, establecer la elegibilidad para el estado de residencia legal permanente y, finalmente, la naturalizaci\u00f3n.<\/p>\n<p>Si cree que califica para recibir asilo, debe consultar con uno de nuestros abogados de inmediato, ya que las solicitudes para dicho estado deben presentarse dentro de un a\u00f1o de su entrada a los Estados Unidos.<\/p>\n<h2>Estatus de protecci\u00f3n temporal<\/h2>\n<p>Los ciudadanos extranjeros pueden estar protegidos de la deportaci\u00f3n si el gobierno de los Estados Unidos considera que su pa\u00eds de origen no es seguro para regresar, o si su gobierno no puede manejar el regreso de sus ciudadanos. Los escenarios elegibles pueden incluir guerra civil o conflicto armado en curso, un desastre ambiental o circunstancias extremas similares.<\/p>\n<p>Si una persona se registra adecuadamente para estatus de protecci\u00f3n temporal, asumiendo que se cumplen otras condiciones, \u00e9l o ella:<\/p>\n<ol>\n<li>No ser\u00e1 removido \/ deportado<\/li>\n<li>No ser\u00e1 detenido por el Departamento de Seguridad Nacional, a menos que haya un problema criminal subyacente.<\/li>\n<li>Puede obtener un permiso de trabajo<\/li>\n<li>Puede solicitar un documento de viaje.<\/li>\n<\/ol>\n<p>Una concesi\u00f3n de estatus de protecci\u00f3n tempora, por s\u00ed sola, no permite que una persona solicite la residencia permanente; sin embargo, estatus de protecci\u00f3n tempora permite que una persona permanezca en los Estados Unidos y, en algunas jurisdicciones, pueden solicitar la residencia permanente por otros medios.<\/p>\n<\/div>\n<p>[\/vc_column_text][vc_separator][vc_cta h2=&#8221;Programe una consulta&#8221; add_button=&#8221;right&#8221; btn_title=&#8221;P\u00f3ngase en contacto&#8221; btn_link=&#8221;url:https%3A%2F%2Fhernandezsmithlaw.com%2Fes%2Fcontacto%2F|title:Contact&#8221; btn_el_class=&#8221;button-primary&#8221;]P\u00f3ngase en contacto para programar una hora para hablar con nuestro equipo.[\/vc_cta][\/vc_column][\/vc_row][\/vc_section]<\/p>\n<\/div>","protected":false},"excerpt":{"rendered":"<p>[vc_row full_width=&#8221;stretch_row&#8221; parallax=&#8221;content-moving-fade&#8221; parallax_speed_bg=&#8221;2.5&#8243; css=&#8221;.vc_custom_1604562056821{padding-top: 25px !important;padding-bottom: 50px !important;background-color: #29326d !important;background-position: center;background-repeat: no-repeat !important;background-size: cover !important;}&#8221;][vc_column][vc_custom_heading text=&#8221;Asilo y estado de protecci\u00f3n temporal&#8221; font_container=&#8221;tag:h1|text_align:center|color:%23ffffff|line_height:1.2&#8243; use_theme_fonts=&#8221;yes&#8221; el_class=&#8221;page-title&#8221;][\/vc_column][\/vc_row][vc_section css=&#8221;.vc_custom_1604565905587{margin-top: 40px !important;margin-bottom: 40px !important;}&#8221;][vc_row][vc_column width=&#8221;1\/4&#8243;][vc_column_text css=&#8221;.vc_custom_1610739143558{margin-bottom: 10px !important;}&#8221;] Inmigraci\u00f3n y Ciudadan\u00eda [\/vc_column_text][vc_wp_custommenu nav_menu=&#8221;37&#8243;][\/vc_column][vc_column width=&#8221;3\/4&#8243;][vc_column_text] Asilo Seg\u00fan las leyes de asilo, el gobierno de los Estados Unidos puede otorgar seguridad&hellip;<\/p>\n","protected":false},"author":4,"featured_media":0,"parent":0,"menu_order":0,"comment_status":"closed","ping_status":"closed","template":"","meta":{"_acf_changed":false,"footnotes":""},"class_list":["post-2098","page","type-page","status-publish","hentry"],"acf":[],"yoast_head":"<!-- This site is optimized with the Yoast SEO plugin v27.5 - https:\/\/yoast.com\/product\/yoast-seo-wordpress\/ -->\n<title>Asilo y estado de protecci\u00f3n temporal - Law Offices of Hernandez and Smith<\/title>\n<meta name=\"description\" content=\"Si cree que califica para recibir asilo, debe consultar con uno de nuestros abogados de inmigraci\u00f3n de inmediato. (813) 448-6573.\" \/>\n<meta name=\"robots\" content=\"index, follow, max-snippet:-1, max-image-preview:large, max-video-preview:-1\" \/>\n<link rel=\"canonical\" href=\"https:\/\/hernandezsmithlaw.com\/es\/asilo\/\" \/>\n<meta property=\"og:locale\" content=\"es_ES\" \/>\n<meta property=\"og:type\" content=\"article\" \/>\n<meta property=\"og:title\" content=\"Asilo y estado de protecci\u00f3n temporal - Law Offices of Hernandez and Smith\" \/>\n<meta property=\"og:description\" content=\"Si cree que califica para recibir asilo, debe consultar con uno de nuestros abogados de inmigraci\u00f3n de inmediato. (813) 448-6573.\" \/>\n<meta property=\"og:url\" content=\"https:\/\/hernandezsmithlaw.com\/es\/asilo\/\" \/>\n<meta property=\"og:site_name\" content=\"Law Offices of Hernandez and Smith\" \/>\n<meta property=\"article:modified_time\" content=\"2021-01-18T20:39:44+00:00\" \/>\n<meta name=\"twitter:card\" content=\"summary_large_image\" \/>\n<meta name=\"twitter:label1\" content=\"Est. reading time\" \/>\n\t<meta name=\"twitter:data1\" content=\"3 minutes\" \/>\n<script type=\"application\/ld+json\" class=\"yoast-schema-graph\">{\"@context\":\"https:\\\/\\\/schema.org\",\"@graph\":[{\"@type\":\"WebPage\",\"@id\":\"https:\\\/\\\/hernandezsmithlaw.com\\\/es\\\/asilo\\\/\",\"url\":\"https:\\\/\\\/hernandezsmithlaw.com\\\/es\\\/asilo\\\/\",\"name\":\"Asilo y estado de protecci\u00f3n temporal - Law Offices of Hernandez and Smith\",\"isPartOf\":{\"@id\":\"https:\\\/\\\/hernandezsmithlaw.com\\\/#website\"},\"datePublished\":\"2021-01-15T19:36:43+00:00\",\"dateModified\":\"2021-01-18T20:39:44+00:00\",\"description\":\"Si cree que califica para recibir asilo, debe consultar con uno de nuestros abogados de inmigraci\u00f3n de inmediato. (813) 448-6573.\",\"breadcrumb\":{\"@id\":\"https:\\\/\\\/hernandezsmithlaw.com\\\/es\\\/asilo\\\/#breadcrumb\"},\"inLanguage\":\"es-ES\",\"potentialAction\":[{\"@type\":\"ReadAction\",\"target\":[\"https:\\\/\\\/hernandezsmithlaw.com\\\/es\\\/asilo\\\/\"]}]},{\"@type\":\"BreadcrumbList\",\"@id\":\"https:\\\/\\\/hernandezsmithlaw.com\\\/es\\\/asilo\\\/#breadcrumb\",\"itemListElement\":[{\"@type\":\"ListItem\",\"position\":1,\"name\":\"Home\",\"item\":\"https:\\\/\\\/hernandezsmithlaw.com\\\/es\\\/\"},{\"@type\":\"ListItem\",\"position\":2,\"name\":\"Asilo y estado de protecci\u00f3n temporal\"}]},{\"@type\":\"WebSite\",\"@id\":\"https:\\\/\\\/hernandezsmithlaw.com\\\/#website\",\"url\":\"https:\\\/\\\/hernandezsmithlaw.com\\\/\",\"name\":\"Law Offices of Hernandez and Smith\",\"description\":\"Personal Injury | Family Law | Business Litigation | Immigration &amp; Citizenship\",\"potentialAction\":[{\"@type\":\"SearchAction\",\"target\":{\"@type\":\"EntryPoint\",\"urlTemplate\":\"https:\\\/\\\/hernandezsmithlaw.com\\\/?s={search_term_string}\"},\"query-input\":{\"@type\":\"PropertyValueSpecification\",\"valueRequired\":true,\"valueName\":\"search_term_string\"}}],\"inLanguage\":\"es-ES\"}]}<\/script>\n<!-- \/ Yoast SEO plugin. -->","yoast_head_json":{"title":"Asilo y estado de protecci\u00f3n temporal - Law Offices of Hernandez and Smith","description":"Si cree que califica para recibir asilo, debe consultar con uno de nuestros abogados de inmigraci\u00f3n de inmediato. (813) 448-6573.","robots":{"index":"index","follow":"follow","max-snippet":"max-snippet:-1","max-image-preview":"max-image-preview:large","max-video-preview":"max-video-preview:-1"},"canonical":"https:\/\/hernandezsmithlaw.com\/es\/asilo\/","og_locale":"es_ES","og_type":"article","og_title":"Asilo y estado de protecci\u00f3n temporal - Law Offices of Hernandez and Smith","og_description":"Si cree que califica para recibir asilo, debe consultar con uno de nuestros abogados de inmigraci\u00f3n de inmediato. (813) 448-6573.","og_url":"https:\/\/hernandezsmithlaw.com\/es\/asilo\/","og_site_name":"Law Offices of Hernandez and Smith","article_modified_time":"2021-01-18T20:39:44+00:00","twitter_card":"summary_large_image","twitter_misc":{"Est. reading time":"3 minutes"},"schema":{"@context":"https:\/\/schema.org","@graph":[{"@type":"WebPage","@id":"https:\/\/hernandezsmithlaw.com\/es\/asilo\/","url":"https:\/\/hernandezsmithlaw.com\/es\/asilo\/","name":"Asilo y estado de protecci\u00f3n temporal - Law Offices of Hernandez and Smith","isPartOf":{"@id":"https:\/\/hernandezsmithlaw.com\/#website"},"datePublished":"2021-01-15T19:36:43+00:00","dateModified":"2021-01-18T20:39:44+00:00","description":"Si cree que califica para recibir asilo, debe consultar con uno de nuestros abogados de inmigraci\u00f3n de inmediato. (813) 448-6573.","breadcrumb":{"@id":"https:\/\/hernandezsmithlaw.com\/es\/asilo\/#breadcrumb"},"inLanguage":"es-ES","potentialAction":[{"@type":"ReadAction","target":["https:\/\/hernandezsmithlaw.com\/es\/asilo\/"]}]},{"@type":"BreadcrumbList","@id":"https:\/\/hernandezsmithlaw.com\/es\/asilo\/#breadcrumb","itemListElement":[{"@type":"ListItem","position":1,"name":"Home","item":"https:\/\/hernandezsmithlaw.com\/es\/"},{"@type":"ListItem","position":2,"name":"Asilo y estado de protecci\u00f3n temporal"}]},{"@type":"WebSite","@id":"https:\/\/hernandezsmithlaw.com\/#website","url":"https:\/\/hernandezsmithlaw.com\/","name":"Law Offices of Hernandez and Smith","description":"Personal Injury | Family Law | Business Litigation | Immigration &amp; Citizenship","potentialAction":[{"@type":"SearchAction","target":{"@type":"EntryPoint","urlTemplate":"https:\/\/hernandezsmithlaw.com\/?s={search_term_string}"},"query-input":{"@type":"PropertyValueSpecification","valueRequired":true,"valueName":"search_term_string"}}],"inLanguage":"es-ES"}]}},"_links":{"self":[{"href":"https:\/\/hernandezsmithlaw.com\/es\/wp-json\/wp\/v2\/pages\/2098\/"}],"collection":[{"href":"https:\/\/hernandezsmithlaw.com\/es\/wp-json\/wp\/v2\/pages\/"}],"about":[{"href":"https:\/\/hernandezsmithlaw.com\/es\/wp-json\/wp\/v2\/types\/page\/"}],"author":[{"embeddable":true,"href":"https:\/\/hernandezsmithlaw.com\/es\/wp-json\/wp\/v2\/users\/4\/"}],"replies":[{"embeddable":true,"href":"https:\/\/hernandezsmithlaw.com\/es\/wp-json\/wp\/v2\/comments\/?post=2098"}],"version-history":[{"count":2,"href":"https:\/\/hernandezsmithlaw.com\/es\/wp-json\/wp\/v2\/pages\/2098\/revisions\/"}],"predecessor-version":[{"id":2170,"href":"https:\/\/hernandezsmithlaw.com\/es\/wp-json\/wp\/v2\/pages\/2098\/revisions\/2170\/"}],"wp:attachment":[{"href":"https:\/\/hernandezsmithlaw.com\/es\/wp-json\/wp\/v2\/media\/?parent=2098"}],"curies":[{"name":"wp","href":"https:\/\/api.w.org\/{rel}","templated":true}]}}