{"id":2113,"date":"2021-01-18T16:42:31","date_gmt":"2021-01-18T16:42:31","guid":{"rendered":"https:\/\/hernandezsmithlaw.com\/?page_id=2113"},"modified":"2021-01-18T20:45:34","modified_gmt":"2021-01-18T20:45:34","slug":"tarjeta-verde-residencia-permanente","status":"publish","type":"page","link":"https:\/\/hernandezsmithlaw.com\/es\/tarjeta-verde-residencia-permanente\/","title":{"rendered":"Tarjeta verde \/ residencia permanente"},"content":{"rendered":"<div class=\"wpb-content-wrapper\"><p>[vc_row full_width=&#8221;stretch_row&#8221; parallax=&#8221;content-moving-fade&#8221; parallax_speed_bg=&#8221;2.5&#8243; css=&#8221;.vc_custom_1604562056821{padding-top: 25px !important;padding-bottom: 50px !important;background-color: #29326d !important;background-position: center;background-repeat: no-repeat !important;background-size: cover !important;}&#8221;][vc_column][vc_custom_heading text=&#8221;Tarjeta verde \/ residencia permanente&#8221; font_container=&#8221;tag:h1|text_align:center|color:%23ffffff|line_height:1.2&#8243; use_theme_fonts=&#8221;yes&#8221; el_class=&#8221;page-title&#8221;][\/vc_column][\/vc_row][vc_section css=&#8221;.vc_custom_1604565905587{margin-top: 40px !important;margin-bottom: 40px !important;}&#8221;][vc_row][vc_column width=&#8221;1\/4&#8243;][vc_column_text css=&#8221;.vc_custom_1610987804355{margin-bottom: 10px !important;}&#8221;]<\/p>\n<h4>Inmigraci\u00f3n y Ciudadan\u00eda<\/h4>\n<p>[\/vc_column_text][vc_wp_custommenu nav_menu=&#8221;37&#8243;][\/vc_column][vc_column width=&#8221;3\/4&#8243;][vc_column_text]Una &#8220;tarjeta verde&#8221; es un apodo proporcionado a una tarjeta de identificaci\u00f3n de residente permanente de los Estados Unidos debido a su color anterior. Una tarjeta verde la posee un no ciudadano que le permite vivir permanentemente en los Estados Unidos y trabajar.<\/p>\n<h3>\u00bfC\u00f3mo obtengo una tarjeta verde?<\/h3>\n<p>Antes de solicitar una tarjeta verde, primero debe ser patrocinado por un familiar directo que ya sea residente permanente o ciudadano estadounidense. Los familiares inmediatos incluyen a sus padres, c\u00f3nyuge o hijos (mayores de 21 a\u00f1os). Es posible que otros miembros de la familia puedan patrocinarlo, sin embargo, el proceso puede demorar m\u00e1s y requerir m\u00e1s documentaci\u00f3n. Tambi\u00e9n puede ser patrocinado por su empleador u obtener una tarjeta de residencia a trav\u00e9s de asilo u otras excepciones.<\/p>\n<p>Una vez que tenga un camino hacia una tarjeta verde, debe cumplir con ciertos requisitos de elegibilidad, que incluyen:<\/p>\n<ul>\n<li>Debe ser considerado admisible en los Estados Unidos (lo que significa que ingres\u00f3 a los Estados Unidos legalmente, no ha cometido un delito grave u otros delitos espec\u00edficos, no es una amenaza para la seguridad nacional, no ha cometido infracciones de inmigraci\u00f3n descalificantes como fraude y tergiversaci\u00f3n para obtener un beneficio , etc.)<\/li>\n<li>Debes tener una visa de inmigrante disponible o en ciertos casos regresar a tu pa\u00eds de origen para un proceso consular.<\/li>\n<li>Cumplir con los requisitos para una de las categor\u00edas de inmigrantes enumeradas en la Ley de Inmigraci\u00f3n y Nacionalidad (INA).<\/li>\n<\/ul>\n<p>Los pasos generales para obtener una tarjeta verde son:<\/p>\n<ol>\n<li><strong>Petici\u00f3n<\/strong>: Su patrocinador deber\u00e1 presentar una petici\u00f3n de inmigraci\u00f3n en su nombre, a menos que solicite una tarjeta de residencia a trav\u00e9s de asilo u otra excepci\u00f3n.<\/li>\n<li><strong>Petici\u00f3n aprobad<\/strong>a: una vez que la petici\u00f3n haya sido aprobada, enviar\u00e1 su solicitud y cualquier documentaci\u00f3n requerida al USCIS.<\/li>\n<li><strong>Cita biom\u00e9trica<\/strong>: en esta cita, se le tomar\u00e1n las huellas digitales, se le tomar\u00e1 una foto y se registrar\u00e1 su firma.<\/li>\n<li><strong>Entrevista<\/strong>: Durante el proceso de entrevista, se reunir\u00e1 con un agente de USCIS, embajada o consulado, cualquier agencia o departamento que tenga jurisdicci\u00f3n sobre su caso. Su elegibilidad para una tarjeta de residencia se revisar\u00e1 durante esta entrevista.<\/li>\n<li><strong>Decisi\u00f3n<\/strong>: Despu\u00e9s de su entrevista, recibir\u00e1 una notificaci\u00f3n del USCIS o del consulado si se aprob\u00f3 su residencia. Si su solicitud fue rechazada, recibir\u00e1 informaci\u00f3n sobre c\u00f3mo presentar una apelaci\u00f3n.<\/li>\n<\/ol>\n<p>Si se le otorga una tarjeta de residencia condicional, sepa que solo es v\u00e1lida por 2 a\u00f1os. Dentro de los 90 d\u00edas antes de la expiraci\u00f3n de su tarjeta de residencia condicional de dos a\u00f1os, deber\u00e1 presentar el Formulario I-751 (o el Formulario I-829 para empresarios) para eliminar este estado condicional. Si no lo hace, su tarjeta verde caducar\u00e1 y corre el riesgo de ser deportado. Una vez que se elimina el estado condicional, se le otorga una tarjeta de residencia por 10 a\u00f1os.<\/p>\n<p>Aunque la tarjeta verde de 10 a\u00f1os puede vencer, el estado de residencia permanente del titular de la tarjeta verde no lo hace. Deber\u00e1 renovar su tarjeta verde, pero no debe preocuparse por la deportaci\u00f3n debido a una visa vencida.<\/p>\n<p>Es importante tener en cuenta que aquellos con una tarjeta verde, condicional o de otro tipo, a\u00fan pueden ser deportados si cometen un delito grave u otro delito que los har\u00eda inadmisibles en los Estados Unidos. Solo un ciudadano estadounidense no puede ser deportado.[\/vc_column_text][vc_separator][vc_cta h2=&#8221;Programe una consulta&#8221; add_button=&#8221;right&#8221; btn_title=&#8221;P\u00f3ngase en contacto&#8221; btn_link=&#8221;url:https%3A%2F%2Fhernandezsmithlaw.com%2Fes%2Fcontacto%2F|title:Contact&#8221; btn_el_class=&#8221;button-primary&#8221;]P\u00f3ngase en contacto para programar una hora para hablar con nuestro equipo.[\/vc_cta][\/vc_column][\/vc_row][\/vc_section]<\/p>\n<\/div>","protected":false},"excerpt":{"rendered":"<p>[vc_row full_width=&#8221;stretch_row&#8221; parallax=&#8221;content-moving-fade&#8221; parallax_speed_bg=&#8221;2.5&#8243; css=&#8221;.vc_custom_1604562056821{padding-top: 25px !important;padding-bottom: 50px !important;background-color: #29326d !important;background-position: center;background-repeat: no-repeat !important;background-size: cover !important;}&#8221;][vc_column][vc_custom_heading text=&#8221;Tarjeta verde \/ residencia permanente&#8221; font_container=&#8221;tag:h1|text_align:center|color:%23ffffff|line_height:1.2&#8243; use_theme_fonts=&#8221;yes&#8221; el_class=&#8221;page-title&#8221;][\/vc_column][\/vc_row][vc_section css=&#8221;.vc_custom_1604565905587{margin-top: 40px !important;margin-bottom: 40px !important;}&#8221;][vc_row][vc_column width=&#8221;1\/4&#8243;][vc_column_text css=&#8221;.vc_custom_1610987804355{margin-bottom: 10px !important;}&#8221;] Inmigraci\u00f3n y Ciudadan\u00eda [\/vc_column_text][vc_wp_custommenu nav_menu=&#8221;37&#8243;][\/vc_column][vc_column width=&#8221;3\/4&#8243;][vc_column_text]Una &#8220;tarjeta verde&#8221; es un apodo proporcionado a una tarjeta de identificaci\u00f3n de residente permanente de los&hellip;<\/p>\n","protected":false},"author":4,"featured_media":0,"parent":0,"menu_order":0,"comment_status":"closed","ping_status":"closed","template":"","meta":{"_acf_changed":false,"footnotes":""},"class_list":["post-2113","page","type-page","status-publish","hentry"],"acf":[],"yoast_head":"<!-- This site is optimized with the Yoast SEO plugin v27.2 - https:\/\/yoast.com\/product\/yoast-seo-wordpress\/ -->\n<title>Tarjeta verde \/ residencia permanente - Law Offices of Hernandez and Smith<\/title>\n<meta name=\"description\" content=\"Podemos ayudarlo a usted oa un familiar inmediato a obtener una tarjeta verde o presentar apelaciones y lograr el estatus de residencia permanente.\" \/>\n<meta name=\"robots\" content=\"index, follow, max-snippet:-1, max-image-preview:large, max-video-preview:-1\" \/>\n<link rel=\"canonical\" href=\"https:\/\/hernandezsmithlaw.com\/es\/tarjeta-verde-residencia-permanente\/\" \/>\n<meta property=\"og:locale\" content=\"es_ES\" \/>\n<meta property=\"og:type\" content=\"article\" \/>\n<meta property=\"og:title\" content=\"Tarjeta verde \/ residencia permanente - Law Offices of Hernandez and Smith\" \/>\n<meta property=\"og:description\" content=\"Podemos ayudarlo a usted oa un familiar inmediato a obtener una tarjeta verde o presentar apelaciones y lograr el estatus de residencia permanente.\" \/>\n<meta property=\"og:url\" content=\"https:\/\/hernandezsmithlaw.com\/es\/tarjeta-verde-residencia-permanente\/\" \/>\n<meta property=\"og:site_name\" content=\"Law Offices of Hernandez and Smith\" \/>\n<meta property=\"article:modified_time\" content=\"2021-01-18T20:45:34+00:00\" \/>\n<meta name=\"twitter:card\" content=\"summary_large_image\" \/>\n<meta name=\"twitter:label1\" content=\"Est. reading time\" \/>\n\t<meta name=\"twitter:data1\" content=\"4 minutes\" \/>\n<script type=\"application\/ld+json\" class=\"yoast-schema-graph\">{\"@context\":\"https:\/\/schema.org\",\"@graph\":[{\"@type\":\"WebPage\",\"@id\":\"https:\/\/hernandezsmithlaw.com\/es\/tarjeta-verde-residencia-permanente\/\",\"url\":\"https:\/\/hernandezsmithlaw.com\/es\/tarjeta-verde-residencia-permanente\/\",\"name\":\"Tarjeta verde \/ residencia permanente - Law Offices of Hernandez and Smith\",\"isPartOf\":{\"@id\":\"https:\/\/hernandezsmithlaw.com\/#website\"},\"datePublished\":\"2021-01-18T16:42:31+00:00\",\"dateModified\":\"2021-01-18T20:45:34+00:00\",\"description\":\"Podemos ayudarlo a usted oa un familiar inmediato a obtener una tarjeta verde o presentar apelaciones y lograr el estatus de residencia permanente.\",\"breadcrumb\":{\"@id\":\"https:\/\/hernandezsmithlaw.com\/es\/tarjeta-verde-residencia-permanente\/#breadcrumb\"},\"inLanguage\":\"es-ES\",\"potentialAction\":[{\"@type\":\"ReadAction\",\"target\":[\"https:\/\/hernandezsmithlaw.com\/es\/tarjeta-verde-residencia-permanente\/\"]}]},{\"@type\":\"BreadcrumbList\",\"@id\":\"https:\/\/hernandezsmithlaw.com\/es\/tarjeta-verde-residencia-permanente\/#breadcrumb\",\"itemListElement\":[{\"@type\":\"ListItem\",\"position\":1,\"name\":\"Home\",\"item\":\"https:\/\/hernandezsmithlaw.com\/es\/\"},{\"@type\":\"ListItem\",\"position\":2,\"name\":\"Tarjeta verde \/ residencia permanente\"}]},{\"@type\":\"WebSite\",\"@id\":\"https:\/\/hernandezsmithlaw.com\/#website\",\"url\":\"https:\/\/hernandezsmithlaw.com\/\",\"name\":\"Law Offices of Hernandez and Smith\",\"description\":\"Personal Injury | Family Law | Business Litigation | Immigration &amp; Citizenship\",\"potentialAction\":[{\"@type\":\"SearchAction\",\"target\":{\"@type\":\"EntryPoint\",\"urlTemplate\":\"https:\/\/hernandezsmithlaw.com\/?s={search_term_string}\"},\"query-input\":{\"@type\":\"PropertyValueSpecification\",\"valueRequired\":true,\"valueName\":\"search_term_string\"}}],\"inLanguage\":\"es-ES\"}]}<\/script>\n<!-- \/ Yoast SEO plugin. -->","yoast_head_json":{"title":"Tarjeta verde \/ residencia permanente - Law Offices of Hernandez and Smith","description":"Podemos ayudarlo a usted oa un familiar inmediato a obtener una tarjeta verde o presentar apelaciones y lograr el estatus de residencia permanente.","robots":{"index":"index","follow":"follow","max-snippet":"max-snippet:-1","max-image-preview":"max-image-preview:large","max-video-preview":"max-video-preview:-1"},"canonical":"https:\/\/hernandezsmithlaw.com\/es\/tarjeta-verde-residencia-permanente\/","og_locale":"es_ES","og_type":"article","og_title":"Tarjeta verde \/ residencia permanente - Law Offices of Hernandez and Smith","og_description":"Podemos ayudarlo a usted oa un familiar inmediato a obtener una tarjeta verde o presentar apelaciones y lograr el estatus de residencia permanente.","og_url":"https:\/\/hernandezsmithlaw.com\/es\/tarjeta-verde-residencia-permanente\/","og_site_name":"Law Offices of Hernandez and Smith","article_modified_time":"2021-01-18T20:45:34+00:00","twitter_card":"summary_large_image","twitter_misc":{"Est. reading time":"4 minutes"},"schema":{"@context":"https:\/\/schema.org","@graph":[{"@type":"WebPage","@id":"https:\/\/hernandezsmithlaw.com\/es\/tarjeta-verde-residencia-permanente\/","url":"https:\/\/hernandezsmithlaw.com\/es\/tarjeta-verde-residencia-permanente\/","name":"Tarjeta verde \/ residencia permanente - Law Offices of Hernandez and Smith","isPartOf":{"@id":"https:\/\/hernandezsmithlaw.com\/#website"},"datePublished":"2021-01-18T16:42:31+00:00","dateModified":"2021-01-18T20:45:34+00:00","description":"Podemos ayudarlo a usted oa un familiar inmediato a obtener una tarjeta verde o presentar apelaciones y lograr el estatus de residencia permanente.","breadcrumb":{"@id":"https:\/\/hernandezsmithlaw.com\/es\/tarjeta-verde-residencia-permanente\/#breadcrumb"},"inLanguage":"es-ES","potentialAction":[{"@type":"ReadAction","target":["https:\/\/hernandezsmithlaw.com\/es\/tarjeta-verde-residencia-permanente\/"]}]},{"@type":"BreadcrumbList","@id":"https:\/\/hernandezsmithlaw.com\/es\/tarjeta-verde-residencia-permanente\/#breadcrumb","itemListElement":[{"@type":"ListItem","position":1,"name":"Home","item":"https:\/\/hernandezsmithlaw.com\/es\/"},{"@type":"ListItem","position":2,"name":"Tarjeta verde \/ residencia permanente"}]},{"@type":"WebSite","@id":"https:\/\/hernandezsmithlaw.com\/#website","url":"https:\/\/hernandezsmithlaw.com\/","name":"Law Offices of Hernandez and Smith","description":"Personal Injury | Family Law | Business Litigation | Immigration &amp; Citizenship","potentialAction":[{"@type":"SearchAction","target":{"@type":"EntryPoint","urlTemplate":"https:\/\/hernandezsmithlaw.com\/?s={search_term_string}"},"query-input":{"@type":"PropertyValueSpecification","valueRequired":true,"valueName":"search_term_string"}}],"inLanguage":"es-ES"}]}},"_links":{"self":[{"href":"https:\/\/hernandezsmithlaw.com\/es\/wp-json\/wp\/v2\/pages\/2113\/"}],"collection":[{"href":"https:\/\/hernandezsmithlaw.com\/es\/wp-json\/wp\/v2\/pages\/"}],"about":[{"href":"https:\/\/hernandezsmithlaw.com\/es\/wp-json\/wp\/v2\/types\/page\/"}],"author":[{"embeddable":true,"href":"https:\/\/hernandezsmithlaw.com\/es\/wp-json\/wp\/v2\/users\/4\/"}],"replies":[{"embeddable":true,"href":"https:\/\/hernandezsmithlaw.com\/es\/wp-json\/wp\/v2\/comments\/?post=2113"}],"version-history":[{"count":2,"href":"https:\/\/hernandezsmithlaw.com\/es\/wp-json\/wp\/v2\/pages\/2113\/revisions\/"}],"predecessor-version":[{"id":2173,"href":"https:\/\/hernandezsmithlaw.com\/es\/wp-json\/wp\/v2\/pages\/2113\/revisions\/2173\/"}],"wp:attachment":[{"href":"https:\/\/hernandezsmithlaw.com\/es\/wp-json\/wp\/v2\/media\/?parent=2113"}],"curies":[{"name":"wp","href":"https:\/\/api.w.org\/{rel}","templated":true}]}}