{"id":2127,"date":"2021-01-18T17:16:15","date_gmt":"2021-01-18T17:16:15","guid":{"rendered":"https:\/\/hernandezsmithlaw.com\/?page_id=2127"},"modified":"2021-01-18T20:47:11","modified_gmt":"2021-01-18T20:47:11","slug":"visa-de-matrimonio","status":"publish","type":"page","link":"https:\/\/hernandezsmithlaw.com\/es\/visa-de-matrimonio\/","title":{"rendered":"Visa de matrimonio"},"content":{"rendered":"<div class=\"wpb-content-wrapper\"><p>[vc_row full_width=&#8221;stretch_row&#8221; parallax=&#8221;content-moving-fade&#8221; parallax_speed_bg=&#8221;2.5&#8243; css=&#8221;.vc_custom_1604562056821{padding-top: 25px !important;padding-bottom: 50px !important;background-color: #29326d !important;background-position: center;background-repeat: no-repeat !important;background-size: cover !important;}&#8221;][vc_column][vc_custom_heading text=&#8221;Visa de matrimonio&#8221; font_container=&#8221;tag:h1|text_align:center|color:%23ffffff|line_height:1.2&#8243; use_theme_fonts=&#8221;yes&#8221; el_class=&#8221;page-title&#8221;][\/vc_column][\/vc_row][vc_section css=&#8221;.vc_custom_1604565905587{margin-top: 40px !important;margin-bottom: 40px !important;}&#8221;][vc_row][vc_column width=&#8221;1\/4&#8243;][vc_column_text css=&#8221;.vc_custom_1610989936148{margin-bottom: 10px !important;}&#8221;]<\/p>\n<h4>Inmigraci\u00f3n y Ciudadan\u00eda<\/h4>\n<p>[\/vc_column_text][vc_wp_custommenu nav_menu=&#8221;37&#8243;][\/vc_column][vc_column width=&#8221;3\/4&#8243;][vc_column_text]Solicitar una tarjeta de residencia basada en el matrimonio permite a un ciudadano estadounidense, o un inmigrante con estatus de residencia permanente, solicitar que su c\u00f3nyuge reciba un tipo espec\u00edfico de tarjeta de residencia que le permita a su c\u00f3nyuge extranjero convertirse en residente permanente de los Estados Unidos.<\/p>\n<p>Hay requisitos estrictos a considerar al solicitar una tarjeta de residencia basada en matrimonio. Adem\u00e1s de presentar numerosos formularios y pagar tarifas, la pareja casada deber\u00e1 proporcionar prueba de que el matrimonio es de buena fe o leg\u00edtimo. Ambos c\u00f3nyuges deben someterse a una entrevista con un oficial de inmigraci\u00f3n de USCIS.<\/p>\n<p>Una vez aprobado, es posible que a\u00fan se apliquen condiciones a su estado de residencia permanente. Si estuvo casado por menos de dos a\u00f1os a la fecha de su entrevista para la tarjeta de residencia, solo se le otorgar\u00e1 una tarjeta de residencia temporal. Una tarjeta verde temporal es v\u00e1lida solo por dos a\u00f1os. Durante este tiempo, debe mantener su elegibilidad para el estado de residencia permanente en los Estados Unidos.<\/p>\n<p>Con 90 d\u00edas de anticipaci\u00f3n a la expiraci\u00f3n de su tarjeta de residencia condicional de dos a\u00f1os, usted y su c\u00f3nyuge deben presentar una petici\u00f3n, junto con una prueba de que han estado viviendo juntos como pareja casada, para renovar su tarjeta de residencia sin m\u00e1s condiciones adjuntas. Existen m\u00faltiples motivos para renunciar al requisito de presentaci\u00f3n conjunta para eliminar las condiciones, incluso si el matrimonio termin\u00f3 en divorcio.<\/p>\n<p>Las personas con un estado de residencia permanente pueden continuar su viaje para convertirse en ciudadanos estadounidenses o pueden mantener el estado de residencia permanente. Se requieren renovaciones de residencia permanente cada 10 a\u00f1os y pueden renovarse indefinidamente, siempre que se cumplan continuamente los requisitos de elegibilidad.<\/p>\n<p>Sin embargo, si desea convertirse en ciudadano de los Estados Unidos y su c\u00f3nyuge ya es ciudadano de los Estados Unidos, entonces su tiempo de espera se reduce de tener un estado de residencia permanente de 5 a solo 3 a\u00f1os. Deber\u00e1 cumplir con otros requisitos de elegibilidad. Para obtener m\u00e1s informaci\u00f3n sobre c\u00f3mo convertirse en ciudadano de los Estados Unidos o el proceso de naturalizaci\u00f3n, comun\u00edquese con nuestra oficina o consulte nuestra p\u00e1gina sobre ciudadan\u00eda y naturalizaci\u00f3n.[\/vc_column_text][vc_separator][vc_cta h2=&#8221;Programe una consulta&#8221; add_button=&#8221;right&#8221; btn_title=&#8221;P\u00f3ngase en contacto&#8221; btn_link=&#8221;url:https%3A%2F%2Fhernandezsmithlaw.com%2Fes%2Fcontacto%2F|title:Contact&#8221; btn_el_class=&#8221;button-primary&#8221;]P\u00f3ngase en contacto para programar una hora para hablar con nuestro equipo.[\/vc_cta][\/vc_column][\/vc_row][\/vc_section]<\/p>\n<\/div>","protected":false},"excerpt":{"rendered":"<p>[vc_row full_width=&#8221;stretch_row&#8221; parallax=&#8221;content-moving-fade&#8221; parallax_speed_bg=&#8221;2.5&#8243; css=&#8221;.vc_custom_1604562056821{padding-top: 25px !important;padding-bottom: 50px !important;background-color: #29326d !important;background-position: center;background-repeat: no-repeat !important;background-size: cover !important;}&#8221;][vc_column][vc_custom_heading text=&#8221;Visa de matrimonio&#8221; font_container=&#8221;tag:h1|text_align:center|color:%23ffffff|line_height:1.2&#8243; use_theme_fonts=&#8221;yes&#8221; el_class=&#8221;page-title&#8221;][\/vc_column][\/vc_row][vc_section css=&#8221;.vc_custom_1604565905587{margin-top: 40px !important;margin-bottom: 40px !important;}&#8221;][vc_row][vc_column width=&#8221;1\/4&#8243;][vc_column_text css=&#8221;.vc_custom_1610989936148{margin-bottom: 10px !important;}&#8221;] Inmigraci\u00f3n y Ciudadan\u00eda [\/vc_column_text][vc_wp_custommenu nav_menu=&#8221;37&#8243;][\/vc_column][vc_column width=&#8221;3\/4&#8243;][vc_column_text]Solicitar una tarjeta de residencia basada en el matrimonio permite a un ciudadano estadounidense, o un inmigrante con estatus&hellip;<\/p>\n","protected":false},"author":4,"featured_media":0,"parent":0,"menu_order":0,"comment_status":"closed","ping_status":"closed","template":"","meta":{"_acf_changed":false,"footnotes":""},"class_list":["post-2127","page","type-page","status-publish","hentry"],"acf":[],"yoast_head":"<!-- This site is optimized with the Yoast SEO plugin v27.5 - https:\/\/yoast.com\/product\/yoast-seo-wordpress\/ -->\n<title>Visa de matrimonio - Law Offices of Hernandez and Smith<\/title>\n<meta name=\"description\" content=\"Solicitar una tarjeta verde basada en matrimonio para convertirse en residente permanente de los Estados Unidos.\" \/>\n<meta name=\"robots\" content=\"index, follow, max-snippet:-1, max-image-preview:large, max-video-preview:-1\" \/>\n<link rel=\"canonical\" href=\"https:\/\/hernandezsmithlaw.com\/es\/visa-de-matrimonio\/\" \/>\n<meta property=\"og:locale\" content=\"es_ES\" \/>\n<meta property=\"og:type\" content=\"article\" \/>\n<meta property=\"og:title\" content=\"Visa de matrimonio - Law Offices of Hernandez and Smith\" \/>\n<meta property=\"og:description\" content=\"Solicitar una tarjeta verde basada en matrimonio para convertirse en residente permanente de los Estados Unidos.\" \/>\n<meta property=\"og:url\" content=\"https:\/\/hernandezsmithlaw.com\/es\/visa-de-matrimonio\/\" \/>\n<meta property=\"og:site_name\" content=\"Law Offices of Hernandez and Smith\" \/>\n<meta property=\"article:modified_time\" content=\"2021-01-18T20:47:11+00:00\" \/>\n<meta name=\"twitter:card\" content=\"summary_large_image\" \/>\n<meta name=\"twitter:label1\" content=\"Est. reading time\" \/>\n\t<meta name=\"twitter:data1\" content=\"3 minutes\" \/>\n<script type=\"application\/ld+json\" class=\"yoast-schema-graph\">{\"@context\":\"https:\\\/\\\/schema.org\",\"@graph\":[{\"@type\":\"WebPage\",\"@id\":\"https:\\\/\\\/hernandezsmithlaw.com\\\/es\\\/visa-de-matrimonio\\\/\",\"url\":\"https:\\\/\\\/hernandezsmithlaw.com\\\/es\\\/visa-de-matrimonio\\\/\",\"name\":\"Visa de matrimonio - Law Offices of Hernandez and Smith\",\"isPartOf\":{\"@id\":\"https:\\\/\\\/hernandezsmithlaw.com\\\/#website\"},\"datePublished\":\"2021-01-18T17:16:15+00:00\",\"dateModified\":\"2021-01-18T20:47:11+00:00\",\"description\":\"Solicitar una tarjeta verde basada en matrimonio para convertirse en residente permanente de los Estados Unidos.\",\"breadcrumb\":{\"@id\":\"https:\\\/\\\/hernandezsmithlaw.com\\\/es\\\/visa-de-matrimonio\\\/#breadcrumb\"},\"inLanguage\":\"es-ES\",\"potentialAction\":[{\"@type\":\"ReadAction\",\"target\":[\"https:\\\/\\\/hernandezsmithlaw.com\\\/es\\\/visa-de-matrimonio\\\/\"]}]},{\"@type\":\"BreadcrumbList\",\"@id\":\"https:\\\/\\\/hernandezsmithlaw.com\\\/es\\\/visa-de-matrimonio\\\/#breadcrumb\",\"itemListElement\":[{\"@type\":\"ListItem\",\"position\":1,\"name\":\"Home\",\"item\":\"https:\\\/\\\/hernandezsmithlaw.com\\\/es\\\/\"},{\"@type\":\"ListItem\",\"position\":2,\"name\":\"Visa de matrimonio\"}]},{\"@type\":\"WebSite\",\"@id\":\"https:\\\/\\\/hernandezsmithlaw.com\\\/#website\",\"url\":\"https:\\\/\\\/hernandezsmithlaw.com\\\/\",\"name\":\"Law Offices of Hernandez and Smith\",\"description\":\"Personal Injury | Family Law | Business Litigation | Immigration &amp; Citizenship\",\"potentialAction\":[{\"@type\":\"SearchAction\",\"target\":{\"@type\":\"EntryPoint\",\"urlTemplate\":\"https:\\\/\\\/hernandezsmithlaw.com\\\/?s={search_term_string}\"},\"query-input\":{\"@type\":\"PropertyValueSpecification\",\"valueRequired\":true,\"valueName\":\"search_term_string\"}}],\"inLanguage\":\"es-ES\"}]}<\/script>\n<!-- \/ Yoast SEO plugin. -->","yoast_head_json":{"title":"Visa de matrimonio - Law Offices of Hernandez and Smith","description":"Solicitar una tarjeta verde basada en matrimonio para convertirse en residente permanente de los Estados Unidos.","robots":{"index":"index","follow":"follow","max-snippet":"max-snippet:-1","max-image-preview":"max-image-preview:large","max-video-preview":"max-video-preview:-1"},"canonical":"https:\/\/hernandezsmithlaw.com\/es\/visa-de-matrimonio\/","og_locale":"es_ES","og_type":"article","og_title":"Visa de matrimonio - Law Offices of Hernandez and Smith","og_description":"Solicitar una tarjeta verde basada en matrimonio para convertirse en residente permanente de los Estados Unidos.","og_url":"https:\/\/hernandezsmithlaw.com\/es\/visa-de-matrimonio\/","og_site_name":"Law Offices of Hernandez and Smith","article_modified_time":"2021-01-18T20:47:11+00:00","twitter_card":"summary_large_image","twitter_misc":{"Est. reading time":"3 minutes"},"schema":{"@context":"https:\/\/schema.org","@graph":[{"@type":"WebPage","@id":"https:\/\/hernandezsmithlaw.com\/es\/visa-de-matrimonio\/","url":"https:\/\/hernandezsmithlaw.com\/es\/visa-de-matrimonio\/","name":"Visa de matrimonio - Law Offices of Hernandez and Smith","isPartOf":{"@id":"https:\/\/hernandezsmithlaw.com\/#website"},"datePublished":"2021-01-18T17:16:15+00:00","dateModified":"2021-01-18T20:47:11+00:00","description":"Solicitar una tarjeta verde basada en matrimonio para convertirse en residente permanente de los Estados Unidos.","breadcrumb":{"@id":"https:\/\/hernandezsmithlaw.com\/es\/visa-de-matrimonio\/#breadcrumb"},"inLanguage":"es-ES","potentialAction":[{"@type":"ReadAction","target":["https:\/\/hernandezsmithlaw.com\/es\/visa-de-matrimonio\/"]}]},{"@type":"BreadcrumbList","@id":"https:\/\/hernandezsmithlaw.com\/es\/visa-de-matrimonio\/#breadcrumb","itemListElement":[{"@type":"ListItem","position":1,"name":"Home","item":"https:\/\/hernandezsmithlaw.com\/es\/"},{"@type":"ListItem","position":2,"name":"Visa de matrimonio"}]},{"@type":"WebSite","@id":"https:\/\/hernandezsmithlaw.com\/#website","url":"https:\/\/hernandezsmithlaw.com\/","name":"Law Offices of Hernandez and Smith","description":"Personal Injury | Family Law | Business Litigation | Immigration &amp; Citizenship","potentialAction":[{"@type":"SearchAction","target":{"@type":"EntryPoint","urlTemplate":"https:\/\/hernandezsmithlaw.com\/?s={search_term_string}"},"query-input":{"@type":"PropertyValueSpecification","valueRequired":true,"valueName":"search_term_string"}}],"inLanguage":"es-ES"}]}},"_links":{"self":[{"href":"https:\/\/hernandezsmithlaw.com\/es\/wp-json\/wp\/v2\/pages\/2127\/"}],"collection":[{"href":"https:\/\/hernandezsmithlaw.com\/es\/wp-json\/wp\/v2\/pages\/"}],"about":[{"href":"https:\/\/hernandezsmithlaw.com\/es\/wp-json\/wp\/v2\/types\/page\/"}],"author":[{"embeddable":true,"href":"https:\/\/hernandezsmithlaw.com\/es\/wp-json\/wp\/v2\/users\/4\/"}],"replies":[{"embeddable":true,"href":"https:\/\/hernandezsmithlaw.com\/es\/wp-json\/wp\/v2\/comments\/?post=2127"}],"version-history":[{"count":2,"href":"https:\/\/hernandezsmithlaw.com\/es\/wp-json\/wp\/v2\/pages\/2127\/revisions\/"}],"predecessor-version":[{"id":2176,"href":"https:\/\/hernandezsmithlaw.com\/es\/wp-json\/wp\/v2\/pages\/2127\/revisions\/2176\/"}],"wp:attachment":[{"href":"https:\/\/hernandezsmithlaw.com\/es\/wp-json\/wp\/v2\/media\/?parent=2127"}],"curies":[{"name":"wp","href":"https:\/\/api.w.org\/{rel}","templated":true}]}}