{"id":2133,"date":"2021-01-18T17:58:32","date_gmt":"2021-01-18T17:58:32","guid":{"rendered":"https:\/\/hernandezsmithlaw.com\/?page_id=2133"},"modified":"2021-01-18T20:49:06","modified_gmt":"2021-01-18T20:49:06","slug":"visas-b-para-viajes-de-negocios-a-corto-plazo","status":"publish","type":"page","link":"https:\/\/hernandezsmithlaw.com\/es\/visas-b-para-viajes-de-negocios-a-corto-plazo\/","title":{"rendered":"Visas B para viajes de negocios a corto plazo"},"content":{"rendered":"<div class=\"wpb-content-wrapper\"><p>[vc_row full_width=&#8221;stretch_row&#8221; parallax=&#8221;content-moving-fade&#8221; parallax_speed_bg=&#8221;2.5&#8243; css=&#8221;.vc_custom_1604562056821{padding-top: 25px !important;padding-bottom: 50px !important;background-color: #29326d !important;background-position: center;background-repeat: no-repeat !important;background-size: cover !important;}&#8221;][vc_column][vc_custom_heading text=&#8221;Visas B para viajes de negocios a corto plazo&#8221; font_container=&#8221;tag:h1|text_align:center|color:%23ffffff|line_height:1.2&#8243; use_theme_fonts=&#8221;yes&#8221; el_class=&#8221;page-title&#8221;][\/vc_column][\/vc_row][vc_section css=&#8221;.vc_custom_1604565905587{margin-top: 40px !important;margin-bottom: 40px !important;}&#8221;][vc_row][vc_column width=&#8221;1\/4&#8243;][vc_column_text css=&#8221;.vc_custom_1610992278797{margin-bottom: 10px !important;}&#8221;]<\/p>\n<h4>Inmigraci\u00f3n y Ciudadan\u00eda<\/h4>\n<p>[\/vc_column_text][vc_wp_custommenu nav_menu=&#8221;37&#8243;][\/vc_column][vc_column width=&#8221;3\/4&#8243;][vc_column_text]Por lo general, cuando una persona desea ingresar a los Estados Unidos, independientemente de si su prop\u00f3sito es por negocios o por placer, primero debe obtener una visa. Sin embargo, el proceso puede ser bastante tedioso para aquellos que buscan realizar una visita a muy corto plazo, como un turista o un viajero de negocios que no tiene la intenci\u00f3n de permanecer en los Estados Unidos por un per\u00edodo prolongado. Para facilitar el proceso de entrada al pa\u00eds para estas personas, se estableci\u00f3 el Programa de exenci\u00f3n de visa.<\/p>\n<p>Los ciudadanos de los pa\u00edses participantes pueden ingresar a los Estados Unidos sin una visa (o sin el requisito de una visa) si son turistas o viajeros de negocios. En cambio, se les otorga una visa de no inmigrante, o visa de viaje, que es v\u00e1lida por 90 d\u00edas o menos.<\/p>\n<p>Para los viajeros que vienen de pa\u00edses que no participan en el Programa de exenci\u00f3n de visa, las visas B-1 y B-2 est\u00e1n disponibles. Las visas B-1 son para viajeros que tienen fines comerciales personales o comerciales que atender mientras se encuentran en los Estados Unidos. Las visas B-2, por otro lado, son para personas que ingresan a los Estados Unidos como turistas y no tienen negocios que realizar mientras est\u00e1n aqu\u00ed. Estas visas tienen una duraci\u00f3n m\u00e1xima de estancia de 3 meses.<\/p>\n<h3>Visitas de negocios a corto plazo<\/h3>\n<p>Las visas B-1 se emiten a viajeros de negocios temporales, incluidos (entre otros) aquellos que viajan a:<\/p>\n<ul>\n<li>Consultar con socios comerciales<\/li>\n<li>Negociar un contrato<\/li>\n<li>Vender inmuebles<\/li>\n<li>Supervisar la formaci\u00f3n<\/li>\n<li>Asista a una convenci\u00f3n o conferencia de negocios<\/li>\n<\/ul>\n<p>Las visas B-1 tienen un per\u00edodo de validez y un per\u00edodo de estad\u00eda. El per\u00edodo de validez es el tiempo que la visa es v\u00e1lida y se puede utilizar. Por lo general, es de un mes a un a\u00f1o, y dentro del tiempo especificado, debe realizar su viaje. La duraci\u00f3n del per\u00edodo de estad\u00eda es cu\u00e1nto tiempo puede permanecer en los Estados Unidos una vez que haya viajado aqu\u00ed; generalmente por un per\u00edodo de no m\u00e1s de 6 meses. Algunas visas B-1 pueden permitirle al titular ingresar a los Estados Unidos varias veces dentro del per\u00edodo de validez. Las visas B-1 tambi\u00e9n pueden renovarse o extenderse hasta por 6 meses adicionales.[\/vc_column_text][vc_separator][vc_cta h2=&#8221;Programe una consulta&#8221; add_button=&#8221;right&#8221; btn_title=&#8221;P\u00f3ngase en contacto&#8221; btn_link=&#8221;url:https%3A%2F%2Fhernandezsmithlaw.com%2Fes%2Fcontact%2Fo|title:Contact&#8221; btn_el_class=&#8221;button-primary&#8221;]P\u00f3ngase en contacto para programar una hora para hablar con nuestro equipo.[\/vc_cta][\/vc_column][\/vc_row][\/vc_section]<\/p>\n<\/div>","protected":false},"excerpt":{"rendered":"<p>[vc_row full_width=&#8221;stretch_row&#8221; parallax=&#8221;content-moving-fade&#8221; parallax_speed_bg=&#8221;2.5&#8243; css=&#8221;.vc_custom_1604562056821{padding-top: 25px !important;padding-bottom: 50px !important;background-color: #29326d !important;background-position: center;background-repeat: no-repeat !important;background-size: cover !important;}&#8221;][vc_column][vc_custom_heading text=&#8221;Visas B para viajes de negocios a corto plazo&#8221; font_container=&#8221;tag:h1|text_align:center|color:%23ffffff|line_height:1.2&#8243; use_theme_fonts=&#8221;yes&#8221; el_class=&#8221;page-title&#8221;][\/vc_column][\/vc_row][vc_section css=&#8221;.vc_custom_1604565905587{margin-top: 40px !important;margin-bottom: 40px !important;}&#8221;][vc_row][vc_column width=&#8221;1\/4&#8243;][vc_column_text css=&#8221;.vc_custom_1610992278797{margin-bottom: 10px !important;}&#8221;] Inmigraci\u00f3n y Ciudadan\u00eda [\/vc_column_text][vc_wp_custommenu nav_menu=&#8221;37&#8243;][\/vc_column][vc_column width=&#8221;3\/4&#8243;][vc_column_text]Por lo general, cuando una persona desea ingresar a los Estados Unidos, independientemente&hellip;<\/p>\n","protected":false},"author":4,"featured_media":0,"parent":0,"menu_order":0,"comment_status":"closed","ping_status":"closed","template":"","meta":{"_acf_changed":false,"footnotes":""},"class_list":["post-2133","page","type-page","status-publish","hentry"],"acf":[],"yoast_head":"<!-- This site is optimized with the Yoast SEO plugin v27.5 - https:\/\/yoast.com\/product\/yoast-seo-wordpress\/ -->\n<title>Visas B para viajes de negocios a corto plazo - Law Offices of Hernandez and Smith<\/title>\n<meta name=\"description\" content=\"Para los viajeros que vienen de pa\u00edses que no participan en el Programa de exenci\u00f3n de visa, las visas B-1 y B-2 est\u00e1n disponibles.\" \/>\n<meta name=\"robots\" content=\"index, follow, max-snippet:-1, max-image-preview:large, max-video-preview:-1\" \/>\n<link rel=\"canonical\" href=\"https:\/\/hernandezsmithlaw.com\/es\/visas-b-para-viajes-de-negocios-a-corto-plazo\/\" \/>\n<meta property=\"og:locale\" content=\"es_ES\" \/>\n<meta property=\"og:type\" content=\"article\" \/>\n<meta property=\"og:title\" content=\"Visas B para viajes de negocios a corto plazo - Law Offices of Hernandez and Smith\" \/>\n<meta property=\"og:description\" content=\"Para los viajeros que vienen de pa\u00edses que no participan en el Programa de exenci\u00f3n de visa, las visas B-1 y B-2 est\u00e1n disponibles.\" \/>\n<meta property=\"og:url\" content=\"https:\/\/hernandezsmithlaw.com\/es\/visas-b-para-viajes-de-negocios-a-corto-plazo\/\" \/>\n<meta property=\"og:site_name\" content=\"Law Offices of Hernandez and Smith\" \/>\n<meta property=\"article:modified_time\" content=\"2021-01-18T20:49:06+00:00\" \/>\n<meta name=\"twitter:card\" content=\"summary_large_image\" \/>\n<meta name=\"twitter:label1\" content=\"Est. reading time\" \/>\n\t<meta name=\"twitter:data1\" content=\"3 minutes\" \/>\n<script type=\"application\/ld+json\" class=\"yoast-schema-graph\">{\"@context\":\"https:\\\/\\\/schema.org\",\"@graph\":[{\"@type\":\"WebPage\",\"@id\":\"https:\\\/\\\/hernandezsmithlaw.com\\\/es\\\/visas-b-para-viajes-de-negocios-a-corto-plazo\\\/\",\"url\":\"https:\\\/\\\/hernandezsmithlaw.com\\\/es\\\/visas-b-para-viajes-de-negocios-a-corto-plazo\\\/\",\"name\":\"Visas B para viajes de negocios a corto plazo - Law Offices of Hernandez and Smith\",\"isPartOf\":{\"@id\":\"https:\\\/\\\/hernandezsmithlaw.com\\\/#website\"},\"datePublished\":\"2021-01-18T17:58:32+00:00\",\"dateModified\":\"2021-01-18T20:49:06+00:00\",\"description\":\"Para los viajeros que vienen de pa\u00edses que no participan en el Programa de exenci\u00f3n de visa, las visas B-1 y B-2 est\u00e1n disponibles.\",\"breadcrumb\":{\"@id\":\"https:\\\/\\\/hernandezsmithlaw.com\\\/es\\\/visas-b-para-viajes-de-negocios-a-corto-plazo\\\/#breadcrumb\"},\"inLanguage\":\"es-ES\",\"potentialAction\":[{\"@type\":\"ReadAction\",\"target\":[\"https:\\\/\\\/hernandezsmithlaw.com\\\/es\\\/visas-b-para-viajes-de-negocios-a-corto-plazo\\\/\"]}]},{\"@type\":\"BreadcrumbList\",\"@id\":\"https:\\\/\\\/hernandezsmithlaw.com\\\/es\\\/visas-b-para-viajes-de-negocios-a-corto-plazo\\\/#breadcrumb\",\"itemListElement\":[{\"@type\":\"ListItem\",\"position\":1,\"name\":\"Home\",\"item\":\"https:\\\/\\\/hernandezsmithlaw.com\\\/es\\\/\"},{\"@type\":\"ListItem\",\"position\":2,\"name\":\"Visas B para viajes de negocios a corto plazo\"}]},{\"@type\":\"WebSite\",\"@id\":\"https:\\\/\\\/hernandezsmithlaw.com\\\/#website\",\"url\":\"https:\\\/\\\/hernandezsmithlaw.com\\\/\",\"name\":\"Law Offices of Hernandez and Smith\",\"description\":\"Personal Injury | Family Law | Business Litigation | Immigration &amp; Citizenship\",\"potentialAction\":[{\"@type\":\"SearchAction\",\"target\":{\"@type\":\"EntryPoint\",\"urlTemplate\":\"https:\\\/\\\/hernandezsmithlaw.com\\\/?s={search_term_string}\"},\"query-input\":{\"@type\":\"PropertyValueSpecification\",\"valueRequired\":true,\"valueName\":\"search_term_string\"}}],\"inLanguage\":\"es-ES\"}]}<\/script>\n<!-- \/ Yoast SEO plugin. -->","yoast_head_json":{"title":"Visas B para viajes de negocios a corto plazo - Law Offices of Hernandez and Smith","description":"Para los viajeros que vienen de pa\u00edses que no participan en el Programa de exenci\u00f3n de visa, las visas B-1 y B-2 est\u00e1n disponibles.","robots":{"index":"index","follow":"follow","max-snippet":"max-snippet:-1","max-image-preview":"max-image-preview:large","max-video-preview":"max-video-preview:-1"},"canonical":"https:\/\/hernandezsmithlaw.com\/es\/visas-b-para-viajes-de-negocios-a-corto-plazo\/","og_locale":"es_ES","og_type":"article","og_title":"Visas B para viajes de negocios a corto plazo - Law Offices of Hernandez and Smith","og_description":"Para los viajeros que vienen de pa\u00edses que no participan en el Programa de exenci\u00f3n de visa, las visas B-1 y B-2 est\u00e1n disponibles.","og_url":"https:\/\/hernandezsmithlaw.com\/es\/visas-b-para-viajes-de-negocios-a-corto-plazo\/","og_site_name":"Law Offices of Hernandez and Smith","article_modified_time":"2021-01-18T20:49:06+00:00","twitter_card":"summary_large_image","twitter_misc":{"Est. reading time":"3 minutes"},"schema":{"@context":"https:\/\/schema.org","@graph":[{"@type":"WebPage","@id":"https:\/\/hernandezsmithlaw.com\/es\/visas-b-para-viajes-de-negocios-a-corto-plazo\/","url":"https:\/\/hernandezsmithlaw.com\/es\/visas-b-para-viajes-de-negocios-a-corto-plazo\/","name":"Visas B para viajes de negocios a corto plazo - Law Offices of Hernandez and Smith","isPartOf":{"@id":"https:\/\/hernandezsmithlaw.com\/#website"},"datePublished":"2021-01-18T17:58:32+00:00","dateModified":"2021-01-18T20:49:06+00:00","description":"Para los viajeros que vienen de pa\u00edses que no participan en el Programa de exenci\u00f3n de visa, las visas B-1 y B-2 est\u00e1n disponibles.","breadcrumb":{"@id":"https:\/\/hernandezsmithlaw.com\/es\/visas-b-para-viajes-de-negocios-a-corto-plazo\/#breadcrumb"},"inLanguage":"es-ES","potentialAction":[{"@type":"ReadAction","target":["https:\/\/hernandezsmithlaw.com\/es\/visas-b-para-viajes-de-negocios-a-corto-plazo\/"]}]},{"@type":"BreadcrumbList","@id":"https:\/\/hernandezsmithlaw.com\/es\/visas-b-para-viajes-de-negocios-a-corto-plazo\/#breadcrumb","itemListElement":[{"@type":"ListItem","position":1,"name":"Home","item":"https:\/\/hernandezsmithlaw.com\/es\/"},{"@type":"ListItem","position":2,"name":"Visas B para viajes de negocios a corto plazo"}]},{"@type":"WebSite","@id":"https:\/\/hernandezsmithlaw.com\/#website","url":"https:\/\/hernandezsmithlaw.com\/","name":"Law Offices of Hernandez and Smith","description":"Personal Injury | Family Law | Business Litigation | Immigration &amp; Citizenship","potentialAction":[{"@type":"SearchAction","target":{"@type":"EntryPoint","urlTemplate":"https:\/\/hernandezsmithlaw.com\/?s={search_term_string}"},"query-input":{"@type":"PropertyValueSpecification","valueRequired":true,"valueName":"search_term_string"}}],"inLanguage":"es-ES"}]}},"_links":{"self":[{"href":"https:\/\/hernandezsmithlaw.com\/es\/wp-json\/wp\/v2\/pages\/2133\/"}],"collection":[{"href":"https:\/\/hernandezsmithlaw.com\/es\/wp-json\/wp\/v2\/pages\/"}],"about":[{"href":"https:\/\/hernandezsmithlaw.com\/es\/wp-json\/wp\/v2\/types\/page\/"}],"author":[{"embeddable":true,"href":"https:\/\/hernandezsmithlaw.com\/es\/wp-json\/wp\/v2\/users\/4\/"}],"replies":[{"embeddable":true,"href":"https:\/\/hernandezsmithlaw.com\/es\/wp-json\/wp\/v2\/comments\/?post=2133"}],"version-history":[{"count":4,"href":"https:\/\/hernandezsmithlaw.com\/es\/wp-json\/wp\/v2\/pages\/2133\/revisions\/"}],"predecessor-version":[{"id":2177,"href":"https:\/\/hernandezsmithlaw.com\/es\/wp-json\/wp\/v2\/pages\/2133\/revisions\/2177\/"}],"wp:attachment":[{"href":"https:\/\/hernandezsmithlaw.com\/es\/wp-json\/wp\/v2\/media\/?parent=2133"}],"curies":[{"name":"wp","href":"https:\/\/api.w.org\/{rel}","templated":true}]}}