{"id":2149,"date":"2021-01-18T18:46:47","date_gmt":"2021-01-18T18:46:47","guid":{"rendered":"https:\/\/hernandezsmithlaw.com\/?page_id=2149"},"modified":"2021-01-18T20:50:59","modified_gmt":"2021-01-18T20:50:59","slug":"visas-de-trabajo-temporal","status":"publish","type":"page","link":"https:\/\/hernandezsmithlaw.com\/es\/visas-de-trabajo-temporal\/","title":{"rendered":"Visas de trabajo temporal"},"content":{"rendered":"<div class=\"wpb-content-wrapper\"><p>[vc_row full_width=&#8221;stretch_row&#8221; parallax=&#8221;content-moving-fade&#8221; parallax_speed_bg=&#8221;2.5&#8243; css=&#8221;.vc_custom_1604562056821{padding-top: 25px !important;padding-bottom: 50px !important;background-color: #29326d !important;background-position: center;background-repeat: no-repeat !important;background-size: cover !important;}&#8221;][vc_column][vc_custom_heading text=&#8221;Visas de trabajo temporal&#8221; font_container=&#8221;tag:h1|text_align:center|color:%23ffffff|line_height:1.2&#8243; use_theme_fonts=&#8221;yes&#8221; el_class=&#8221;page-title&#8221;][\/vc_column][\/vc_row][vc_section css=&#8221;.vc_custom_1604565905587{margin-top: 40px !important;margin-bottom: 40px !important;}&#8221;][vc_row][vc_column width=&#8221;1\/4&#8243;][vc_column_text css=&#8221;.vc_custom_1610994953535{margin-bottom: 10px !important;}&#8221;]<\/p>\n<h4>Inmigraci\u00f3n y Ciudadan\u00eda<\/h4>\n<p>[\/vc_column_text][vc_wp_custommenu nav_menu=&#8221;37&#8243;][\/vc_column][vc_column width=&#8221;3\/4&#8243;][vc_column_text]Las visas de trabajo o empleo est\u00e1n disponibles para las personas que vienen a los Estados Unidos para encontrar un empleo nuevo o continuar. Hay muchos tipos de visas de empleo que van desde visas dise\u00f1adas espec\u00edficamente para empleados en campos profesionales espec\u00edficos, desde pa\u00edses espec\u00edficos hasta visas para personas que se transfieren a una sucursal estadounidense de su empresa. Para obtener una visa de trabajo, los empleados necesitan el respaldo del empleador para completar el proceso. Los empleadores deber\u00e1n presentar una petici\u00f3n en nombre de su empleado o posible empleado para obtener la visa requerida.<\/p>\n<h3>Tipos comunes de visas de trabajo<\/h3>\n<ul>\n<li><strong>Visa H-1B<\/strong>: La visa H1-B es una de las visas laborales m\u00e1s comunes que se emiten. Solo est\u00e1 disponible para personas que trabajan en una ocupaci\u00f3n que requiere conocimientos especializados y la finalizaci\u00f3n de una licenciatura (o su equivalente). La visa tiene una duraci\u00f3n de 3 a\u00f1os y solo se puede renovar por otros tres; despu\u00e9s de eso, deben irse o solicitar una visa diferente.<\/li>\n<li><strong>Visa H-1B1<\/strong>: Al igual que las visas H-1B, pero menos restrictivas, esta visa se emite espec\u00edficamente para profesionales chilenos y singapurenses.<\/li>\n<li><strong>Visa B-1 o Visa B-2<\/strong>: Las visas B-1 son para viajes de negocios de menos de 6 meses, mientras que las visas B-2 se emiten para visitas de placer o turistas que duran 3 meses o menos.<\/li>\n<li><strong>VWP<\/strong>: los ciudadanos de los pa\u00edses participantes pueden ingresar a los Estados Unidos por negocios o placer a trav\u00e9s del Programa de exenci\u00f3n de visa (&#8220;VWP&#8221;) en lugar de tener que obtener una visa B. La duraci\u00f3n de la estad\u00eda autorizada es de 90 d\u00edas o menos seg\u00fan el VWP.<\/li>\n<li><strong>Visas E (E-1 o E-2)<\/strong>: estas visas se otorgan a ciudadanos de pa\u00edses que tienen un tratado con los Estados Unidos y que est\u00e1n de visita \u00fanicamente para realizar actividades relacionadas con el comercio. Deben renovarse cada 2 a\u00f1os, asumiendo que se cumplen todos los requisitos en el momento de la renovaci\u00f3n.<\/li>\n<li><strong>Visa E-3<\/strong>: las visas E-3 se emiten a profesionales australianos (y sus c\u00f3nyuges o hijos) que trabajar\u00e1n en los Estados Unidos en un campo de especialidad. Estos son v\u00e1lidos mientras trabaje para la misma empresa y deben renovarse cada 2 a\u00f1os.<\/li>\n<li><strong>Visa E-4<\/strong>: Este tipo de visa solo se otorga a inmigrantes especiales que sean solo de los siguientes: traductor afgano o iraqu\u00ed, miembro de las Fuerzas Armadas, hijo o c\u00f3nyuge de un empleado fallecido de la OTAN-6 o un empleado jubilado de la OTAN-6, Ciudadano iraqu\u00ed que ha ayudado a los Estados Unidos, un empleado de una organizaci\u00f3n internacional, un locutor, un m\u00e9dico o un trabajador religioso.<\/li>\n<li><strong>Visa J-1<\/strong>: esta visa se otorga a personas que buscan estudiar mientras trabajan en su campo de inter\u00e9s profesional. Esta visa es com\u00fanmente obtenida por pasantes, maestros, investigadores m\u00e9dicos, au pairs o aquellos en un campo similar. Esta visa es v\u00e1lida por hasta 5 a\u00f1os (dependiendo de su campo de estudio). Los titulares de una visa J-1 no pueden convertirse en residentes permanentes en los Estados Unidos, cambiar su estado en los Estados Unidos, o solicitar una visa en nombre de otro hasta que regresen a su pa\u00eds de origen (o al pa\u00eds de la \u00faltima residencia permanente) durante al menos dos a\u00f1os.<\/li>\n<li><strong>Visas L-1<\/strong>: Las visas L-1 son para personas que trabajan en un \u00e1rea de conocimiento gerencial, ejecutivo o especializado de su empresa que necesitan transferirse de su sucursal extranjera a una sucursal o afiliada (propiedad de la misma empresa) que se encuentra en los Estados Unidos para continuar con su empleo. Un titular de una visa L-1 se conoce como un cesionario dentro de la empresa.<\/li>\n<li><strong>O Visas<\/strong>: Disponibles solo para personas que tienen una \u201chabilidad extraordinaria\u201d en las ciencias, las artes, la educaci\u00f3n, los negocios, el atletismo o en la industria del cine o la televisi\u00f3n.<\/li>\n<li><strong>Visa P<\/strong>: Similar a la visa O, las visas P se aplican a ciertas personas, atletas de equipo y miembros de un grupo de entretenimiento que buscan ense\u00f1ar, entrenar o actuar en los Estados Unidos.<\/li>\n<li><strong>Visa R<\/strong>: Las visas R se otorgan a los trabajadores religiosos que ingresan a los Estados Unidos.<\/li>\n<li><strong>Visa TN<\/strong>: Esta visa tambi\u00e9n se conoce como visa profesional NAFTA y solo se otorga a ciudadanos canadienses y mexicanos.<\/li>\n<\/ul>\n<p>[\/vc_column_text][vc_separator][vc_cta h2=&#8221;Programe una consulta&#8221; add_button=&#8221;right&#8221; btn_title=&#8221;P\u00f3ngase en contacto&#8221; btn_link=&#8221;url:https%3A%2F%2Fhernandezsmithlaw.com%2Fes%2Fcontacto%2F|title:Contact&#8221; btn_el_class=&#8221;button-primary&#8221;]P\u00f3ngase en contacto para programar una hora para hablar con nuestro equipo.[\/vc_cta][\/vc_column][\/vc_row][\/vc_section]<\/p>\n<\/div>","protected":false},"excerpt":{"rendered":"<p>[vc_row full_width=&#8221;stretch_row&#8221; parallax=&#8221;content-moving-fade&#8221; parallax_speed_bg=&#8221;2.5&#8243; css=&#8221;.vc_custom_1604562056821{padding-top: 25px !important;padding-bottom: 50px !important;background-color: #29326d !important;background-position: center;background-repeat: no-repeat !important;background-size: cover !important;}&#8221;][vc_column][vc_custom_heading text=&#8221;Visas de trabajo temporal&#8221; font_container=&#8221;tag:h1|text_align:center|color:%23ffffff|line_height:1.2&#8243; use_theme_fonts=&#8221;yes&#8221; el_class=&#8221;page-title&#8221;][\/vc_column][\/vc_row][vc_section css=&#8221;.vc_custom_1604565905587{margin-top: 40px !important;margin-bottom: 40px !important;}&#8221;][vc_row][vc_column width=&#8221;1\/4&#8243;][vc_column_text css=&#8221;.vc_custom_1610994953535{margin-bottom: 10px !important;}&#8221;] Inmigraci\u00f3n y Ciudadan\u00eda [\/vc_column_text][vc_wp_custommenu nav_menu=&#8221;37&#8243;][\/vc_column][vc_column width=&#8221;3\/4&#8243;][vc_column_text]Las visas de trabajo o empleo est\u00e1n disponibles para las personas que vienen a los Estados Unidos para&hellip;<\/p>\n","protected":false},"author":4,"featured_media":0,"parent":0,"menu_order":0,"comment_status":"closed","ping_status":"closed","template":"","meta":{"_acf_changed":false,"footnotes":""},"class_list":["post-2149","page","type-page","status-publish","hentry"],"acf":[],"yoast_head":"<!-- This site is optimized with the Yoast SEO plugin v27.2 - https:\/\/yoast.com\/product\/yoast-seo-wordpress\/ -->\n<title>Visas de trabajo temporal - Law Offices of Hernandez and Smith<\/title>\n<meta name=\"description\" content=\"Hay muchos tipos de visas de trabajo disponibles para las personas que vienen a los Estado Unidos. Nosotras podemos ayudar.\" \/>\n<meta name=\"robots\" content=\"index, follow, max-snippet:-1, max-image-preview:large, max-video-preview:-1\" \/>\n<link rel=\"canonical\" href=\"https:\/\/hernandezsmithlaw.com\/es\/visas-de-trabajo-temporal\/\" \/>\n<meta property=\"og:locale\" content=\"es_ES\" \/>\n<meta property=\"og:type\" content=\"article\" \/>\n<meta property=\"og:title\" content=\"Visas de trabajo temporal - Law Offices of Hernandez and Smith\" \/>\n<meta property=\"og:description\" content=\"Hay muchos tipos de visas de trabajo disponibles para las personas que vienen a los Estado Unidos. Nosotras podemos ayudar.\" \/>\n<meta property=\"og:url\" content=\"https:\/\/hernandezsmithlaw.com\/es\/visas-de-trabajo-temporal\/\" \/>\n<meta property=\"og:site_name\" content=\"Law Offices of Hernandez and Smith\" \/>\n<meta property=\"article:modified_time\" content=\"2021-01-18T20:50:59+00:00\" \/>\n<meta name=\"twitter:card\" content=\"summary_large_image\" \/>\n<meta name=\"twitter:label1\" content=\"Est. reading time\" \/>\n\t<meta name=\"twitter:data1\" content=\"5 minutes\" \/>\n<script type=\"application\/ld+json\" class=\"yoast-schema-graph\">{\"@context\":\"https:\/\/schema.org\",\"@graph\":[{\"@type\":\"WebPage\",\"@id\":\"https:\/\/hernandezsmithlaw.com\/es\/visas-de-trabajo-temporal\/\",\"url\":\"https:\/\/hernandezsmithlaw.com\/es\/visas-de-trabajo-temporal\/\",\"name\":\"Visas de trabajo temporal - Law Offices of Hernandez and Smith\",\"isPartOf\":{\"@id\":\"https:\/\/hernandezsmithlaw.com\/#website\"},\"datePublished\":\"2021-01-18T18:46:47+00:00\",\"dateModified\":\"2021-01-18T20:50:59+00:00\",\"description\":\"Hay muchos tipos de visas de trabajo disponibles para las personas que vienen a los Estado Unidos. Nosotras podemos ayudar.\",\"breadcrumb\":{\"@id\":\"https:\/\/hernandezsmithlaw.com\/es\/visas-de-trabajo-temporal\/#breadcrumb\"},\"inLanguage\":\"es-ES\",\"potentialAction\":[{\"@type\":\"ReadAction\",\"target\":[\"https:\/\/hernandezsmithlaw.com\/es\/visas-de-trabajo-temporal\/\"]}]},{\"@type\":\"BreadcrumbList\",\"@id\":\"https:\/\/hernandezsmithlaw.com\/es\/visas-de-trabajo-temporal\/#breadcrumb\",\"itemListElement\":[{\"@type\":\"ListItem\",\"position\":1,\"name\":\"Home\",\"item\":\"https:\/\/hernandezsmithlaw.com\/es\/\"},{\"@type\":\"ListItem\",\"position\":2,\"name\":\"Visas de trabajo temporal\"}]},{\"@type\":\"WebSite\",\"@id\":\"https:\/\/hernandezsmithlaw.com\/#website\",\"url\":\"https:\/\/hernandezsmithlaw.com\/\",\"name\":\"Law Offices of Hernandez and Smith\",\"description\":\"Personal Injury | Family Law | Business Litigation | Immigration &amp; Citizenship\",\"potentialAction\":[{\"@type\":\"SearchAction\",\"target\":{\"@type\":\"EntryPoint\",\"urlTemplate\":\"https:\/\/hernandezsmithlaw.com\/?s={search_term_string}\"},\"query-input\":{\"@type\":\"PropertyValueSpecification\",\"valueRequired\":true,\"valueName\":\"search_term_string\"}}],\"inLanguage\":\"es-ES\"}]}<\/script>\n<!-- \/ Yoast SEO plugin. -->","yoast_head_json":{"title":"Visas de trabajo temporal - Law Offices of Hernandez and Smith","description":"Hay muchos tipos de visas de trabajo disponibles para las personas que vienen a los Estado Unidos. Nosotras podemos ayudar.","robots":{"index":"index","follow":"follow","max-snippet":"max-snippet:-1","max-image-preview":"max-image-preview:large","max-video-preview":"max-video-preview:-1"},"canonical":"https:\/\/hernandezsmithlaw.com\/es\/visas-de-trabajo-temporal\/","og_locale":"es_ES","og_type":"article","og_title":"Visas de trabajo temporal - Law Offices of Hernandez and Smith","og_description":"Hay muchos tipos de visas de trabajo disponibles para las personas que vienen a los Estado Unidos. Nosotras podemos ayudar.","og_url":"https:\/\/hernandezsmithlaw.com\/es\/visas-de-trabajo-temporal\/","og_site_name":"Law Offices of Hernandez and Smith","article_modified_time":"2021-01-18T20:50:59+00:00","twitter_card":"summary_large_image","twitter_misc":{"Est. reading time":"5 minutes"},"schema":{"@context":"https:\/\/schema.org","@graph":[{"@type":"WebPage","@id":"https:\/\/hernandezsmithlaw.com\/es\/visas-de-trabajo-temporal\/","url":"https:\/\/hernandezsmithlaw.com\/es\/visas-de-trabajo-temporal\/","name":"Visas de trabajo temporal - Law Offices of Hernandez and Smith","isPartOf":{"@id":"https:\/\/hernandezsmithlaw.com\/#website"},"datePublished":"2021-01-18T18:46:47+00:00","dateModified":"2021-01-18T20:50:59+00:00","description":"Hay muchos tipos de visas de trabajo disponibles para las personas que vienen a los Estado Unidos. Nosotras podemos ayudar.","breadcrumb":{"@id":"https:\/\/hernandezsmithlaw.com\/es\/visas-de-trabajo-temporal\/#breadcrumb"},"inLanguage":"es-ES","potentialAction":[{"@type":"ReadAction","target":["https:\/\/hernandezsmithlaw.com\/es\/visas-de-trabajo-temporal\/"]}]},{"@type":"BreadcrumbList","@id":"https:\/\/hernandezsmithlaw.com\/es\/visas-de-trabajo-temporal\/#breadcrumb","itemListElement":[{"@type":"ListItem","position":1,"name":"Home","item":"https:\/\/hernandezsmithlaw.com\/es\/"},{"@type":"ListItem","position":2,"name":"Visas de trabajo temporal"}]},{"@type":"WebSite","@id":"https:\/\/hernandezsmithlaw.com\/#website","url":"https:\/\/hernandezsmithlaw.com\/","name":"Law Offices of Hernandez and Smith","description":"Personal Injury | Family Law | Business Litigation | Immigration &amp; Citizenship","potentialAction":[{"@type":"SearchAction","target":{"@type":"EntryPoint","urlTemplate":"https:\/\/hernandezsmithlaw.com\/?s={search_term_string}"},"query-input":{"@type":"PropertyValueSpecification","valueRequired":true,"valueName":"search_term_string"}}],"inLanguage":"es-ES"}]}},"_links":{"self":[{"href":"https:\/\/hernandezsmithlaw.com\/es\/wp-json\/wp\/v2\/pages\/2149\/"}],"collection":[{"href":"https:\/\/hernandezsmithlaw.com\/es\/wp-json\/wp\/v2\/pages\/"}],"about":[{"href":"https:\/\/hernandezsmithlaw.com\/es\/wp-json\/wp\/v2\/types\/page\/"}],"author":[{"embeddable":true,"href":"https:\/\/hernandezsmithlaw.com\/es\/wp-json\/wp\/v2\/users\/4\/"}],"replies":[{"embeddable":true,"href":"https:\/\/hernandezsmithlaw.com\/es\/wp-json\/wp\/v2\/comments\/?post=2149"}],"version-history":[{"count":2,"href":"https:\/\/hernandezsmithlaw.com\/es\/wp-json\/wp\/v2\/pages\/2149\/revisions\/"}],"predecessor-version":[{"id":2179,"href":"https:\/\/hernandezsmithlaw.com\/es\/wp-json\/wp\/v2\/pages\/2149\/revisions\/2179\/"}],"wp:attachment":[{"href":"https:\/\/hernandezsmithlaw.com\/es\/wp-json\/wp\/v2\/media\/?parent=2149"}],"curies":[{"name":"wp","href":"https:\/\/api.w.org\/{rel}","templated":true}]}}