{"id":2155,"date":"2021-01-18T20:04:32","date_gmt":"2021-01-18T20:04:32","guid":{"rendered":"https:\/\/hernandezsmithlaw.com\/?page_id=2155"},"modified":"2021-01-18T20:52:26","modified_gmt":"2021-01-18T20:52:26","slug":"visas-de-trabajo-permanentes","status":"publish","type":"page","link":"https:\/\/hernandezsmithlaw.com\/es\/visas-de-trabajo-permanentes\/","title":{"rendered":"Visas de trabajo permanentes"},"content":{"rendered":"<div class=\"wpb-content-wrapper\"><p>[vc_row full_width=&#8221;stretch_row&#8221; parallax=&#8221;content-moving-fade&#8221; parallax_speed_bg=&#8221;2.5&#8243; css=&#8221;.vc_custom_1604562056821{padding-top: 25px !important;padding-bottom: 50px !important;background-color: #29326d !important;background-position: center;background-repeat: no-repeat !important;background-size: cover !important;}&#8221;][vc_column][vc_custom_heading text=&#8221;Visas de trabajo permanentes&#8221; font_container=&#8221;tag:h1|text_align:center|color:%23ffffff|line_height:1.2&#8243; use_theme_fonts=&#8221;yes&#8221; el_class=&#8221;page-title&#8221;][\/vc_column][\/vc_row][vc_section css=&#8221;.vc_custom_1604565905587{margin-top: 40px !important;margin-bottom: 40px !important;}&#8221;][vc_row][vc_column width=&#8221;1\/4&#8243;][vc_column_text css=&#8221;.vc_custom_1610999761875{margin-bottom: 10px !important;}&#8221;]<\/p>\n<h4>Inmigraci\u00f3n y Ciudadan\u00eda<\/h4>\n<p>[\/vc_column_text][vc_wp_custommenu nav_menu=&#8221;37&#8243;][\/vc_column][vc_column width=&#8221;3\/4&#8243;][vc_column_text]Adem\u00e1s del patrocinio basado en la familia y el matrimonio para las solicitudes de tarjeta verde, los inmigrantes tambi\u00e9n pueden obtener el estado de residencia permanente a trav\u00e9s de un patrocinio basado en el empleador. En el caso de determinadas personas, pueden presentar una auto-petici\u00f3n sobre la base de que poseen conocimientos o habilidades especializados que son altamente deseados o beneficiosos para los empleadores estadounidenses.<\/p>\n<p>Para solicitar el estado de residencia permanente, los empleados inmigrantes primero deben tener una visa de inmigrante v\u00e1lida. Hay 5 categor\u00edas de visas disponibles que se basan en el trabajo que se pueden utilizar en el proceso para obtener una tarjeta verde. Estas v\u00edas permiten a las empresas traer a los empleados deseados a los Estados Unidos y se consideran m\u00e9todos para las tarjetas verdes basadas en el empleo.<\/p>\n<p>En total, hay cinco categor\u00edas para las tarjetas verdes basadas en el empleo. Son:<\/p>\n<p><strong>EB-1<\/strong>: Visa otorgada a personas en un puesto de nivel ejecutivo o gerencial, con \u201chabilidad extraordinaria\u201d en ciertos campos de estudio, oa profesores e investigadores de reconocido prestigio en su \u00e1rea de especializaci\u00f3n.<br \/>\n<strong>EB-2<\/strong>: Se proporciona a quienes tienen una \u201chabilidad excepcional\u201d en las artes, las ciencias o los negocios. Tambi\u00e9n se puede otorgar a personas con una maestr\u00eda o doctorado o que trabajen por el inter\u00e9s nacional.<br \/>\n<strong>EB-3<\/strong>: esta categor\u00eda de visa es para empleados con una licenciatura o para trabajadores calificados.<br \/>\n<strong>EB-4<\/strong>: Para empresas que buscan contratar talento dentro de su industria, ya sea de forma permanente o temporal. Corporaciones internacionales para transferir empleados de una sucursal extranjera a una en los Estados Unidos o enviar a un empleado a realizar negocios en los Estados Unidos en nombre de la empresa. Las personas que trabajan por cuenta propia tambi\u00e9n pueden beneficiarse de nuestros servicios de inmigraci\u00f3n empresarial, cont\u00e1ctenos para cualquier viaje relacionado con el trabajo a los Estados Unidos.<br \/>\n<strong>EB-5<\/strong>: esta es una visa especializada para inversores selectos de empresas estadounidenses que cumplen con ciertos requisitos. Algunos de estos requisitos incluyen una inversi\u00f3n no marginal de un mill\u00f3n de d\u00f3lares y crea un n\u00famero m\u00ednimo de nuevos puestos de trabajo a tiempo completo.<\/p>\n<p>Independientemente de la ruta que se utilice, podemos ayudar a los empleadores a completar una Solicitud de Certificaci\u00f3n Laboral PERM y presentarla al Departamento de Trabajo. Una vez aprobada, tambi\u00e9n podemos brindar asistencia para presentar la Petici\u00f3n de inmigrante para trabajadores extranjeros (Formulario I-140) necesaria ante los Servicios de Ciudadan\u00eda e Inmigraci\u00f3n de los Estados Unidos (USCIS).[\/vc_column_text][vc_separator][vc_cta h2=&#8221;Programe una consulta&#8221; add_button=&#8221;right&#8221; btn_title=&#8221;P\u00f3ngase en contacto&#8221; btn_link=&#8221;url:https%3A%2F%2Fhernandezsmithlaw.com%2Fes%2Fcontacto%2F|title:Contact&#8221; btn_el_class=&#8221;button-primary&#8221;]P\u00f3ngase en contacto para programar una hora para hablar con nuestro equipo.[\/vc_cta][\/vc_column][\/vc_row][\/vc_section]<\/p>\n<\/div>","protected":false},"excerpt":{"rendered":"<p>[vc_row full_width=&#8221;stretch_row&#8221; parallax=&#8221;content-moving-fade&#8221; parallax_speed_bg=&#8221;2.5&#8243; css=&#8221;.vc_custom_1604562056821{padding-top: 25px !important;padding-bottom: 50px !important;background-color: #29326d !important;background-position: center;background-repeat: no-repeat !important;background-size: cover !important;}&#8221;][vc_column][vc_custom_heading text=&#8221;Visas de trabajo permanentes&#8221; font_container=&#8221;tag:h1|text_align:center|color:%23ffffff|line_height:1.2&#8243; use_theme_fonts=&#8221;yes&#8221; el_class=&#8221;page-title&#8221;][\/vc_column][\/vc_row][vc_section css=&#8221;.vc_custom_1604565905587{margin-top: 40px !important;margin-bottom: 40px !important;}&#8221;][vc_row][vc_column width=&#8221;1\/4&#8243;][vc_column_text css=&#8221;.vc_custom_1610999761875{margin-bottom: 10px !important;}&#8221;] Inmigraci\u00f3n y Ciudadan\u00eda [\/vc_column_text][vc_wp_custommenu nav_menu=&#8221;37&#8243;][\/vc_column][vc_column width=&#8221;3\/4&#8243;][vc_column_text]Adem\u00e1s del patrocinio basado en la familia y el matrimonio para las solicitudes de tarjeta verde, los inmigrantes&hellip;<\/p>\n","protected":false},"author":4,"featured_media":0,"parent":0,"menu_order":0,"comment_status":"closed","ping_status":"closed","template":"","meta":{"_acf_changed":false,"footnotes":""},"class_list":["post-2155","page","type-page","status-publish","hentry"],"acf":[],"yoast_head":"<!-- This site is optimized with the Yoast SEO plugin v27.5 - https:\/\/yoast.com\/product\/yoast-seo-wordpress\/ -->\n<title>Visas de trabajo permanentes - Law Offices of Hernandez and Smith<\/title>\n<meta name=\"description\" content=\"Podemos ayudar a los empleadores a completar una Solicitud de Certificaci\u00f3n Laboral PERM y presentarla al Departamento de Trabajo.\" \/>\n<meta name=\"robots\" content=\"index, follow, max-snippet:-1, max-image-preview:large, max-video-preview:-1\" \/>\n<link rel=\"canonical\" href=\"https:\/\/hernandezsmithlaw.com\/es\/visas-de-trabajo-permanentes\/\" \/>\n<meta property=\"og:locale\" content=\"es_ES\" \/>\n<meta property=\"og:type\" content=\"article\" \/>\n<meta property=\"og:title\" content=\"Visas de trabajo permanentes - Law Offices of Hernandez and Smith\" \/>\n<meta property=\"og:description\" content=\"Podemos ayudar a los empleadores a completar una Solicitud de Certificaci\u00f3n Laboral PERM y presentarla al Departamento de Trabajo.\" \/>\n<meta property=\"og:url\" content=\"https:\/\/hernandezsmithlaw.com\/es\/visas-de-trabajo-permanentes\/\" \/>\n<meta property=\"og:site_name\" content=\"Law Offices of Hernandez and Smith\" \/>\n<meta property=\"article:modified_time\" content=\"2021-01-18T20:52:26+00:00\" \/>\n<meta name=\"twitter:card\" content=\"summary_large_image\" \/>\n<meta name=\"twitter:label1\" content=\"Est. reading time\" \/>\n\t<meta name=\"twitter:data1\" content=\"3 minutes\" \/>\n<script type=\"application\/ld+json\" class=\"yoast-schema-graph\">{\"@context\":\"https:\\\/\\\/schema.org\",\"@graph\":[{\"@type\":\"WebPage\",\"@id\":\"https:\\\/\\\/hernandezsmithlaw.com\\\/es\\\/visas-de-trabajo-permanentes\\\/\",\"url\":\"https:\\\/\\\/hernandezsmithlaw.com\\\/es\\\/visas-de-trabajo-permanentes\\\/\",\"name\":\"Visas de trabajo permanentes - Law Offices of Hernandez and Smith\",\"isPartOf\":{\"@id\":\"https:\\\/\\\/hernandezsmithlaw.com\\\/#website\"},\"datePublished\":\"2021-01-18T20:04:32+00:00\",\"dateModified\":\"2021-01-18T20:52:26+00:00\",\"description\":\"Podemos ayudar a los empleadores a completar una Solicitud de Certificaci\u00f3n Laboral PERM y presentarla al Departamento de Trabajo.\",\"breadcrumb\":{\"@id\":\"https:\\\/\\\/hernandezsmithlaw.com\\\/es\\\/visas-de-trabajo-permanentes\\\/#breadcrumb\"},\"inLanguage\":\"es-ES\",\"potentialAction\":[{\"@type\":\"ReadAction\",\"target\":[\"https:\\\/\\\/hernandezsmithlaw.com\\\/es\\\/visas-de-trabajo-permanentes\\\/\"]}]},{\"@type\":\"BreadcrumbList\",\"@id\":\"https:\\\/\\\/hernandezsmithlaw.com\\\/es\\\/visas-de-trabajo-permanentes\\\/#breadcrumb\",\"itemListElement\":[{\"@type\":\"ListItem\",\"position\":1,\"name\":\"Home\",\"item\":\"https:\\\/\\\/hernandezsmithlaw.com\\\/es\\\/\"},{\"@type\":\"ListItem\",\"position\":2,\"name\":\"Visas de trabajo permanentes\"}]},{\"@type\":\"WebSite\",\"@id\":\"https:\\\/\\\/hernandezsmithlaw.com\\\/#website\",\"url\":\"https:\\\/\\\/hernandezsmithlaw.com\\\/\",\"name\":\"Law Offices of Hernandez and Smith\",\"description\":\"Personal Injury | Family Law | Business Litigation | Immigration &amp; Citizenship\",\"potentialAction\":[{\"@type\":\"SearchAction\",\"target\":{\"@type\":\"EntryPoint\",\"urlTemplate\":\"https:\\\/\\\/hernandezsmithlaw.com\\\/?s={search_term_string}\"},\"query-input\":{\"@type\":\"PropertyValueSpecification\",\"valueRequired\":true,\"valueName\":\"search_term_string\"}}],\"inLanguage\":\"es-ES\"}]}<\/script>\n<!-- \/ Yoast SEO plugin. -->","yoast_head_json":{"title":"Visas de trabajo permanentes - Law Offices of Hernandez and Smith","description":"Podemos ayudar a los empleadores a completar una Solicitud de Certificaci\u00f3n Laboral PERM y presentarla al Departamento de Trabajo.","robots":{"index":"index","follow":"follow","max-snippet":"max-snippet:-1","max-image-preview":"max-image-preview:large","max-video-preview":"max-video-preview:-1"},"canonical":"https:\/\/hernandezsmithlaw.com\/es\/visas-de-trabajo-permanentes\/","og_locale":"es_ES","og_type":"article","og_title":"Visas de trabajo permanentes - Law Offices of Hernandez and Smith","og_description":"Podemos ayudar a los empleadores a completar una Solicitud de Certificaci\u00f3n Laboral PERM y presentarla al Departamento de Trabajo.","og_url":"https:\/\/hernandezsmithlaw.com\/es\/visas-de-trabajo-permanentes\/","og_site_name":"Law Offices of Hernandez and Smith","article_modified_time":"2021-01-18T20:52:26+00:00","twitter_card":"summary_large_image","twitter_misc":{"Est. reading time":"3 minutes"},"schema":{"@context":"https:\/\/schema.org","@graph":[{"@type":"WebPage","@id":"https:\/\/hernandezsmithlaw.com\/es\/visas-de-trabajo-permanentes\/","url":"https:\/\/hernandezsmithlaw.com\/es\/visas-de-trabajo-permanentes\/","name":"Visas de trabajo permanentes - Law Offices of Hernandez and Smith","isPartOf":{"@id":"https:\/\/hernandezsmithlaw.com\/#website"},"datePublished":"2021-01-18T20:04:32+00:00","dateModified":"2021-01-18T20:52:26+00:00","description":"Podemos ayudar a los empleadores a completar una Solicitud de Certificaci\u00f3n Laboral PERM y presentarla al Departamento de Trabajo.","breadcrumb":{"@id":"https:\/\/hernandezsmithlaw.com\/es\/visas-de-trabajo-permanentes\/#breadcrumb"},"inLanguage":"es-ES","potentialAction":[{"@type":"ReadAction","target":["https:\/\/hernandezsmithlaw.com\/es\/visas-de-trabajo-permanentes\/"]}]},{"@type":"BreadcrumbList","@id":"https:\/\/hernandezsmithlaw.com\/es\/visas-de-trabajo-permanentes\/#breadcrumb","itemListElement":[{"@type":"ListItem","position":1,"name":"Home","item":"https:\/\/hernandezsmithlaw.com\/es\/"},{"@type":"ListItem","position":2,"name":"Visas de trabajo permanentes"}]},{"@type":"WebSite","@id":"https:\/\/hernandezsmithlaw.com\/#website","url":"https:\/\/hernandezsmithlaw.com\/","name":"Law Offices of Hernandez and Smith","description":"Personal Injury | Family Law | Business Litigation | Immigration &amp; Citizenship","potentialAction":[{"@type":"SearchAction","target":{"@type":"EntryPoint","urlTemplate":"https:\/\/hernandezsmithlaw.com\/?s={search_term_string}"},"query-input":{"@type":"PropertyValueSpecification","valueRequired":true,"valueName":"search_term_string"}}],"inLanguage":"es-ES"}]}},"_links":{"self":[{"href":"https:\/\/hernandezsmithlaw.com\/es\/wp-json\/wp\/v2\/pages\/2155\/"}],"collection":[{"href":"https:\/\/hernandezsmithlaw.com\/es\/wp-json\/wp\/v2\/pages\/"}],"about":[{"href":"https:\/\/hernandezsmithlaw.com\/es\/wp-json\/wp\/v2\/types\/page\/"}],"author":[{"embeddable":true,"href":"https:\/\/hernandezsmithlaw.com\/es\/wp-json\/wp\/v2\/users\/4\/"}],"replies":[{"embeddable":true,"href":"https:\/\/hernandezsmithlaw.com\/es\/wp-json\/wp\/v2\/comments\/?post=2155"}],"version-history":[{"count":2,"href":"https:\/\/hernandezsmithlaw.com\/es\/wp-json\/wp\/v2\/pages\/2155\/revisions\/"}],"predecessor-version":[{"id":2182,"href":"https:\/\/hernandezsmithlaw.com\/es\/wp-json\/wp\/v2\/pages\/2155\/revisions\/2182\/"}],"wp:attachment":[{"href":"https:\/\/hernandezsmithlaw.com\/es\/wp-json\/wp\/v2\/media\/?parent=2155"}],"curies":[{"name":"wp","href":"https:\/\/api.w.org\/{rel}","templated":true}]}}