{"id":2161,"date":"2021-01-18T20:18:19","date_gmt":"2021-01-18T20:18:19","guid":{"rendered":"https:\/\/hernandezsmithlaw.com\/?page_id=2161"},"modified":"2021-01-18T20:51:41","modified_gmt":"2021-01-18T20:51:41","slug":"tenencia-del-ice","status":"publish","type":"page","link":"https:\/\/hernandezsmithlaw.com\/es\/tenencia-del-ice\/","title":{"rendered":"Tenencia del ICE"},"content":{"rendered":"<div class=\"wpb-content-wrapper\"><p>[vc_row full_width=&#8221;stretch_row&#8221; parallax=&#8221;content-moving-fade&#8221; parallax_speed_bg=&#8221;2.5&#8243; css=&#8221;.vc_custom_1604562056821{padding-top: 25px !important;padding-bottom: 50px !important;background-color: #29326d !important;background-position: center;background-repeat: no-repeat !important;background-size: cover !important;}&#8221;][vc_column][vc_custom_heading text=&#8221;Tenencia del ICE&#8221; font_container=&#8221;tag:h1|text_align:center|color:%23ffffff|line_height:1.2&#8243; use_theme_fonts=&#8221;yes&#8221; el_class=&#8221;page-title&#8221;][\/vc_column][\/vc_row][vc_section css=&#8221;.vc_custom_1604565905587{margin-top: 40px !important;margin-bottom: 40px !important;}&#8221;][vc_row][vc_column width=&#8221;1\/4&#8243;][vc_column_text css=&#8221;.vc_custom_1611000811313{margin-bottom: 10px !important;}&#8221;]<\/p>\n<h4>Inmigraci\u00f3n y Ciudadan\u00eda<\/h4>\n<p>[\/vc_column_text][vc_wp_custommenu nav_menu=&#8221;37&#8243;][\/vc_column][vc_column width=&#8221;3\/4&#8243;][vc_column_text]Cualquier no ciudadano, incluidos aquellos en los Estados Unidos con una visa o con estatus de residencia permanente, puede enfrentar la deportaci\u00f3n si es declarado culpable de un delito o se detecta un fraude. Las personas sin estatus legal pueden enfrentar la deportaci\u00f3n si simplemente son arrestadas. Es importante consultar con un abogado de derecho de inmigraci\u00f3n, adem\u00e1s, confiar en el abogado de derecho penal que pueda tener. Un abogado de defensa criminal puede representarlo en el sistema de derecho penal ayud\u00e1ndolo a reducir los cargos en su contra o haciendo que se desestime un caso. Sin embargo, solo un abogado de inmigraci\u00f3n puede brindar asesor\u00eda y asistencia legal de manera adecuada para evitar las duras consecuencias de inmigraci\u00f3n o las acciones de deportaci\u00f3n que surgen de los enjuiciamientos penales durante su juicio o incluso despu\u00e9s.<\/p>\n<p>A menudo, los no ciudadanos son puestos bajo la \u201ccustodia\u201d del Servicio de Control de Aduanas de Inmigraci\u00f3n (ICE), pero los mantienen en la c\u00e1rcel del condado mientras esperan el juicio. Una vez que son transferidos a un centro de detenci\u00f3n de inmigrantes, un juez de inmigraci\u00f3n determina la elegibilidad para la fianza bas\u00e1ndose en una multitud de factores:<\/p>\n<ul>\n<li>\u00bfCu\u00e1nto riesgo de fuga puede presentar el no ciudadano?<\/li>\n<li>El peligro que el no ciudadano representa para la sociedad si es liberado bajo fianza<\/li>\n<li>Si el no ciudadano es elegible para beneficios de inmigraci\u00f3n<\/li>\n<li>Los lazos familiares<\/li>\n<li>Servicio comunitario<\/li>\n<li>Servicio militar<\/li>\n<li>Historial de inmigraci\u00f3n<\/li>\n<li>Disponibilidad de exenciones o peticiones para obtener o mantener el estatus migratorio<\/li>\n<li>Persecuci\u00f3n pasada y \/ o temor de persecuci\u00f3n futura dada la pertenencia a una clase protegida si el no ciudadano es devuelto a un pa\u00eds en particular<\/li>\n<li>Ning\u00fan factor por s\u00ed solo es decisivo, se hace un balance de estos y otros factores similares para determinar si se otorgar\u00e1 la fianza en cualquier caso.<\/li>\n<\/ul>\n<p>Nuestro bufete de abogados ayuda a las personas a presentar casos s\u00f3lidos de fianza. Trabajamos diligentemente para que nuestros clientes y sus familias luchen contra las retenciones de ICE y permitan que el extranjero se quede en casa para prepararse para su caso.[\/vc_column_text][vc_separator][vc_cta h2=&#8221;Programe una consulta&#8221; add_button=&#8221;right&#8221; btn_title=&#8221;P\u00f3ngase en contacto&#8221; btn_link=&#8221;url:https%3A%2F%2Fhernandezsmithlaw.com%2Fes%2Fcontacto%2F|title:Contact&#8221; btn_el_class=&#8221;button-primary&#8221;]P\u00f3ngase en contacto para programar una hora para hablar con nuestro equipo.[\/vc_cta][\/vc_column][\/vc_row][\/vc_section]<\/p>\n<\/div>","protected":false},"excerpt":{"rendered":"<p>[vc_row full_width=&#8221;stretch_row&#8221; parallax=&#8221;content-moving-fade&#8221; parallax_speed_bg=&#8221;2.5&#8243; css=&#8221;.vc_custom_1604562056821{padding-top: 25px !important;padding-bottom: 50px !important;background-color: #29326d !important;background-position: center;background-repeat: no-repeat !important;background-size: cover !important;}&#8221;][vc_column][vc_custom_heading text=&#8221;Tenencia del ICE&#8221; font_container=&#8221;tag:h1|text_align:center|color:%23ffffff|line_height:1.2&#8243; use_theme_fonts=&#8221;yes&#8221; el_class=&#8221;page-title&#8221;][\/vc_column][\/vc_row][vc_section css=&#8221;.vc_custom_1604565905587{margin-top: 40px !important;margin-bottom: 40px !important;}&#8221;][vc_row][vc_column width=&#8221;1\/4&#8243;][vc_column_text css=&#8221;.vc_custom_1611000811313{margin-bottom: 10px !important;}&#8221;] Inmigraci\u00f3n y Ciudadan\u00eda [\/vc_column_text][vc_wp_custommenu nav_menu=&#8221;37&#8243;][\/vc_column][vc_column width=&#8221;3\/4&#8243;][vc_column_text]Cualquier no ciudadano, incluidos aquellos en los Estados Unidos con una visa o con estatus de residencia permanente, puede&hellip;<\/p>\n","protected":false},"author":4,"featured_media":0,"parent":0,"menu_order":0,"comment_status":"closed","ping_status":"closed","template":"","meta":{"_acf_changed":false,"footnotes":""},"class_list":["post-2161","page","type-page","status-publish","hentry"],"acf":[],"yoast_head":"<!-- This site is optimized with the Yoast SEO plugin v27.2 - https:\/\/yoast.com\/product\/yoast-seo-wordpress\/ -->\n<title>Tenencia del ICE - Law Offices of Hernandez and Smith<\/title>\n<meta name=\"description\" content=\"Las personas sin estatus legal pueden enfrentar la deportaci\u00f3n si simplemente son arrestadas. Consulte con un abogado de leyes de inmigraci\u00f3n.\" \/>\n<meta name=\"robots\" content=\"index, follow, max-snippet:-1, max-image-preview:large, max-video-preview:-1\" \/>\n<link rel=\"canonical\" href=\"https:\/\/hernandezsmithlaw.com\/es\/tenencia-del-ice\/\" \/>\n<meta property=\"og:locale\" content=\"es_ES\" \/>\n<meta property=\"og:type\" content=\"article\" \/>\n<meta property=\"og:title\" content=\"Tenencia del ICE - Law Offices of Hernandez and Smith\" \/>\n<meta property=\"og:description\" content=\"Las personas sin estatus legal pueden enfrentar la deportaci\u00f3n si simplemente son arrestadas. Consulte con un abogado de leyes de inmigraci\u00f3n.\" \/>\n<meta property=\"og:url\" content=\"https:\/\/hernandezsmithlaw.com\/es\/tenencia-del-ice\/\" \/>\n<meta property=\"og:site_name\" content=\"Law Offices of Hernandez and Smith\" \/>\n<meta property=\"article:modified_time\" content=\"2021-01-18T20:51:41+00:00\" \/>\n<meta name=\"twitter:card\" content=\"summary_large_image\" \/>\n<meta name=\"twitter:label1\" content=\"Est. reading time\" \/>\n\t<meta name=\"twitter:data1\" content=\"3 minutes\" \/>\n<script type=\"application\/ld+json\" class=\"yoast-schema-graph\">{\"@context\":\"https:\/\/schema.org\",\"@graph\":[{\"@type\":\"WebPage\",\"@id\":\"https:\/\/hernandezsmithlaw.com\/es\/tenencia-del-ice\/\",\"url\":\"https:\/\/hernandezsmithlaw.com\/es\/tenencia-del-ice\/\",\"name\":\"Tenencia del ICE - Law Offices of Hernandez and Smith\",\"isPartOf\":{\"@id\":\"https:\/\/hernandezsmithlaw.com\/#website\"},\"datePublished\":\"2021-01-18T20:18:19+00:00\",\"dateModified\":\"2021-01-18T20:51:41+00:00\",\"description\":\"Las personas sin estatus legal pueden enfrentar la deportaci\u00f3n si simplemente son arrestadas. Consulte con un abogado de leyes de inmigraci\u00f3n.\",\"breadcrumb\":{\"@id\":\"https:\/\/hernandezsmithlaw.com\/es\/tenencia-del-ice\/#breadcrumb\"},\"inLanguage\":\"es-ES\",\"potentialAction\":[{\"@type\":\"ReadAction\",\"target\":[\"https:\/\/hernandezsmithlaw.com\/es\/tenencia-del-ice\/\"]}]},{\"@type\":\"BreadcrumbList\",\"@id\":\"https:\/\/hernandezsmithlaw.com\/es\/tenencia-del-ice\/#breadcrumb\",\"itemListElement\":[{\"@type\":\"ListItem\",\"position\":1,\"name\":\"Home\",\"item\":\"https:\/\/hernandezsmithlaw.com\/es\/\"},{\"@type\":\"ListItem\",\"position\":2,\"name\":\"Tenencia del ICE\"}]},{\"@type\":\"WebSite\",\"@id\":\"https:\/\/hernandezsmithlaw.com\/#website\",\"url\":\"https:\/\/hernandezsmithlaw.com\/\",\"name\":\"Law Offices of Hernandez and Smith\",\"description\":\"Personal Injury | Family Law | Business Litigation | Immigration &amp; Citizenship\",\"potentialAction\":[{\"@type\":\"SearchAction\",\"target\":{\"@type\":\"EntryPoint\",\"urlTemplate\":\"https:\/\/hernandezsmithlaw.com\/?s={search_term_string}\"},\"query-input\":{\"@type\":\"PropertyValueSpecification\",\"valueRequired\":true,\"valueName\":\"search_term_string\"}}],\"inLanguage\":\"es-ES\"}]}<\/script>\n<!-- \/ Yoast SEO plugin. -->","yoast_head_json":{"title":"Tenencia del ICE - Law Offices of Hernandez and Smith","description":"Las personas sin estatus legal pueden enfrentar la deportaci\u00f3n si simplemente son arrestadas. Consulte con un abogado de leyes de inmigraci\u00f3n.","robots":{"index":"index","follow":"follow","max-snippet":"max-snippet:-1","max-image-preview":"max-image-preview:large","max-video-preview":"max-video-preview:-1"},"canonical":"https:\/\/hernandezsmithlaw.com\/es\/tenencia-del-ice\/","og_locale":"es_ES","og_type":"article","og_title":"Tenencia del ICE - Law Offices of Hernandez and Smith","og_description":"Las personas sin estatus legal pueden enfrentar la deportaci\u00f3n si simplemente son arrestadas. Consulte con un abogado de leyes de inmigraci\u00f3n.","og_url":"https:\/\/hernandezsmithlaw.com\/es\/tenencia-del-ice\/","og_site_name":"Law Offices of Hernandez and Smith","article_modified_time":"2021-01-18T20:51:41+00:00","twitter_card":"summary_large_image","twitter_misc":{"Est. reading time":"3 minutes"},"schema":{"@context":"https:\/\/schema.org","@graph":[{"@type":"WebPage","@id":"https:\/\/hernandezsmithlaw.com\/es\/tenencia-del-ice\/","url":"https:\/\/hernandezsmithlaw.com\/es\/tenencia-del-ice\/","name":"Tenencia del ICE - Law Offices of Hernandez and Smith","isPartOf":{"@id":"https:\/\/hernandezsmithlaw.com\/#website"},"datePublished":"2021-01-18T20:18:19+00:00","dateModified":"2021-01-18T20:51:41+00:00","description":"Las personas sin estatus legal pueden enfrentar la deportaci\u00f3n si simplemente son arrestadas. Consulte con un abogado de leyes de inmigraci\u00f3n.","breadcrumb":{"@id":"https:\/\/hernandezsmithlaw.com\/es\/tenencia-del-ice\/#breadcrumb"},"inLanguage":"es-ES","potentialAction":[{"@type":"ReadAction","target":["https:\/\/hernandezsmithlaw.com\/es\/tenencia-del-ice\/"]}]},{"@type":"BreadcrumbList","@id":"https:\/\/hernandezsmithlaw.com\/es\/tenencia-del-ice\/#breadcrumb","itemListElement":[{"@type":"ListItem","position":1,"name":"Home","item":"https:\/\/hernandezsmithlaw.com\/es\/"},{"@type":"ListItem","position":2,"name":"Tenencia del ICE"}]},{"@type":"WebSite","@id":"https:\/\/hernandezsmithlaw.com\/#website","url":"https:\/\/hernandezsmithlaw.com\/","name":"Law Offices of Hernandez and Smith","description":"Personal Injury | Family Law | Business Litigation | Immigration &amp; Citizenship","potentialAction":[{"@type":"SearchAction","target":{"@type":"EntryPoint","urlTemplate":"https:\/\/hernandezsmithlaw.com\/?s={search_term_string}"},"query-input":{"@type":"PropertyValueSpecification","valueRequired":true,"valueName":"search_term_string"}}],"inLanguage":"es-ES"}]}},"_links":{"self":[{"href":"https:\/\/hernandezsmithlaw.com\/es\/wp-json\/wp\/v2\/pages\/2161\/"}],"collection":[{"href":"https:\/\/hernandezsmithlaw.com\/es\/wp-json\/wp\/v2\/pages\/"}],"about":[{"href":"https:\/\/hernandezsmithlaw.com\/es\/wp-json\/wp\/v2\/types\/page\/"}],"author":[{"embeddable":true,"href":"https:\/\/hernandezsmithlaw.com\/es\/wp-json\/wp\/v2\/users\/4\/"}],"replies":[{"embeddable":true,"href":"https:\/\/hernandezsmithlaw.com\/es\/wp-json\/wp\/v2\/comments\/?post=2161"}],"version-history":[{"count":3,"href":"https:\/\/hernandezsmithlaw.com\/es\/wp-json\/wp\/v2\/pages\/2161\/revisions\/"}],"predecessor-version":[{"id":2181,"href":"https:\/\/hernandezsmithlaw.com\/es\/wp-json\/wp\/v2\/pages\/2161\/revisions\/2181\/"}],"wp:attachment":[{"href":"https:\/\/hernandezsmithlaw.com\/es\/wp-json\/wp\/v2\/media\/?parent=2161"}],"curies":[{"name":"wp","href":"https:\/\/api.w.org\/{rel}","templated":true}]}}