{"id":2164,"date":"2021-01-18T20:31:47","date_gmt":"2021-01-18T20:31:47","guid":{"rendered":"https:\/\/hernandezsmithlaw.com\/?page_id=2164"},"modified":"2021-01-18T20:32:20","modified_gmt":"2021-01-18T20:32:20","slug":"naturalizacion-y-ciudadania","status":"publish","type":"page","link":"https:\/\/hernandezsmithlaw.com\/es\/naturalizacion-y-ciudadania\/","title":{"rendered":"Naturalizaci\u00f3n y ciudadan\u00eda"},"content":{"rendered":"<div class=\"wpb-content-wrapper\"><p>[vc_row full_width=&#8221;stretch_row&#8221; parallax=&#8221;content-moving-fade&#8221; parallax_speed_bg=&#8221;2.5&#8243; css=&#8221;.vc_custom_1604562056821{padding-top: 25px !important;padding-bottom: 50px !important;background-color: #29326d !important;background-position: center;background-repeat: no-repeat !important;background-size: cover !important;}&#8221;][vc_column][vc_custom_heading text=&#8221;Naturalizaci\u00f3n y ciudadan\u00eda&#8221; font_container=&#8221;tag:h1|text_align:center|color:%23ffffff|line_height:1.2&#8243; use_theme_fonts=&#8221;yes&#8221; el_class=&#8221;page-title&#8221;][\/vc_column][\/vc_row][vc_section css=&#8221;.vc_custom_1604565905587{margin-top: 40px !important;margin-bottom: 40px !important;}&#8221;][vc_row][vc_column width=&#8221;1\/4&#8243;][vc_column_text css=&#8221;.vc_custom_1611001715702{margin-bottom: 10px !important;}&#8221;]<\/p>\n<h4>Inmigraci\u00f3n y Ciudadan\u00eda<\/h4>\n<p>[\/vc_column_text][vc_wp_custommenu nav_menu=&#8221;37&#8243;][\/vc_column][vc_column width=&#8221;3\/4&#8243;][vc_column_text]Los principales beneficios de obtener la ciudadan\u00eda estadounidense son la capacidad de votar en las elecciones locales, estatales y federales; obtener un pasaporte estadounidense y ser elegible como ciudadano estadounidense para patrocinar a ciertos parientes en sus esfuerzos por obtener la ciudadan\u00eda. Otro beneficio adicional es no tener que preocuparse de que su visa o tarjeta verde expire o sea deportada.<\/p>\n<p>Los ciudadanos extranjeros que deseen obtener la naturalizaci\u00f3n, que es el proceso a trav\u00e9s del cual se convierten en ciudadanos estadounidenses, primero deben establecer su estado de residencia permanente y cumplir con ciertos requisitos de elegibilidad.<\/p>\n<p>Para calificar para la ciudadan\u00eda estadounidense, se deben cumplir cinco condiciones b\u00e1sicas.<\/p>\n<ol>\n<li>Debe haber tenido un estado de residencia permanente (tener una &#8220;Tarjeta verde&#8221;) durante al menos cinco a\u00f1os, o tres a\u00f1os para aquellos que obtuvieron una tarjeta verde de un c\u00f3nyuge ciudadano de los Estados Unidos y a\u00fan cohabitan de buena fe.<\/li>\n<li>No debe haber salido de los Estados Unidos durante un per\u00edodo consecutivo superior a 6 meses o un a\u00f1o, por un total de 30\/18 meses de ausencia, respectivamente.<\/li>\n<li>Los funcionarios de inmigraci\u00f3n deben considerarlo una persona de buen car\u00e1cter moral. Tambi\u00e9n debe demostrar que es mayor de 18 a\u00f1os.<\/li>\n<li>Aprobar una prueba que demuestre que puede leer, escribir y hablar ingl\u00e9s; sin embargo, se aplican algunas excepciones a esta estipulaci\u00f3n.<\/li>\n<li>Apruebe un examen sobre historia, asuntos c\u00edvicos y gobierno de los Estados Unidos y participe en una entrevista personal.<\/li>\n<\/ol>\n<p>Hay rutas adicionales disponibles para la ciudadan\u00eda estadounidense que son menos comunes que la ruta tradicional anterior. Si necesita ayuda para solicitar el proceso de naturalizaci\u00f3n, o si tiene una situaci\u00f3n \u00fanica y desea informaci\u00f3n sobre c\u00f3mo proceder mejor para obtener la ciudadan\u00eda estadounidense, comun\u00edquese con nuestra oficina para una consulta gratuita. Le proporcionaremos una evaluaci\u00f3n honesta de su caso y le aconsejaremos sobre la mejor manera de proceder.[\/vc_column_text][vc_separator][vc_cta h2=&#8221;Programe una consulta&#8221; add_button=&#8221;right&#8221; btn_title=&#8221;P\u00f3ngase en contacto&#8221; btn_link=&#8221;url:https%3A%2F%2Fhernandezsmithlaw.com%2Fes%2Fcontacto%2F|title:Contact&#8221; btn_el_class=&#8221;button-primary&#8221;]P\u00f3ngase en contacto para programar una hora para hablar con nuestro equipo.[\/vc_cta][\/vc_column][\/vc_row][\/vc_section]<\/p>\n<\/div>","protected":false},"excerpt":{"rendered":"<p>[vc_row full_width=&#8221;stretch_row&#8221; parallax=&#8221;content-moving-fade&#8221; parallax_speed_bg=&#8221;2.5&#8243; css=&#8221;.vc_custom_1604562056821{padding-top: 25px !important;padding-bottom: 50px !important;background-color: #29326d !important;background-position: center;background-repeat: no-repeat !important;background-size: cover !important;}&#8221;][vc_column][vc_custom_heading text=&#8221;Naturalizaci\u00f3n y ciudadan\u00eda&#8221; font_container=&#8221;tag:h1|text_align:center|color:%23ffffff|line_height:1.2&#8243; use_theme_fonts=&#8221;yes&#8221; el_class=&#8221;page-title&#8221;][\/vc_column][\/vc_row][vc_section css=&#8221;.vc_custom_1604565905587{margin-top: 40px !important;margin-bottom: 40px !important;}&#8221;][vc_row][vc_column width=&#8221;1\/4&#8243;][vc_column_text css=&#8221;.vc_custom_1611001715702{margin-bottom: 10px !important;}&#8221;] Inmigraci\u00f3n y Ciudadan\u00eda [\/vc_column_text][vc_wp_custommenu nav_menu=&#8221;37&#8243;][\/vc_column][vc_column width=&#8221;3\/4&#8243;][vc_column_text]Los principales beneficios de obtener la ciudadan\u00eda estadounidense son la capacidad de votar en las elecciones locales, estatales y&hellip;<\/p>\n","protected":false},"author":4,"featured_media":0,"parent":0,"menu_order":0,"comment_status":"closed","ping_status":"closed","template":"","meta":{"_acf_changed":false,"footnotes":""},"class_list":["post-2164","page","type-page","status-publish","hentry"],"acf":[],"yoast_head":"<!-- This site is optimized with the Yoast SEO plugin v27.2 - https:\/\/yoast.com\/product\/yoast-seo-wordpress\/ -->\n<title>Naturalizaci\u00f3n y ciudadan\u00eda - Law Offices of Hernandez and Smith<\/title>\n<meta name=\"description\" content=\"Nuestro equipo puede ayudarlo a encontrar el camino hacia la ciudadan\u00eda que funcione mejor para usted y su familia.\" \/>\n<meta name=\"robots\" content=\"index, follow, max-snippet:-1, max-image-preview:large, max-video-preview:-1\" \/>\n<link rel=\"canonical\" href=\"https:\/\/hernandezsmithlaw.com\/es\/naturalizacion-y-ciudadania\/\" \/>\n<meta property=\"og:locale\" content=\"es_ES\" \/>\n<meta property=\"og:type\" content=\"article\" \/>\n<meta property=\"og:title\" content=\"Naturalizaci\u00f3n y ciudadan\u00eda - Law Offices of Hernandez and Smith\" \/>\n<meta property=\"og:description\" content=\"Nuestro equipo puede ayudarlo a encontrar el camino hacia la ciudadan\u00eda que funcione mejor para usted y su familia.\" \/>\n<meta property=\"og:url\" content=\"https:\/\/hernandezsmithlaw.com\/es\/naturalizacion-y-ciudadania\/\" \/>\n<meta property=\"og:site_name\" content=\"Law Offices of Hernandez and Smith\" \/>\n<meta property=\"article:modified_time\" content=\"2021-01-18T20:32:20+00:00\" \/>\n<meta name=\"twitter:card\" content=\"summary_large_image\" \/>\n<meta name=\"twitter:label1\" content=\"Est. reading time\" \/>\n\t<meta name=\"twitter:data1\" content=\"3 minutes\" \/>\n<script type=\"application\/ld+json\" class=\"yoast-schema-graph\">{\"@context\":\"https:\/\/schema.org\",\"@graph\":[{\"@type\":\"WebPage\",\"@id\":\"https:\/\/hernandezsmithlaw.com\/es\/naturalizacion-y-ciudadania\/\",\"url\":\"https:\/\/hernandezsmithlaw.com\/es\/naturalizacion-y-ciudadania\/\",\"name\":\"Naturalizaci\u00f3n y ciudadan\u00eda - Law Offices of Hernandez and Smith\",\"isPartOf\":{\"@id\":\"https:\/\/hernandezsmithlaw.com\/#website\"},\"datePublished\":\"2021-01-18T20:31:47+00:00\",\"dateModified\":\"2021-01-18T20:32:20+00:00\",\"description\":\"Nuestro equipo puede ayudarlo a encontrar el camino hacia la ciudadan\u00eda que funcione mejor para usted y su familia.\",\"breadcrumb\":{\"@id\":\"https:\/\/hernandezsmithlaw.com\/es\/naturalizacion-y-ciudadania\/#breadcrumb\"},\"inLanguage\":\"es-ES\",\"potentialAction\":[{\"@type\":\"ReadAction\",\"target\":[\"https:\/\/hernandezsmithlaw.com\/es\/naturalizacion-y-ciudadania\/\"]}]},{\"@type\":\"BreadcrumbList\",\"@id\":\"https:\/\/hernandezsmithlaw.com\/es\/naturalizacion-y-ciudadania\/#breadcrumb\",\"itemListElement\":[{\"@type\":\"ListItem\",\"position\":1,\"name\":\"Home\",\"item\":\"https:\/\/hernandezsmithlaw.com\/es\/\"},{\"@type\":\"ListItem\",\"position\":2,\"name\":\"Naturalizaci\u00f3n y ciudadan\u00eda\"}]},{\"@type\":\"WebSite\",\"@id\":\"https:\/\/hernandezsmithlaw.com\/#website\",\"url\":\"https:\/\/hernandezsmithlaw.com\/\",\"name\":\"Law Offices of Hernandez and Smith\",\"description\":\"Personal Injury | Family Law | Business Litigation | Immigration &amp; Citizenship\",\"potentialAction\":[{\"@type\":\"SearchAction\",\"target\":{\"@type\":\"EntryPoint\",\"urlTemplate\":\"https:\/\/hernandezsmithlaw.com\/?s={search_term_string}\"},\"query-input\":{\"@type\":\"PropertyValueSpecification\",\"valueRequired\":true,\"valueName\":\"search_term_string\"}}],\"inLanguage\":\"es-ES\"}]}<\/script>\n<!-- \/ Yoast SEO plugin. -->","yoast_head_json":{"title":"Naturalizaci\u00f3n y ciudadan\u00eda - Law Offices of Hernandez and Smith","description":"Nuestro equipo puede ayudarlo a encontrar el camino hacia la ciudadan\u00eda que funcione mejor para usted y su familia.","robots":{"index":"index","follow":"follow","max-snippet":"max-snippet:-1","max-image-preview":"max-image-preview:large","max-video-preview":"max-video-preview:-1"},"canonical":"https:\/\/hernandezsmithlaw.com\/es\/naturalizacion-y-ciudadania\/","og_locale":"es_ES","og_type":"article","og_title":"Naturalizaci\u00f3n y ciudadan\u00eda - Law Offices of Hernandez and Smith","og_description":"Nuestro equipo puede ayudarlo a encontrar el camino hacia la ciudadan\u00eda que funcione mejor para usted y su familia.","og_url":"https:\/\/hernandezsmithlaw.com\/es\/naturalizacion-y-ciudadania\/","og_site_name":"Law Offices of Hernandez and Smith","article_modified_time":"2021-01-18T20:32:20+00:00","twitter_card":"summary_large_image","twitter_misc":{"Est. reading time":"3 minutes"},"schema":{"@context":"https:\/\/schema.org","@graph":[{"@type":"WebPage","@id":"https:\/\/hernandezsmithlaw.com\/es\/naturalizacion-y-ciudadania\/","url":"https:\/\/hernandezsmithlaw.com\/es\/naturalizacion-y-ciudadania\/","name":"Naturalizaci\u00f3n y ciudadan\u00eda - Law Offices of Hernandez and Smith","isPartOf":{"@id":"https:\/\/hernandezsmithlaw.com\/#website"},"datePublished":"2021-01-18T20:31:47+00:00","dateModified":"2021-01-18T20:32:20+00:00","description":"Nuestro equipo puede ayudarlo a encontrar el camino hacia la ciudadan\u00eda que funcione mejor para usted y su familia.","breadcrumb":{"@id":"https:\/\/hernandezsmithlaw.com\/es\/naturalizacion-y-ciudadania\/#breadcrumb"},"inLanguage":"es-ES","potentialAction":[{"@type":"ReadAction","target":["https:\/\/hernandezsmithlaw.com\/es\/naturalizacion-y-ciudadania\/"]}]},{"@type":"BreadcrumbList","@id":"https:\/\/hernandezsmithlaw.com\/es\/naturalizacion-y-ciudadania\/#breadcrumb","itemListElement":[{"@type":"ListItem","position":1,"name":"Home","item":"https:\/\/hernandezsmithlaw.com\/es\/"},{"@type":"ListItem","position":2,"name":"Naturalizaci\u00f3n y ciudadan\u00eda"}]},{"@type":"WebSite","@id":"https:\/\/hernandezsmithlaw.com\/#website","url":"https:\/\/hernandezsmithlaw.com\/","name":"Law Offices of Hernandez and Smith","description":"Personal Injury | Family Law | Business Litigation | Immigration &amp; Citizenship","potentialAction":[{"@type":"SearchAction","target":{"@type":"EntryPoint","urlTemplate":"https:\/\/hernandezsmithlaw.com\/?s={search_term_string}"},"query-input":{"@type":"PropertyValueSpecification","valueRequired":true,"valueName":"search_term_string"}}],"inLanguage":"es-ES"}]}},"_links":{"self":[{"href":"https:\/\/hernandezsmithlaw.com\/es\/wp-json\/wp\/v2\/pages\/2164\/"}],"collection":[{"href":"https:\/\/hernandezsmithlaw.com\/es\/wp-json\/wp\/v2\/pages\/"}],"about":[{"href":"https:\/\/hernandezsmithlaw.com\/es\/wp-json\/wp\/v2\/types\/page\/"}],"author":[{"embeddable":true,"href":"https:\/\/hernandezsmithlaw.com\/es\/wp-json\/wp\/v2\/users\/4\/"}],"replies":[{"embeddable":true,"href":"https:\/\/hernandezsmithlaw.com\/es\/wp-json\/wp\/v2\/comments\/?post=2164"}],"version-history":[{"count":2,"href":"https:\/\/hernandezsmithlaw.com\/es\/wp-json\/wp\/v2\/pages\/2164\/revisions\/"}],"predecessor-version":[{"id":2166,"href":"https:\/\/hernandezsmithlaw.com\/es\/wp-json\/wp\/v2\/pages\/2164\/revisions\/2166\/"}],"wp:attachment":[{"href":"https:\/\/hernandezsmithlaw.com\/es\/wp-json\/wp\/v2\/media\/?parent=2164"}],"curies":[{"name":"wp","href":"https:\/\/api.w.org\/{rel}","templated":true}]}}