{"id":2189,"date":"2021-01-18T21:17:11","date_gmt":"2021-01-18T21:17:11","guid":{"rendered":"https:\/\/hernandezsmithlaw.com\/?page_id=2189"},"modified":"2021-01-18T21:17:12","modified_gmt":"2021-01-18T21:17:12","slug":"inmigracion-de-empresas-y-empleadores","status":"publish","type":"page","link":"https:\/\/hernandezsmithlaw.com\/es\/inmigracion-de-empresas-y-empleadores\/","title":{"rendered":"Inmigraci\u00f3n de empresas y empleadores"},"content":{"rendered":"<div class=\"wpb-content-wrapper\"><p>[vc_row full_width=&#8221;stretch_row&#8221; parallax=&#8221;content-moving-fade&#8221; parallax_speed_bg=&#8221;2.5&#8243; css=&#8221;.vc_custom_1604562056821{padding-top: 25px !important;padding-bottom: 50px !important;background-color: #29326d !important;background-position: center;background-repeat: no-repeat !important;background-size: cover !important;}&#8221;][vc_column][vc_custom_heading text=&#8221;Inmigraci\u00f3n de empresas y empleadores&#8221; font_container=&#8221;tag:h1|text_align:center|color:%23ffffff|line_height:1.2&#8243; use_theme_fonts=&#8221;yes&#8221; el_class=&#8221;page-title&#8221;][\/vc_column][\/vc_row][vc_section css=&#8221;.vc_custom_1604565905587{margin-top: 40px !important;margin-bottom: 40px !important;}&#8221;][vc_row][vc_column width=&#8221;1\/4&#8243;][vc_column_text css=&#8221;.vc_custom_1611003936624{margin-bottom: 10px !important;}&#8221;]<\/p>\n<h4>Otras \u00c1reas De Pr\u00e1ctica<\/h4>\n<p>[\/vc_column_text][vc_wp_custommenu nav_menu=&#8221;39&#8243;][\/vc_column][vc_column width=&#8221;3\/4&#8243;][vc_column_text]Nuestra firma de inmigraci\u00f3n de servicio completo ofrece servicios de inmigraci\u00f3n comercial para empresas que buscan contratar talento dentro de su industria, ya sea de forma permanente o temporal. Tambi\u00e9n podemos ayudar a las corporaciones internacionales a transferir empleados de una sucursal extranjera a una en los Estados Unidos enviar a un empleado a realizar negocios en los Estados Unidos en nombre de la empresa. Las personas que trabajan por cuenta propia tambi\u00e9n pueden beneficiarse de nuestros servicios de inmigraci\u00f3n comercial para cualquier viaje relacionado con el trabajo a los Estados Unidos.<\/p>\n<p>Algunos de los servicios de inmigraci\u00f3n para empresas y empleadores que brindamos incluyen:<\/p>\n<ul>\n<li><a href=\"https:\/\/hernandezsmithlaw.com\/es\/visas-b-para-viajes-de-negocios-a-corto-plazo\/\">Viajes de negocios a corto plazo<\/a>: el Programa de exenci\u00f3n de visa es para viajeros de negocios temporales de pa\u00edses seleccionados que buscan realizar negocios en los Estados Unidos que demorar\u00e1n 6 meses o menos en completarse.<\/li>\n<li><a href=\"https:\/\/hernandezsmithlaw.com\/es\/visas-de-trabajo-temporal\/\">Visas de trabajo temporal<\/a>: H1-B, visa E, visa J, visa L, visa O, visa R, visa TN son visas temporales que se otorgan a inmigrantes seleccionados que les permiten trabajar o realizar negocios mientras se encuentran en los Estados Unidos.<\/li>\n<li><a href=\"https:\/\/hernandezsmithlaw.com\/es\/visas-de-trabajo-permanentes\/\">Visas de trabajo permanentes<\/a>: los empleadores pueden patrocinar a personas seleccionadas para obtener una tarjeta verde (estado de residencia permanente) y, a trav\u00e9s de las visas EB-1, EB-2, EB-3, EB-4, EB-5, pueden ayudar a sus empleados a obtener el camino correcto para obtener el estatus de residencia permanente tambi\u00e9n.<\/li>\n<\/ul>\n<p>[\/vc_column_text][vc_separator][vc_cta h2=&#8221;Programe una consulta&#8221; add_button=&#8221;right&#8221; btn_title=&#8221;P\u00f3ngase en contacto&#8221; btn_link=&#8221;url:https%3A%2F%2Fhernandezsmithlaw.com%2Fes%2Fcontacto%2F|title:Contacto&#8221; btn_el_class=&#8221;button-primary&#8221;]P\u00f3ngase en contacto para programar una hora para hablar con nuestro equipo.[\/vc_cta][\/vc_column][\/vc_row][\/vc_section]<\/p>\n<\/div>","protected":false},"excerpt":{"rendered":"<p>[vc_row full_width=&#8221;stretch_row&#8221; parallax=&#8221;content-moving-fade&#8221; parallax_speed_bg=&#8221;2.5&#8243; css=&#8221;.vc_custom_1604562056821{padding-top: 25px !important;padding-bottom: 50px !important;background-color: #29326d !important;background-position: center;background-repeat: no-repeat !important;background-size: cover !important;}&#8221;][vc_column][vc_custom_heading text=&#8221;Inmigraci\u00f3n de empresas y empleadores&#8221; font_container=&#8221;tag:h1|text_align:center|color:%23ffffff|line_height:1.2&#8243; use_theme_fonts=&#8221;yes&#8221; el_class=&#8221;page-title&#8221;][\/vc_column][\/vc_row][vc_section css=&#8221;.vc_custom_1604565905587{margin-top: 40px !important;margin-bottom: 40px !important;}&#8221;][vc_row][vc_column width=&#8221;1\/4&#8243;][vc_column_text css=&#8221;.vc_custom_1611003936624{margin-bottom: 10px !important;}&#8221;] Otras \u00c1reas De Pr\u00e1ctica [\/vc_column_text][vc_wp_custommenu nav_menu=&#8221;39&#8243;][\/vc_column][vc_column width=&#8221;3\/4&#8243;][vc_column_text]Nuestra firma de inmigraci\u00f3n de servicio completo ofrece servicios de inmigraci\u00f3n comercial para empresas que buscan&hellip;<\/p>\n","protected":false},"author":4,"featured_media":0,"parent":0,"menu_order":0,"comment_status":"closed","ping_status":"closed","template":"","meta":{"_acf_changed":false,"footnotes":""},"class_list":["post-2189","page","type-page","status-publish","hentry"],"acf":[],"yoast_head":"<!-- This site is optimized with the Yoast SEO plugin v27.5 - https:\/\/yoast.com\/product\/yoast-seo-wordpress\/ -->\n<title>Inmigraci\u00f3n de empresas y empleadores - Law Offices of Hernandez and Smith<\/title>\n<meta name=\"description\" content=\"Podemos ayudar a corporaciones internacionales as\u00ed como a personas que trabajan por cuenta propia con servicios de inmigraci\u00f3n comercial.\" \/>\n<meta name=\"robots\" content=\"index, follow, max-snippet:-1, max-image-preview:large, max-video-preview:-1\" \/>\n<link rel=\"canonical\" href=\"https:\/\/hernandezsmithlaw.com\/es\/inmigracion-de-empresas-y-empleadores\/\" \/>\n<meta property=\"og:locale\" content=\"es_ES\" \/>\n<meta property=\"og:type\" content=\"article\" \/>\n<meta property=\"og:title\" content=\"Inmigraci\u00f3n de empresas y empleadores - Law Offices of Hernandez and Smith\" \/>\n<meta property=\"og:description\" content=\"Podemos ayudar a corporaciones internacionales as\u00ed como a personas que trabajan por cuenta propia con servicios de inmigraci\u00f3n comercial.\" \/>\n<meta property=\"og:url\" content=\"https:\/\/hernandezsmithlaw.com\/es\/inmigracion-de-empresas-y-empleadores\/\" \/>\n<meta property=\"og:site_name\" content=\"Law Offices of Hernandez and Smith\" \/>\n<meta property=\"article:modified_time\" content=\"2021-01-18T21:17:12+00:00\" \/>\n<meta name=\"twitter:card\" content=\"summary_large_image\" \/>\n<meta name=\"twitter:label1\" content=\"Est. reading time\" \/>\n\t<meta name=\"twitter:data1\" content=\"2 minutes\" \/>\n<script type=\"application\/ld+json\" class=\"yoast-schema-graph\">{\"@context\":\"https:\\\/\\\/schema.org\",\"@graph\":[{\"@type\":\"WebPage\",\"@id\":\"https:\\\/\\\/hernandezsmithlaw.com\\\/es\\\/inmigracion-de-empresas-y-empleadores\\\/\",\"url\":\"https:\\\/\\\/hernandezsmithlaw.com\\\/es\\\/inmigracion-de-empresas-y-empleadores\\\/\",\"name\":\"Inmigraci\u00f3n de empresas y empleadores - Law Offices of Hernandez and Smith\",\"isPartOf\":{\"@id\":\"https:\\\/\\\/hernandezsmithlaw.com\\\/#website\"},\"datePublished\":\"2021-01-18T21:17:11+00:00\",\"dateModified\":\"2021-01-18T21:17:12+00:00\",\"description\":\"Podemos ayudar a corporaciones internacionales as\u00ed como a personas que trabajan por cuenta propia con servicios de inmigraci\u00f3n comercial.\",\"breadcrumb\":{\"@id\":\"https:\\\/\\\/hernandezsmithlaw.com\\\/es\\\/inmigracion-de-empresas-y-empleadores\\\/#breadcrumb\"},\"inLanguage\":\"es-ES\",\"potentialAction\":[{\"@type\":\"ReadAction\",\"target\":[\"https:\\\/\\\/hernandezsmithlaw.com\\\/es\\\/inmigracion-de-empresas-y-empleadores\\\/\"]}]},{\"@type\":\"BreadcrumbList\",\"@id\":\"https:\\\/\\\/hernandezsmithlaw.com\\\/es\\\/inmigracion-de-empresas-y-empleadores\\\/#breadcrumb\",\"itemListElement\":[{\"@type\":\"ListItem\",\"position\":1,\"name\":\"Home\",\"item\":\"https:\\\/\\\/hernandezsmithlaw.com\\\/es\\\/\"},{\"@type\":\"ListItem\",\"position\":2,\"name\":\"Inmigraci\u00f3n de empresas y empleadores\"}]},{\"@type\":\"WebSite\",\"@id\":\"https:\\\/\\\/hernandezsmithlaw.com\\\/#website\",\"url\":\"https:\\\/\\\/hernandezsmithlaw.com\\\/\",\"name\":\"Law Offices of Hernandez and Smith\",\"description\":\"Personal Injury | Family Law | Business Litigation | Immigration &amp; Citizenship\",\"potentialAction\":[{\"@type\":\"SearchAction\",\"target\":{\"@type\":\"EntryPoint\",\"urlTemplate\":\"https:\\\/\\\/hernandezsmithlaw.com\\\/?s={search_term_string}\"},\"query-input\":{\"@type\":\"PropertyValueSpecification\",\"valueRequired\":true,\"valueName\":\"search_term_string\"}}],\"inLanguage\":\"es-ES\"}]}<\/script>\n<!-- \/ Yoast SEO plugin. -->","yoast_head_json":{"title":"Inmigraci\u00f3n de empresas y empleadores - Law Offices of Hernandez and Smith","description":"Podemos ayudar a corporaciones internacionales as\u00ed como a personas que trabajan por cuenta propia con servicios de inmigraci\u00f3n comercial.","robots":{"index":"index","follow":"follow","max-snippet":"max-snippet:-1","max-image-preview":"max-image-preview:large","max-video-preview":"max-video-preview:-1"},"canonical":"https:\/\/hernandezsmithlaw.com\/es\/inmigracion-de-empresas-y-empleadores\/","og_locale":"es_ES","og_type":"article","og_title":"Inmigraci\u00f3n de empresas y empleadores - Law Offices of Hernandez and Smith","og_description":"Podemos ayudar a corporaciones internacionales as\u00ed como a personas que trabajan por cuenta propia con servicios de inmigraci\u00f3n comercial.","og_url":"https:\/\/hernandezsmithlaw.com\/es\/inmigracion-de-empresas-y-empleadores\/","og_site_name":"Law Offices of Hernandez and Smith","article_modified_time":"2021-01-18T21:17:12+00:00","twitter_card":"summary_large_image","twitter_misc":{"Est. reading time":"2 minutes"},"schema":{"@context":"https:\/\/schema.org","@graph":[{"@type":"WebPage","@id":"https:\/\/hernandezsmithlaw.com\/es\/inmigracion-de-empresas-y-empleadores\/","url":"https:\/\/hernandezsmithlaw.com\/es\/inmigracion-de-empresas-y-empleadores\/","name":"Inmigraci\u00f3n de empresas y empleadores - Law Offices of Hernandez and Smith","isPartOf":{"@id":"https:\/\/hernandezsmithlaw.com\/#website"},"datePublished":"2021-01-18T21:17:11+00:00","dateModified":"2021-01-18T21:17:12+00:00","description":"Podemos ayudar a corporaciones internacionales as\u00ed como a personas que trabajan por cuenta propia con servicios de inmigraci\u00f3n comercial.","breadcrumb":{"@id":"https:\/\/hernandezsmithlaw.com\/es\/inmigracion-de-empresas-y-empleadores\/#breadcrumb"},"inLanguage":"es-ES","potentialAction":[{"@type":"ReadAction","target":["https:\/\/hernandezsmithlaw.com\/es\/inmigracion-de-empresas-y-empleadores\/"]}]},{"@type":"BreadcrumbList","@id":"https:\/\/hernandezsmithlaw.com\/es\/inmigracion-de-empresas-y-empleadores\/#breadcrumb","itemListElement":[{"@type":"ListItem","position":1,"name":"Home","item":"https:\/\/hernandezsmithlaw.com\/es\/"},{"@type":"ListItem","position":2,"name":"Inmigraci\u00f3n de empresas y empleadores"}]},{"@type":"WebSite","@id":"https:\/\/hernandezsmithlaw.com\/#website","url":"https:\/\/hernandezsmithlaw.com\/","name":"Law Offices of Hernandez and Smith","description":"Personal Injury | Family Law | Business Litigation | Immigration &amp; Citizenship","potentialAction":[{"@type":"SearchAction","target":{"@type":"EntryPoint","urlTemplate":"https:\/\/hernandezsmithlaw.com\/?s={search_term_string}"},"query-input":{"@type":"PropertyValueSpecification","valueRequired":true,"valueName":"search_term_string"}}],"inLanguage":"es-ES"}]}},"_links":{"self":[{"href":"https:\/\/hernandezsmithlaw.com\/es\/wp-json\/wp\/v2\/pages\/2189\/"}],"collection":[{"href":"https:\/\/hernandezsmithlaw.com\/es\/wp-json\/wp\/v2\/pages\/"}],"about":[{"href":"https:\/\/hernandezsmithlaw.com\/es\/wp-json\/wp\/v2\/types\/page\/"}],"author":[{"embeddable":true,"href":"https:\/\/hernandezsmithlaw.com\/es\/wp-json\/wp\/v2\/users\/4\/"}],"replies":[{"embeddable":true,"href":"https:\/\/hernandezsmithlaw.com\/es\/wp-json\/wp\/v2\/comments\/?post=2189"}],"version-history":[{"count":1,"href":"https:\/\/hernandezsmithlaw.com\/es\/wp-json\/wp\/v2\/pages\/2189\/revisions\/"}],"predecessor-version":[{"id":2192,"href":"https:\/\/hernandezsmithlaw.com\/es\/wp-json\/wp\/v2\/pages\/2189\/revisions\/2192\/"}],"wp:attachment":[{"href":"https:\/\/hernandezsmithlaw.com\/es\/wp-json\/wp\/v2\/media\/?parent=2189"}],"curies":[{"name":"wp","href":"https:\/\/api.w.org\/{rel}","templated":true}]}}